{"id":32311,"date":"2025-07-31T10:55:10","date_gmt":"2025-07-31T08:55:10","guid":{"rendered":"https:\/\/kobra.si\/spletna-trgovina-kobra\/prenosna-napajalna-postaja-ecoflow-delta-3-plus\/"},"modified":"2026-04-21T21:03:21","modified_gmt":"2026-04-21T19:03:21","slug":"prenosna-napajalna-postaja-ecoflow-delta-3-plus","status":"publish","type":"product","link":"https:\/\/kobra.si\/en\/spletna-trgovina-kobra\/prenosna-napajalna-postaja-ecoflow-delta-3-plus\/","title":{"rendered":"Prenosna napajalna postaja EcoFlow DELTA 3 Plus"},"content":{"rendered":"<h3>Prenosna napajalna postaja EcoFlow DELTA 3 Plus<\/h3>\n<p>U\u017eivajte v zanesljivem dostopu do elektri\u010dne energije ne glede na okoli\u0161\u010dine! Prenosna napajalna postaja EcoFlow DELTA 3 Plus ima zmogljivost kar 1 kWh (z mo\u017enostjo raz\u0161iritve na 5 kWh) in izhodno mo\u010d do 1 800 W (ali do 2 400 W v na\u010dinu X-Boost), zato lahko dolgo \u010dasa napaja ve\u010dino pogosto uporabljenih naprav. Odlikujeta ga tudi tiho delovanje in dolga \u017eivljenjska doba baterije &#8211; do 4 000 ciklov polnjenja. Polnite ga lahko tudi na ve\u010d na\u010dinov, kar pomeni, da ga lahko preprosto pripravite za nadaljnjo uporabo v skoraj vsaki situaciji. Naprava DELTA 3 Plus se bo izkazala tudi kot UPS (s podporo za funkcionalnost HID), njeno priro\u010dno upravljanje pa omogo\u010da posebna aplikacija.<\/p>\n<p>\n<img decoding=\"async\" border=\"0\" src=\"https:\/\/assets.innpro.pl\/11085\/13073\/7.jpg\" title=\"\">\n<\/p>\n<h3>Ve\u010d na\u010dinov polnjenja<\/h3>\n<p>Postaja podpira ve\u010d na\u010dinov polnjenja, zato jo lahko preprosto pripravite za delovanje v skoraj vseh razmerah. Z uporabo vti\u010dnice z izmeni\u010dnim tokom jo boste napolnili v samo pribli\u017eno 56 minutah. V son\u010dnem vremenu se spla\u010da uporabiti fotonapetostne panele z mo\u010djo do 1 000 W &#8211; tako bo polna mo\u010d ponovno vzpostavljena v pribli\u017eno 70 minutah. Polnite ga lahko tudi z generatorjem elektri\u010dne energije. Druga mo\u017enost je alternator v avtomobilu &#8211; s to metodo boste postajo napolnili v pribli\u017eno 1,3 ure. Mo\u017eno je tudi kombinirati polnjenje z uporabo vti\u010dnice za izmeni\u010dni tok in fotovoltai\u010dnih panelov &#8211; polnjenje na ta na\u010din bo trajalo pribli\u017eno 56 minut.<\/p>\n<p>\n<img decoding=\"async\" border=\"0\" src=\"https:\/\/assets.innpro.pl\/11085\/13073\/3.jpg\" title=\"\">\n<\/p>\n<h3>Napajala bo ve\u010dino va\u0161ih naprav<\/h3>\n<p>Nenaden izpad elektri\u010dne energije, kampiranje ali potovanje v kraje, ki so odrezani od elektri\u010dnega omre\u017eja &#8211; postaja EcoFlow DELTA 3 Plus vam bo v teh in \u0161tevilnih drugih primerih prisko\u010dila na pomo\u010d! Njena izhodna mo\u010d dosega 1800 W, z na\u010dinom X-Boost pa lahko brez te\u017eav upravlja naprave do 2400 W. Tako lahko nanjo priklju\u010dite najpogosteje uporabljene naprave, kot so na primer hladilnik, pametni telefon, ra\u010dunalnik, usmerjevalnik in celo su\u0161ilnik za lase, kuhalnik ali mikrovalovna pe\u010dica.<\/p>\n<p>\n<img decoding=\"async\" border=\"0\" src=\"https:\/\/assets.innpro.pl\/11085\/13073\/4.jpg\" title=\"\">\n<\/p>\n<h3>Na voljo je kar 11 priklju\u010dkov<\/h3>\n<p>Z EcoFlow DELTA 3 Plus lahko hkrati napajate do 11 naprav! Postaja je opremljena z razli\u010dnimi priklju\u010dki &#8211; ponuja \u0161tiri vti\u010dnice za izmeni\u010dni tok (1800 W), dva priklju\u010dka USB-A za hitro polnjenje (vsak do 36 W), dva priklju\u010dka USB-C (vsak do 140 W), eno avtomobilsko vti\u010dnico (12,6 V, 126 W) in dva priklju\u010dka DC5521 (12,6 V, do 3 A). Tako se vam ni treba omejevati!<\/p>\n<p>\n<img decoding=\"async\" border=\"0\" src=\"https:\/\/assets.innpro.pl\/11085\/13073\/8.jpg\" title=\"\">\n<\/p>\n<h3>Presenetljivo tiho delovanje<\/h3>\n<p>DELTA 3 Plus dokazuje, da gredo lahko zmogljive zmogljivosti z roko v roki s tihim delovanjem. Pri obremenitvi 600 W je raven glasnosti postaje le pribli\u017eno 30 dB, kar je enako kot pri tiktakanju ure ali \u0161epetu. Zato je kot nala\u0161\u010d za primere, ko je potrebna ti\u0161ina &#8211; na primer pono\u010di. Ne bojte se motiti svojega miru in ti\u0161ine!<\/p>\n<p>\n<img decoding=\"async\" border=\"0\" src=\"https:\/\/assets.innpro.pl\/11085\/13073\/6.jpg\" title=\"\">\n<\/p>\n<h3>Funkcija UPS &#8211; bodite pripravljeni na izpad elektri\u010dne energije<\/h3>\n<p>Nepri\u010dakovan izpad elektri\u010dne energije? Z EcoFlow DELTA 3 Plus se vam ni treba ni\u010desar bati! Postaja bo preklopila na zasilno napajanje v samo pribli\u017eno 10 ms in tako zagotovila neprekinjeno delovanje nujne opreme. Odli\u010dno se bo obnesla na primer pri ra\u010dunalnikih ali 3D-tiskalnikih. Poleg tega DELTA 3 Plus podpira sisteme NAS in funkcijo HID &#8211; ko se bo njena baterija kmalu izpraznila, bo poslala signal stre\u017eniku, da shrani podatke in se varno izklopi.<\/p>\n<p>\n<img decoding=\"async\" border=\"0\" src=\"https:\/\/assets.innpro.pl\/11085\/13073\/9.jpg\" title=\"\">\n<\/p>\n<h3>Z aplikacijo lahko storite ve\u010d<\/h3>\n<p>Postaja DELTA 3 Plus deluje z aplikacijo EcoFlow, ki med drugim omogo\u010da daljinsko upravljanje njenega delovanja in spremljanje klju\u010dnih parametrov. Na voljo imate tudi funkcijo opozarjanja na nevihto in na\u010dine TOU (Time of USE), s katerimi lahko optimizirate porabo energije in prihranite pri ra\u010dunih. Prejemali boste tudi obvestila o morebitnih izpadih elektri\u010dne energije in delovanju UPS.<\/p>\n<p>\n<img decoding=\"async\" border=\"0\" src=\"https:\/\/assets.innpro.pl\/11085\/13073\/10.jpg\" title=\"\">\n<\/p>\n<h3>U\u010dinkovit in vzdr\u017eljiv<\/h3>\n<p>Postaja uporablja vzdr\u017eljivo baterijo LiFePO4 (40135), ki ima \u017eivljenjsko dobo do 4 000 ciklov polnjenja (do 80 % zmogljivosti). Tako boste postajo lahko uporabljali pribli\u017eno 10 let! A to \u0161e ni vse &#8211; poseben sistem BMS inteligentno upravlja njeno delovanje in zagotavlja zanesljivo delovanje. Napravo DELTA 3 Plus odlikuje tudi stopnja za\u0161\u010dite IP65, zato je odporna na vodo in prah. Za\u0161\u010diten je tudi pred \u0161irjenjem toplote, kar prepre\u010duje nevarnosti, kot je na primer po\u017ear.<\/p>\n<p>\n<img decoding=\"async\" border=\"0\" src=\"https:\/\/assets.innpro.pl\/11085\/13073\/5.jpg\" title=\"\">\n<\/p>\n<h3>Zmogljivost 1 kWh z mo\u017enostjo raz\u0161iritve<\/h3>\n<p>Napajajte izbrane naprave tudi ve\u010d ur. Postaja ima zmogljivost 1 kWh, ki jo lahko raz\u0161irite na kar 5 kWh &#8211; DELTA 3 Plus je zdru\u017eljiva ne le z zanjo namenjenim baterijskim paketom, temve\u010d tudi z baterijami za DELTA 2 Max in DELTA Pro 3. Zagotovite si dovolj energije, da boste lahko u\u017eivali v neprekinjenem delovanju osnovne opreme tako dolgo, kot potrebujete!<\/p>\n<p>\n<img decoding=\"async\" border=\"0\" src=\"https:\/\/assets.innpro.pl\/11085\/13073\/2.jpg\" title=\"\">\n<\/p>\n<h3>Enostaven transport<\/h3>\n<p>Prena\u0161anje postaje s kraja na kraj vam ne bo povzro\u010dalo nobenih te\u017eav. Njena te\u017ea je pribli\u017eno 12,5 kg, mere pa 398 x 200 x 284 mm, zato jo lahko brez te\u017eav vzamete na izlet ali prenesete na primer na vrt. Poleg tega se zaradi majhne zasnove DELTA 3 Plus odli\u010dno prilega tudi v tesne in omejene prostore, na primer v avtomobilu ali med pohi\u0161tvom.<\/p>\n<p>\n<img decoding=\"async\" border=\"0\" src=\"https:\/\/assets.innpro.pl\/11085\/13073\/1.jpg\" title=\"\">\n<\/p>\n<div class=\"table-wrapper\">\n<h3>General<\/h3>\n<table>\n<tbody>\n<tr>\n<th>Proizvajalec<\/th>\n<td>EcoFlow<\/td>\n<\/tr>\n<tr>\n<th>Model<\/th>\n<td>DELTA 3 Plus<\/td>\n<\/tr>\n<tr>\n<th>Color<\/th>\n<td>Srebrna<\/td>\n<\/tr>\n<tr>\n<th>Capacity<\/th>\n<td>1024 Wh<\/td>\n<\/tr>\n<tr>\n<th>Weight<\/th>\n<td>\u2264 12,5 kg<\/td>\n<\/tr>\n<tr>\n<th>Dimenzije<\/th>\n<td>398 x 200 x 284 mm<\/td>\n<\/tr>\n<tr>\n<th>Uporaba<\/th>\n<td>Da (TOU, opozarjanje na nevihto)<\/td>\n<\/tr>\n<tr>\n<th>Raz\u0161irljiva zmogljivost<\/th>\n<td>Da, do 5 kWh (zdru\u017eljivost z dodatnimi baterijami za EcoFlow DELTA 3, DELTA 2 Max, DELTA Pro 3)<\/td>\n<\/tr>\n<\/tbody>\n<\/table>\n<h3>Izhodi<\/h3>\n<table>\n<tbody>\n<tr>\n<th>Skupno \u0161tevilo izhodnih priklju\u010dkov<\/th>\n<td>11<\/td>\n<\/tr>\n<tr>\n<th>AC<\/th>\n<td>4x 1800 W (najve\u010dja trenutna mo\u010d 3600 W)<\/td>\n<\/tr>\n<tr>\n<th>Najve\u010dja mo\u010d s funkcijo X-Boost<\/th>\n<td>2400 W<\/td>\n<\/tr>\n<tr>\n<th>USB-A (za hitro polnjenje)<\/th>\n<td>2x 36 W max.<\/td>\n<\/tr>\n<tr>\n<th>USB-C<\/th>\n<td>2x 140 W max.<\/td>\n<\/tr>\n<tr>\n<th>Avtomobilski izhod<\/th>\n<td>12,6 V 10 A, 126 W max.<\/td>\n<\/tr>\n<tr>\n<th>Izhod za enosmerni tok 5521<\/th>\n<td>2x 12,6 V, 3 A max.<\/td>\n<\/tr>\n<\/tbody>\n<\/table>\n<h3>Vhodi<\/h3>\n<table>\n<tbody>\n<tr>\n<th>Polnjenje z izmeni\u010dnim tokom<\/th>\n<td>1500 W (pribli\u017eno 56 min)<\/td>\n<\/tr>\n<tr>\n<th>Polnjenje s fotovoltai\u010dnimi paneli<\/th>\n<td>Vhod za enosmerni tok 11-60 V, najve\u010d 2x 500 W (pribli\u017eno 70 min)<\/td>\n<\/tr>\n<tr>\n<th>Polnjenje s pametnim generatorjem<\/th>\n<td>1500 W (pribli\u017eno 56 min)<\/td>\n<\/tr>\n<tr>\n<th>Polnjenje v avtomobilu<\/th>\n<td>800 W (pribli\u017eno 1,3 h)<\/td>\n<\/tr>\n<tr>\n<th>Polnjenje z izmeni\u010dnim tokom + fotovoltai\u010dni paneli<\/th>\n<td>1500 W (pribli\u017eno 56 min)<\/td>\n<\/tr>\n<\/tbody>\n<\/table>\n<h3>Baterija<\/h3>\n<table>\n<tbody>\n<tr>\n<th>Vrsta<\/th>\n<td>LFP<\/td>\n<\/tr>\n<tr>\n<th>\u017divljenjska doba<\/th>\n<td>Pribli\u017eno 4.000 ciklov polnjenja (do 80 % zmogljivosti)<\/td>\n<\/tr>\n<\/tbody>\n<\/table>\n<h3>Drugo<\/h3>\n<table>\n<tbody>\n<tr>\n<th>Za\u0161\u010ditni razred baterije<\/th>\n<td>IP65<\/td>\n<\/tr>\n<tr>\n<th>UPS<\/th>\n<td>&lt; 10 ms HID<\/td>\n<\/tr>\n<tr>\n<th>Raven hrupa<\/th>\n<td>&lt; 30 dB (pri obremenitvi 600 W) \/ &lt; 40 dB (pri obremenitvi 1200 W)<\/td>\n<\/tr>\n<\/tbody>\n<\/table>\n<\/div>","protected":false},"excerpt":{"rendered":"<p>Na zalogi pri zunanjem dobavitelju. Rok dobave 3-7 delovnih dni.<\/p>","protected":false},"featured_media":32308,"template":"","meta":{"_monsterinsights_skip_tracking":false,"_monsterinsights_sitenote_active":false,"_monsterinsights_sitenote_note":"","_monsterinsights_sitenote_category":0},"product_brand":[],"product_cat":[101,296,255],"product_tag":[],"class_list":{"0":"post-32311","1":"product","2":"type-product","3":"status-publish","4":"has-post-thumbnail","6":"product_cat-pametni-dom","7":"product_cat-solarna-tehnika","8":"product_cat-vsi","10":"first","11":"instock","12":"taxable","13":"shipping-taxable","14":"purchasable","15":"product-type-simple"},"jetpack_sharing_enabled":true,"_links":{"self":[{"href":"https:\/\/kobra.si\/en\/wp-json\/wp\/v2\/product\/32311","targetHints":{"allow":["GET"]}}],"collection":[{"href":"https:\/\/kobra.si\/en\/wp-json\/wp\/v2\/product"}],"about":[{"href":"https:\/\/kobra.si\/en\/wp-json\/wp\/v2\/types\/product"}],"version-history":[{"count":1,"href":"https:\/\/kobra.si\/en\/wp-json\/wp\/v2\/product\/32311\/revisions"}],"predecessor-version":[{"id":33799,"href":"https:\/\/kobra.si\/en\/wp-json\/wp\/v2\/product\/32311\/revisions\/33799"}],"wp:featuredmedia":[{"embeddable":true,"href":"https:\/\/kobra.si\/en\/wp-json\/wp\/v2\/media\/32308"}],"wp:attachment":[{"href":"https:\/\/kobra.si\/en\/wp-json\/wp\/v2\/media?parent=32311"}],"wp:term":[{"taxonomy":"product_brand","embeddable":true,"href":"https:\/\/kobra.si\/en\/wp-json\/wp\/v2\/product_brand?post=32311"},{"taxonomy":"product_cat","embeddable":true,"href":"https:\/\/kobra.si\/en\/wp-json\/wp\/v2\/product_cat?post=32311"},{"taxonomy":"product_tag","embeddable":true,"href":"https:\/\/kobra.si\/en\/wp-json\/wp\/v2\/product_tag?post=32311"}],"curies":[{"name":"wp","href":"https:\/\/api.w.org\/{rel}","templated":true}]}}