{"id":32307,"date":"2025-07-31T10:54:59","date_gmt":"2025-07-31T08:54:59","guid":{"rendered":"https:\/\/kobra.si\/spletna-trgovina-kobra\/prenosna-elektrarna-ecoflow-delta-3\/"},"modified":"2026-04-21T21:03:17","modified_gmt":"2026-04-21T19:03:17","slug":"prenosna-elektrarna-ecoflow-delta-3","status":"publish","type":"product","link":"https:\/\/kobra.si\/en\/spletna-trgovina-kobra\/prenosna-elektrarna-ecoflow-delta-3\/","title":{"rendered":"Prenosna elektrarna EcoFlow DELTA 3"},"content":{"rendered":"<h3>Prenosna elektrarna EcoFlow DELTA 3<\/h3>\n<p>Zagotovite si zanesljiv dostop do elektri\u010dne energije v skoraj vseh razmerah! Prenosno napajalno postajo EcoFlow DELTA 3 odlikuje zmogljivost kar 1 kWh (z mo\u017enostjo raz\u0161iritve do 5 kWh) in ponuja do 1800 W mo\u010di (do 2400 W v na\u010dinu X-Boost). Napravo je mogo\u010de polniti na ve\u010d na\u010dinov, odlikuje jo visoka vzdr\u017eljivost, deluje pa izjemno tiho &#8211; njena raven hrupa ne presega 30 dB (pri 600 W). Izkazal se bo tudi kot UPS &#8211; na zasilno napajanje preklopi v samo 10 ms. \u0160e ve\u010d, priro\u010dno upravljanje postaje je omogo\u010deno z namensko aplikacijo EcoFlow.<\/p>\n<p>\n<img decoding=\"async\" border=\"0\" src=\"https:\/\/assets.innpro.pl\/11079\/13067\/1.jpg\" title=\"\">\n<\/p>\n<h3>Napravo boste polnili na ve\u010d na\u010dinov<\/h3>\n<p>Zahvaljujo\u010d razli\u010dnim mo\u017enostim polnjenja lahko postajo preprosto pripravite na delo ne glede na okoli\u0161\u010dine. Polnite jo lahko na primer z uporabo vti\u010dnice za izmeni\u010dni tok &#8211; zaradi tehnologije X-Stream bo polnjenje trajalo le pribli\u017eno 56 minut! \u017delite polniti postajo DELTA 3 med kampiranjem ali na vrtu? Izkoristite prednosti fotonapetostnih panelov z mo\u010djo do 500 vatov! Postajo lahko napolnite tudi z avtomobilskim alternatorjem (v pribli\u017eno 1,3 ure) ali generatorjem elektri\u010dne energije. Lahko tudi kombinirate polnjenje z vti\u010dnico in son\u010dno energijo, tako da je DELTA 3 pripravljena za vo\u017enjo v pribli\u017eno 56 minutah.<\/p>\n<p>\n<img decoding=\"async\" border=\"0\" src=\"https:\/\/assets.innpro.pl\/11079\/13067\/2.jpg\" title=\"\">\n<\/p>\n<h3>Napajala bo do 99 % pogosto uporabljenih naprav<\/h3>\n<p>Se odpravljate na kampiranje, potovanje s po\u010ditni\u0161kim vozilom ali morda nepri\u010dakovan izpad elektri\u010dne energije? DELTA 3 se bo izkazala v teh in \u0161tevilnih drugih primerih! Postaja ponuja izhodno mo\u010d do 1 800 W, v na\u010dinu X-Boost pa lahko prenese obremenitev do 2 400 W. To pomeni, da lahko brez te\u017eav napaja ve\u010dino priljubljenih naprav, kot so pametni telefoni, ra\u010dunalniki, usmerjevalniki, hladilniki ter celo mikrovalovne pe\u010dice in kuhalniki.<\/p>\n<p>\n<img decoding=\"async\" border=\"0\" src=\"https:\/\/assets.innpro.pl\/11079\/13067\/3.jpg\" title=\"\">\n<\/p>\n<h3>So\u010dasno pove\u017eite do 11 naprav<\/h3>\n<p>Postaja je opremljena z razli\u010dnimi priklju\u010dki &#8211; na voljo so vam \u0161tiri vti\u010dnice za izmeni\u010dni tok, dva priklju\u010dka USB-A (vsak do 18 vatov), dva priklju\u010dka USB-C (vsak do 100 vatov), ena avtomobilska vti\u010dnica (12,6 V, 126 vatov) in dva priklju\u010dka DC5521 (12,6 V, do 3 A). Tako lahko nanj hkrati priklju\u010dite kar 11 naprav! Poslovite se od omejitev in u\u017eivajte v zanesljivem delovanju opreme, ki jo potrebujete.<\/p>\n<p>\n<img decoding=\"async\" border=\"0\" src=\"https:\/\/assets.innpro.pl\/11079\/13067\/4.jpg\" title=\"\">\n<\/p>\n<h3>Ne bo motil va\u0161ega miru<\/h3>\n<p>Kljub svojim zmogljivim zmogljivostim postaja deluje presenetljivo tiho. Pri obremenitvi 600 W njena raven hrupa ne presega 30 dB &#8211; enako kot pri \u0161epetu ali tiktakanju ure! Zato jo lahko nemoteno uporabljate tudi pono\u010di &#8211; ne bo motila va\u0161ega miru in ti\u0161ine.<\/p>\n<p>\n<img decoding=\"async\" border=\"0\" src=\"https:\/\/assets.innpro.pl\/11079\/13067\/9.jpg\" title=\"\">\n<\/p>\n<h3>S funkcijo UPS bodite pripravljeni na izpad elektri\u010dne energije<\/h3>\n<p>S sistemom EcoFlow DELTA 3 vas nepri\u010dakovani izpadi elektri\u010dne energije ne bodo prestra\u0161ili. Postaja ponuja funkcijo UPS in lahko preklopi na zasilno napajanje v samo 10 ms! Zaradi tega lahko zagotovi neprekinjeno delovanje naprav, kot so na primer ra\u010dunalniki, stre\u017eniki NAS ali 3D-tiskalniki. Ni vam ve\u010d treba skrbeti za izgubo podatkov ali po\u0161kodbe opreme!<\/p>\n<p>\n<img decoding=\"async\" border=\"0\" src=\"https:\/\/assets.innpro.pl\/11079\/13067\/10.jpg\" title=\"\">\n<\/p>\n<h3>Dodatne mo\u017enosti z aplikacijo<\/h3>\n<p>Pove\u017eite postajo z aplikacijo EcoFlow in pridobite \u0161e ve\u010d mo\u017enosti. Z njeno pomo\u010djo lahko na primer priro\u010dno spremljate najpomembnej\u0161e parametre naprave. Na voljo sta tudi funkcija opozarjanja na nevihto in posebni na\u010dini TOU (Time of Use), ki optimizirajo porabo energije &#8211; tako lahko prihranite pri ra\u010dunih! Poleg tega vam bo aplikacija po\u0161iljala obvestila o morebitnih izpadih elektri\u010dne energije in delovanju UPS.<\/p>\n<p>\n<img decoding=\"async\" border=\"0\" src=\"https:\/\/assets.innpro.pl\/11079\/13067\/7.jpg\" title=\"\">\n<\/p>\n<h3>Nalo\u017eba za prihodnja leta<\/h3>\n<p>DELTA 3 je opremljena z zmogljivo in vzdr\u017eljivo baterijo LiFePO4 (40135), ki jo odlikuje \u017eivljenjska doba do 4.000 ciklov (do 80 % zmogljivosti). To pomeni pribli\u017eno 10 let uporabe! Prav tako vam ni treba skrbeti za hitre po\u0161kodbe postaje. Stopnja za\u0161\u010dite IP65 zagotavlja odpornost na vodo in prah, za\u0161\u010dita pred toplotnim \u0161irjenjem pa prepre\u010duje nevarnosti, kot je na primer po\u017ear. DELTA 3 ima koristi tudi od inteligentnega sistema BMS, ki upravlja baterijo in zagotavlja zanesljivo delovanje.<\/p>\n<p>\n<img decoding=\"async\" border=\"0\" src=\"https:\/\/assets.innpro.pl\/11079\/13067\/5.jpg\" title=\"\">\n<\/p>\n<h3>Velika raz\u0161irljiva zmogljivost<\/h3>\n<p>Kapaciteta postaje DELTA 3 zna\u0161a kar 1 kWh &#8211; dovolj, da bo izbrane naprave napajala zelo dolgo! Raz\u0161irite jo lahko tudi do 5 kWh &#8211; preprosto uporabite dodatni baterijski paket za DELTA 3 (1 kW), DELTA 2 Max (2 kW) ali DELTY Pro 3 (4 kW). Ni vam ve\u010d treba skrbeti, da bo za delovanje opreme, ki jo potrebujete, zmanjkalo energije!<\/p>\n<p>\n<img decoding=\"async\" border=\"0\" src=\"https:\/\/assets.innpro.pl\/11079\/13067\/8.jpg\" title=\"\">\n<\/p>\n<h3>Brezskrben prevoz<\/h3>\n<p>Postaja tehta pribli\u017eno 12,5 kg, njene mere pa so 398 x 200 x 284 mm. Njen prevoz vam ne bo povzro\u010dal nobenih te\u017eav &#8211; zlahka jo boste premikali s kraja na kraj ali jo vzeli s seboj na izlet! Zaradi svoje kompaktne zasnove bo DELTA 3 zlahka pri\u0161la tudi v ozke in omejene prostore, na primer v avtomobil.<\/p>\n<p>\n<img decoding=\"async\" border=\"0\" src=\"https:\/\/assets.innpro.pl\/11079\/13067\/6.jpg\" title=\"\">\n<\/p>\n<div class=\"table-wrapper\">\n<h3>General<\/h3>\n<table>\n<tbody>\n<tr>\n<th>Proizvajalec<\/th>\n<td>EcoFlow<\/td>\n<\/tr>\n<tr>\n<th>Model<\/th>\n<td>DELTA 3<\/td>\n<\/tr>\n<tr>\n<th>Color<\/th>\n<td>Srebrna in siva<\/td>\n<\/tr>\n<tr>\n<th>Capacity<\/th>\n<td>1024 Wh<\/td>\n<\/tr>\n<tr>\n<th>Weight<\/th>\n<td>\u2264 12,5 kg<\/td>\n<\/tr>\n<tr>\n<th>Dimenzije<\/th>\n<td>398 x 200 x 284 mm<\/td>\n<\/tr>\n<tr>\n<th>Uporaba<\/th>\n<td>Da (TOU, opozarjanje na nevihto)<\/td>\n<\/tr>\n<tr>\n<th>Raz\u0161irljiva zmogljivost<\/th>\n<td>Da, do 5 kWh (zdru\u017eljivost z dodatnimi baterijami za EcoFlow DELTA 3, DELTA 2 Max, DELTA Pro 3)<\/td>\n<\/tr>\n<\/tbody>\n<\/table>\n<h3>Izhodi<\/h3>\n<table>\n<tbody>\n<tr>\n<th>Skupno \u0161tevilo izhodnih priklju\u010dkov<\/th>\n<td>11<\/td>\n<\/tr>\n<tr>\n<th>AC<\/th>\n<td>4x 1800 W (najve\u010dja trenutna mo\u010d 3600 W)<\/td>\n<\/tr>\n<tr>\n<th>Najve\u010dja mo\u010d s funkcijo X-Boost<\/th>\n<td>2400 W<\/td>\n<\/tr>\n<tr>\n<th>USB-A (za hitro polnjenje)<\/th>\n<td>2x 18 W max.<\/td>\n<\/tr>\n<tr>\n<th>USB-C<\/th>\n<td>2x 100 W max.<\/td>\n<\/tr>\n<tr>\n<th>Avtomobilski izhod<\/th>\n<td>12,6 V 10 A, 126 W max.<\/td>\n<\/tr>\n<tr>\n<th>DC izhod 5521<\/th>\n<td>2x 12,6 V, 3 A max.<\/td>\n<\/tr>\n<\/tbody>\n<\/table>\n<h3>Vhodi<\/h3>\n<table>\n<tbody>\n<tr>\n<th>Polnjenje z izmeni\u010dnim tokom<\/th>\n<td>1500 W (pribli\u017eno 56 min)<\/td>\n<\/tr>\n<tr>\n<th>Polnjenje s fotovoltai\u010dnimi paneli<\/th>\n<td>DC vhod 11-60 V, 1x 500 W max (pribl. 130 min)<\/td>\n<\/tr>\n<tr>\n<th>Polnjenje s pametnim generatorjem<\/th>\n<td>1500 W (pribli\u017eno 56 min)<\/td>\n<\/tr>\n<tr>\n<th>Polnjenje v avtomobilu<\/th>\n<td>800 W (pribli\u017eno 1,3 h)<\/td>\n<\/tr>\n<tr>\n<th>Polnjenje z izmeni\u010dnim tokom + fotovoltai\u010dni paneli<\/th>\n<td>1500 W (pribli\u017eno 56 min)<\/td>\n<\/tr>\n<\/tbody>\n<\/table>\n<h3>Baterija<\/h3>\n<table>\n<tbody>\n<tr>\n<th>Vrsta<\/th>\n<td>LFP<\/td>\n<\/tr>\n<tr>\n<th>\u017divljenjska doba<\/th>\n<td>Pribli\u017eno 4.000 ciklov polnjenja (do 80 % zmogljivosti)<\/td>\n<\/tr>\n<\/tbody>\n<\/table>\n<h3>Drugo<\/h3>\n<table>\n<tbody>\n<tr>\n<th>Za\u0161\u010ditni razred baterije<\/th>\n<td>IP65<\/td>\n<\/tr>\n<tr>\n<th>UPS<\/th>\n<td>&lt; 10 ms<\/td>\n<\/tr>\n<tr>\n<th>Raven hrupa<\/th>\n<td>&lt; 30 dB (z obremenitvijo 600 W) \/ &lt; 40 dB (z obremenitvijo 1200 W)<\/td>\n<\/tr>\n<\/tbody>\n<\/table>\n<\/div>","protected":false},"excerpt":{"rendered":"<p>Na zalogi pri zunanjem dobavitelju. Rok dobave 3-7 delovnih dni.<\/p>","protected":false},"featured_media":32303,"template":"","meta":{"_monsterinsights_skip_tracking":false,"_monsterinsights_sitenote_active":false,"_monsterinsights_sitenote_note":"","_monsterinsights_sitenote_category":0},"product_brand":[],"product_cat":[101,296,255],"product_tag":[],"class_list":{"0":"post-32307","1":"product","2":"type-product","3":"status-publish","4":"has-post-thumbnail","6":"product_cat-pametni-dom","7":"product_cat-solarna-tehnika","8":"product_cat-vsi","10":"first","11":"instock","12":"taxable","13":"shipping-taxable","14":"purchasable","15":"product-type-simple"},"jetpack_sharing_enabled":true,"_links":{"self":[{"href":"https:\/\/kobra.si\/en\/wp-json\/wp\/v2\/product\/32307","targetHints":{"allow":["GET"]}}],"collection":[{"href":"https:\/\/kobra.si\/en\/wp-json\/wp\/v2\/product"}],"about":[{"href":"https:\/\/kobra.si\/en\/wp-json\/wp\/v2\/types\/product"}],"version-history":[{"count":1,"href":"https:\/\/kobra.si\/en\/wp-json\/wp\/v2\/product\/32307\/revisions"}],"predecessor-version":[{"id":33800,"href":"https:\/\/kobra.si\/en\/wp-json\/wp\/v2\/product\/32307\/revisions\/33800"}],"wp:featuredmedia":[{"embeddable":true,"href":"https:\/\/kobra.si\/en\/wp-json\/wp\/v2\/media\/32303"}],"wp:attachment":[{"href":"https:\/\/kobra.si\/en\/wp-json\/wp\/v2\/media?parent=32307"}],"wp:term":[{"taxonomy":"product_brand","embeddable":true,"href":"https:\/\/kobra.si\/en\/wp-json\/wp\/v2\/product_brand?post=32307"},{"taxonomy":"product_cat","embeddable":true,"href":"https:\/\/kobra.si\/en\/wp-json\/wp\/v2\/product_cat?post=32307"},{"taxonomy":"product_tag","embeddable":true,"href":"https:\/\/kobra.si\/en\/wp-json\/wp\/v2\/product_tag?post=32307"}],"curies":[{"name":"wp","href":"https:\/\/api.w.org\/{rel}","templated":true}]}}