{"id":32302,"date":"2025-07-31T10:54:47","date_gmt":"2025-07-31T08:54:47","guid":{"rendered":"https:\/\/kobra.si\/spletna-trgovina-kobra\/baterija-za-ecoflow-river-3-plus-572wh\/"},"modified":"2026-04-21T21:03:14","modified_gmt":"2026-04-21T19:03:14","slug":"baterija-za-ecoflow-river-3-plus-572wh","status":"publish","type":"product","link":"https:\/\/kobra.si\/en\/spletna-trgovina-kobra\/baterija-za-ecoflow-river-3-plus-572wh\/","title":{"rendered":"Baterija za EcoFlow RIVER 3 Plus (572Wh)"},"content":{"rendered":"<h3>Baterija za EcoFlow EcoFlow RIVER 3 Plus (572Wh)<\/h3>\n<p>Raz\u0161irite zmogljivosti svoje prenosne elektrarne EcoFlow RIVER 3 Plus. Ta dodatna baterija vam bo omogo\u010dila, da pove\u010date njeno zmogljivost za 572 Wh, zato boste lahko svojo opremo napajali \u0161e dlje! Posebni kontakti Pogo Pin omogo\u010dajo njeno priro\u010dno namestitev, izhodna vrata USB-C pa vam omogo\u010dajo polnjenje naprav z mo\u010djo do 140 W. Obenem je izdelek zelo lahek &#8211; tehta le 5,6 kg. Njegova prenosljivost vam ne bo povzro\u010dala te\u017eav!<\/p>\n<p>\n<img decoding=\"async\" border=\"0\" src=\"https:\/\/assets.innpro.pl\/11104\/13096\/4.jpg\" title=\"\">\n<\/p>\n<h3>Dodaten odmerek energije<\/h3>\n<p>Na\u010drtujete ve\u010ddnevno potovanje? Ali pa morda \u017eelite, da bi lahko svoje naprave napajali \u0161e dlje \u010dasa? Dodatna baterija za RIVER 3 Plus je za vas! Z njeno pomo\u010djo boste zmogljivost svoje postaje zlahka pove\u010dali za 572 Wh, kar vam bo omogo\u010dilo, da svojo potrebno opremo oskrbujete z energijo tako dolgo, kot potrebujete.<\/p>\n<p>\n<img decoding=\"async\" border=\"0\" src=\"https:\/\/assets.innpro.pl\/11104\/13096\/1.jpg\" title=\"\">\n<\/p>\n<h3>Quick and easy installation<\/h3>\n<p>Pozabite na zamudno namestitev. Zaradi uporabe no\u017eic Pogo Pins je namestitev baterijskega paketa zelo preprosta in traja le trenutek &#8211; za to ne potrebujete nobenih dodatnih kablov ali vijakov. Z le kratkim trenutkom lahko pove\u010date zmogljivosti postaje in u\u017eivate v dolgotrajnem napajanju svojih naprav!<\/p>\n<p>\n<img decoding=\"async\" border=\"0\" src=\"https:\/\/assets.innpro.pl\/11104\/13096\/2.jpg\" title=\"\">\n<\/p>\n<h3>Ve\u010dnamenska vrata USB-C<\/h3>\n<p>Baterijski paket za postajo EcoFlow RIVER 3 Plus lahko uporabljate tudi neodvisno od postaje. Opremljen je s priklju\u010dkom USB-C z mo\u010djo do 140 W, s katerim lahko priro\u010dno polnite izbrane naprave, kot so pametni telefoni ali brez\u017ei\u010dni zvo\u010dniki. To je odli\u010dno za potovanja, ko na primer s seboj ne \u017eelite vzeti preve\u010d naprav! Priklju\u010dek omogo\u010da tudi polnjenje same baterije &#8211; to bo trajalo pribli\u017eno 7 ur.<\/p>\n<p>\n<img decoding=\"async\" border=\"0\" src=\"https:\/\/assets.innpro.pl\/11104\/13096\/3.jpg\" title=\"\">\n<\/p>\n<h3>Dolgoletna vzdr\u017eljivost<\/h3>\n<p>Vlagajte v preverjene re\u0161itve. Baterija uporablja visokokakovostne celice LFP (LiFEPO4), zaradi katerih jo odlikuje \u017eivljenjska doba do 3000 ciklov polnjenja (do 80 % zmogljivosti). Zato vam bo dobro slu\u017eila ve\u010d let!<\/p>\n<p>\n<img decoding=\"async\" border=\"0\" src=\"https:\/\/assets.innpro.pl\/11104\/13096\/8.jpg\" title=\"\">\n<\/p>\n<h3>Priro\u010den prevoz<\/h3>\n<p>Prevoz baterije vam ne bo povzro\u010dal te\u017eav. Naprava tehta le 5,6 kg, njene mere pa so 234 x 224 x 158 mm. Zaradi tega jo lahko brez te\u017eav prenesete na katero koli mesto ali shranite v avtomobilu. Je popoln potovalni spremljevalec!<\/p>\n<p>\n<img decoding=\"async\" border=\"0\" src=\"https:\/\/assets.innpro.pl\/11104\/13096\/6.jpg\" title=\"\">\n<\/p>\n<h3>Vklju\u010deno<\/h3>\n<ul class=\"list-disc pl-5\">\n<li>Baterija za polnjenje za RIVER 3 Plus (572 Wh)<\/li>\n<li>priro\u010dnik za hiter zagon in garancijski list<\/li>\n<\/ul>\n<div class=\"table-wrapper\">\n<h3><\/h3>\n<table>\n<tbody>\n<tr>\n<th>Proizvajalec<\/th>\n<td>EcoFlow<\/td>\n<\/tr>\n<tr>\n<th>Model<\/th>\n<td>EB600<\/td>\n<\/tr>\n<tr>\n<th>Capacity<\/th>\n<td>572 Wh (179200 mAh)<\/td>\n<\/tr>\n<tr>\n<th>Dimenzije<\/th>\n<td>234 x 224 x 158 mm<\/td>\n<\/tr>\n<tr>\n<th>Weight<\/th>\n<td>5,6 kg<\/td>\n<\/tr>\n<tr>\n<th>Vrsta celic<\/th>\n<td>LFP (LiFePO4)<\/td>\n<\/tr>\n<tr>\n<th>\u017divljenjska doba<\/th>\n<td>Pribli\u017eno 3 000 ciklov polnjenja (do 80 % zmogljivosti)<\/td>\n<\/tr>\n<tr>\n<th>Izhod USB-C<\/th>\n<td>5 V \/ 9 V \/ 12 V \/ 15 V = najve\u010d 3 A, 20 V \/ 28 V = najve\u010d 5 A, najve\u010d 140 W<\/td>\n<\/tr>\n<tr>\n<th>Vhod USB-C<\/th>\n<td>5 V \/ 9 V \/ 12 V \/ 15 V = najve\u010d 3 A, 20 V \/ 28 V = najve\u010d 5 A, najve\u010d 140 W (0-100 % v pribli\u017eno 7 urah);<\/td>\n<\/tr>\n<tr>\n<th>Vmesnik EB<\/th>\n<td>17,5-25,5 V = 28 A max.<\/td>\n<\/tr>\n<tr>\n<th>Hitro<\/th>\n<td>Vhod: 30 W max; izhod: 30 W max; izhod: 30 W max; izhod: 30 W max; izhod: 30 W max: 15 W (brez\u017ei\u010dno), 30 W (\u017ei\u010dno);<\/td>\n<\/tr>\n<tr>\n<th>Optimalna delovna temperatura<\/th>\n<td>20 \u00b0C do 30 \u00b0C<\/td>\n<\/tr>\n<tr>\n<th>Temperatura polnjenja<\/th>\n<td>Od 0 \u00b0C do 45 \u00b0C<\/td>\n<\/tr>\n<tr>\n<th>Temperatura praznjenja<\/th>\n<td>Od -10\u00b0C do 45\u00b0C<\/td>\n<\/tr>\n<tr>\n<th>Storage temperature<\/th>\n<td>Od 20 \u00b0C do 30 \u00b0C<\/td>\n<\/tr>\n<\/tbody>\n<\/table>\n<\/div>","protected":false},"excerpt":{"rendered":"<p>Na zalogi pri zunanjem dobavitelju. Rok dobave 3-7 delovnih dni.<\/p>","protected":false},"featured_media":32296,"template":"","meta":{"_monsterinsights_skip_tracking":false,"_monsterinsights_sitenote_active":false,"_monsterinsights_sitenote_note":"","_monsterinsights_sitenote_category":0},"product_brand":[],"product_cat":[101,296,255],"product_tag":[],"class_list":{"0":"post-32302","1":"product","2":"type-product","3":"status-publish","4":"has-post-thumbnail","6":"product_cat-pametni-dom","7":"product_cat-solarna-tehnika","8":"product_cat-vsi","10":"first","11":"instock","12":"taxable","13":"shipping-taxable","14":"purchasable","15":"product-type-simple"},"jetpack_sharing_enabled":true,"_links":{"self":[{"href":"https:\/\/kobra.si\/en\/wp-json\/wp\/v2\/product\/32302","targetHints":{"allow":["GET"]}}],"collection":[{"href":"https:\/\/kobra.si\/en\/wp-json\/wp\/v2\/product"}],"about":[{"href":"https:\/\/kobra.si\/en\/wp-json\/wp\/v2\/types\/product"}],"version-history":[{"count":1,"href":"https:\/\/kobra.si\/en\/wp-json\/wp\/v2\/product\/32302\/revisions"}],"predecessor-version":[{"id":33801,"href":"https:\/\/kobra.si\/en\/wp-json\/wp\/v2\/product\/32302\/revisions\/33801"}],"wp:featuredmedia":[{"embeddable":true,"href":"https:\/\/kobra.si\/en\/wp-json\/wp\/v2\/media\/32296"}],"wp:attachment":[{"href":"https:\/\/kobra.si\/en\/wp-json\/wp\/v2\/media?parent=32302"}],"wp:term":[{"taxonomy":"product_brand","embeddable":true,"href":"https:\/\/kobra.si\/en\/wp-json\/wp\/v2\/product_brand?post=32302"},{"taxonomy":"product_cat","embeddable":true,"href":"https:\/\/kobra.si\/en\/wp-json\/wp\/v2\/product_cat?post=32302"},{"taxonomy":"product_tag","embeddable":true,"href":"https:\/\/kobra.si\/en\/wp-json\/wp\/v2\/product_tag?post=32302"}],"curies":[{"name":"wp","href":"https:\/\/api.w.org\/{rel}","templated":true}]}}