{"id":32288,"date":"2025-07-31T10:54:19","date_gmt":"2025-07-31T08:54:19","guid":{"rendered":"https:\/\/kobra.si\/spletna-trgovina-kobra\/prenosna-postaja-ecoflow-river-3-plus\/"},"modified":"2026-04-21T21:03:11","modified_gmt":"2026-04-21T19:03:11","slug":"prenosna-postaja-ecoflow-river-3-plus","status":"publish","type":"product","link":"https:\/\/kobra.si\/en\/spletna-trgovina-kobra\/prenosna-postaja-ecoflow-river-3-plus\/","title":{"rendered":"Prenosna postaja EcoFlow RIVER 3 Plus"},"content":{"rendered":"<h3>Prenosna napajalna postaja EcoFlow RIVER 3 Plus<\/h3>\n<p>Kompaktno napajalno postajo EcoFlow RIVER 3 Plus odlikujeta raz\u0161irljiva zmogljivost in izhodna mo\u010d 600 W, ki jo je mogo\u010de z na\u010dinom X-Boost pove\u010dati na 1200 W. Naprava uporablja polprevodnik GaN ali galijev nitrid naslednje generacije, ki v primerjavi s tradicionalnimi polprevodniki na osnovi silicija zagotavlja ve\u010djo energetsko u\u010dinkovitost in manj\u0161e toplotne izgube. Zaradi lahke in trpe\u017ene zasnove se bo izdelek izkazal na potovanjih v divjino, saj bo zagotavljal zanesljiv vir energije za vse potrebne naprave tudi dale\u010d od tradicionalnih virov energije.<\/p>\n<p>\n<img decoding=\"async\" border=\"0\" src=\"https:\/\/assets.innpro.pl\/11075\/13063\/7.jpg\" title=\"\">\n<\/p>\n<h3>Zmogljivost za izzive<\/h3>\n<p>Naprava RIVER 3 Plus zagotavlja podporo v razli\u010dnih situacijah &#8211; od kampiranja v gorah do zasilnega napajanja doma. Postaja podpira naprave z mo\u010djo do 600 vatov, s funkcijo X-Boost pa lahko zagotavlja mo\u010d do 1 200 vatov, kar ji omogo\u010da napajanje zahtevnej\u0161e opreme, kot so elektri\u010dni \u0161tedilniki, prenosni hladilniki in zmogljive svetilke.<\/p>\n<p>\n<img decoding=\"async\" border=\"0\" src=\"https:\/\/assets.innpro.pl\/11075\/13063\/1.jpg\" title=\"\">\n<\/p>\n<h3>Najsodobnej\u0161a tehnologija GaN<\/h3>\n<p>Naprava EcoFlow RIVER 3 Plus uporablja napreden polprevodnik GaN, po katerem se bistveno razlikuje od tradicionalnih elektrarn na osnovi silicija. Galijev nitrid (GaN) ne zagotavlja le ve\u010dje energetske u\u010dinkovitosti, temve\u010d tudi bolj\u0161o prevodnost, kar zmanj\u0161uje tveganje pregrevanja in omogo\u010da, da naprava ostane kompaktna. Uporabljena re\u0161itev zagotavlja tudi tiho delovanje postaje &#8211; raven ustvarjenega hrupa ne presega 30 dB -, zato lahko opremo nemoteno napajate tudi pono\u010di.<\/p>\n<p>\n<img decoding=\"async\" border=\"0\" src=\"https:\/\/assets.innpro.pl\/11075\/13063\/3.jpg\" title=\"\">\n<\/p>\n<h3>Raz\u0161irljiva zmogljivost<\/h3>\n<p>Osnovno zmogljivost postaje EcoFlow RIVER 3 Plus (286 Wh) lahko pove\u010date z uporabo baterije EB300 z zmogljivostjo 286 Wh ali EB600, ki ponuja 572 Wh. S tehnologijo Pogo Pin vam ni treba uporabljati kablov ali orodja.<\/p>\n<p>\n<img decoding=\"async\" border=\"0\" src=\"https:\/\/assets.innpro.pl\/11075\/13063\/8.jpg\" title=\"\">\n<\/p>\n<h3>Pripravljen na vse izzive<\/h3>\n<p>Na postajo lahko hkrati priklju\u010dite ve\u010d naprav. EcoFlow RIVER 3 Plus ponuja tri vti\u010dnice za izmeni\u010dni tok z izhodno mo\u010djo 600 W, ki jo lahko z na\u010dinom X-Boost pove\u010date na 1 200 W, ter dve vti\u010dnici USB-A s skupno mo\u010djo 24 W, ki sta idealni za polnjenje pametnih telefonov in manj\u0161ih naprav. Na voljo vam bo tudi 100 W priklju\u010dek USB-C, ki omogo\u010da hitro polnjenje prenosnikov, tabli\u010dnih ra\u010dunalnikov in drugih naprav, \u017eeljnih energije. Poleg tega vam 12,6-voltna 126-vatna avtomobilska vti\u010dnica omogo\u010da polnjenje potovalne opreme, zato je postaja popoln spremljevalec za kampiranje in potovanja.<\/p>\n<p>\n<img decoding=\"async\" border=\"0\" src=\"https:\/\/assets.innpro.pl\/11075\/13063\/4.jpg\" title=\"\">\n<\/p>\n<h3>Funkcija UPS<\/h3>\n<p>Zahvaljujo\u010d funkciji UPS (neprekinjeno napajanje) se postaja EcoFlow RIVER 3 Plus v manj kot 10 ms preklopi v baterijski na\u010din, kar zagotavlja neprekinjeno oskrbo z elektri\u010dno energijo v primeru nenadnih izpadov elektri\u010dne energije. Ta funkcija je \u0161e posebej uporabna v doma\u010dih pisarnah, saj varuje prenosne ra\u010dunalnike, sisteme NAS in drugo ob\u010dutljivej\u0161o opremo pred izgubo podatkov.<\/p>\n<p>\n<img decoding=\"async\" border=\"0\" src=\"https:\/\/assets.innpro.pl\/11075\/13063\/9.jpg\" title=\"\">\n<\/p>\n<h3>Prilagodljive mo\u017enosti polnjenja<\/h3>\n<p>Postajo lahko polnite na \u0161tiri na\u010dine. \u010ce uporabite vti\u010dnico za izmeni\u010dni tok, za popolno napolnitev naprave potrebujete le eno uro. Uporabite lahko tudi avtomobilsko vti\u010dnico, fotonapetostne plo\u0161\u010de z mo\u010djo do 220 W ali generator.<\/p>\n<p>\n<img decoding=\"async\" border=\"0\" src=\"https:\/\/assets.innpro.pl\/11075\/13063\/5.jpg\" title=\"\">\n<\/p>\n<h3>Dolgotrajna in vzdr\u017eljiva zasnova<\/h3>\n<p>Baterija LiFePO4 omogo\u010da do 3 000 ciklov polnjenja, pri \u010demer ohranja 80 % prvotne zmogljivosti. Zato je lahko RIVER 3 Plus zanesljiv vir energije do 10 let. Izpolnjuje tudi standard IP54, zato je odporna na prah in vodo. Zahvaljujo\u010d tehnologiji X-Guard vam ni treba skrbeti zaradi prekomernega polnjenja, kratkega stika, prenapetosti ali drugih okvar \u010dipa. Robustna zasnova postaje je odporna tudi na padce z vi\u0161ine 1,5 metra.<\/p>\n<p>\n<img decoding=\"async\" border=\"0\" src=\"https:\/\/assets.innpro.pl\/11075\/13063\/2.jpg\" title=\"\">\n<\/p>\n<h3>Upravljanje na daljavo prek aplikacije<\/h3>\n<p>Z aplikacijo EcoFlow lahko med drugim spremljate stopnjo napolnjenosti, izhodno mo\u010d in preostali \u010das delovanja. V njej lahko tudi prilagajate nastavitve in preverjate prejeta obvestila o izpadu napajanja in drugo.<\/p>\n<p>\n<img decoding=\"async\" border=\"0\" src=\"https:\/\/assets.innpro.pl\/11075\/13063\/6.jpg\" title=\"\">\n<\/p>\n<h3>Vklju\u010deno:<\/h3>\n<ul class=\"list-disc pl-5\">\n<li>Prenosna napajalna postaja EcoFlow RIVER 3 Plus<\/li>\n<li>kabel za polnjenje z izmeni\u010dnim tokom<\/li>\n<li>Kabel za polnjenje z avtomobilskim polnilnikom<\/li>\n<li>Komunikacijski kabel USB-B na USB-A (funkcija UPS)<\/li>\n<li>Uporabni\u0161ki priro\u010dnik<\/li>\n<\/ul>\n<div class=\"table-wrapper\">\n<h3>General<\/h3>\n<table>\n<tbody>\n<tr>\n<th>Proizvajalec<\/th>\n<td>EcoFlow<\/td>\n<\/tr>\n<tr>\n<th>Model<\/th>\n<td>RIVER 3 Plus<\/td>\n<\/tr>\n<tr>\n<th>Capacity<\/th>\n<td>286 Wh<\/td>\n<\/tr>\n<tr>\n<th>Dimenzije<\/th>\n<td>234 x 231 x 146 mm<\/td>\n<\/tr>\n<tr>\n<th>Weight<\/th>\n<td>4,7 kg<\/td>\n<\/tr>\n<\/tbody>\n<\/table>\n<h3>Baterija<\/h3>\n<table>\n<tbody>\n<tr>\n<th>Vrsta baterije<\/th>\n<td>LFP (LiFePO4)<\/td>\n<\/tr>\n<tr>\n<th>\u017divljenjska doba baterije<\/th>\n<td>80 % zmogljivosti po 3000 ciklih polnjenja<\/td>\n<\/tr>\n<\/tbody>\n<\/table>\n<h3>Izhodi<\/h3>\n<table>\n<tbody>\n<tr>\n<th>AC<\/th>\n<td>3 priklju\u010dki, 230 V ~ 50 Hz, 600 W (najve\u010d 1200 W v na\u010dinu X-Boost)<\/td>\n<\/tr>\n<tr>\n<th>USB-A<\/th>\n<td>2 priklju\u010dka, 5V-2,4A, 12W na priklju\u010dek, skupaj 24W<\/td>\n<\/tr>\n<tr>\n<th>USB-C<\/th>\n<td>1 priklju\u010dek, 5\/9\/12\/15V-3A max, 20V-5A max, 100W max.<\/td>\n<\/tr>\n<tr>\n<th>Avtomobilski izhod<\/th>\n<td>1 priklju\u010dek, 12,6 V, 10 A, najve\u010d 126 W.<\/td>\n<\/tr>\n<\/tbody>\n<\/table>\n<h3>Vhodi<\/h3>\n<table>\n<tbody>\n<tr>\n<th>Polnjenje z izmeni\u010dnim tokom<\/th>\n<td>200~240V, max. 3A, 50\/60Hz, 360W &#8211; popolnoma napolnjen v eni uri<\/td>\n<\/tr>\n<tr>\n<th>Polnjenje s fotovoltai\u010dnimi plo\u0161\u010dami<\/th>\n<td>11~55V, najve\u010d 13A, 220W &#8211; polno polnjenje v 1,5 ure (45W &#8211; polno polnjenje v 7,3 ure, 60W &#8211; polno polnjenje v 5,5 ure, 110W &#8211; polno polnjenje v 3 urah)<\/td>\n<\/tr>\n<tr>\n<th>Polnjenje prek avtomobilskega polnilnika<\/th>\n<td>11 ~ 55 V, 8 A (najve\u010d), 220 W (polno polnjenje v 3,3 urah)<\/td>\n<\/tr>\n<tr>\n<th>Polnjenje prek generatorja<\/th>\n<td>200-240 V, najve\u010d 3 A, 50\/60 Hz, 360 W &#8211; polno polnjenje v eni uri<\/td>\n<\/tr>\n<\/tbody>\n<\/table>\n<h3>Druge spletne strani<\/h3>\n<table>\n<tbody>\n<tr>\n<th>UPS<\/th>\n<td>&lt;10 ms<\/td>\n<\/tr>\n<tr>\n<th>Raz\u0161irljiva zmogljivost<\/th>\n<td>Da, z eno baterijo, zdru\u017eljivost z EB300 (286Wh) in EB600 (572Wh)<\/td>\n<\/tr>\n<tr>\n<th>Zdru\u017eljivost z aplikacijami<\/th>\n<td>da<\/td>\n<\/tr>\n<tr>\n<th>Povezljivost<\/th>\n<td>Wi-Fi, Bluetooth<\/td>\n<\/tr>\n<tr>\n<th>Raven hrupa<\/th>\n<td>30 dB<\/td>\n<\/tr>\n<tr>\n<th>Razred za\u0161\u010dite baterije<\/th>\n<td>IP54<\/td>\n<\/tr>\n<\/tbody>\n<\/table>\n<h3>Temperatura okolja<\/h3>\n<table>\n<tbody>\n<tr>\n<th>Optimalna delovna temperatura<\/th>\n<td>20 \u00b0C do 30 \u00b0C<\/td>\n<\/tr>\n<tr>\n<th>Temperatura med polnjenjem<\/th>\n<td>0\u00b0C do 45\u00b0C<\/td>\n<\/tr>\n<tr>\n<th>Temperatura med praznjenjem<\/th>\n<td>-10\u00b0C do 45\u00b0C<\/td>\n<\/tr>\n<tr>\n<th>Storage temperature<\/th>\n<td>20\u00b0C do 30\u00b0C<\/td>\n<\/tr>\n<\/tbody>\n<\/table>\n<\/div>","protected":false},"excerpt":{"rendered":"<p>Na zalogi pri zunanjem dobavitelju. Rok dobave 3-7 delovnih dni.<\/p>","protected":false},"featured_media":32282,"template":"","meta":{"_monsterinsights_skip_tracking":false,"_monsterinsights_sitenote_active":false,"_monsterinsights_sitenote_note":"","_monsterinsights_sitenote_category":0},"product_brand":[],"product_cat":[101,296,255],"product_tag":[],"class_list":{"0":"post-32288","1":"product","2":"type-product","3":"status-publish","4":"has-post-thumbnail","6":"product_cat-pametni-dom","7":"product_cat-solarna-tehnika","8":"product_cat-vsi","10":"first","11":"instock","12":"taxable","13":"shipping-taxable","14":"purchasable","15":"product-type-simple"},"jetpack_sharing_enabled":true,"_links":{"self":[{"href":"https:\/\/kobra.si\/en\/wp-json\/wp\/v2\/product\/32288","targetHints":{"allow":["GET"]}}],"collection":[{"href":"https:\/\/kobra.si\/en\/wp-json\/wp\/v2\/product"}],"about":[{"href":"https:\/\/kobra.si\/en\/wp-json\/wp\/v2\/types\/product"}],"version-history":[{"count":1,"href":"https:\/\/kobra.si\/en\/wp-json\/wp\/v2\/product\/32288\/revisions"}],"predecessor-version":[{"id":33803,"href":"https:\/\/kobra.si\/en\/wp-json\/wp\/v2\/product\/32288\/revisions\/33803"}],"wp:featuredmedia":[{"embeddable":true,"href":"https:\/\/kobra.si\/en\/wp-json\/wp\/v2\/media\/32282"}],"wp:attachment":[{"href":"https:\/\/kobra.si\/en\/wp-json\/wp\/v2\/media?parent=32288"}],"wp:term":[{"taxonomy":"product_brand","embeddable":true,"href":"https:\/\/kobra.si\/en\/wp-json\/wp\/v2\/product_brand?post=32288"},{"taxonomy":"product_cat","embeddable":true,"href":"https:\/\/kobra.si\/en\/wp-json\/wp\/v2\/product_cat?post=32288"},{"taxonomy":"product_tag","embeddable":true,"href":"https:\/\/kobra.si\/en\/wp-json\/wp\/v2\/product_tag?post=32288"}],"curies":[{"name":"wp","href":"https:\/\/api.w.org\/{rel}","templated":true}]}}