{"id":32275,"date":"2025-07-31T10:53:25","date_gmt":"2025-07-31T08:53:25","guid":{"rendered":"https:\/\/kobra.si\/spletna-trgovina-kobra\/prenosna-postaja-ecoflow-river-3\/"},"modified":"2026-04-16T21:03:15","modified_gmt":"2026-04-16T19:03:15","slug":"prenosna-postaja-ecoflow-river-3","status":"publish","type":"product","link":"https:\/\/kobra.si\/en\/spletna-trgovina-kobra\/prenosna-postaja-ecoflow-river-3\/","title":{"rendered":"Prenosna postaja EcoFlow RIVER 3"},"content":{"rendered":"<h3>Prenosna elektrarna EcoFlow RIVER 3<\/h3>\n<p>Napajalna postaja EcoFlow RIVER 3 ponuja zmogljivost 245 Wh in izhodno mo\u010d 300 W, ki jo je mogo\u010de pove\u010dati na 600 W. Uporabljeni polprevodnik GaN naslednje generacije zagotavlja ve\u010djo energetsko u\u010dinkovitost, manj\u0161e izgube energije, dalj\u0161i \u010das delovanja in tiho delovanje &#8211; vse to ob kompaktni zasnovi. Na voljo vam bodo \u0161tevilni priklju\u010dki, s katerimi boste lahko polnili in napajali razli\u010dne naprave &#8211; od pametnih telefonov do potovalnih hladilnikov. Funkcija UPS s \u010dasom preklopa, kraj\u0161im od 20 ms, zagotavlja za\u0161\u010dito va\u0161e opreme v primeru nenadnega izpada elektri\u010dne energije, baterija LiFePO4 pa zagotavlja do 3 000 ciklov polnjenja, kar pomeni do 10 let uporabe. Napajalno postajo lahko polnite na 4 razli\u010dne na\u010dine. Zaradi odpornosti na prah in vodo (IP54) ter robustne zasnove RIVER 3 deluje v vseh pogojih. Upravljanje je olaj\u0161ano z namensko aplikacijo.<\/p>\n<p>\n<img decoding=\"async\" alt=\"\" border=\"0\" src=\"https:\/\/assets.innpro.pl\/11040\/13009\/11.jpg\" title=\"\">\n<\/p>\n<h3>Tehnologija GaN<\/h3>\n<p>Za postajo EcoFlow RIVER 3 je bil uporabljen polprevodnik nove generacije, galijev nitrid (GaN), ki v primerjavi z obi\u010dajno uporabljenim silicijem zagotavlja ve\u010djo energetsko u\u010dinkovitost in manj\u0161e izgube energije. Tehnologija GaN se pogosto uporablja v omre\u017ejih 5G, elektri\u010dnih vozilih in potro\u0161ni\u0161kih napravah, zdaj pa je bila vgrajena v elektrarne EcoFlow serije RIVER 3. Zaradi tega so optimizirane za dalj\u0161i \u010das delovanja, manj\u0161o velikost in ni\u017ejo raven hrupa.<\/p>\n<p>\n<img decoding=\"async\" alt=\"\" border=\"0\" src=\"https:\/\/assets.innpro.pl\/11040\/13009\/1.jpg\" title=\"\">\n<\/p>\n<h3>Napajanje za zahtevne naprave<\/h3>\n<p>Model RIVER 3 z izhodno mo\u010djo 300 W, ki jo je mogo\u010de v na\u010dinu X-Boost raz\u0161iriti na 600 W, omogo\u010da napajanje naprav, kot so prenosni grelniki, elektri\u010dni \u0161tedilniki in potovalni hladilniki. Posledi\u010dno bo zadovoljil potrebe tistih, ki si \u017eelijo zagotoviti udobno okolje med kampiranjem ali taborjenjem. Zahvaljujo\u010d tehnologiji GaN postaja podalj\u0161a \u010das delovanja naprav z mo\u010djo do 100 W za do 92 % v primerjavi s konkuren\u010dnimi izdelki.<\/p>\n<p>\n<img decoding=\"async\" alt=\"\" border=\"0\" src=\"https:\/\/assets.innpro.pl\/11040\/13009\/6.jpg\" title=\"\">\n<\/p>\n<h3>Ve\u010d priklju\u010dkov<\/h3>\n<p>Napajajte in polnite ve\u010d naprav hkrati. Prenosna postaja EcoFlow RIVER 3 je opremljena z eno 300-vatno vti\u010dnico za izmeni\u010dni tok, s katero lahko napajate gospodinjske aparate, prenosne ra\u010dunalnike ali lu\u010di. Na voljo sta tudi dve vti\u010dnici USB-A (vsaka po 12 W, skupaj 24 W), ena vti\u010dnica USB-C z mo\u010djo do 100 W in 12,6-voltna 100-vatna avtomobilska vti\u010dnica. Tako lahko nanj priklju\u010dite pametne telefone, tabli\u010dne ra\u010dunalnike, prenosne ra\u010dunalnike, fotoaparate, potovalne hladilnike ali ventilatorje.<\/p>\n<p>\n<img decoding=\"async\" alt=\"\" border=\"0\" src=\"https:\/\/assets.innpro.pl\/11040\/13009\/4.jpg\" title=\"\">\n<\/p>\n<h3>Tiho delovanje<\/h3>\n<p>Tehnologija GaN je zmanj\u0161ala hrup, ki ga povzro\u010da naprava, na 30 dB. Zaradi tega je model RIVER 3 trenutno ena najti\u0161jih postaj na trgu. Tako lahko pono\u010di udobno napajate svetilke ali manj\u0161e naprave in si zagotovite udoben spanec, ki ga ne bo motil neza\u017eelen hrup.<\/p>\n<p>\n<img decoding=\"async\" alt=\"\" border=\"0\" src=\"https:\/\/assets.innpro.pl\/11040\/13009\/7.jpg\" title=\"\">\n<\/p>\n<h3>Za\u0161\u010dita v primeru nenadnega izpada elektri\u010dne energije<\/h3>\n<p>Funkcija UPS samodejno preklopi napajanje v na\u010din v sili v manj kot 20 ms, kar zagotavlja u\u010dinkovito za\u0161\u010dito pred izgubo podatkov in po\u0161kodbami opreme. Tako hiter odzivni \u010das je klju\u010dnega pomena za elektronske naprave, ki potrebujejo neprekinjeno napajanje, kot so prenosni ra\u010dunalniki, sistemi za shranjevanje podatkov (NAS) in fotografska oprema.<\/p>\n<p>\n<img decoding=\"async\" alt=\"\" border=\"0\" src=\"https:\/\/assets.innpro.pl\/11040\/13009\/10.jpg\" title=\"\">\n<\/p>\n<h3>Pripravljen na delo v vseh pogojih<\/h3>\n<p>Naprava RIVER 3 vas ne bo pustila na cedilu med pustolov\u0161\u010dinami na prostem. Postajo odlikuje robustna zasnova ter je odporna na prah in vodo po standardu IP54. Njeno ohi\u0161je ni ob\u010dutljivo na visoke temperature (do 80 \u00b0C), zato jo lahko brez skrbi uporabljate tudi v bli\u017eini tabornega ognja ali \u017eara. Izdelek je odporen tudi na padce z vi\u0161ine do 1 metra. Njegova te\u017ea ne presega 3,55 kg, njegove mere pa so le 255 x 212 x 113 mm &#8211; zato ga lahko udobno prena\u0161ate.<\/p>\n<p>\n<img decoding=\"async\" alt=\"\" border=\"0\" src=\"https:\/\/assets.innpro.pl\/11040\/13009\/9.jpg\" title=\"\">\n<\/p>\n<h3>4 na\u010dini polnjenja<\/h3>\n<p>Postajo lahko polnite tako, kot vam je udobno. Z uporabo vti\u010dnice za izmeni\u010dni tok jo boste pripravili za uporabo v pribli\u017eno eni uri. Obstaja tudi mo\u017enost polnjenja prek avtomobilske vti\u010dnice &#8211; tako lahko med potovanjem obnovite energijo postaje RIVER 3, da bo po prihodu napajala va\u0161o opremo. Fotonapetostne plo\u0161\u010de z mo\u010djo do 110 W omogo\u010dajo, da se v dobrih vremenskih razmerah popolnoma napolni v nekaj urah. Uporabite lahko tudi generator.<\/p>\n<p>\n<img decoding=\"async\" alt=\"\" border=\"0\" src=\"https:\/\/assets.innpro.pl\/11040\/13009\/2.jpg\" title=\"\">\n<\/p>\n<h3>Dolgoletna zanesljivost<\/h3>\n<p>Baterija LiFePO4 v postaji zagotavlja ve\u010djo varnost kot obi\u010dajne litij-ionske baterije in omogo\u010da do 3 000 polnih ciklov polnjenja, pri \u010demer ohranja 80 % prvotne zmogljivosti. To pomeni, da lahko zanesljiv vir energije uporabljate pribli\u017eno 10 let.<\/p>\n<p>\n<img decoding=\"async\" alt=\"\" border=\"0\" src=\"https:\/\/assets.innpro.pl\/11040\/13009\/8.jpg\" title=\"\">\n<\/p>\n<h3>Zdru\u017eljivost z aplikacijo EcoFlow<\/h3>\n<p>Aplikacija vam omogo\u010da, da s pametnim telefonom na daljavo spremljate in upravljate delovanje postaje. V njej lahko priro\u010dno preverite stanje napolnjenosti, izhodno mo\u010d, preostali \u010das delovanja in druge pomembne parametre. Imejte popoln nadzor nad svojo opremo ne glede na to, kje se nahajate!<\/p>\n<p>\n<img decoding=\"async\" alt=\"\" border=\"0\" src=\"https:\/\/assets.innpro.pl\/11040\/13009\/5.jpg\" title=\"\">\n<\/p>\n<h3>Vklju\u010deno:<\/h3>\n<ul class=\"list-disc pl-5\">\n<li>Prenosna napajalna postaja EcoFlow RIVER 3<\/li>\n<li>kabel za polnjenje z izmeni\u010dnim tokom<\/li>\n<li>Kabel za polnjenje z avtomobilskim polnilnikom<\/li>\n<li>uporabni\u0161ki priro\u010dnik<\/li>\n<\/ul>\n<div class=\"table-wrapper\">\n<h3>General<\/h3>\n<table>\n<tbody>\n<tr>\n<th>Proizvajalec<\/th>\n<td>EcoFlow<\/td>\n<\/tr>\n<tr>\n<th>Model<\/th>\n<td>RIVER 3<\/td>\n<\/tr>\n<tr>\n<th>Capacity<\/th>\n<td>245 Wh<\/td>\n<\/tr>\n<tr>\n<th>Dimenzije<\/th>\n<td>255 x 212 x 113 mm<\/td>\n<\/tr>\n<tr>\n<th>Weight<\/th>\n<td>3,55 kg<\/td>\n<\/tr>\n<\/tbody>\n<\/table>\n<h3>Baterija<\/h3>\n<table>\n<tbody>\n<tr>\n<th>Vrsta baterije<\/th>\n<td>LFP (LiFePO4)<\/td>\n<\/tr>\n<tr>\n<th>\u017divljenjska doba baterije<\/th>\n<td>80 % zmogljivosti po 3000 ciklih polnjenja<\/td>\n<\/tr>\n<\/tbody>\n<\/table>\n<h3>Izhodi<\/h3>\n<table>\n<tbody>\n<tr>\n<th>AC<\/th>\n<td>300 W (najve\u010d 600 W v na\u010dinu X-Boost)<\/td>\n<\/tr>\n<tr>\n<th>USB-A<\/th>\n<td>2 priklju\u010dka, 12 W na priklju\u010dek, skupaj 24 W<\/td>\n<\/tr>\n<tr>\n<th>USB-C<\/th>\n<td>1 vrata, 100 W<\/td>\n<\/tr>\n<tr>\n<th>Avtomobilski izhod<\/th>\n<td>1 priklju\u010dek, 12,6 V, 100 W<\/td>\n<\/tr>\n<\/tbody>\n<\/table>\n<h3>Vhodi<\/h3>\n<table>\n<tbody>\n<tr>\n<th>Polnjenje z izmeni\u010dnim tokom<\/th>\n<td>200 ~ 240 V, najve\u010d 3 A, 50\/60 Hz, 3300 W &#8211; polno polnjenje v eni uri<\/td>\n<\/tr>\n<tr>\n<th>Polnjenje s fotovoltai\u010dnimi plo\u0161\u010dami<\/th>\n<td>11-30 V, 8 A, 110 W &#8211; polno polnjenje v 2,6 ure (45 W &#8211; polno polnjenje v 6,3 ure, 60 W &#8211; polno polnjenje v 4,7 ure)<\/td>\n<\/tr>\n<tr>\n<th>Polnjenje z avtomobilskim polnilnikom<\/th>\n<td>11 ~ 30 V, 8 A (najve\u010d), 1100 W (polno polnjenje v 2,8 urah)<\/td>\n<\/tr>\n<\/tbody>\n<\/table>\n<h3>Druge spletne strani<\/h3>\n<table>\n<tbody>\n<tr>\n<th>UPS<\/th>\n<td>&lt;20 ms<\/td>\n<\/tr>\n<tr>\n<th>Zdru\u017eljivost z aplikacijami<\/th>\n<td>da<\/td>\n<\/tr>\n<tr>\n<th>Povezljivost<\/th>\n<td>Wi-Fi, Bluetooth<\/td>\n<\/tr>\n<tr>\n<th>Raven hrupa<\/th>\n<td>30 dB<\/td>\n<\/tr>\n<\/tbody>\n<\/table>\n<h3>Temperatura okolja<\/h3>\n<table>\n<tbody>\n<tr>\n<th>Optimalna delovna temperatura<\/th>\n<td>20 \u00b0C do 30 \u00b0C<\/td>\n<\/tr>\n<tr>\n<th>Temperatura med polnjenjem<\/th>\n<td>0 \u00b0C do 45 \u00b0C<\/td>\n<\/tr>\n<tr>\n<th>Temperatura med praznjenjem<\/th>\n<td>-10\u00b0C do 45\u00b0C<\/td>\n<\/tr>\n<tr>\n<th>Storage temperature<\/th>\n<td>20\u00b0C do 30\u00b0C<\/td>\n<\/tr>\n<\/tbody>\n<\/table>\n<\/div>","protected":false},"excerpt":{"rendered":"<p>Na zalogi pri zunanjem dobavitelju. Rok dobave 3-7 delovnih dni.<\/p>","protected":false},"featured_media":32270,"template":"","meta":{"_monsterinsights_skip_tracking":false,"_monsterinsights_sitenote_active":false,"_monsterinsights_sitenote_note":"","_monsterinsights_sitenote_category":0},"product_brand":[],"product_cat":[101,296,255],"product_tag":[],"class_list":{"0":"post-32275","1":"product","2":"type-product","3":"status-publish","4":"has-post-thumbnail","6":"product_cat-pametni-dom","7":"product_cat-solarna-tehnika","8":"product_cat-vsi","10":"first","11":"instock","12":"taxable","13":"shipping-taxable","14":"purchasable","15":"product-type-simple"},"jetpack_sharing_enabled":true,"_links":{"self":[{"href":"https:\/\/kobra.si\/en\/wp-json\/wp\/v2\/product\/32275","targetHints":{"allow":["GET"]}}],"collection":[{"href":"https:\/\/kobra.si\/en\/wp-json\/wp\/v2\/product"}],"about":[{"href":"https:\/\/kobra.si\/en\/wp-json\/wp\/v2\/types\/product"}],"version-history":[{"count":1,"href":"https:\/\/kobra.si\/en\/wp-json\/wp\/v2\/product\/32275\/revisions"}],"predecessor-version":[{"id":33805,"href":"https:\/\/kobra.si\/en\/wp-json\/wp\/v2\/product\/32275\/revisions\/33805"}],"wp:featuredmedia":[{"embeddable":true,"href":"https:\/\/kobra.si\/en\/wp-json\/wp\/v2\/media\/32270"}],"wp:attachment":[{"href":"https:\/\/kobra.si\/en\/wp-json\/wp\/v2\/media?parent=32275"}],"wp:term":[{"taxonomy":"product_brand","embeddable":true,"href":"https:\/\/kobra.si\/en\/wp-json\/wp\/v2\/product_brand?post=32275"},{"taxonomy":"product_cat","embeddable":true,"href":"https:\/\/kobra.si\/en\/wp-json\/wp\/v2\/product_cat?post=32275"},{"taxonomy":"product_tag","embeddable":true,"href":"https:\/\/kobra.si\/en\/wp-json\/wp\/v2\/product_tag?post=32275"}],"curies":[{"name":"wp","href":"https:\/\/api.w.org\/{rel}","templated":true}]}}