{"id":32262,"date":"2025-07-31T10:52:44","date_gmt":"2025-07-31T08:52:44","guid":{"rendered":"https:\/\/kobra.si\/spletna-trgovina-kobra\/ecoflow-rapid-magnetna-powerbank-10000-mah-srebrna\/"},"modified":"2026-04-20T21:04:34","modified_gmt":"2026-04-20T19:04:34","slug":"ecoflow-rapid-magnetna-powerbank-10000-mah-srebrna","status":"publish","type":"product","link":"https:\/\/kobra.si\/en\/spletna-trgovina-kobra\/ecoflow-rapid-magnetna-powerbank-10000-mah-srebrna\/","title":{"rendered":"EcoFlow RAPID magnetna powerbank, 10000 mAh, (srebrna)."},"content":{"rendered":"<h3>EcoFlow RAPID magnetna powerbank, 10000 mAh (srebrna).<\/h3>\n<p>EcoFlow RAPID je magnetni powerbank s kapaciteto 10 000 mAh, ki omogo\u010da hitro in varno polnjenje mobilnih naprav. Z mo\u010djo \u017ei\u010dnega polnjenja do 65 W in mo\u017enostjo brez\u017ei\u010dnega polnjenja do 15 W zagotavlja zanesljivo napajanje sodobnih pametnih telefonov, tabli\u010dnih ra\u010dunalnikov ali prenosnikov. Na voljo vam bosta integriran kabel USB-C in vrata USB-C. Zdru\u017eljivost s priljubljenimi protokoli, kot so PD, QC, PPS, FCP, SCP in UFCS, zagotavlja \u0161iroko zdru\u017eljivost.<\/p>\n<p>\n<img decoding=\"async\" border=\"0\" src=\"https:\/\/assets.innpro.pl\/11071\/13056\/2.jpg\" title=\"\">\n<\/p>\n<h3>\u017di\u010dno polnjenje z mo\u010djo 65 W<\/h3>\n<p>EcoFlow RAPID Powerbank ponuja \u017ei\u010dno polnjenje z mo\u010djo 65 W, kar vam omogo\u010da u\u010dinkovito polnjenje naprav. Z vgrajenim kablom USB-C in priklju\u010dkom USB-C lahko u\u017eivate v najve\u010dji zmogljivosti in prihranite \u010das. Za 30-odstotno stopnjo napolnjenosti potrebujete le 11 minut, za 70-odstotno 27 minut, za popolno napolnjenost pa le 52 minut. Podpora za najbolj priljubljene protokole polnjenja, kot so PD, QC, PPS, FCP, SCP in UFCS, zagotavlja zdru\u017eljivost z razli\u010dnimi napravami ter zagotavlja stabilno in varno obnavljanje energije.<\/p>\n<p>\n<img decoding=\"async\" border=\"0\" src=\"https:\/\/assets.innpro.pl\/11071\/13056\/4.jpg\" title=\"\">\n<\/p>\n<h3>Brez\u017ei\u010dna svoboda<\/h3>\n<p>Izdelek EcoFlow podpira tudi brez\u017ei\u010dno polnjenje z mo\u010djo 15 W, kar omogo\u010da hitro polnjenje brez kablov. Z zdru\u017eljivostjo s standardoma Qi1.0 (5 W) in Qi2.0 (15 W) je powerbank prilagojen za brez\u017ei\u010dno obnavljanje energije naprav Android in iPhonov od modela 13 naprej. Za polnjenje telefona iPhone 15 do 50 % zadostuje 44 minut.<\/p>\n<p>\n<img decoding=\"async\" border=\"0\" src=\"https:\/\/assets.innpro.pl\/11071\/13056\/3.jpg\" title=\"\">\n<\/p>\n<h3>Lahka, kompaktna zasnova<\/h3>\n<p>Kljub veliki zmogljivosti powerbank EcoFlow RAPID ohranja kompaktne mere (108 x 70 x 22,9 mm) in tehta le 258 g, zato jo lahko priro\u010dno spravite tudi v \u017eep. Odlo\u010dite se za prenosni vir energije, ki je kot nala\u0161\u010d za potovanja in vsakdanjo uporabo, ne da bi po nepotrebnem pove\u010dal te\u017eo va\u0161e torbe!<\/p>\n<p>\n<img decoding=\"async\" border=\"0\" src=\"https:\/\/assets.innpro.pl\/11071\/13056\/8.jpg\" title=\"\">\n<\/p>\n<div class=\"table-wrapper\">\n<h3><\/h3>\n<table>\n<tbody>\n<tr>\n<th>Proizvajalec<\/th>\n<td>EcoFlow<\/td>\n<\/tr>\n<tr>\n<th>Model<\/th>\n<td>RAPID<\/td>\n<\/tr>\n<tr>\n<th>Color<\/th>\n<td>srebrna<\/td>\n<\/tr>\n<tr>\n<th>Vrsta baterije<\/th>\n<td>litij-kobalt<\/td>\n<\/tr>\n<tr>\n<th>Kapaciteta baterije<\/th>\n<td>10.000 mAh<\/td>\n<\/tr>\n<tr>\n<th>Priklju\u010dki<\/th>\n<td>C1: vgrajen kabel USB-C (vhod\/izhod) \/ C2: USB-C (vhod\/izhod).<\/td>\n<\/tr>\n<tr>\n<th>Vhodna mo\u010d za \u017ei\u010dno polnjenje<\/th>\n<td>65W<\/td>\n<\/tr>\n<tr>\n<th>\u010cas polnjenja<\/th>\n<td>11 min &#8211; 30 % \/ 27 min &#8211; 70 % \/ 52 min &#8211; 100 %<\/td>\n<\/tr>\n<tr>\n<th>Izhodna mo\u010d \u017ei\u010dnega polnjenja<\/th>\n<td>65W<\/td>\n<\/tr>\n<tr>\n<th>Podprti protokoli za \u017ei\u010dno polnjenje<\/th>\n<td>PD, QC, PPS, FCP, SCP, UFCS<\/td>\n<\/tr>\n<tr>\n<th>Izhodna mo\u010d brez\u017ei\u010dnega polnjenja<\/th>\n<td>15W<\/td>\n<\/tr>\n<tr>\n<th>Podprti protokoli za brez\u017ei\u010dno polnjenje<\/th>\n<td>Qi1.0 (5 W, Android) \/ Qi2.0 (15 W, iPhone 13 in ve\u010d)<\/td>\n<\/tr>\n<tr>\n<th>\u010cas brez\u017ei\u010dnega polnjenja<\/th>\n<td>44 min za polnjenje telefona iPhone 15 do 50 %<\/td>\n<\/tr>\n<tr>\n<th>Bluetooth<\/th>\n<td>da<\/td>\n<\/tr>\n<tr>\n<th>Digitalni zaslon<\/th>\n<td>da<\/td>\n<\/tr>\n<tr>\n<th>Vgrajen zvo\u010dni signal<\/th>\n<td>da<\/td>\n<\/tr>\n<tr>\n<th>Zdru\u017eljivost z aplikacijami<\/th>\n<td>da<\/td>\n<\/tr>\n<tr>\n<th>EMC<\/th>\n<td>razred B<\/td>\n<\/tr>\n<tr>\n<th>Dimenzije<\/th>\n<td>108 x 70 x 22,9 mm<\/td>\n<\/tr>\n<tr>\n<th>Weight<\/th>\n<td>258 g<\/td>\n<\/tr>\n<\/tbody>\n<\/table>\n<\/div>","protected":false},"excerpt":{"rendered":"<p>Na zalogi pri zunanjem dobavitelju. Rok dobave 3-7 delovnih dni.<\/p>","protected":false},"featured_media":32260,"template":"","meta":{"_monsterinsights_skip_tracking":false,"_monsterinsights_sitenote_active":false,"_monsterinsights_sitenote_note":"","_monsterinsights_sitenote_category":0},"product_brand":[],"product_cat":[61,100,255],"product_tag":[],"class_list":{"0":"post-32262","1":"product","2":"type-product","3":"status-publish","4":"has-post-thumbnail","6":"product_cat-dodatki","7":"product_cat-power-bank","8":"product_cat-vsi","10":"first","11":"instock","12":"taxable","13":"shipping-taxable","14":"purchasable","15":"product-type-simple"},"jetpack_sharing_enabled":true,"_links":{"self":[{"href":"https:\/\/kobra.si\/en\/wp-json\/wp\/v2\/product\/32262","targetHints":{"allow":["GET"]}}],"collection":[{"href":"https:\/\/kobra.si\/en\/wp-json\/wp\/v2\/product"}],"about":[{"href":"https:\/\/kobra.si\/en\/wp-json\/wp\/v2\/types\/product"}],"version-history":[{"count":1,"href":"https:\/\/kobra.si\/en\/wp-json\/wp\/v2\/product\/32262\/revisions"}],"predecessor-version":[{"id":33807,"href":"https:\/\/kobra.si\/en\/wp-json\/wp\/v2\/product\/32262\/revisions\/33807"}],"wp:featuredmedia":[{"embeddable":true,"href":"https:\/\/kobra.si\/en\/wp-json\/wp\/v2\/media\/32260"}],"wp:attachment":[{"href":"https:\/\/kobra.si\/en\/wp-json\/wp\/v2\/media?parent=32262"}],"wp:term":[{"taxonomy":"product_brand","embeddable":true,"href":"https:\/\/kobra.si\/en\/wp-json\/wp\/v2\/product_brand?post=32262"},{"taxonomy":"product_cat","embeddable":true,"href":"https:\/\/kobra.si\/en\/wp-json\/wp\/v2\/product_cat?post=32262"},{"taxonomy":"product_tag","embeddable":true,"href":"https:\/\/kobra.si\/en\/wp-json\/wp\/v2\/product_tag?post=32262"}],"curies":[{"name":"wp","href":"https:\/\/api.w.org\/{rel}","templated":true}]}}