{"id":32240,"date":"2025-07-31T10:51:13","date_gmt":"2025-07-31T08:51:13","guid":{"rendered":"https:\/\/kobra.si\/spletna-trgovina-kobra\/baterija-ecoflow-delta-pro-3\/"},"modified":"2026-01-16T21:06:08","modified_gmt":"2026-01-16T20:06:08","slug":"baterija-ecoflow-delta-pro-3","status":"publish","type":"product","link":"https:\/\/kobra.si\/en\/spletna-trgovina-kobra\/baterija-ecoflow-delta-pro-3\/","title":{"rendered":"Baterija EcoFlow DELTA Pro 3"},"content":{"rendered":"<h3>Baterija za EcoFlow DELTA Pro 3<\/h3>\n<p>Predstavljajte si, da lahko napajate vse svoje naprave, kjer koli ste, ne da bi se morali zana\u0161ati na tradicionalne vire energije. Ta sodobna in kompaktna baterija je zasnovana posebej za napajalno postajo EcoFlow DELTA Pro 3, v njej pa se skriva impresivna zmogljivost 4096 Wh, s katero lahko raz\u0161irite svojo postajo. Napravo DELTA Pro 3 je mogo\u010de kombinirati z dvema baterijama, s \u010dimer boste skupaj pridobili kar 12 kWh, ne da bi pri tem zasedli veliko prostora. U\u017eivajte v \u0161e ve\u010dji energetski neodvisnosti v vseh razmerah.<\/p>\n<p>\n<img decoding=\"async\" border=\"0\" src=\"https:\/\/assets.innpro.pl\/9239\/10795\/3.jpg\" title=\"\">\n<\/p>\n<h3>Raz\u0161irite svojo elektrarno<\/h3>\n<p>Z dodatno baterijo lahko postajo EcoFlow DELTA Pro 3 preprosto raz\u0161irite na do 12 kWh, tako da jo kombinirate z dvema dodatnima moduloma. Vsaka baterija s 4 kWh pove\u010da zmogljivost va\u0161e postaje, kar vam omogo\u010da, da med dalj\u0161imi potovanji ali v nujnih primerih dlje \u010dasa napajate ve\u010d naprav ali opreme. Ta prilagodljivost vam omogo\u010da, da svoj komplet prilagodite natan\u010dno svojim potrebam.<\/p>\n<p>\n<img decoding=\"async\" border=\"0\" src=\"https:\/\/assets.innpro.pl\/9239\/10795\/2.jpg\" title=\"\">\n<\/p>\n<h3>Odpornost na zunanje razmere<\/h3>\n<p>Baterija za EcoFlow DELTA Pro 3 je zasnovana tako, da je odporna na zahtevne razmere. S temperaturnim razponom od -10 \u00b0C do 45 \u00b0C je pripravljena na vse izzive &#8211; ne glede na to, ali kampirate v mrzlih no\u010deh ali med vro\u010dimi poletnimi dnevi. Zaradi mo\u017enosti shranjevanja v istem temperaturnem obmo\u010dju je baterija pripravljena na delovanje v vseh vremenskih razmerah.<\/p>\n<p>\n<img decoding=\"async\" border=\"0\" src=\"https:\/\/assets.innpro.pl\/9239\/10795\/1.jpg\" title=\"\">\n<\/p>\n<h3>Premi\u0161ljena zasnova<\/h3>\n<p>Baterija je bila zasnovana tako, da jo je mogo\u010de priro\u010dno zlagati v vodoravni in navpi\u010dni smeri. To pomeni, da boste ne glede na to, kako malo prostora imate na voljo, vedno na\u0161li na\u010din, kako optimizirati prostor pod elektrarno. Vsaka dodatna baterija doda \u0161e eno plast zmogljivosti, hkrati pa ohranja kompakten profil, zato je celotna zadeva \u0161e vedno priro\u010dna za uporabo in prevoz.<\/p>\n<p>\n<img decoding=\"async\" border=\"0\" src=\"https:\/\/assets.innpro.pl\/9239\/10795\/5.jpg\" title=\"\">\n<\/p>\n<h3>Vklju\u010deno<\/h3>\n<ul class=\"list-disc pl-5\">\n<li>Baterija EcoFlow DELTA Pro 3<\/li>\n<li>Kabel, ki povezuje postajo z baterijo<\/li>\n<li>Uporabni\u0161ki priro\u010dnik<\/li>\n<\/ul>\n<div class=\"table-wrapper\">\n<h3><\/h3>\n<table>\n<tbody>\n<tr>\n<th>Proizvajalec<\/th>\n<td>EcoFlow<\/td>\n<\/tr>\n<tr>\n<th>Koda proizvajalca<\/th>\n<td>EFDELTAPRO3EB<\/td>\n<\/tr>\n<tr>\n<th>Color<\/th>\n<td>Srebrna<\/td>\n<\/tr>\n<tr>\n<th>Capacity<\/th>\n<td>4096 Wh<\/td>\n<\/tr>\n<tr>\n<th>Dimenzije (D x \u0160 x V)<\/th>\n<td>Pribli\u017eno 694 mm x 295 mm x 215 mm<\/td>\n<\/tr>\n<tr>\n<th>Weight<\/th>\n<td>Pribli\u017eno 33 kg<\/td>\n<\/tr>\n<tr>\n<th>Priklju\u010dna vrata<\/th>\n<td>1 x Priklju\u010dek za priklju\u010ditev dodatne baterije<\/td>\n<\/tr>\n<tr>\n<th>Podpora za kolesa<\/th>\n<td>Ne<\/td>\n<\/tr>\n<tr>\n<th>Podpora za palico<\/th>\n<td>Ne<\/td>\n<\/tr>\n<tr>\n<th>Zlaganje<\/th>\n<td>Vodoravno ali navpi\u010dno<\/td>\n<\/tr>\n<tr>\n<th>Temperatura praznjenja<\/th>\n<td>-10\u00b0C ~ 45\u00b0C (14\u00b0F ~ 113\u00b0F)<\/td>\n<\/tr>\n<tr>\n<th>Temperatura polnjenja<\/th>\n<td>0\u00b0C ~ 45\u00b0C (32\u00b0F ~ 113\u00b0F)<\/td>\n<\/tr>\n<tr>\n<th>Storage temperature<\/th>\n<td>-10\u00b0C ~ 45\u00b0C (14\u00b0F ~ 113\u00b0F)<\/td>\n<\/tr>\n<tr>\n<th>Zdru\u017eljivost<\/th>\n<td>Napajalna postaja EcoFlow DELTA Pro 3<\/td>\n<\/tr>\n<\/tbody>\n<\/table>\n<\/div>","protected":false},"excerpt":{"rendered":"<p>Na zalogi pri zunanjem dobavitelju. Rok dobave 3-7 delovnih dni.<\/p>","protected":false},"featured_media":32230,"template":"","meta":{"_monsterinsights_skip_tracking":false,"_monsterinsights_sitenote_active":false,"_monsterinsights_sitenote_note":"","_monsterinsights_sitenote_category":0},"product_brand":[],"product_cat":[101,296,255],"product_tag":[],"class_list":{"0":"post-32240","1":"product","2":"type-product","3":"status-publish","4":"has-post-thumbnail","6":"product_cat-pametni-dom","7":"product_cat-solarna-tehnika","8":"product_cat-vsi","10":"first","11":"outofstock","12":"taxable","13":"shipping-taxable","14":"purchasable","15":"product-type-simple"},"jetpack_sharing_enabled":true,"_links":{"self":[{"href":"https:\/\/kobra.si\/en\/wp-json\/wp\/v2\/product\/32240","targetHints":{"allow":["GET"]}}],"collection":[{"href":"https:\/\/kobra.si\/en\/wp-json\/wp\/v2\/product"}],"about":[{"href":"https:\/\/kobra.si\/en\/wp-json\/wp\/v2\/types\/product"}],"version-history":[{"count":1,"href":"https:\/\/kobra.si\/en\/wp-json\/wp\/v2\/product\/32240\/revisions"}],"predecessor-version":[{"id":33811,"href":"https:\/\/kobra.si\/en\/wp-json\/wp\/v2\/product\/32240\/revisions\/33811"}],"wp:featuredmedia":[{"embeddable":true,"href":"https:\/\/kobra.si\/en\/wp-json\/wp\/v2\/media\/32230"}],"wp:attachment":[{"href":"https:\/\/kobra.si\/en\/wp-json\/wp\/v2\/media?parent=32240"}],"wp:term":[{"taxonomy":"product_brand","embeddable":true,"href":"https:\/\/kobra.si\/en\/wp-json\/wp\/v2\/product_brand?post=32240"},{"taxonomy":"product_cat","embeddable":true,"href":"https:\/\/kobra.si\/en\/wp-json\/wp\/v2\/product_cat?post=32240"},{"taxonomy":"product_tag","embeddable":true,"href":"https:\/\/kobra.si\/en\/wp-json\/wp\/v2\/product_tag?post=32240"}],"curies":[{"name":"wp","href":"https:\/\/api.w.org\/{rel}","templated":true}]}}