{"id":32229,"date":"2025-07-31T10:50:53","date_gmt":"2025-07-31T08:50:53","guid":{"rendered":"https:\/\/kobra.si\/spletna-trgovina-kobra\/prenosna-elektrarna-ecoflow-delta-pro-3\/"},"modified":"2026-03-25T21:05:10","modified_gmt":"2026-03-25T20:05:10","slug":"prenosna-elektrarna-ecoflow-delta-pro-3","status":"publish","type":"product","link":"https:\/\/kobra.si\/en\/spletna-trgovina-kobra\/prenosna-elektrarna-ecoflow-delta-pro-3\/","title":{"rendered":"Prenosna elektrarna EcoFlow DELTA Pro 3"},"content":{"rendered":"<h3>Prenosna elektrarna EcoFlow DELTA Pro 3<\/h3>\n<p>Prenosna elektrarna EcoFlow DELTA Pro 3 revolucionarno spreminja na\u010din upravljanja z energijo. Z mo\u010djo do 4 kW v eni enoti in raz\u0161irljivo zmogljivostjo do 12 kWh bo DELTA Pro 3 zadostila potrebam tako majhnih gospodinjskih aparatov kot tudi zahtevne industrijske opreme. Je tih, u\u010dinkovit in pripravljen na vse situacije &#8211; od vsakodnevnih izpadov elektri\u010dne energije do napajanja na oddaljenih obmo\u010djih. Je vsestransko uporaben, predvsem pa varen in otro\u0161ko preprost, zato je nepogre\u0161ljiv v sodobnih in dobro na\u010drtovanih domovih. Petletna garancija izra\u017ea zaupanje proizvajalca v vzdr\u017eljivost in zanesljivost naprave DELTA 3 Pro &#8211; prepri\u010dajte se sami!<\/p>\n<p>\n<img decoding=\"async\" border=\"0\" src=\"https:\/\/assets.innpro.pl\/9177\/10715\/9.jpg\" title=\"\">\n<\/p>\n<h3>Neprekosljiva mo\u010d s sistemom X-Boost<\/h3>\n<p>Z napravo DELTA Pro 3 je energija na voljo vedno in povsod. Ponuja impresivno izhodno mo\u010d izmeni\u010dnega toka do 4.000 W, kar pomeni, da zlahka poskrbi za napajanje zahtevnih naprav, kot so klimatske naprave, pralni stroji in elektri\u010dne pe\u010dice. Ni dovolj? Zahvaljujo\u010d inovativni tehnologiji X-Boost lahko mo\u010d postaje pove\u010date do 6 000 vatov, kar jo uvr\u0161\u010da med najmo\u010dnej\u0161e enote na trgu. Zaradi raz\u0161irljive zmogljivosti sistema do 12 kWh je DELTA Pro 3 zlahka prilagodljiva ve\u010dini va\u0161ih potreb.<\/p>\n<p>\n<img decoding=\"async\" border=\"0\" src=\"https:\/\/assets.innpro.pl\/9177\/10715\/2.jpg\" title=\"\">\n<\/p>\n<h3>Hitro in pametno upravljanje mo\u010di<\/h3>\n<p>Vgrajena funkcija UPS (Uninterruptible Power Supply) z zamikom samo 10 ms varuje va\u0161e dragocene elektronske naprave pred nenadnimi izpadi elektri\u010dne energije. To je zagotovilo za neprekinjeno delovanje brez tveganja za po\u0161kodbe va\u0161e opreme. Poleg tega napredni sistem za upravljanje napajanja X-Guard 24 ur na dan spremlja 40 klju\u010dnih varnostnih parametrov in zagotavlja najve\u010djo za\u0161\u010dito pred preobremenitvijo, pregrevanjem, prenapetostmi in drugimi nevarnostmi.<\/p>\n<p>\n<img decoding=\"async\" border=\"0\" src=\"https:\/\/assets.innpro.pl\/9177\/10715\/1.jpg\" title=\"\">\n<\/p>\n<h3>Tiho delovanje in u\u010dinkovito hlajenje<\/h3>\n<p>Ena od prepoznavnih zna\u010dilnosti hladilnika EcoFlow DELTA Pro 3 je njegovo tiho delovanje &#8211; pri polovi\u010dni obremenitvi ustvarja raven hrupa le 30 dB, kar je v mejah \u0161epeta. Zaradi tega je pri vsakodnevni uporabi prakti\u010dno nesli\u0161en. Zaradi naprednega hladilnega sistema X-Cooling 3.0 naprava samodejno prilagaja pretok zraka, kar zagotavlja optimalno delovno temperaturo in dolgo \u017eivljenjsko dobo komponent.<\/p>\n<p>\n<img decoding=\"async\" border=\"0\" src=\"https:\/\/assets.innpro.pl\/9177\/10715\/4.jpg\" title=\"\">\n<\/p>\n<h3>Mobilen in enostaven za uporabo<\/h3>\n<p>Z napravo EcoFlow DELTA Pro 3 vam ni treba skrbeti za zapleteno namestitev ali vrtanje v steno &#8211; naprava ponuja resni\u010dno re\u0161itev &#8220;plug-and-play&#8221;. Enostavno jo vzemite iz embala\u017ee, priklju\u010dite in \u017ee je pripravljena za uporabo. Zaradi premi\u0161ljene zasnove in razmeroma majhne te\u017ee (pribli\u017eno 51,5 kg) je elektrarna med najla\u017ejimi v svojem razredu, vgrajena kolesca in teleskopski ro\u010daj pa omogo\u010dajo enostaven prevoz in mobilnost tudi na te\u017ekem terenu.<\/p>\n<p>\n<img decoding=\"async\" border=\"0\" src=\"https:\/\/assets.innpro.pl\/9177\/10715\/3.jpg\" title=\"\">\n<\/p>\n<h3>Prilagodljive mo\u017enosti polnjenja<\/h3>\n<p>Zaradi \u0161estih razpolo\u017eljivih na\u010dinov polnjenja je postaja EcoFlow DELTA Pro 3 prilagodljiva re\u0161itev za razli\u010dne potrebe. Polnite jo lahko s standardno vti\u010dnico za izmeni\u010dni tok, plinskim generatorjem, avtomobilskim alternatorjem, solarnim vhodom, polnilcem za elektri\u010dna vozila ali celo prek avtomobilskega v\u017eigalnika cigaret. Tehnologija X-Stream omogo\u010da popolno polnjenje postaje v manj kot 60 minutah, kar zagotavlja, da je postaja hitro pripravljena na vse izzive in energetsko neodvisnost.<\/p>\n<p>\n<img decoding=\"async\" border=\"0\" src=\"https:\/\/assets.innpro.pl\/9177\/10715\/7.jpg\" title=\"\">\n<\/p>\n<h3>Robustna in odporna na vremenske vplive<\/h3>\n<p>Postaja EcoFlow DELTA Pro 3 je bila razvita z mislijo na zanesljivost in varnost. Opremljena je z najsodobnej\u0161o zasnovo CTC (Cell-To-Chassis) in litij-\u017eelezo-fosfatno (LFP) baterijo s certifikatom IP65, zato je odporna na prah, vodo, udarce in ogenj. Te re\u0161itve zagotavljajo ne le dolgo \u017eivljenjsko dobo baterije (ve\u010d kot 4 000 ciklov do 80 % zmogljivosti), temve\u010d tudi nemoteno delovanje v vseh vremenskih razmerah &#8211; od mrzlih ve\u010derov do vro\u010dih dni.<\/p>\n<p>\n<img decoding=\"async\" border=\"0\" src=\"https:\/\/assets.innpro.pl\/9177\/10715\/6.jpg\" title=\"\">\n<\/p>\n<h3>Intuitivno upravljanje z aplikacijo EcoFlow<\/h3>\n<p>Z napravo DELTA 3 Pro prevzamete nadzor. Z namensko aplikacijo EcoFlow je upravljanje energije \u0161e bolj intuitivno. Z aplikacijo lahko spremljate porabo energije, optimizirate polnjenje in napravo upravljate na daljavo od koder koli. Imate popoln nadzor nad urnikom polnjenja, kar vam omogo\u010da ve\u010djo energetsko u\u010dinkovitost in posledi\u010dno prihranek denarja. Funkcija \u010cas uporabe (TOU) vam omogo\u010da optimizacijo porabe son\u010dne energije, s \u010dimer zmanj\u0161ate stro\u0161ke in tudi hrup, ki ga povzro\u010da naprava.<\/p>\n<p>\n<img decoding=\"async\" border=\"0\" src=\"https:\/\/assets.innpro.pl\/9177\/10715\/5.jpg\" title=\"\">\n<\/p>\n<h3>Oblikovanje, ki prekipeva od razko\u0161ja<\/h3>\n<p>Zasnova postaje EcoFlow DELTA Pro 3 izra\u017ea svoj slog in inovativne re\u0161itve. Navdih \u010drpa iz linije luksuznih \u0161portnih avtomobilov, pri \u010demer zdru\u017euje tako obliko kot funkcionalnost. Povr\u0161ina, prekrita s posebnim UV-premazom, ne prispeva le k estetiki, temve\u010d zagotavlja tudi dodatno vzdr\u017eljivost, saj napravo \u0161\u010diti pred praskami in zunanjimi vplivi. S svojo elegantno silhueto in natan\u010dnimi podrobnostmi se naprava DELTA Pro 3 odli\u010dno prilega sodobnim prostorom in postane eleganten dodatek vsakega doma ali avtodoma.<\/p>\n<p>\n<img decoding=\"async\" border=\"0\" src=\"https:\/\/assets.innpro.pl\/9177\/10715\/8.jpg\" title=\"\">\n<\/p>\n<h3>Vklju\u010deno<\/h3>\n<ul class=\"list-disc pl-5\">\n<li>DELTA Pro 3 x 1<\/li>\n<li>Kabel za polnjenje z izmeni\u010dnim tokom x 1<\/li>\n<li>Pokrov ro\u010daja x 2<\/li>\n<li>Vodnik za hiter zagon x 1<\/li>\n<li>Vodnik za namestitev solarnega sistema x 1<\/li>\n<li>Uvod v uporabo x 1<\/li>\n<li>Varnostni vodnik x 1<\/li>\n<li>Uvodna stran ekosistema x 1<\/li>\n<\/ul>\n<div class=\"table-wrapper\">\n<h3>General<\/h3>\n<table>\n<tbody>\n<tr>\n<th>Color<\/th>\n<td>Srebrna<\/td>\n<\/tr>\n<tr>\n<th>Capacity<\/th>\n<td>4096 Wh<\/td>\n<\/tr>\n<tr>\n<th>Najve\u010dje obmo\u010dje raz\u0161iritve<\/th>\n<td>12 kWh<\/td>\n<\/tr>\n<tr>\n<th>Dimenzije (D * \u0160 * V)<\/th>\n<td>Pribli\u017eno 693 x 341 x 410 mm<\/td>\n<\/tr>\n<tr>\n<th>Neto te\u017ea (KG)<\/th>\n<td>Pribli\u017eno 51,5 kg<\/td>\n<\/tr>\n<tr>\n<th>Garancija<\/th>\n<td>5 let<\/td>\n<\/tr>\n<tr>\n<th>Hrup (polovi\u010dna obremenitev)<\/th>\n<td>30 dB (pod 2 kW, 25 \u00b0C in 1 m)<\/td>\n<\/tr>\n<tr>\n<th>Transportna kolesa<\/th>\n<td>da<\/td>\n<\/tr>\n<tr>\n<th>Ro\u010daj za enostaven transport<\/th>\n<td>da<\/td>\n<\/tr>\n<tr>\n<th>Delovna nadmorska vi\u0161ina<\/th>\n<td>&lt;3000 m<\/td>\n<\/tr>\n<tr>\n<th>Temperatura praznjenja<\/th>\n<td>-10\u00b0C ~ 45\u00b0C (14 ~ 113\u00b0F)<\/td>\n<\/tr>\n<tr>\n<th>Temperatura polnjenja<\/th>\n<td>0\u00b0C ~ 45\u00b0C (32~113\u00b0F)<\/td>\n<\/tr>\n<tr>\n<th>Storage temperature<\/th>\n<td>-10\u00b0C ~ 45\u00b0C (14~113\u00b0F)<\/td>\n<\/tr>\n<\/tbody>\n<\/table>\n<h3>Izhod izmeni\u010dnega toka<\/h3>\n<table>\n<tbody>\n<tr>\n<th>Najve\u010dja neprekinjena mo\u010d<\/th>\n<td>4000 W Max.<\/td>\n<\/tr>\n<tr>\n<th>Trenutna mo\u010d<\/th>\n<td>8000 W, 400 ms<\/td>\n<\/tr>\n<tr>\n<th>Izhodna napetost<\/th>\n<td>230 V<\/td>\n<\/tr>\n<tr>\n<th>X-Boost<\/th>\n<td>6000 W, max.<\/td>\n<\/tr>\n<tr>\n<th>X-Fusion<\/th>\n<td>Da, vhodna napetost AC 230 V\/2900 W, 4000 W, najve\u010dja izhodna mo\u010d AC<\/td>\n<\/tr>\n<tr>\n<th>X-Stream<\/th>\n<td>Da<\/td>\n<\/tr>\n<tr>\n<th>EPS\/UPS<\/th>\n<td>&lt;10 ms, UPS<\/td>\n<\/tr>\n<tr>\n<th>Vhodna\/izhodna vrata za izmeni\u010dni tok (samo za praznjenje)<\/th>\n<td>230V ~ 17,4A 50Hz<\/td>\n<\/tr>\n<tr>\n<th>\u0160tevilo vti\u010dnic za izmeni\u010dni tok<\/th>\n<td>5<\/td>\n<\/tr>\n<tr>\n<th>Vti\u010dnice za izmeni\u010dni tok<\/th>\n<td>4x tip F, 230V\/16A, 1x CEE 16A, 230V\/16A<\/td>\n<\/tr>\n<\/tbody>\n<\/table>\n<h3>Izhod za enosmerni tok<\/h3>\n<table>\n<tbody>\n<tr>\n<th>USB-C<\/th>\n<td>2 vhoda USB-C 5\/9\/12\/15\/20V, 5A 100W max.<\/td>\n<\/tr>\n<tr>\n<th>USB-A<\/th>\n<td>2 vhoda USB-A 2, 5V 2,4A\/ 9V, 2A \/12V, 1,5A, 18W max.<\/td>\n<\/tr>\n<tr>\n<th>Avtomobilski izhod (&#8220;cigaretni v\u017eigalnik&#8221; 12V)<\/th>\n<td>Ni<\/td>\n<\/tr>\n<tr>\n<th>12 V izhodi drugo<\/th>\n<td>1 priklju\u010dek DC5521, najve\u010d 5 A in 1 priklju\u010dek Anderson, najve\u010d 30 A (skupaj: 12,6 V, 378 W)<\/td>\n<\/tr>\n<\/tbody>\n<\/table>\n<h3>Vhod<\/h3>\n<table>\n<tbody>\n<tr>\n<th>Napajanje iz omre\u017enega omre\u017eja<\/th>\n<td>Polnilna vrata &#8220;C20&#8221;, 220-240 V 12,5 A 50\/60 Hz, 2900 W max.<\/td>\n<\/tr>\n<tr>\n<th>Nastavljiva hitrost polnjenja z izmeni\u010dnim tokom<\/th>\n<td>Da<\/td>\n<\/tr>\n<tr>\n<th>Vhod za polnilnico za elektri\u010dna vozila<\/th>\n<td>Najve\u010d 4000 W, 220-240 V 20 A 50\/60 Hz<\/td>\n<\/tr>\n<tr>\n<th>Son\u010dni vhod<\/th>\n<td>2600W max. 2 priklju\u010dka, HPV: 30-150V\/15A, 1600W max. LPV: 11-60V\/20A, najve\u010d 1000W.<\/td>\n<\/tr>\n<tr>\n<th>Avtomobilski vhod<\/th>\n<td>12V, najve\u010d 8A. 48V, 20A, max.<\/td>\n<\/tr>\n<tr>\n<th>Generatorski vhod<\/th>\n<td>3200W max (s pametnim generatorjem 4000)<\/td>\n<\/tr>\n<tr>\n<th>0-80 % \u010cas polnjenja<\/th>\n<td>50 min (polnjenje 1C)<\/td>\n<\/tr>\n<tr>\n<th>Skupna mo\u010d polnjenja iz razli\u010dnih virov (z 1 dodatno baterijo)<\/th>\n<td>7000W max.<\/td>\n<\/tr>\n<\/tbody>\n<\/table>\n<h3>Baterija<\/h3>\n<table>\n<tbody>\n<tr>\n<th>Pove\u010danje zmogljivosti<\/th>\n<td>2 vhoda za dodatno baterijo, podpira dodatne baterije Delta Pro 3 in Delta Pro<\/td>\n<\/tr>\n<tr>\n<th>Vrsta baterijskega paketa<\/th>\n<td>LFP<\/td>\n<\/tr>\n<tr>\n<th>\u017divljenjski cikel<\/th>\n<td>&gt;4000 ciklov, 80 %<\/td>\n<\/tr>\n<tr>\n<th>Stopnja za\u0161\u010dite IP za paket baterij<\/th>\n<td>IP65<\/td>\n<\/tr>\n<tr>\n<th>Arhitektura baterije<\/th>\n<td>CTC<\/td>\n<\/tr>\n<\/tbody>\n<\/table>\n<h3>Priklju\u010dek<\/h3>\n<table>\n<tbody>\n<tr>\n<th>Pametna doma\u010da plo\u0161\u010da<\/th>\n<td>brez<\/td>\n<\/tr>\n<tr>\n<th>Povezava<\/th>\n<td>WiFi 2,4GHz\/Bluetooth\/CAN<\/td>\n<\/tr>\n<tr>\n<th>Zaslon<\/th>\n<td>da, popolnoma nova zasnova<\/td>\n<\/tr>\n<tr>\n<th>Upravljanje prek aplikacije<\/th>\n<td>da<\/td>\n<\/tr>\n<\/tbody>\n<\/table>\n<\/div>","protected":false},"excerpt":{"rendered":"<p>Na zalogi pri zunanjem dobavitelju. Rok dobave 3-7 delovnih dni.<\/p>","protected":false},"featured_media":32217,"template":"","meta":{"_monsterinsights_skip_tracking":false,"_monsterinsights_sitenote_active":false,"_monsterinsights_sitenote_note":"","_monsterinsights_sitenote_category":0},"product_brand":[],"product_cat":[101,296,255],"product_tag":[],"class_list":{"0":"post-32229","1":"product","2":"type-product","3":"status-publish","4":"has-post-thumbnail","6":"product_cat-pametni-dom","7":"product_cat-solarna-tehnika","8":"product_cat-vsi","10":"first","11":"outofstock","12":"taxable","13":"shipping-taxable","14":"purchasable","15":"product-type-simple"},"jetpack_sharing_enabled":true,"_links":{"self":[{"href":"https:\/\/kobra.si\/en\/wp-json\/wp\/v2\/product\/32229","targetHints":{"allow":["GET"]}}],"collection":[{"href":"https:\/\/kobra.si\/en\/wp-json\/wp\/v2\/product"}],"about":[{"href":"https:\/\/kobra.si\/en\/wp-json\/wp\/v2\/types\/product"}],"version-history":[{"count":1,"href":"https:\/\/kobra.si\/en\/wp-json\/wp\/v2\/product\/32229\/revisions"}],"predecessor-version":[{"id":33812,"href":"https:\/\/kobra.si\/en\/wp-json\/wp\/v2\/product\/32229\/revisions\/33812"}],"wp:featuredmedia":[{"embeddable":true,"href":"https:\/\/kobra.si\/en\/wp-json\/wp\/v2\/media\/32217"}],"wp:attachment":[{"href":"https:\/\/kobra.si\/en\/wp-json\/wp\/v2\/media?parent=32229"}],"wp:term":[{"taxonomy":"product_brand","embeddable":true,"href":"https:\/\/kobra.si\/en\/wp-json\/wp\/v2\/product_brand?post=32229"},{"taxonomy":"product_cat","embeddable":true,"href":"https:\/\/kobra.si\/en\/wp-json\/wp\/v2\/product_cat?post=32229"},{"taxonomy":"product_tag","embeddable":true,"href":"https:\/\/kobra.si\/en\/wp-json\/wp\/v2\/product_tag?post=32229"}],"curies":[{"name":"wp","href":"https:\/\/api.w.org\/{rel}","templated":true}]}}