{"id":32216,"date":"2025-07-31T10:50:30","date_gmt":"2025-07-31T08:50:30","guid":{"rendered":"https:\/\/kobra.si\/spletna-trgovina-kobra\/polnilnik-alternatorja-ecoflow\/"},"modified":"2026-04-13T21:04:56","modified_gmt":"2026-04-13T19:04:56","slug":"polnilnik-alternatorja-ecoflow","status":"publish","type":"product","link":"https:\/\/kobra.si\/en\/spletna-trgovina-kobra\/polnilnik-alternatorja-ecoflow\/","title":{"rendered":"Polnilnik alternatorja EcoFlow"},"content":{"rendered":"<h3>EcoFlow Alternatorski polnilnik za avto<\/h3>\n<p>Avtomobilski polnilnik z alternatorjem EcoFlow ponuja do 800 W polnilne mo\u010di na poti in mo\u017enost polnjenja 1 kWh v samo 75 minutah, s \u010dimer revolucionarno spreminja na\u010din potovanja z avtomobilom. Ob priklju\u010ditvi na alternator vozila u\u010dinkovito izkori\u0161\u010da odve\u010dno energijo in zagotavlja zanesljiv vir energije za razli\u010dne vrste vozil. Z razli\u010dnimi na\u010dini delovanja in obse\u017enim varnostnim jamstvom zagotavlja mir na cesti.<\/p>\n<p>\n<img decoding=\"async\" border=\"0\" src=\"https:\/\/assets.innpro.pl\/6948\/8105\/8.jpg\" title=\"\">\n<\/p>\n<h3>Nova dimenzija mo\u010di na cesti<\/h3>\n<p>Z edinstveno zmo\u017enostjo ustvarjanja do 800 W mo\u010di in hitrega polnjenja 1 kWh v samo 75 minutah ta inovativni polnilnik spreminja pravila igre na potovanjih. S povezavo z alternatorjem vozila pretvori odve\u010dno energijo v prakti\u010dne re\u0161itve in ne zadovolji le elektri\u010dnih potreb vozila. Z vgrajenim pretvornikom DC-DC lahko u\u010dinkovito polnite prenosne elektri\u010dne postaje EcoFlow in pove\u010date zmogljivost obstoje\u010de baterije avtodoma za do 7,2 kWh. Polnilnik EcoFlow, ki se prilagaja 12V\/24V baterijam RV, zagotavlja zanesljiv vir energije kjer koli in kadar koli, ne glede na vrsto RV.<\/p>\n<p>\n<img decoding=\"async\" border=\"0\" src=\"https:\/\/assets.innpro.pl\/6948\/8105\/7.jpg\" title=\"\">\n<\/p>\n<h3>Izbirate lahko med razpolo\u017eljivimi na\u010dini delovanja<\/h3>\n<p>Alternatorski polnilnik EcoFlow ponuja vrsto na\u010dinov delovanja, ki zagotavljajo vsestransko podporo v vseh razmerah. Z na\u010dinom polnjenja boste uporabili prese\u017eno mo\u010d alternatorja in tako u\u010dinkovito napolnili elektri\u010dno postajo. Na\u010din povratnega polnjenja (Jump Start) postane re\u0161itelj, ko akumulator va\u0161ega vozila oslabi, saj vam omogo\u010da hiter zagon motorja. Poleg tega vam bo na\u010din vzdr\u017eevanja akumulatorja omogo\u010dil, da podalj\u0161ate \u017eivljenjsko dobo akumulatorja va\u0161ega vozila z uporabo majhnega povratnega toka za ohranjanje njegove zmogljivosti, kar bo \u0161e posebej koristno pri parkiranju.<\/p>\n<p>\n<img decoding=\"async\" border=\"0\" src=\"https:\/\/assets.innpro.pl\/6948\/8105\/5.jpg\" title=\"\">\n<\/p>\n<h3>Varnost na prvem mestu<\/h3>\n<p>Z uporabo napredne tehnologije galijevega nitrida (GaN) polnilnik EcoFlow zagotavlja toplotno odpornost in visoko zmogljivost tudi v ekstremnih razmerah. Za\u0161\u010dita pred obratno polarnostjo, nadtokom in kratkim stikom skrbi za va\u0161e naprave in vozilo ter odpravlja tveganje ne\u017eelenih okvar. Vgrajena prenapetostna in prenizkonapetostna za\u0161\u010dita vam zagotavlja, da je va\u0161a oprema varna tudi ob nenadnih spremembah napajanja. S preprosto namestitvijo v 6 korakih uporaba polnilnika alternatorja EcoFlow ne postane le enostavna in priro\u010dna, temve\u010d, kar je najpomembneje, zagotavlja popoln mir in varnost na cesti.<\/p>\n<p>\n<img decoding=\"async\" border=\"0\" src=\"https:\/\/assets.innpro.pl\/6948\/8105\/1.jpg\" title=\"\">\n<\/p>\n<h3>Vklju\u010deno:<\/h3>\n<ul class=\"list-disc pl-5\">\n<li>Avtomobilski polnilnik<\/li>\n<li>5 m vhodni kabel<\/li>\n<li>izhodni kabel XT150 1 m<\/li>\n<li>kabel z varovalko<\/li>\n<li>namestitvena plo\u0161\u010da<\/li>\n<li>vijaki in zati\u010di (M5 x12, ST5 x 25, M5 x 40, M6 x 20)<\/li>\n<li>matice M6<\/li>\n<li>odstranjevalec kablov<\/li>\n<li>instructions manual<\/li>\n<\/ul>\n<div class=\"table-wrapper\">\n<h3><\/h3>\n<table>\n<tbody>\n<tr>\n<th>Proizvajalec<\/th>\n<td>EcoFlow<\/td>\n<\/tr>\n<tr>\n<th>Model<\/th>\n<td>5015501001<\/td>\n<\/tr>\n<tr>\n<th>Neto te\u017ea<\/th>\n<td>2,3 kg<\/td>\n<\/tr>\n<tr>\n<th>Dimenzije (\u0160 x G x V)<\/th>\n<td>242 \u00d7 194 \u00d7 35 mm<\/td>\n<\/tr>\n<tr>\n<th>Frekvenca Wi-Fi<\/th>\n<td>2412 MHz &#8211; 2472 MHz<\/td>\n<\/tr>\n<tr>\n<th>Najve\u010dja izhodna mo\u010d Wi-Fi<\/th>\n<td>&lt; 20 dBm<\/td>\n<\/tr>\n<tr>\n<th>Frekvenca Bluetooth<\/th>\n<td>2402 MHz &#8211; 2480 MHz<\/td>\n<\/tr>\n<tr>\n<th>Najve\u010dja izhodna mo\u010d Bluetooth<\/th>\n<td>&lt;10 dBm<\/td>\n<\/tr>\n<tr>\n<th>Na\u010din polnjenja<\/th>\n<td>Vhod: 11V-35V, najve\u010d 76A; izhod: 40V-60V, SOOW Max.<\/td>\n<\/tr>\n<tr>\n<th>Na\u010din vzdr\u017eevanja baterije<\/th>\n<td>vhod: 40V-6OV, max. 3A; izhod: 13,8 V\/27,6 V, najve\u010d 100 W.<\/td>\n<\/tr>\n<tr>\n<th>Na\u010din povratnega polnjenja<\/th>\n<td>vhod: 40V-60V, najve\u010d 21A; izhod: 13,8 V\/27,6 V, najve\u010d 800 W.<\/td>\n<\/tr>\n<tr>\n<th>Nazivni tok varovalke<\/th>\n<td>125 A<\/td>\n<\/tr>\n<tr>\n<th>Za\u0161\u010dita<\/th>\n<td>Za\u0161\u010dita pred obrnjeno polarnostjo; za\u0161\u010dita pred prekomernim tokom, za\u0161\u010dita pred kratkim stikom, prenapetostna in prenizkonapetostna za\u0161\u010dita<\/td>\n<\/tr>\n<tr>\n<th>Working temperature<\/th>\n<td>-20 \u00b0C do 60 \u00b0C<\/td>\n<\/tr>\n<tr>\n<th>Storage temperature<\/th>\n<td>-30 \u2103 do 70 \u2103<\/td>\n<\/tr>\n<tr>\n<th>Delovna vla\u017enost<\/th>\n<td>\u226495%<\/td>\n<\/tr>\n<tr>\n<th>Vla\u017enost pri shranjevanju<\/th>\n<td>\u226495%<\/td>\n<\/tr>\n<\/tbody>\n<\/table>\n<\/div>","protected":false},"excerpt":{"rendered":"<p>Na zalogi pri zunanjem dobavitelju. Rok dobave 3-7 delovnih dni.<\/p>","protected":false},"featured_media":32203,"template":"","meta":{"_monsterinsights_skip_tracking":false,"_monsterinsights_sitenote_active":false,"_monsterinsights_sitenote_note":"","_monsterinsights_sitenote_category":0},"product_brand":[],"product_cat":[101,296,255],"product_tag":[],"class_list":{"0":"post-32216","1":"product","2":"type-product","3":"status-publish","4":"has-post-thumbnail","6":"product_cat-pametni-dom","7":"product_cat-solarna-tehnika","8":"product_cat-vsi","10":"first","11":"outofstock","12":"taxable","13":"shipping-taxable","14":"purchasable","15":"product-type-simple"},"jetpack_sharing_enabled":true,"_links":{"self":[{"href":"https:\/\/kobra.si\/en\/wp-json\/wp\/v2\/product\/32216","targetHints":{"allow":["GET"]}}],"collection":[{"href":"https:\/\/kobra.si\/en\/wp-json\/wp\/v2\/product"}],"about":[{"href":"https:\/\/kobra.si\/en\/wp-json\/wp\/v2\/types\/product"}],"version-history":[{"count":1,"href":"https:\/\/kobra.si\/en\/wp-json\/wp\/v2\/product\/32216\/revisions"}],"predecessor-version":[{"id":33813,"href":"https:\/\/kobra.si\/en\/wp-json\/wp\/v2\/product\/32216\/revisions\/33813"}],"wp:featuredmedia":[{"embeddable":true,"href":"https:\/\/kobra.si\/en\/wp-json\/wp\/v2\/media\/32203"}],"wp:attachment":[{"href":"https:\/\/kobra.si\/en\/wp-json\/wp\/v2\/media?parent=32216"}],"wp:term":[{"taxonomy":"product_brand","embeddable":true,"href":"https:\/\/kobra.si\/en\/wp-json\/wp\/v2\/product_brand?post=32216"},{"taxonomy":"product_cat","embeddable":true,"href":"https:\/\/kobra.si\/en\/wp-json\/wp\/v2\/product_cat?post=32216"},{"taxonomy":"product_tag","embeddable":true,"href":"https:\/\/kobra.si\/en\/wp-json\/wp\/v2\/product_tag?post=32216"}],"curies":[{"name":"wp","href":"https:\/\/api.w.org\/{rel}","templated":true}]}}