{"id":32190,"date":"2025-07-31T10:49:26","date_gmt":"2025-07-31T08:49:26","guid":{"rendered":"https:\/\/kobra.si\/spletna-trgovina-kobra\/kabel-ecoflow-delta-pro\/"},"modified":"2026-04-15T21:04:10","modified_gmt":"2026-04-15T19:04:10","slug":"kabel-ecoflow-delta-pro","status":"publish","type":"product","link":"https:\/\/kobra.si\/en\/spletna-trgovina-kobra\/kabel-ecoflow-delta-pro\/","title":{"rendered":"Kabel EcoFlow DELTA Pro"},"content":{"rendered":"<h3>Kabel EcoFlow DELTA Pro (za priklju\u010ditev dodatne baterije)<\/h3>\n<p>Ker poudarjamo pomen u\u010dinkovitosti in integracije v ekosistem EcoFlow, vam predstavljamo kabel, s katerim lahko DELTA Pro pove\u017eete s pametno dodatno baterijo. Ta klju\u010dni sestavni del se priklju\u010di neposredno na vhod za dodatno baterijo na zadnji strani naprave, kar vam omogo\u010da hitro in enostavno raz\u0161iritev zmogljivosti va\u0161e napajalne postaje.<\/p>\n<p><img decoding=\"async\" src=\"https:\/\/b2b.innpro.pl\/data\/include\/cms\/12EcoFlow\/Kabel-EcoFlow-DELTA-Pro\/2.jpg\" alt=\"12EcoFlow\/Kabel-EcoFlow-DELTA-Pro\/2\" title=\"\"><\/p>\n<h3>Priro\u010dna re\u0161itev<\/h3>\n<p>V paketu najdete en 0,75 metra dolg kabel DELTA Pro Extra Battery, ki je zasnovan za najve\u010dje udobje, ne da bi se morali ukvarjati z odve\u010dnimi \u017eicami. Idealna dol\u017eina kabla vam omogo\u010da, da pri priklju\u010devanju dodatnih baterij ohranite urejenost in estetski videz, hkrati pa zagotavlja zanesljivost in stabilnost povezave.<\/p>\n<p><img decoding=\"async\" src=\"https:\/\/b2b.innpro.pl\/data\/include\/cms\/12EcoFlow\/Kabel-EcoFlow-DELTA-Pro\/1.jpg\" alt=\"12EcoFlow\/Kabel-EcoFlow-DELTA-Pro\/1\" title=\"\"><\/p>\n<div class=\"table-wrapper\">\n<table>\n<tbody>\n<tr>\n<th>Proizvajalec<\/th>\n<td>EcoFlow<\/td>\n<\/tr>\n<tr>\n<th>Model<\/th>\n<td>L48DH-0,75 m<\/td>\n<\/tr>\n<tr>\n<th>Dol\u017eina<\/th>\n<td>0,75 m<\/td>\n<\/tr>\n<\/tbody>\n<\/table>\n<\/div>","protected":false},"excerpt":{"rendered":"<p>Na zalogi pri zunanjem dobavitelju. Rok dobave 3-7 delovnih dni.<\/p>","protected":false},"featured_media":32187,"template":"","meta":{"_monsterinsights_skip_tracking":false,"_monsterinsights_sitenote_active":false,"_monsterinsights_sitenote_note":"","_monsterinsights_sitenote_category":0},"product_brand":[],"product_cat":[101,296,255],"product_tag":[],"class_list":{"0":"post-32190","1":"product","2":"type-product","3":"status-publish","4":"has-post-thumbnail","6":"product_cat-pametni-dom","7":"product_cat-solarna-tehnika","8":"product_cat-vsi","10":"first","11":"instock","12":"taxable","13":"shipping-taxable","14":"purchasable","15":"product-type-simple"},"jetpack_sharing_enabled":true,"_links":{"self":[{"href":"https:\/\/kobra.si\/en\/wp-json\/wp\/v2\/product\/32190","targetHints":{"allow":["GET"]}}],"collection":[{"href":"https:\/\/kobra.si\/en\/wp-json\/wp\/v2\/product"}],"about":[{"href":"https:\/\/kobra.si\/en\/wp-json\/wp\/v2\/types\/product"}],"version-history":[{"count":1,"href":"https:\/\/kobra.si\/en\/wp-json\/wp\/v2\/product\/32190\/revisions"}],"predecessor-version":[{"id":33816,"href":"https:\/\/kobra.si\/en\/wp-json\/wp\/v2\/product\/32190\/revisions\/33816"}],"wp:featuredmedia":[{"embeddable":true,"href":"https:\/\/kobra.si\/en\/wp-json\/wp\/v2\/media\/32187"}],"wp:attachment":[{"href":"https:\/\/kobra.si\/en\/wp-json\/wp\/v2\/media?parent=32190"}],"wp:term":[{"taxonomy":"product_brand","embeddable":true,"href":"https:\/\/kobra.si\/en\/wp-json\/wp\/v2\/product_brand?post=32190"},{"taxonomy":"product_cat","embeddable":true,"href":"https:\/\/kobra.si\/en\/wp-json\/wp\/v2\/product_cat?post=32190"},{"taxonomy":"product_tag","embeddable":true,"href":"https:\/\/kobra.si\/en\/wp-json\/wp\/v2\/product_tag?post=32190"}],"curies":[{"name":"wp","href":"https:\/\/api.w.org\/{rel}","templated":true}]}}