{"id":32183,"date":"2025-07-31T10:48:45","date_gmt":"2025-07-31T08:48:45","guid":{"rendered":"https:\/\/kobra.si\/spletna-trgovina-kobra\/ecoflow-basic-plus-delta-2-balkonska-fotovoltaika\/"},"modified":"2025-12-01T09:48:26","modified_gmt":"2025-12-01T08:48:26","slug":"ecoflow-basic-plus-delta-2-balkonska-fotovoltaika","status":"publish","type":"product","link":"https:\/\/kobra.si\/en\/spletna-trgovina-kobra\/ecoflow-basic-plus-delta-2-balkonska-fotovoltaika\/","title":{"rendered":"EcoFlow BASIC PLUS DELTA 2 balkonska fotovoltaika"},"content":{"rendered":"<h3>EcoFlow BASIC PLUS DELTA 2 balkonski sistem.<\/h3>\n<p>Postanite zeleni in uporabite son\u010dno energijo za napajanje naprav v va\u0161em domu. To vam bo omogo\u010dil balkonski sistem EcoFlow BASIC PLUS, ki ga sestavljajo mikroinverter EcoFlow PowerStream, dva fotonapetostna panela Trina, namenski balkonski nosilci, vti\u010dnica Smart Plug, potrebna napeljava in prenosna postaja DELTA 2. Tak sklop je zelo enostaven za namestitev in bo odli\u010den povsod, kjer ni mo\u017enosti namestitve klasi\u010dnih panelov &#8211; ne le na balkonu, temve\u010d tudi na primer na terasi ali na majhnem vrtu. To je va\u0161 prvi korak k energetski neodvisnosti! Opomba: \u010de je mikroinverter PowerStream priklju\u010den samo na postajo, lahko v omre\u017eje odda najve\u010d 600 vatov. \u010ce \u017eelite dobiti ve\u010d mo\u010di (do 800 vatov), hkrati priklju\u010dite postajo in fotonapetostne panele z mo\u010djo vsaj 200 vatov.<\/p>\n<p>\n<img decoding=\"async\" border=\"0\" src=\"https:\/\/assets.innpro.pl\/7238\/8434\/1.jpg\" title=\"\">\n<\/p>\n<h3>Izkoristite prednosti son\u010dne energije v svojem domu<\/h3>\n<p>\u017delite prihraniti denar pri ra\u010dunih za elektri\u010dno energijo? Sistem EcoFlow BASIC PLUS je za vas! Mikroinverter, ki je njegov del, vam omogo\u010da, da priklju\u010dite fotonapetostne panele s skupno zmogljivostjo do 800 W in z energijo, ki jo proizvedejo, napajate izbrane naprave doma. Zahvaljujo\u010d temu se bodo stro\u0161ki nalo\u017ebe prej ali slej povrnili! \u0160e ve\u010d, tak\u0161ne namestitve (do 800 W) ni treba prijaviti, prav tako niso potrebna dodatna varovala.<\/p>\n<p>\n<img decoding=\"async\" border=\"0\" src=\"https:\/\/assets.innpro.pl\/7238\/8434\/2.jpg\" title=\"\">\n<\/p>\n<h3>Bodite pripravljeni na izpad elektri\u010dne energije<\/h3>\n<p>Mo\u017enost prihranka pri ra\u010dunih za elektri\u010dno energijo ni edina prednost sistema EcoFlow BASIC PLUS. Omogo\u010da vam tudi, da se pripravite na morebitne izredne razmere! Elektrarna DELTA 2, ki je vklju\u010dena v komplet, vam bo omogo\u010dila shranjevanje prese\u017ene energije in njeno uporabo po potrebi, na primer pono\u010di, ko fotonapetostni paneli ne delujejo, in ob izpadu elektri\u010dne energije. Ni vam ve\u010d treba skrbeti, da bo ob izpadu elektri\u010dne energije va\u0161 ra\u010dunalnik ali hladilnik prenehal delovati!<\/p>\n<p>\n<img decoding=\"async\" border=\"0\" src=\"https:\/\/assets.innpro.pl\/7238\/8434\/11.jpg\" title=\"\">\n<\/p>\n<h3>Elektrarna EcoFlow DELTA 2<\/h3>\n<p>Napajalna postaja DELTA 2, ki je vklju\u010dena v komplet, bo kot nala\u0161\u010d za skoraj vsako stanovanje. Ima zmogljivost 1024 Wh in mo\u010d do 1800 W, zaradi tehnologije X-Boost pa je kos tudi napravam z mo\u010djo do 2200 W. Z njeno pomo\u010djo boste brez te\u017eav napajali na primer hladilnik, \u017earnico, usmerjevalnik, televizor in celo aparat za kavo. Uporabite ga za shranjevanje prese\u017ene energije, ki jo proizvedejo fotovoltai\u010dni paneli, in bodite pripravljeni na nepredvidene okoli\u0161\u010dine! Poleg tega postajo odlikuje lahka, prenosna zasnova &#8211; \u010de se pojavi potreba, jo lahko lo\u010dite od sistema in vzamete s seboj na kampiranje ali potovanje s po\u010ditni\u0161kim vozilom. Tako boste imeli priro\u010den dostop do elektri\u010dne energije, kjer koli ste!<\/p>\n<p>\n<img decoding=\"async\" border=\"0\" src=\"https:\/\/assets.innpro.pl\/7238\/8434\/12.jpg\" title=\"\">\n<\/p>\n<h3>Easy installation<\/h3>\n<p>EcoFlow BASIC PLUS DELTA 2 je popoln komplet za samostojno monta\u017eo (plug &amp; play) &#8211; zanj ni potrebno sodelovanje strokovnjakov. Njegova namestitev je zelo preprosta in vam ne bo povzro\u010dala nobenih te\u017eav. Namenske nosilce odlikuje trdna, vzdr\u017eljiva zasnova &#8211; omogo\u010dili vam bodo stabilno namestitev plo\u0161\u010d na balkonu. Poleg tega lahko zaradi plo\u0161\u010datih kablov fotonapetostne plo\u0161\u010de pove\u017eete z mikroinverterjem, ki se nahaja v stanovanju, ne da bi vrtali luknje v stene. Komplet EcoFlow BASIC PLUS DELTA 2 vam omogo\u010da namestitev panelov 3 m od okna in 2 m od okna do mikroinverterja PowerStream.<\/p>\n<p>\n<img decoding=\"async\" border=\"0\" src=\"https:\/\/assets.innpro.pl\/7238\/8434\/8.jpg\" title=\"\">\n<\/p>\n<h3>Vklju\u010den mikroinverter<\/h3>\n<p>Hibridni mikroinverter PowerStream je nekak\u0161no srce celotnega sistema. Omogo\u010da vam enostavno priklju\u010ditev drugih sestavnih delov in pretvarja enosmerni tok, ki ga proizvajajo fotovoltai\u010dni paneli, v izmeni\u010dni tok. Opremljen je tudi z izhodnim priklju\u010dkom za izmeni\u010dni tok, ki omogo\u010da priklju\u010ditev kompleta na doma\u010de tokokroge. Napravo odlikujeta majhnost in minimalisti\u010dna zasnova, zato v stanovanju ne bo zavzela preve\u010d prostora in se bo odli\u010dno prilegala vsaki ureditvi.<\/p>\n<p>\n<img decoding=\"async\" border=\"0\" src=\"https:\/\/assets.innpro.pl\/7238\/8434\/4.jpg\" title=\"\">\n<\/p>\n<h3>Pametne vti\u010dnice Smart Plug<\/h3>\n<p>Vklju\u010dena je tudi pametna vti\u010dnica Smart Plug, ki v realnem \u010dasu spremlja porabo elektri\u010dne energije in podatke posreduje mikroinverterju. Posledi\u010dno bo vsaki napravi dodelil ustrezno mo\u010d, vi pa se boste izognili situaciji, ko proizvodnja presega porabo, kar bi povzro\u010dilo dodatne stro\u0161ke, To pomeni, da bo komplet EcoFlow BASIC PLUS odli\u010den za stanovanja z enosmernim \u0161tevcem (\u010deprav ga boste uspe\u0161no uporabljali tudi v povezavi z dvosmernim \u0161tevcem). \u0160e ve\u010d, vti\u010dnice Smart Plug vam omogo\u010dajo, da na daljavo upravljate priklju\u010dene naprave in zanje ustvarjate urnike dela &#8211; le nekaj klikov v namenski aplikaciji.<\/p>\n<p>\n<img decoding=\"async\" border=\"0\" src=\"https:\/\/assets.innpro.pl\/7238\/8434\/7.jpg\" title=\"\">\n<\/p>\n<h3>Kar 2 fotovoltai\u010dni plo\u0161\u010di<\/h3>\n<p>Fotovoltai\u010dni komplet EcoFlow BASIC PLUS vklju\u010duje dva 405W fotovoltai\u010dna panela Trina, ki sta idealna za tiste, ki i\u0161\u010dejo visoko u\u010dinkovitost ob omejenem prostoru. Z u\u010dinkovitostjo modula 21,1 % in tehnologijo Multi-busbar ti paneli ponujajo izjemno gostoto medsebojnih povezav, kar omogo\u010da bolj\u0161i izkoristek svetlobe in u\u010dinkovito zbiranje energije. Paneli Trina so zasnovani za zdru\u017eljivost z glavnimi optimizatorji, inverterji in monta\u017enimi sistemi, zaradi visoke mo\u010di in u\u010dinkovitosti pa zagotavljajo tudi ni\u017eje stro\u0161ke namestitve. Zaradi majhne te\u017ee in optimalnih dimenzij so enostavni za rokovanje in ekonomi\u010dni za prevoz, kar zagotavlja prilagodljivost za razli\u010dne namestitvene re\u0161itve.<\/p>\n<p>\n<img decoding=\"async\" border=\"0\" src=\"https:\/\/assets.innpro.pl\/7238\/8434\/10.jpg\" title=\"\">\n<\/p>\n<h3>Vklju\u010deno<\/h3>\n<ul class=\"list-disc pl-5\">\n<li>Mikroinverter PowerStream<\/li>\n<li>Ploski kabel EcoFlow PowerStream MC4 x2<\/li>\n<li>Podalj\u0161evalni kabel EcoFlow za fotovoltai\u010dne plo\u0161\u010de (3 m) x2<\/li>\n<li>Fotovoltai\u010dni panel Trina x2<\/li>\n<li>Nastavljiv nosilec Ecoflow za 400W fotovoltai\u010dni panel za prosto stoje\u010do ali stensko monta\u017eo x2<\/li>\n<li>Pametna vti\u010dnica Smart Plug<\/li>\n<li>Prenosna elektrarna EcoFlow DELTA 2<\/li>\n<li>Kabel PowerStream za postajo EcoFlow DELTA<\/li>\n<\/ul>\n<div class=\"table-wrapper\">\n<\/div>","protected":false},"excerpt":{"rendered":"<p>Na zalogi pri zunanjem dobavitelju. Rok dobave 3-7 delovnih dni.<\/p>","protected":false},"featured_media":32167,"template":"","meta":{"_monsterinsights_skip_tracking":false,"_monsterinsights_sitenote_active":false,"_monsterinsights_sitenote_note":"","_monsterinsights_sitenote_category":0},"product_brand":[],"product_cat":[101,296,255],"product_tag":[],"class_list":{"0":"post-32183","1":"product","2":"type-product","3":"status-publish","4":"has-post-thumbnail","6":"product_cat-pametni-dom","7":"product_cat-solarna-tehnika","8":"product_cat-vsi","10":"first","11":"outofstock","12":"taxable","13":"shipping-taxable","14":"purchasable","15":"product-type-simple"},"jetpack_sharing_enabled":true,"_links":{"self":[{"href":"https:\/\/kobra.si\/en\/wp-json\/wp\/v2\/product\/32183","targetHints":{"allow":["GET"]}}],"collection":[{"href":"https:\/\/kobra.si\/en\/wp-json\/wp\/v2\/product"}],"about":[{"href":"https:\/\/kobra.si\/en\/wp-json\/wp\/v2\/types\/product"}],"version-history":[{"count":1,"href":"https:\/\/kobra.si\/en\/wp-json\/wp\/v2\/product\/32183\/revisions"}],"predecessor-version":[{"id":33818,"href":"https:\/\/kobra.si\/en\/wp-json\/wp\/v2\/product\/32183\/revisions\/33818"}],"wp:featuredmedia":[{"embeddable":true,"href":"https:\/\/kobra.si\/en\/wp-json\/wp\/v2\/media\/32167"}],"wp:attachment":[{"href":"https:\/\/kobra.si\/en\/wp-json\/wp\/v2\/media?parent=32183"}],"wp:term":[{"taxonomy":"product_brand","embeddable":true,"href":"https:\/\/kobra.si\/en\/wp-json\/wp\/v2\/product_brand?post=32183"},{"taxonomy":"product_cat","embeddable":true,"href":"https:\/\/kobra.si\/en\/wp-json\/wp\/v2\/product_cat?post=32183"},{"taxonomy":"product_tag","embeddable":true,"href":"https:\/\/kobra.si\/en\/wp-json\/wp\/v2\/product_tag?post=32183"}],"curies":[{"name":"wp","href":"https:\/\/api.w.org\/{rel}","templated":true}]}}