{"id":32166,"date":"2025-07-31T10:47:57","date_gmt":"2025-07-31T08:47:57","guid":{"rendered":"https:\/\/kobra.si\/spletna-trgovina-kobra\/dodatna-baterija-za-ecoflow-delta-2-max\/"},"modified":"2025-12-16T21:07:04","modified_gmt":"2025-12-16T20:07:04","slug":"dodatna-baterija-za-ecoflow-delta-2-max","status":"publish","type":"product","link":"https:\/\/kobra.si\/en\/spletna-trgovina-kobra\/dodatna-baterija-za-ecoflow-delta-2-max\/","title":{"rendered":"Dodatna baterija za EcoFlow DELTA 2 Max"},"content":{"rendered":"<h3>Dodatna baterija za EcoFlow DELTA 2 Max <\/h3>\n<p>Pove\u010dajte zmogljivost svoje prenosne elektrarne EcoFlow DELTA 2 Max. S pametno dodatno baterijo lahko zmogljivost naprave podvojite na 4096 Wh ali celo potrojite na 6144 Wh. Bodite pripravljeni na nepredvidene okoli\u0161\u010dine in \u0161e dlje napajate najpomembnej\u0161e naprave v svojem domu!<\/p>\n<p><img decoding=\"async\" src=\"https:\/\/b2b.innpro.pl\/data\/include\/cms\/12EcoFlow\/Delta-2-Max-Extra-Battery\/5.jpg\" border=\"0\" alt=\"12EcoFlow\/Delta-2-Max-Extra-Battery\/5\" title=\"\"><\/p>\n<h3>Nalo\u017eba za ve\u010d let<\/h3>\n<p>Baterija je opremljena z vrhunskimi celicami LFP, zato je njena pri\u010dakovana \u017eivljenjska doba pribli\u017eno 3000 ciklov (da dose\u017ee 80 % zmogljivosti). To pomeni do 10 let uporabe! Izdelek je za\u0161\u010diten tudi pred prenapetostjo, preobremenitvijo, pregrevanjem, kratkim stikom, prenizko temperaturo, prenizko napetostjo in nadtokom.<\/p>\n<p><img decoding=\"async\" src=\"https:\/\/b2b.innpro.pl\/data\/include\/cms\/12EcoFlow\/Delta-2-Max-Extra-Battery\/3.jpg\" border=\"0\" alt=\"12EcoFlow\/Delta-2-Max-Extra-Battery\/3\" title=\"\"><\/p>\n<div class=\"table-wrapper\">\n<table>\n<tbody>\n<tr>\n<th>Blagovna znamka<\/th>\n<td>EcoFlow<\/td>\n<\/tr>\n<tr>\n<th>Ime<\/th>\n<td>EcoFlow DELTA 2 Max Smart Extra baterija<\/td>\n<\/tr>\n<tr>\n<th>Kapaciteta<\/th>\n<td>2048 Wh<\/td>\n<\/tr>\n<tr>\n<th>Weight<\/th>\n<td>19 kg<\/td>\n<\/tr>\n<tr>\n<th>Dimenzije<\/th>\n<td>464 x 235 x 283 mm<\/td>\n<\/tr>\n<tr>\n<th>Vhodna vrata<\/th>\n<td>51,2 V, najve\u010d 2000 W (dvojno polnjenje X-Stream in prek fotovoltai\u010dnih panelov)<\/td>\n<\/tr>\n<tr>\n<th>Izhodna vrata<\/th>\n<td>51,2 V 3200 W max.<\/td>\n<\/tr>\n<tr>\n<th>\u017divljenjska doba<\/th>\n<td>Pribli\u017eno 10 let, 3000 ciklov do 80 % zmogljivosti<\/td>\n<\/tr>\n<tr>\n<th>Optimalna delovna temperatura<\/th>\n<td>20 \u00b0C do 30 \u00b0C<\/td>\n<\/tr>\n<tr>\n<th>Temperatura praznjenja<\/th>\n<td>Od -10 \u00b0C do 45 \u00b0C<\/td>\n<\/tr>\n<tr>\n<th>Temperatura polnjenja<\/th>\n<td>Od 0\u00b0C do 45\u00b0C<\/td>\n<\/tr>\n<tr>\n<th>Storage temperature<\/th>\n<td>Od -10 \u00b0C do 45 \u00b0C (optimalno: od 20 \u00b0C do 30 \u00b0C)<\/td>\n<\/tr>\n<\/tbody>\n<\/table>\n<\/div>","protected":false},"excerpt":{"rendered":"<p>Na zalogi pri zunanjem dobavitelju. Rok dobave 3-7 delovnih dni.<\/p>","protected":false},"featured_media":32154,"template":"","meta":{"_monsterinsights_skip_tracking":false,"_monsterinsights_sitenote_active":false,"_monsterinsights_sitenote_note":"","_monsterinsights_sitenote_category":0},"product_brand":[],"product_cat":[101,296,255],"product_tag":[],"class_list":{"0":"post-32166","1":"product","2":"type-product","3":"status-publish","4":"has-post-thumbnail","6":"product_cat-pametni-dom","7":"product_cat-solarna-tehnika","8":"product_cat-vsi","10":"first","11":"outofstock","12":"taxable","13":"shipping-taxable","14":"purchasable","15":"product-type-simple"},"jetpack_sharing_enabled":true,"_links":{"self":[{"href":"https:\/\/kobra.si\/en\/wp-json\/wp\/v2\/product\/32166","targetHints":{"allow":["GET"]}}],"collection":[{"href":"https:\/\/kobra.si\/en\/wp-json\/wp\/v2\/product"}],"about":[{"href":"https:\/\/kobra.si\/en\/wp-json\/wp\/v2\/types\/product"}],"version-history":[{"count":1,"href":"https:\/\/kobra.si\/en\/wp-json\/wp\/v2\/product\/32166\/revisions"}],"predecessor-version":[{"id":33819,"href":"https:\/\/kobra.si\/en\/wp-json\/wp\/v2\/product\/32166\/revisions\/33819"}],"wp:featuredmedia":[{"embeddable":true,"href":"https:\/\/kobra.si\/en\/wp-json\/wp\/v2\/media\/32154"}],"wp:attachment":[{"href":"https:\/\/kobra.si\/en\/wp-json\/wp\/v2\/media?parent=32166"}],"wp:term":[{"taxonomy":"product_brand","embeddable":true,"href":"https:\/\/kobra.si\/en\/wp-json\/wp\/v2\/product_brand?post=32166"},{"taxonomy":"product_cat","embeddable":true,"href":"https:\/\/kobra.si\/en\/wp-json\/wp\/v2\/product_cat?post=32166"},{"taxonomy":"product_tag","embeddable":true,"href":"https:\/\/kobra.si\/en\/wp-json\/wp\/v2\/product_tag?post=32166"}],"curies":[{"name":"wp","href":"https:\/\/api.w.org\/{rel}","templated":true}]}}