{"id":32147,"date":"2025-07-31T10:45:46","date_gmt":"2025-07-31T08:45:46","guid":{"rendered":"https:\/\/kobra.si\/spletna-trgovina-kobra\/kabel-powerstream-za-postajo-ecoflow-delta-pro\/"},"modified":"2026-03-23T21:04:47","modified_gmt":"2026-03-23T20:04:47","slug":"kabel-powerstream-za-postajo-ecoflow-delta-pro","status":"publish","type":"product","link":"https:\/\/kobra.si\/en\/spletna-trgovina-kobra\/kabel-powerstream-za-postajo-ecoflow-delta-pro\/","title":{"rendered":"Kabel PowerStream za postajo EcoFlow DELTA PRO"},"content":{"rendered":"<h3>Kabel PowerStream za postajo EcoFlow DELTA Pro<\/h3>\n<p>Kabel za povezavo postaje EcoFlow DELTA Pro z mikroinverterjem PowerStream. Pridobivajte son\u010dno energijo iz fotonapetostnih panelov, shranjujte odve\u010dno energijo in prihranite denar! Dol\u017eina kabla je 0,5 m.<\/p>\n<p><img decoding=\"async\" src=\"https:\/\/b2b.innpro.pl\/data\/include\/cms\/12EcoFlow\/EcoFlow-PowerStream-Power-Station-DELTA-PRO-Cable\/1.jpg\" border=\"0\" alt=\"12EcoFlow\/EcoFlow-PowerStream-Power-Station-DELTA-PRO-Cable\/1\" title=\"\"><\/p>\n<div class=\"table-wrapper\">\n<table>\n<tbody>\n<tr>\n<th>Blagovna znamka<\/th>\n<td>EcoFlow<\/td>\n<\/tr>\n<tr>\n<th>Dol\u017eina kabla<\/th>\n<td>0.5 m<\/td>\n<\/tr>\n<tr>\n<th>Zdru\u017eljivost<\/th>\n<td>Napajalna postaja EcoFlow DELTA Pro<\/td>\n<\/tr>\n<\/tbody>\n<\/table>\n<\/div>","protected":false},"excerpt":{"rendered":"<p>Na zalogi pri zunanjem dobavitelju. Rok dobave 3-7 delovnih dni.<\/p>","protected":false},"featured_media":32145,"template":"","meta":{"_monsterinsights_skip_tracking":false,"_monsterinsights_sitenote_active":false,"_monsterinsights_sitenote_note":"","_monsterinsights_sitenote_category":0},"product_brand":[],"product_cat":[101,296,255],"product_tag":[],"class_list":{"0":"post-32147","1":"product","2":"type-product","3":"status-publish","4":"has-post-thumbnail","6":"product_cat-pametni-dom","7":"product_cat-solarna-tehnika","8":"product_cat-vsi","10":"first","11":"outofstock","12":"taxable","13":"shipping-taxable","14":"purchasable","15":"product-type-simple"},"jetpack_sharing_enabled":true,"_links":{"self":[{"href":"https:\/\/kobra.si\/en\/wp-json\/wp\/v2\/product\/32147","targetHints":{"allow":["GET"]}}],"collection":[{"href":"https:\/\/kobra.si\/en\/wp-json\/wp\/v2\/product"}],"about":[{"href":"https:\/\/kobra.si\/en\/wp-json\/wp\/v2\/types\/product"}],"version-history":[{"count":1,"href":"https:\/\/kobra.si\/en\/wp-json\/wp\/v2\/product\/32147\/revisions"}],"predecessor-version":[{"id":33821,"href":"https:\/\/kobra.si\/en\/wp-json\/wp\/v2\/product\/32147\/revisions\/33821"}],"wp:featuredmedia":[{"embeddable":true,"href":"https:\/\/kobra.si\/en\/wp-json\/wp\/v2\/media\/32145"}],"wp:attachment":[{"href":"https:\/\/kobra.si\/en\/wp-json\/wp\/v2\/media?parent=32147"}],"wp:term":[{"taxonomy":"product_brand","embeddable":true,"href":"https:\/\/kobra.si\/en\/wp-json\/wp\/v2\/product_brand?post=32147"},{"taxonomy":"product_cat","embeddable":true,"href":"https:\/\/kobra.si\/en\/wp-json\/wp\/v2\/product_cat?post=32147"},{"taxonomy":"product_tag","embeddable":true,"href":"https:\/\/kobra.si\/en\/wp-json\/wp\/v2\/product_tag?post=32147"}],"curies":[{"name":"wp","href":"https:\/\/api.w.org\/{rel}","templated":true}]}}