{"id":32118,"date":"2025-07-31T10:42:04","date_gmt":"2025-07-31T08:42:04","guid":{"rendered":"https:\/\/kobra.si\/spletna-trgovina-kobra\/prenosna-klimatska-naprava-ecoflow-wave-2\/"},"modified":"2025-12-02T10:28:54","modified_gmt":"2025-12-02T09:28:54","slug":"prenosna-klimatska-naprava-ecoflow-wave-2","status":"publish","type":"product","link":"https:\/\/kobra.si\/en\/spletna-trgovina-kobra\/prenosna-klimatska-naprava-ecoflow-wave-2\/","title":{"rendered":"Prenosna klimatska naprava EcoFlow Wave 2"},"content":{"rendered":"<h3>Klimatska naprava EcoFlow Wave 2<\/h3>\n<p>Zagotovite optimalno temperaturo v svoji po\u010ditni\u0161ki hi\u0161ici, avtodomu ali prikolici. EcoFlow Wave 2 je klimatska naprava s funkcijama hlajenja in ogrevanja, ki je idealna za razli\u010dne namene. Ne zahteva zapletene namestitve in je zelo tiha. Uporablja tudi okolju prijazno hladilno sredstvo R290 in ponuja razli\u010dne na\u010dine delovanja. Poleg tega jo lahko napajate na ve\u010d na\u010dinov &#8211; tudi z akumulatorsko baterijo, ki je na voljo v lo\u010deni prodaji.<\/p>\n<p><img fetchpriority=\"high\" decoding=\"async\" src=\"https:\/\/b2b.innpro.pl\/data\/include\/cms\/12EcoFlow\/Wave-2\/8.jpg\" border=\"0\" alt=\"12EcoFlow\/Wave-2\/6\" width=\"1000\" height=\"637\" title=\"\"><\/p>\n<h3>Ve\u010d aplikacij<\/h3>\n<p>V vro\u010dih dneh se lahko ohladite ali pozimi u\u017eivate v prijetni toploti. Klimatska naprava Wave 2 je popolna za vsak letni \u010das in bo na\u0161la \u0161tevilne uporabe v razli\u010dnih situacijah. Uspe\u0161no jo lahko na primer uporabljate v avtodomu, majhni hi\u0161i, na jahti ali celo v \u0161otoru. Zagotovite sebi in svojim bli\u017enjim optimalno temperaturo v skoraj vseh razmerah &#8211; z EcoFlow je to la\u017eje kot kdaj koli prej!<\/p>\n<p><img decoding=\"async\" src=\"https:\/\/b2b.innpro.pl\/data\/include\/cms\/12EcoFlow\/Wave-2\/6.jpg\" border=\"0\" alt=\"12EcoFlow\/Wave-2\/8\" width=\"1000\" height=\"637\" title=\"\"><\/p>\n<h3>Hitro ogrevanje in hlajenje<\/h3>\n<p>Wave 2 je prva prenosna klimatska naprava na svetu, ki ponuja funkcijo ogrevanja in hlajenja. Opremljena je s posebej zasnovanim kompresorjem, ki zagotavlja neprekosljivo zmogljivost. Kaj to pomeni v praksi? Wave 2 zagotavlja do 5100 BTU za hlajenje in 6100 BTU za ogrevanje. To pomeni, da potrebuje le pribli\u017eno 5 minut, da temperaturo v prostoru s prostornino 10 m3 zvi\u0161a z 20 \u00b0C na 30 \u00b0C ali zni\u017ea s 30 \u00b0C na 20 \u00b0C.<\/p>\n<p><img decoding=\"async\" src=\"https:\/\/b2b.innpro.pl\/data\/include\/cms\/12EcoFlow\/Wave-2\/1.jpg\" border=\"0\" alt=\"12EcoFlow\/Wave-2\/1\" title=\"\"><\/p>\n<h3>Pozabite na zapleteno namestitev<\/h3>\n<p>Klimatska naprava je pripravljena za uporabo skoraj takoj, ko jo dobite iz \u0161katle. Ne zahteva zapletene namestitve in je zelo enostavna za uporabo. Poleg tega je zaradi svoje relativno majhne velikosti odli\u010dna tudi za majhne prostore. S tem pa se udobje, ki ga ponuja klimatska naprava Wave 2, \u0161e ne kon\u010da &#8211; \u010de jo uporabljate v na\u010dinu hlajenja (pri vla\u017enosti pod 70 %), vam ni treba odvajati vode &#8211; ta se bo sprostila v obliki pare. Opomba: v na\u010dinu ogrevanja je potrebno odvajanje vode.<\/p>\n<p><img decoding=\"async\" src=\"https:\/\/b2b.innpro.pl\/data\/include\/cms\/12EcoFlow\/Wave-2\/5.jpg\" border=\"0\" alt=\"12EcoFlow\/Wave-2\/5\" title=\"\"><\/p>\n<h3>Tiho delovanje<\/h3>\n<p>EcoFlow Wave 2 bo odli\u010dno deloval tudi pono\u010di &#8211; ne skrbite, da bo motil va\u0161 po\u010ditek. V na\u010dinu spanja je njegova raven glasnosti le pribli\u017eno 44 dB &#8211; pozabite na nadle\u017een hrup! Postavite klimatsko napravo v avtodom, dom ali \u0161otor, zagotovite optimalno temperaturo in u\u017eivajte v udobju &#8211; klimatska naprava Wave 2 zdru\u017euje impresivno zmogljivost in nemoteno delovanje.<\/p>\n<p><img decoding=\"async\" src=\"https:\/\/b2b.innpro.pl\/data\/include\/cms\/12EcoFlow\/Wave-2\/7.jpg\" border=\"0\" alt=\"12EcoFlow\/Wave-2\/7\" title=\"\"><\/p>\n<h3>Dolg \u010das delovanja z dodatno baterijo<\/h3>\n<p>V prodaji je na voljo tudi dodatna baterija, ki bo omogo\u010dila brez\u017ei\u010dno delovanje klimatske naprave. Osvobodite se kablov in pridobite ve\u010d svobode! S \u010dasom delovanja do 8 ur v na\u010dinu Eco lahko dolgo \u010dasa u\u017eivate v prijetni toploti ali hladu. Zdaj lahko klimatsko napravo uporabljate kjer koli &#8211; ni vam treba biti omejeni z razpolo\u017eljivimi vti\u010dnicami.<\/p>\n<p><img decoding=\"async\" src=\"https:\/\/b2b.innpro.pl\/data\/include\/cms\/12EcoFlow\/Wave-2\/3.jpg\" border=\"0\" alt=\"12EcoFlow\/Wave-2\/3\" title=\"\"><\/p>\n<h3>Razli\u010dne mo\u017enosti napajanja<\/h3>\n<p>Na voljo je ve\u010d na\u010dinov napajanja klimatske naprave, zato jo lahko udobno uporabljate v skoraj vseh razmerah. \u010ce ste doma, enoto preprosto priklju\u010dite v vti\u010dnico za izmeni\u010dni tok. Ste na lokaciji, kjer je dostop do elektrike ote\u017een ali onemogo\u010den? Uporabite dodatno baterijo, son\u010dne celice, avtomobilski polnilnik ali prenosno napajalno postajo! Z napravo EcoFlow se lahko preprosto pripravite na vse okoli\u0161\u010dine.<\/p>\n<p><img decoding=\"async\" src=\"https:\/\/b2b.innpro.pl\/data\/include\/cms\/12EcoFlow\/Wave-2\/2.jpg\" border=\"0\" alt=\"12EcoFlow\/Wave-2\/2\" title=\"\"><\/p>\n<h3>Okolju prijazno hladilno sredstvo R290<\/h3>\n<p>EcoFlow ustvarja re\u0161itve, ki niso le uporabniku prijazne, temve\u010d tudi varne za okolje. Klimatska naprava Wave 2 uporablja naravno hladilno sredstvo R290, ki je \u010disto, okolju prijazno in lahko v vro\u010dih dneh zagotovi hlad, o katerem sanjate. Prav tako ne proizvaja ozona in pomaga zmanj\u0161ati oglji\u010dni odtis.<\/p>\n<p><img decoding=\"async\" src=\"https:\/\/b2b.innpro.pl\/data\/include\/cms\/12EcoFlow\/Wave-2\/10.jpg\" border=\"0\" alt=\"12EcoFlow\/Wave-2\/10\" title=\"\"><\/p>\n<h3>Raz\u0161irjen ekosistem<\/h3>\n<p>Wave 2 je \u0161ele za\u010detek. Klimatsko napravo lahko kombinirate z napravo DELTA 2 ali DELTA Max (ali njunimi dodatnimi baterijami) in si zagotovite \u0161e dalj\u0161i \u010das delovanja &#8211; do 7-14 ur v na\u010dinu Eco. Uporabite lahko tudi drugo prenosno napajalno postajo z najmanj 820 W mo\u010di. Pridobite ve\u010d mo\u017enosti in u\u017eivajte v optimalni temperaturi tudi \u010dez dan!<\/p>\n<p><img decoding=\"async\" src=\"https:\/\/b2b.innpro.pl\/data\/include\/cms\/12EcoFlow\/Wave-2\/4.jpg\" border=\"0\" alt=\"12EcoFlow\/Wave-2\/4\" title=\"\"><\/p>\n<h3>Uporabna dodatna oprema<\/h3>\n<p>V kompletu boste na\u0161li tudi ve\u010d uporabnih dodatkov, s katerimi boste lahko klimatsko napravo prosto uporabljali na razli\u010dnih mestih in jo prilagodili svojim trenutnim potrebam. Nanjo lahko na primer priklju\u010dite zra\u010dne kanale za bolj ciljno usmerjeno hlajenje. Tak\u0161na re\u0161itev je odli\u010dna za avtodom, poleg tega pa vam omogo\u010da, da enoto postavite na poljubno razdaljo.<\/p>\n<p><img decoding=\"async\" src=\"https:\/\/b2b.innpro.pl\/data\/include\/cms\/12EcoFlow\/Wave-2\/9.jpg\" border=\"0\" alt=\"12EcoFlow\/Wave-2\/9\" title=\"\"><\/p>\n<h3>V \u0161katli<\/h3>\n<ul>\n<li>Klimatska naprava EcoFlow Wave 2<\/li>\n<li>Uporabni\u0161ki priro\u010dnik<\/li>\n<li>Pokrov adapterja izpu\u0161nega kanala (A, B in C)<\/li>\n<li>Navijalnik<\/li>\n<li>Deska za prezra\u010devanje oken<\/li>\n<li>Izpu\u0161ni kanali (D, E)<\/li>\n<li>Odto\u010dna cev<\/li>\n<\/ul>\n<div class=\"table-wrapper\">\n<table>\n<tbody>\n<tr>\n<th>Blagovna znamka<\/th>\n<td>EcoFlow<\/td>\n<\/tr>\n<tr>\n<th>Ime<\/th>\n<td>Wave 2<\/td>\n<\/tr>\n<tr>\n<th>Model<\/th>\n<td>EFKT210<\/td>\n<\/tr>\n<tr>\n<th>Hladilna\/ogrevalna mo\u010d<\/th>\n<td>1500 W \/ 1800 W (5100 BTU \/ 6100 BTU)<\/td>\n<\/tr>\n<tr>\n<th>Hladilna povr\u0161ina<\/th>\n<td>\u2264 10 m\u00b2<\/td>\n<\/tr>\n<tr>\n<th>Obmo\u010dje regulacije temperature<\/th>\n<td>Od 16 \u00b0C do 30 \u00b0C<\/td>\n<\/tr>\n<tr>\n<th>Razpolo\u017eljivi na\u010dini<\/th>\n<td>Hlajenje, ogrevanje, ventilator, hiter, po\u010dasen, eko<\/td>\n<\/tr>\n<tr>\n<th>Hladilno sredstvo<\/th>\n<td>R290 (130 g)<\/td>\n<\/tr>\n<tr>\n<th>Pretok zraka<\/th>\n<td>290 m3\/h<\/td>\n<\/tr>\n<tr>\n<th>Nazivna vhodna mo\u010d hlajenja\/ogrevanja (AC)<\/th>\n<td>550 W \/ 600 W<\/td>\n<\/tr>\n<tr>\n<th>Nazivna vhodna mo\u010d hlajenja\/ogrevanja (DC)<\/th>\n<td>495 W \/ 540 W<\/td>\n<\/tr>\n<tr>\n<th>Najve\u010dja mo\u010d hlajenja\/ogrevanja<\/th>\n<td>700 W<\/td>\n<\/tr>\n<tr>\n<th>Vhodni tok AC<\/th>\n<td>100-240 V ~50\/60 Hz, najve\u010d 820 W<\/td>\n<\/tr>\n<tr>\n<th>Vhod (avtomobilski polnilnik)<\/th>\n<td>12 V \/ 24 V 8 A, najve\u010d 200 W<\/td>\n<\/tr>\n<tr>\n<th>Vhod (solarno polnjenje)<\/th>\n<td>11-60 V 13 A, najve\u010d 400 W<\/td>\n<\/tr>\n<tr>\n<th>Vhodna mo\u010d zunanje baterije<\/th>\n<td>700 W max.<\/td>\n<\/tr>\n<tr>\n<th>Funkcija No-Drain<\/th>\n<td>Da, v na\u010dinu hlajenja<\/td>\n<\/tr>\n<tr>\n<th>Funkcija zaustavitve prelivanja<\/th>\n<td>Da<\/td>\n<\/tr>\n<tr>\n<th>Vodotesnost<\/th>\n<td>IPX4<\/td>\n<\/tr>\n<tr>\n<th>Stopnja glasnosti<\/th>\n<td>44-56 dB<\/td>\n<\/tr>\n<tr>\n<th>Dovoljeno obmo\u010dje tlaka (visok tlak \/ nizek tlak)<\/th>\n<td>2,24 MPa \/ 0,74 MPa<\/td>\n<\/tr>\n<tr>\n<th>Working temperature<\/th>\n<td>Od 5 \u00b0C do 50 \u00b0C<\/td>\n<\/tr>\n<tr>\n<th>Temperatura skladi\u0161\u010denja<\/th>\n<td>Od -10 \u00b0C do 60 \u00b0C<\/td>\n<\/tr>\n<tr>\n<th>Pasovna \u0161irina Wi-Fi<\/th>\n<td>2412-2472 MHz (20 m) \/ 2422-2462 MHz (40 m)<\/td>\n<\/tr>\n<tr>\n<th>Najve\u010dja mo\u010d Wi-Fi<\/th>\n<td>16,54 dBm<\/td>\n<\/tr>\n<tr>\n<th>Frekven\u010dni odziv Bluetooth<\/th>\n<td>2402-2480 MHz<\/td>\n<\/tr>\n<tr>\n<th>Max. Mo\u010d Bluetooth<\/th>\n<td>0,02 dBm<\/td>\n<\/tr>\n<tr>\n<th>Weight<\/th>\n<td>Pribli\u017eno 14,5 kg<\/td>\n<\/tr>\n<tr>\n<th>Dimenzije<\/th>\n<td>518 x 297 x 336 mm<\/td>\n<\/tr>\n<\/tbody>\n<\/table>\n<\/div>","protected":false},"excerpt":{"rendered":"<p>Na zalogi pri zunanjem dobavitelju. Rok dobave 3-7 delovnih dni.<\/p>","protected":false},"featured_media":32114,"template":"","meta":{"_monsterinsights_skip_tracking":false,"_monsterinsights_sitenote_active":false,"_monsterinsights_sitenote_note":"","_monsterinsights_sitenote_category":0},"product_brand":[],"product_cat":[101,296,255],"product_tag":[],"class_list":{"0":"post-32118","1":"product","2":"type-product","3":"status-publish","4":"has-post-thumbnail","6":"product_cat-pametni-dom","7":"product_cat-solarna-tehnika","8":"product_cat-vsi","10":"first","11":"outofstock","12":"taxable","13":"shipping-taxable","14":"purchasable","15":"product-type-simple"},"jetpack_sharing_enabled":true,"_links":{"self":[{"href":"https:\/\/kobra.si\/en\/wp-json\/wp\/v2\/product\/32118","targetHints":{"allow":["GET"]}}],"collection":[{"href":"https:\/\/kobra.si\/en\/wp-json\/wp\/v2\/product"}],"about":[{"href":"https:\/\/kobra.si\/en\/wp-json\/wp\/v2\/types\/product"}],"version-history":[{"count":1,"href":"https:\/\/kobra.si\/en\/wp-json\/wp\/v2\/product\/32118\/revisions"}],"predecessor-version":[{"id":33826,"href":"https:\/\/kobra.si\/en\/wp-json\/wp\/v2\/product\/32118\/revisions\/33826"}],"wp:featuredmedia":[{"embeddable":true,"href":"https:\/\/kobra.si\/en\/wp-json\/wp\/v2\/media\/32114"}],"wp:attachment":[{"href":"https:\/\/kobra.si\/en\/wp-json\/wp\/v2\/media?parent=32118"}],"wp:term":[{"taxonomy":"product_brand","embeddable":true,"href":"https:\/\/kobra.si\/en\/wp-json\/wp\/v2\/product_brand?post=32118"},{"taxonomy":"product_cat","embeddable":true,"href":"https:\/\/kobra.si\/en\/wp-json\/wp\/v2\/product_cat?post=32118"},{"taxonomy":"product_tag","embeddable":true,"href":"https:\/\/kobra.si\/en\/wp-json\/wp\/v2\/product_tag?post=32118"}],"curies":[{"name":"wp","href":"https:\/\/api.w.org\/{rel}","templated":true}]}}