{"id":32113,"date":"2025-07-31T10:41:25","date_gmt":"2025-07-31T08:41:25","guid":{"rendered":"https:\/\/kobra.si\/spletna-trgovina-kobra\/ecoflow-river-2-vreca\/"},"modified":"2026-04-17T21:02:48","modified_gmt":"2026-04-17T19:02:48","slug":"ecoflow-river-2-vreca","status":"publish","type":"product","link":"https:\/\/kobra.si\/en\/spletna-trgovina-kobra\/ecoflow-river-2-vreca\/","title":{"rendered":"EcoFlow RIVER 2 vre\u010da"},"content":{"rendered":"<h3>EcoFlow RIVER 2 vre\u010da<\/h3>\n<p>Priro\u010dno shranjujte in preva\u017eajte svojo elektrarno EcoFlow. Torba je izdelana iz ve\u010d kot trpe\u017enih materialov, ki so odporni na vodo. To u\u010dinkovito \u0161\u010diti naprave, ki so name\u0161\u010dene v njej. Nahrbtnik je opremljen s prostornimi \u017eepi na zadrgo in zaponko, v katere lahko varno shranite pomembne manj\u0161e predmete. Odlikuje ga tudi prostornina 30 l, v katero zlahka spravite vse najnujnej\u0161e stvari, kot so 15,6-pal\u010dni prenosni ra\u010dunalnik, obla\u010dila, plastenka vode ali postaje RIVER 2, RIVER 2 Max ali RIVER 2 Pro. Zaradi skrbno premi\u0161ljene zasnove lahko u\u017eivate v priro\u010dnem in hitrem dostopu do svojih predmetov ter sanjskem udobju.<\/p>\n<p><img fetchpriority=\"high\" decoding=\"async\" src=\"https:\/\/b2b.innpro.pl\/data\/include\/cms\/12EcoFlow\/EcoFlow-River-2-bag\/6.jpg\" border=\"0\" alt=\"\" width=\"1100\" height=\"700\" title=\"\"><\/p>\n<div class=\"table-wrapper\">\n<table>\n<tbody>\n<tr>\n<th>Proizvajalec<\/th>\n<td>EcoFlow<\/td>\n<\/tr>\n<tr>\n<th>Model<\/th>\n<td>RIVER 2<\/td>\n<\/tr>\n<tr>\n<th>Capacity<\/th>\n<td>30L<\/td>\n<\/tr>\n<tr>\n<th>Dimenzije<\/th>\n<td>42 x 12 x 32 cm (ko je raz\u0161irjen) <br \/>38 x 12 x 32 cm (ko je zlo\u017een)<\/td>\n<\/tr>\n<tr>\n<th>Color<\/th>\n<td>Siva<\/td>\n<\/tr>\n<tr>\n<th>Vodoodpornost<\/th>\n<td>Da<\/td>\n<\/tr>\n<\/tbody>\n<\/table>\n<\/div>","protected":false},"excerpt":{"rendered":"<p>Na zalogi pri zunanjem dobavitelju. Rok dobave 3-7 delovnih dni.<\/p>","protected":false},"featured_media":32105,"template":"","meta":{"_monsterinsights_skip_tracking":false,"_monsterinsights_sitenote_active":false,"_monsterinsights_sitenote_note":"","_monsterinsights_sitenote_category":0},"product_brand":[],"product_cat":[101,296,255],"product_tag":[],"class_list":{"0":"post-32113","1":"product","2":"type-product","3":"status-publish","4":"has-post-thumbnail","6":"product_cat-pametni-dom","7":"product_cat-solarna-tehnika","8":"product_cat-vsi","10":"first","11":"instock","12":"taxable","13":"shipping-taxable","14":"purchasable","15":"product-type-simple"},"jetpack_sharing_enabled":true,"_links":{"self":[{"href":"https:\/\/kobra.si\/en\/wp-json\/wp\/v2\/product\/32113","targetHints":{"allow":["GET"]}}],"collection":[{"href":"https:\/\/kobra.si\/en\/wp-json\/wp\/v2\/product"}],"about":[{"href":"https:\/\/kobra.si\/en\/wp-json\/wp\/v2\/types\/product"}],"version-history":[{"count":1,"href":"https:\/\/kobra.si\/en\/wp-json\/wp\/v2\/product\/32113\/revisions"}],"predecessor-version":[{"id":33827,"href":"https:\/\/kobra.si\/en\/wp-json\/wp\/v2\/product\/32113\/revisions\/33827"}],"wp:featuredmedia":[{"embeddable":true,"href":"https:\/\/kobra.si\/en\/wp-json\/wp\/v2\/media\/32105"}],"wp:attachment":[{"href":"https:\/\/kobra.si\/en\/wp-json\/wp\/v2\/media?parent=32113"}],"wp:term":[{"taxonomy":"product_brand","embeddable":true,"href":"https:\/\/kobra.si\/en\/wp-json\/wp\/v2\/product_brand?post=32113"},{"taxonomy":"product_cat","embeddable":true,"href":"https:\/\/kobra.si\/en\/wp-json\/wp\/v2\/product_cat?post=32113"},{"taxonomy":"product_tag","embeddable":true,"href":"https:\/\/kobra.si\/en\/wp-json\/wp\/v2\/product_tag?post=32113"}],"curies":[{"name":"wp","href":"https:\/\/api.w.org\/{rel}","templated":true}]}}