{"id":32101,"date":"2025-07-31T10:40:33","date_gmt":"2025-07-31T08:40:33","guid":{"rendered":"https:\/\/kobra.si\/spletna-trgovina-kobra\/vodilo-za-soncni-kot-ecoflow\/"},"modified":"2026-04-15T21:04:06","modified_gmt":"2026-04-15T19:04:06","slug":"vodilo-za-soncni-kot-ecoflow","status":"publish","type":"product","link":"https:\/\/kobra.si\/en\/spletna-trgovina-kobra\/vodilo-za-soncni-kot-ecoflow\/","title":{"rendered":"Vodilo za son\u010dni kot EcoFlow"},"content":{"rendered":"<h3>EcoFlow Solar Vodnik za kot<\/h3>\n<p>Pridobite \u0161e ve\u010d energije iz sonca. EcoFlow Solar Angle Guide vam bo omogo\u010dil, da izkoristite celoten potencial svojih fotonapetostnih panelov &#8211; z njegovo pomo\u010djo jih lahko preprosto nastavite za optimalno delovanje! Izdelek je zelo enostaven za namestitev in izjemno vzdr\u017eljiv. Odlikuje ga tudi odpornost na UV-sevanje. Zaradi tega vam bo odli\u010dno slu\u017eil ve\u010d let.<\/p>\n<p><img decoding=\"async\" src=\"https:\/\/b2b.innpro.pl\/data\/include\/cms\/12EcoFlow\/EcoFlow-Solar-Angle-Guide\/1.jpg\" alt=\"12EcoFlow\/EcoFlow-Solar-Angle-Guide\/1\" title=\"\"><\/p>\n<h3>Zelo preprosto upravljanje<\/h3>\n<p>S pomo\u010djo vodila Solar Angle Guide lahko fotonapetostno plo\u0161\u010do preprosto postavite tako, da nanjo son\u010dni \u017earki padajo pod kotom 90\u00b0. Tako boste v kraj\u0161em \u010dasu pridobili ve\u010d energije! Vse, kar morate storiti, je, da pripomo\u010dek pripnete na plo\u0161\u010do in nato prilagodite njegov polo\u017eaj tako, da je senca to\u010dno na sredini izdelka. Nalogo vam bosta olaj\u0161ala prozorno ohi\u0161je in diagram v njem.<\/p>\n<p><img decoding=\"async\" src=\"https:\/\/b2b.innpro.pl\/data\/include\/cms\/12EcoFlow\/EcoFlow-Solar-Angle-Guide\/3.jpg\" alt=\"12EcoFlow\/EcoFlow-Solar-Angle-Guide\/3\" title=\"\"><\/p>\n<div class=\"table-wrapper\">\n<table>\n<tbody>\n<tr>\n<th>Blagovna znamka<\/th>\n<td>EcoFlow<\/td>\n<\/tr>\n<tr>\n<th>Ime<\/th>\n<td>Vodilo za son\u010dni kot<\/td>\n<\/tr>\n<tr>\n<th>Dimenzije<\/th>\n<td>50 x 54 x 30 mm<\/td>\n<\/tr>\n<tr>\n<th>Weight<\/th>\n<td>25g<\/td>\n<\/tr>\n<\/tbody>\n<\/table>\n<\/div>","protected":false},"excerpt":{"rendered":"<p>Na zalogi pri zunanjem dobavitelju. Rok dobave 3-7 delovnih dni.<\/p>","protected":false},"featured_media":32095,"template":"","meta":{"_monsterinsights_skip_tracking":false,"_monsterinsights_sitenote_active":false,"_monsterinsights_sitenote_note":"","_monsterinsights_sitenote_category":0},"product_brand":[],"product_cat":[101,296,255],"product_tag":[],"class_list":{"0":"post-32101","1":"product","2":"type-product","3":"status-publish","4":"has-post-thumbnail","6":"product_cat-pametni-dom","7":"product_cat-solarna-tehnika","8":"product_cat-vsi","10":"first","11":"instock","12":"taxable","13":"shipping-taxable","14":"purchasable","15":"product-type-simple"},"jetpack_sharing_enabled":true,"_links":{"self":[{"href":"https:\/\/kobra.si\/en\/wp-json\/wp\/v2\/product\/32101","targetHints":{"allow":["GET"]}}],"collection":[{"href":"https:\/\/kobra.si\/en\/wp-json\/wp\/v2\/product"}],"about":[{"href":"https:\/\/kobra.si\/en\/wp-json\/wp\/v2\/types\/product"}],"version-history":[{"count":1,"href":"https:\/\/kobra.si\/en\/wp-json\/wp\/v2\/product\/32101\/revisions"}],"predecessor-version":[{"id":33829,"href":"https:\/\/kobra.si\/en\/wp-json\/wp\/v2\/product\/32101\/revisions\/33829"}],"wp:featuredmedia":[{"embeddable":true,"href":"https:\/\/kobra.si\/en\/wp-json\/wp\/v2\/media\/32095"}],"wp:attachment":[{"href":"https:\/\/kobra.si\/en\/wp-json\/wp\/v2\/media?parent=32101"}],"wp:term":[{"taxonomy":"product_brand","embeddable":true,"href":"https:\/\/kobra.si\/en\/wp-json\/wp\/v2\/product_brand?post=32101"},{"taxonomy":"product_cat","embeddable":true,"href":"https:\/\/kobra.si\/en\/wp-json\/wp\/v2\/product_cat?post=32101"},{"taxonomy":"product_tag","embeddable":true,"href":"https:\/\/kobra.si\/en\/wp-json\/wp\/v2\/product_tag?post=32101"}],"curies":[{"name":"wp","href":"https:\/\/api.w.org\/{rel}","templated":true}]}}