{"id":32094,"date":"2025-07-31T10:40:09","date_gmt":"2025-07-31T08:40:09","guid":{"rendered":"https:\/\/kobra.si\/spletna-trgovina-kobra\/ecoflow-xt60i-kabel-za-fotovoltaicne-plosce-25-m\/"},"modified":"2026-04-21T21:03:01","modified_gmt":"2026-04-21T19:03:01","slug":"ecoflow-xt60i-kabel-za-fotovoltaicne-plosce-25-m","status":"publish","type":"product","link":"https:\/\/kobra.si\/en\/spletna-trgovina-kobra\/ecoflow-xt60i-kabel-za-fotovoltaicne-plosce-25-m\/","title":{"rendered":"EcoFlow XT60i Kabel za fotovoltai\u010dne plo\u0161\u010de 2,5 m"},"content":{"rendered":"<h3>Kabel EcoFlow XT60i za fotovoltai\u010dne plo\u0161\u010de<\/h3>\n<p>S kablom MC4 za XT60i lahko fotovoltai\u010dni panel pove\u017eete s prenosno elektrarno EcoFlow. Tako boste lahko u\u017eivali v brezpla\u010dni, okolju prijazni in \u0161iroko dostopni son\u010dni energiji, kjerkoli boste! Kabel je zdru\u017eljiv s postajami serij DELTA in RIVER ter je dolg 2,5 m.<\/p>\n<p><img decoding=\"async\" src=\"https:\/\/b2b.innpro.pl\/data\/include\/cms\/12EcoFlow\/MC4-XT60I\/1.jpg\" title=\"\"><\/p>\n<div class=\"table-wrapper\">\n<table>\n<tbody>\n<tr>\n<th>Blagovna znamka<\/th>\n<td>EcoFlow<\/td>\n<\/tr>\n<tr>\n<th>Vrsta kabla<\/th>\n<td> XT60i<\/td>\n<\/tr>\n<tr>\n<th>Dol\u017eina<\/th>\n<td>2.5m<\/td>\n<\/tr>\n<tr>\n<th>Zdru\u017eljivost<\/th>\n<td>Elektrarne EcoFlow serij DELTA in RIVER<\/td>\n<\/tr>\n<\/tbody>\n<\/table>\n<\/div>","protected":false},"excerpt":{"rendered":"<p>Na zalogi pri zunanjem dobavitelju. Rok dobave 3-7 delovnih dni.<\/p>","protected":false},"featured_media":32092,"template":"","meta":{"_monsterinsights_skip_tracking":false,"_monsterinsights_sitenote_active":false,"_monsterinsights_sitenote_note":"","_monsterinsights_sitenote_category":0},"product_brand":[],"product_cat":[101,296,255],"product_tag":[],"class_list":{"0":"post-32094","1":"product","2":"type-product","3":"status-publish","4":"has-post-thumbnail","6":"product_cat-pametni-dom","7":"product_cat-solarna-tehnika","8":"product_cat-vsi","10":"first","11":"instock","12":"taxable","13":"shipping-taxable","14":"purchasable","15":"product-type-simple"},"jetpack_sharing_enabled":true,"_links":{"self":[{"href":"https:\/\/kobra.si\/en\/wp-json\/wp\/v2\/product\/32094","targetHints":{"allow":["GET"]}}],"collection":[{"href":"https:\/\/kobra.si\/en\/wp-json\/wp\/v2\/product"}],"about":[{"href":"https:\/\/kobra.si\/en\/wp-json\/wp\/v2\/types\/product"}],"version-history":[{"count":1,"href":"https:\/\/kobra.si\/en\/wp-json\/wp\/v2\/product\/32094\/revisions"}],"predecessor-version":[{"id":33830,"href":"https:\/\/kobra.si\/en\/wp-json\/wp\/v2\/product\/32094\/revisions\/33830"}],"wp:featuredmedia":[{"embeddable":true,"href":"https:\/\/kobra.si\/en\/wp-json\/wp\/v2\/media\/32092"}],"wp:attachment":[{"href":"https:\/\/kobra.si\/en\/wp-json\/wp\/v2\/media?parent=32094"}],"wp:term":[{"taxonomy":"product_brand","embeddable":true,"href":"https:\/\/kobra.si\/en\/wp-json\/wp\/v2\/product_brand?post=32094"},{"taxonomy":"product_cat","embeddable":true,"href":"https:\/\/kobra.si\/en\/wp-json\/wp\/v2\/product_cat?post=32094"},{"taxonomy":"product_tag","embeddable":true,"href":"https:\/\/kobra.si\/en\/wp-json\/wp\/v2\/product_tag?post=32094"}],"curies":[{"name":"wp","href":"https:\/\/api.w.org\/{rel}","templated":true}]}}