{"id":32091,"date":"2025-07-31T10:39:55","date_gmt":"2025-07-31T08:39:55","guid":{"rendered":"https:\/\/kobra.si\/spletna-trgovina-kobra\/prenosna-elektrarna-ecoflow-river-2-pro\/"},"modified":"2026-04-21T21:02:58","modified_gmt":"2026-04-21T19:02:58","slug":"prenosna-elektrarna-ecoflow-river-2-pro","status":"publish","type":"product","link":"https:\/\/kobra.si\/en\/spletna-trgovina-kobra\/prenosna-elektrarna-ecoflow-river-2-pro\/","title":{"rendered":"Prenosna elektrarna EcoFlow RIVER 2 Pro"},"content":{"rendered":"<h3>Prenosna napajalna postaja EcoFlow RIVER 2 Pro<\/h3>\n<p>Zagotovite svojim napravam zanesljiv vir energije. Prenosna napajalna postaja EcoFlow RIVER 2 Pro ima zmogljivost 768Wh in izhodno mo\u010d do 800 W. Poleg tega je zaradi tehnologije X-Boost kos tudi napravam z mo\u010djo do 1600 W. To pomeni, da lahko napaja do 80 % pogosto uporabljenih gospodinjskih aparatov! Postaja podpira tudi hitro polnjenje &#8211; do 100 % jo lahko napolnite v pribli\u017eno 70 minutah. Izdelek odlikuje tudi prenosna zasnova. Na voljo je tudi posebna aplikacija EcoFlow.<\/p>\n<p><img fetchpriority=\"high\" decoding=\"async\" src=\"https:\/\/b2b.innpro.pl\/data\/include\/cms\/12EcoFlow\/River-2-Pro\/9.jpg\" border=\"0\" alt=\"\" width=\"1100\" height=\"700\" title=\"\"><\/p>\n<\/p>\n<h3>Naprava bo napajala do 80 % va\u0161ih osnovnih naprav<\/h3>\n<p>Izberite napajalno postajo, ki se bo obnesla v vseh razmerah. Napravo EcoFlow RIVER 2 Pro odlikuje izhodna mo\u010d do 800 W (vti\u010dnica za izmeni\u010dni tok). Na voljo vam bo tudi tehnologija X-Boost, ki omogo\u010da, da izdelek obvladuje do 1 600 W opreme. Su\u0161ilni stroj, mikrovalovna pe\u010dica ali morda \u010dajnik? Naprava RIVER 2 Pro bo zagotovila napajanje do 80 % priljubljenih gospodinjskih aparatov!<\/p>\n<p><img decoding=\"async\" src=\"https:\/\/b2b.innpro.pl\/data\/include\/cms\/12EcoFlow\/River-2-Pro\/6.jpg\" border=\"0\" alt=\"\" width=\"1100\" height=\"700\" title=\"\"><\/p>\n<\/p>\n<h3>Od 0 % do 100 % v 70 minutah<\/h3>\n<p>Ni\u010d ve\u010d dolgotrajnega \u010dakanja, da bo postaja spet pripravljena za uporabo. RIVER 2 Pro podpira hitro polnjenje. Preprosto jo priklju\u010dite v vti\u010dnico in v pribli\u017eno 70 minutah bo popolnoma napolnjena! Organizirate kampiranje? Ali pa se odpravljate na izlet s \u0161otorom? Priklju\u010dite postajo in se lotite pakiranja &#8211; ko boste kon\u010dali, bo naprava RIVER 2 Pro \u017ee napolnjena!<\/p>\n<p><img decoding=\"async\" src=\"https:\/\/b2b.innpro.pl\/data\/include\/cms\/12EcoFlow\/River-2-Pro\/3.jpg\" border=\"0\" alt=\"\" width=\"1100\" height=\"700\" title=\"\"><\/p>\n<\/p>\n<h3>Baterija, na katero se lahko zanesete<\/h3>\n<p>U\u017eivajte v impresivni \u017eivljenjski dobi svoje postaje. RIVER 2 Pro je opremljena z zmogljivo baterijo LFP, ki vam bo dolgo \u010dasa dobro slu\u017eila. Omogo\u010da, da se naprava popolnoma napolni in izprazni do 3000-krat, kar pomeni pribli\u017eno 10 let uporabe. \u0160e ve\u010d, zaradi celic LFP oprema serije RIVER 2 deluje bolj varno in u\u010dinkovito &#8211; tudi pri visokih temperaturah. Omembe vreden je tudi sistem BMS, ki zagotavlja zanesljivo delovanje baterije.<\/p>\n<p><img loading=\"lazy\" decoding=\"async\" src=\"https:\/\/b2b.innpro.pl\/data\/include\/cms\/12EcoFlow\/River-2-Pro\/7.jpg\" border=\"0\" alt=\"\" width=\"1100\" height=\"700\" title=\"\"><\/p>\n<\/p>\n<h3>Napravo lahko polnite na 4 na\u010dine<\/h3>\n<p>Napajalna postaja RIVER 2 Pro je idealna za razli\u010dne scenarije &#8211; doma, na potovanju ali pod \u0161otorom. Polnite jo lahko na 4 na\u010dine &#8211; na primer z vti\u010dnico za izmeni\u010dni tok ali avtomobilskim polnilnikom. Obstaja tudi mo\u017enost uporabe zelene son\u010dne energije &#8211; z uporabo fotovoltai\u010dnih panelov boste napravo napolnili v pribli\u017eno 3 urah. Vendar se to ne kon\u010da &#8211; naprava RIVER 2 Pro podpira tudi nov na\u010din polnjenja prek vmesnika USB-C.<\/p>\n<p><img loading=\"lazy\" decoding=\"async\" src=\"https:\/\/b2b.innpro.pl\/data\/include\/cms\/12EcoFlow\/River-2-Pro\/8.jpg\" border=\"0\" alt=\"\" width=\"1100\" height=\"700\" title=\"\"><\/p>\n<\/p>\n<h3>Odnesite ga, kamor \u017eelite<\/h3>\n<p>Piknik na pla\u017ei, \u017ear s prijatelji ali morda vikend pod \u0161otorom? RIVER 2 Pro vas lahko spremlja skoraj povsod! Kljub svojim zmogljivim zmogljivostim je nova postaja EcoFlow presenetljivo lahka &#8211; tehta le pribli\u017eno 7,8 kg. Prav tako je dovolj majhna, da jo lahko brez te\u017eav spravite v avtodom ali prtlja\u017enik avtomobila. Poleg tega ima prakti\u010den ro\u010daj, s katerim jo je veliko la\u017eje prena\u0161ati. Vzemite ga, kamorkoli ga potrebujete, in u\u017eivajte v nemotenem dostopu do elektri\u010dne energije.<\/p>\n<p><img loading=\"lazy\" decoding=\"async\" src=\"https:\/\/b2b.innpro.pl\/data\/include\/cms\/12EcoFlow\/River-2-Pro\/11.jpg\" border=\"0\" alt=\"\" width=\"1100\" height=\"700\" title=\"\"><\/p>\n<\/p>\n<h3>Funkcija EPS<\/h3>\n<p>Bodite pripravljeni na nepredvidene okoli\u0161\u010dine in si zagotovite zanesljiv vir energije za svoje naprave. Postaja EcoFlow RIVER 2 Pro lahko deluje kot EPS. To pomeni, da bo, \u010de vam nenadoma zmanjka elektri\u010dne energije, v pribli\u017eno 30 ms za\u010dela oskrbovati izbrano opremo z elektri\u010dno energijo. Dobro se bo obnesla na primer kot zasilno napajanje akvarija, svetilke, hladilnika ali aparata CPAP.<\/p>\n<p><img loading=\"lazy\" decoding=\"async\" src=\"https:\/\/b2b.innpro.pl\/data\/include\/cms\/12EcoFlow\/River-2-Pro\/2.jpg\" border=\"0\" alt=\"\" width=\"1100\" height=\"700\" title=\"\"><\/p>\n<\/p>\n<h3>Preizkusite aplikacijo EcoFlow<\/h3>\n<p>U\u017eivajte v priro\u010dnem daljinskem upravljanju svoje postaje. Samo pove\u017eite jo z aplikacijo EcoFlow, ki jo lahko prenesete iz trgovine Google Play ali App Store. Ko to storite, boste pridobili mo\u017enost preverjanja ravni napolnjenosti, prilagajanja hitrosti polnjenja in prilagajanja nastavitev. Zdaj imate vse najpomembnej\u0161e funkcije na dosegu roke! Postaja RIVER 2 Pro se s telefonom pove\u017ee prek povezave Bluetooth ali Wi-Fi.<\/p>\n<p><img loading=\"lazy\" decoding=\"async\" src=\"https:\/\/b2b.innpro.pl\/data\/include\/cms\/12EcoFlow\/River-2-Pro\/5.jpg\" border=\"0\" alt=\"\" width=\"1100\" height=\"700\" title=\"\"><\/p>\n<\/p>\n<h3>V \u0161katli<\/h3>\n<ul>\n<li>Napajalna postaja RIVER 2 Pro<\/li>\n<li>Kabel za polnjenje z izmeni\u010dnim tokom<\/li>\n<li>Kabel za polnjenje z avtomobilskim polnilnikom<\/li>\n<li>Priklju\u010dni kabel DC5521<\/li>\n<li>Priro\u010dnik za hiter za\u010detek<\/li>\n<\/ul>\n<div class=\"table-wrapper\">\n<table>\n<tbody>\n<tr>\n<th>Blagovna znamka<\/th>\n<td>EcoFlow<\/td>\n<\/tr>\n<tr>\n<th>Model<\/th>\n<td>RIVER 2 Pro<\/td>\n<\/tr>\n<tr>\n<th>Capacity<\/th>\n<td>768Wh<\/td>\n<\/tr>\n<tr>\n<th>Weight<\/th>\n<td>Pribli\u017eno 7,8 kg<\/td>\n<\/tr>\n<tr>\n<th>Dimenzije<\/th>\n<td>Pribli\u017eno 270x260x226 mm<\/td>\n<\/tr>\n<tr>\n<th>Vhod za izmeni\u010dni tok<\/th>\n<td>220-240 V~ 50\/60 Hz, najve\u010d 10 A<\/td>\n<\/tr>\n<tr>\n<th>Vhod enosmernega toka<\/th>\n<td>11-50V 13A, najve\u010d 220W<\/td>\n<\/tr>\n<tr>\n<th>Vhod\/izhod USB-C<\/th>\n<td>5 \/ 9 \/ 12 \/ 15 \/ 20V 5A, 100W max.<\/td>\n<\/tr>\n<tr>\n<th>Izhod USB-A<\/th>\n<td>5V 2,4A najve\u010d 12W (na vhod, skupaj 24W)<\/td>\n<\/tr>\n<tr>\n<th>Izhod za enosmerni tok<\/th>\n<td>12,6 V 10A \/ 3A \/ 3A, najve\u010d 126 W.<\/td>\n<\/tr>\n<tr>\n<th>Izhod za izmeni\u010dni tok<\/th>\n<td>\u010cisti sinusni val, skupaj 800 W (1600 W pretok), 230 V ~ 50\/60 Hz<\/td>\n<\/tr>\n<tr>\n<th>Baterijska celica<\/th>\n<td>LFP<\/td>\n<\/tr>\n<tr>\n<th>\u017divljenjska doba<\/th>\n<td>80 % zmogljivosti po 3000 ciklih polnjenja<\/td>\n<\/tr>\n<tr>\n<th>Temperatura praznjenja<\/th>\n<td>Od -10 \u00b0C do 45 \u00b0C<\/td>\n<\/tr>\n<tr>\n<th>Temperatura polnjenja<\/th>\n<td>Od 0 \u00b0C do 45 \u00b0C<\/td>\n<\/tr>\n<tr>\n<th>Optimalna delovna temperatura<\/th>\n<td>Od 20 \u00b0C do 30 \u00b0C<\/td>\n<\/tr>\n<tr>\n<th>Temperatura skladi\u0161\u010denja<\/th>\n<td>Od -10 \u00b0C do 45 \u00b0C (optimalno od 20 \u00b0C do 30 \u00b0C)<\/td>\n<\/tr>\n<tr>\n<th>Uporaba<\/th>\n<td>EcoFlow<\/td>\n<\/tr>\n<tr>\n<th>Povezljivost<\/th>\n<td>Wi-Fi, Bluetooth<\/td>\n<\/tr>\n<\/tbody>\n<\/table>\n<\/div>","protected":false},"excerpt":{"rendered":"<p>Na zalogi pri zunanjem dobavitelju. Rok dobave 3-7 delovnih dni.<\/p>","protected":false},"featured_media":32082,"template":"","meta":{"_monsterinsights_skip_tracking":false,"_monsterinsights_sitenote_active":false,"_monsterinsights_sitenote_note":"","_monsterinsights_sitenote_category":0},"product_brand":[],"product_cat":[101,296,255],"product_tag":[],"class_list":{"0":"post-32091","1":"product","2":"type-product","3":"status-publish","4":"has-post-thumbnail","6":"product_cat-pametni-dom","7":"product_cat-solarna-tehnika","8":"product_cat-vsi","10":"first","11":"instock","12":"taxable","13":"shipping-taxable","14":"purchasable","15":"product-type-simple"},"jetpack_sharing_enabled":true,"_links":{"self":[{"href":"https:\/\/kobra.si\/en\/wp-json\/wp\/v2\/product\/32091","targetHints":{"allow":["GET"]}}],"collection":[{"href":"https:\/\/kobra.si\/en\/wp-json\/wp\/v2\/product"}],"about":[{"href":"https:\/\/kobra.si\/en\/wp-json\/wp\/v2\/types\/product"}],"version-history":[{"count":1,"href":"https:\/\/kobra.si\/en\/wp-json\/wp\/v2\/product\/32091\/revisions"}],"predecessor-version":[{"id":33831,"href":"https:\/\/kobra.si\/en\/wp-json\/wp\/v2\/product\/32091\/revisions\/33831"}],"wp:featuredmedia":[{"embeddable":true,"href":"https:\/\/kobra.si\/en\/wp-json\/wp\/v2\/media\/32082"}],"wp:attachment":[{"href":"https:\/\/kobra.si\/en\/wp-json\/wp\/v2\/media?parent=32091"}],"wp:term":[{"taxonomy":"product_brand","embeddable":true,"href":"https:\/\/kobra.si\/en\/wp-json\/wp\/v2\/product_brand?post=32091"},{"taxonomy":"product_cat","embeddable":true,"href":"https:\/\/kobra.si\/en\/wp-json\/wp\/v2\/product_cat?post=32091"},{"taxonomy":"product_tag","embeddable":true,"href":"https:\/\/kobra.si\/en\/wp-json\/wp\/v2\/product_tag?post=32091"}],"curies":[{"name":"wp","href":"https:\/\/api.w.org\/{rel}","templated":true}]}}