{"id":32071,"date":"2025-07-31T10:39:05","date_gmt":"2025-07-31T08:39:05","guid":{"rendered":"https:\/\/kobra.si\/spletna-trgovina-kobra\/vrecka-ecoflow-delta-pro\/"},"modified":"2025-12-09T21:07:52","modified_gmt":"2025-12-09T20:07:52","slug":"vrecka-ecoflow-delta-pro","status":"publish","type":"product","link":"https:\/\/kobra.si\/en\/spletna-trgovina-kobra\/vrecka-ecoflow-delta-pro\/","title":{"rendered":"Vre\u010dka EcoFlow DELTA Pro"},"content":{"rendered":"<h3 style=\"text-align: center\">Vre\u010dka EcoFlow DELTA Pro<\/h3>\n<p>Torba EcoFlow DELTA Pro bo zanesljivo za\u0161\u010ditila va\u0161o mobilno elektrarno. Njen visokokakovostni material je popolnoma vodoodporen. Premi\u0161ljena zasnova s prakti\u010dnim \u017eepom omogo\u010da priro\u010dno uporabo.<\/p>\n<p><img fetchpriority=\"high\" decoding=\"async\" src=\"https:\/\/b2b.innpro.pl\/data\/include\/cms\/12EcoFlow\/Torba-Delta-Pro\/3.jpg\" border=\"0\" alt=\"\" width=\"1100\" height=\"700\" title=\"\"><\/p>\n<p><\/p>\n<h3 style=\"text-align: center\">Zanesljiva<\/h3>\n<p>Lahkoten in trpe\u017een material torbe je odporen na obrabo in vodoodporen. Tako bo napravo DELTA Pro med prevozom za\u0161\u010ditila pred vremenskimi vplivi, udarci ali praskami. Poleg tega ima na pokrovu funkcionalen \u017eep, v katerega lahko shranite potrebne kable.<\/p>\n<p><img decoding=\"async\" src=\"https:\/\/b2b.innpro.pl\/data\/include\/cms\/12EcoFlow\/Torba-Delta-Pro\/2.jpg\" border=\"0\" alt=\"\" width=\"1100\" height=\"700\" title=\"\"><\/p>\n<p><\/p>\n<h3 style=\"text-align: center\">Prakti\u010dna zasnova<\/h3>\n<p>Torba je posebej zasnovana tako, da omogo\u010da priro\u010den dostop do najpomembnej\u0161ih sestavnih delov naprave DELTA Pro. Prozoren pokrov zaslona LCD vam omogo\u010da spremljanje prenosne elektrarne, hkrati pa u\u010dinkovito \u0161\u010diti zaslon pred praskami. Poleg tega lahko zlahka pridete do vseh elektri\u010dnih vti\u010dnic, kolesc ali ro\u010daja.<\/p>\n<p><img decoding=\"async\" src=\"https:\/\/b2b.innpro.pl\/data\/include\/cms\/12EcoFlow\/Torba-Delta-Pro\/1.jpg\" border=\"0\" alt=\"\" width=\"1100\" height=\"700\" title=\"\"><\/p>\n<p><\/p>\n<h3>Specifikacije: Vgrajen je v notranjost, ki jo je treba za\u0161\u010dititi pred vdorom:<\/h3>\n<div class=\"table-wrapper\">\n<table>\n<tbody>\n<tr>\n<th>Model<\/th>\n<td>DELTA Pro<\/td>\n<\/tr>\n<tr>\n<th>Dimenzije:<\/th>\n<td>640x260x400 mm<\/td>\n<\/tr>\n<tr>\n<th>Weight<\/th>\n<td>0,74 kg<\/td>\n<\/tr>\n<tr>\n<th>Color<\/th>\n<td>\u010crna<\/td>\n<\/tr>\n<tr>\n<th>Vodotesnost<\/th>\n<td>Da<\/td>\n<\/tr>\n<\/tbody>\n<\/table>\n<\/div>\n<p>.table-wrapper{\u0161irina:100 %;overflow-x:auto}.table-wrapper&gt;table{razmik med robovi:0}.table-wrapper&gt;table&gt;tbody&gt;tr&gt;td,.table-wrapper&gt;table&gt;tbody&gt;tr&gt;th{padding:10px 35px;text-align:left}.table-wrapper&gt;table&gt;tbody&gt;tr&gt;th{vertikalna poravnava:top}.table-wrapper&gt;table&gt;tbody&gt;tr:nth-child(even){barva ozadja:#f7f7f7}<\/p>","protected":false},"excerpt":{"rendered":"<p>Na zalogi pri zunanjem dobavitelju. Rok dobave 3-7 delovnih dni.<\/p>","protected":false},"featured_media":32067,"template":"","meta":{"_monsterinsights_skip_tracking":false,"_monsterinsights_sitenote_active":false,"_monsterinsights_sitenote_note":"","_monsterinsights_sitenote_category":0},"product_brand":[],"product_cat":[101,296,255],"product_tag":[],"class_list":{"0":"post-32071","1":"product","2":"type-product","3":"status-publish","4":"has-post-thumbnail","6":"product_cat-pametni-dom","7":"product_cat-solarna-tehnika","8":"product_cat-vsi","10":"first","11":"outofstock","12":"taxable","13":"shipping-taxable","14":"purchasable","15":"product-type-simple"},"jetpack_sharing_enabled":true,"_links":{"self":[{"href":"https:\/\/kobra.si\/en\/wp-json\/wp\/v2\/product\/32071","targetHints":{"allow":["GET"]}}],"collection":[{"href":"https:\/\/kobra.si\/en\/wp-json\/wp\/v2\/product"}],"about":[{"href":"https:\/\/kobra.si\/en\/wp-json\/wp\/v2\/types\/product"}],"version-history":[{"count":1,"href":"https:\/\/kobra.si\/en\/wp-json\/wp\/v2\/product\/32071\/revisions"}],"predecessor-version":[{"id":33833,"href":"https:\/\/kobra.si\/en\/wp-json\/wp\/v2\/product\/32071\/revisions\/33833"}],"wp:featuredmedia":[{"embeddable":true,"href":"https:\/\/kobra.si\/en\/wp-json\/wp\/v2\/media\/32067"}],"wp:attachment":[{"href":"https:\/\/kobra.si\/en\/wp-json\/wp\/v2\/media?parent=32071"}],"wp:term":[{"taxonomy":"product_brand","embeddable":true,"href":"https:\/\/kobra.si\/en\/wp-json\/wp\/v2\/product_brand?post=32071"},{"taxonomy":"product_cat","embeddable":true,"href":"https:\/\/kobra.si\/en\/wp-json\/wp\/v2\/product_cat?post=32071"},{"taxonomy":"product_tag","embeddable":true,"href":"https:\/\/kobra.si\/en\/wp-json\/wp\/v2\/product_tag?post=32071"}],"curies":[{"name":"wp","href":"https:\/\/api.w.org\/{rel}","templated":true}]}}