{"id":32066,"date":"2025-07-31T10:38:46","date_gmt":"2025-07-31T08:38:46","guid":{"rendered":"https:\/\/kobra.si\/spletna-trgovina-kobra\/vrecka-ecoflow-delta-2\/"},"modified":"2025-12-16T21:06:47","modified_gmt":"2025-12-16T20:06:47","slug":"vrecka-ecoflow-delta-2","status":"publish","type":"product","link":"https:\/\/kobra.si\/en\/spletna-trgovina-kobra\/vrecka-ecoflow-delta-2\/","title":{"rendered":"Vre\u010dka EcoFlow DELTA 2"},"content":{"rendered":"<h3>EcoFlow DELTA 2 vre\u010da<\/h3>\n<p>U\u017eivajte v priro\u010dnem in varnem prevozu va\u0161e elektrarne DELTA 2. Torba EcoFlow, namenjena zanjo, je izdelana iz trpe\u017enega materiala 6000D Oxford razreda PU, zato je zelo vzdr\u017eljiva. Dolgo vam bo dobro slu\u017eila! Poleg tega boste vanjo poleg napajalne postaje spravili tudi potrebne kable in druge manj\u0161e pripomo\u010dke &#8211; vzdr\u017eevanje reda bo olaj\u0161ano z dodatnim predalom.<\/p>\n<p><img decoding=\"async\" src=\"https:\/\/b2b.innpro.pl\/data\/include\/cms\/12EcoFlow\/Torba-Delta-2\/1.jpg\" border=\"0\" alt=\"12EcoFlow\/Torba-Delta-2\/1\" title=\"\"><\/p>\n<h3>Deluje v vseh pogojih<\/h3>\n<p>Torbo odlikuje odpornost na vodo in prah, zato lahko zagotovi varnost naprav, shranjenih v njej &#8211; ne glede na razmere. Prav tako je zelo neprepustna za zrak in odporna proti po\u0161kodbam. Na voljo imate tudi stransko zadrgo, ki zagotavlja priro\u010den dostop do priklju\u010dkov postaje. Postaje vam sploh ni treba vzeti iz torbe &#8211; tako se izognete nepotrebni izpostavljenosti zunanjim dejavnikom.<\/p>\n<p><img decoding=\"async\" src=\"https:\/\/b2b.innpro.pl\/data\/include\/cms\/12EcoFlow\/Torba-Delta-2\/4.jpg\" border=\"0\" alt=\"12EcoFlow\/Torba-Delta-2\/4\" title=\"\"><\/p>\n<div class=\"table-wrapper\">\n<table>\n<tbody>\n<tr>\n<th>Blagovna znamka<\/th>\n<td>EcoFlow<\/td>\n<\/tr>\n<tr>\n<th>Ime<\/th>\n<td>Vodotesna torba DELTA 2<\/td>\n<\/tr>\n<tr>\n<th>Zdru\u017eljivost<\/th>\n<td>Napajalna postaja EcoFlow DELTA 2<\/td>\n<\/tr>\n<\/tbody>\n<\/table>\n<\/div>","protected":false},"excerpt":{"rendered":"<p>Na zalogi pri zunanjem dobavitelju. Rok dobave 3-7 delovnih dni.<\/p>","protected":false},"featured_media":32058,"template":"","meta":{"_monsterinsights_skip_tracking":false,"_monsterinsights_sitenote_active":false,"_monsterinsights_sitenote_note":"","_monsterinsights_sitenote_category":0},"product_brand":[],"product_cat":[101,296,255],"product_tag":[],"class_list":{"0":"post-32066","1":"product","2":"type-product","3":"status-publish","4":"has-post-thumbnail","6":"product_cat-pametni-dom","7":"product_cat-solarna-tehnika","8":"product_cat-vsi","10":"first","11":"outofstock","12":"taxable","13":"shipping-taxable","14":"purchasable","15":"product-type-simple"},"jetpack_sharing_enabled":true,"_links":{"self":[{"href":"https:\/\/kobra.si\/en\/wp-json\/wp\/v2\/product\/32066","targetHints":{"allow":["GET"]}}],"collection":[{"href":"https:\/\/kobra.si\/en\/wp-json\/wp\/v2\/product"}],"about":[{"href":"https:\/\/kobra.si\/en\/wp-json\/wp\/v2\/types\/product"}],"version-history":[{"count":1,"href":"https:\/\/kobra.si\/en\/wp-json\/wp\/v2\/product\/32066\/revisions"}],"predecessor-version":[{"id":33834,"href":"https:\/\/kobra.si\/en\/wp-json\/wp\/v2\/product\/32066\/revisions\/33834"}],"wp:featuredmedia":[{"embeddable":true,"href":"https:\/\/kobra.si\/en\/wp-json\/wp\/v2\/media\/32058"}],"wp:attachment":[{"href":"https:\/\/kobra.si\/en\/wp-json\/wp\/v2\/media?parent=32066"}],"wp:term":[{"taxonomy":"product_brand","embeddable":true,"href":"https:\/\/kobra.si\/en\/wp-json\/wp\/v2\/product_brand?post=32066"},{"taxonomy":"product_cat","embeddable":true,"href":"https:\/\/kobra.si\/en\/wp-json\/wp\/v2\/product_cat?post=32066"},{"taxonomy":"product_tag","embeddable":true,"href":"https:\/\/kobra.si\/en\/wp-json\/wp\/v2\/product_tag?post=32066"}],"curies":[{"name":"wp","href":"https:\/\/api.w.org\/{rel}","templated":true}]}}