{"id":32057,"date":"2025-07-31T10:38:30","date_gmt":"2025-07-31T08:38:30","guid":{"rendered":"https:\/\/kobra.si\/spletna-trgovina-kobra\/dodatna-baterija-za-ecoflow-delta-2\/"},"modified":"2026-04-20T21:04:18","modified_gmt":"2026-04-20T19:04:18","slug":"dodatna-baterija-za-ecoflow-delta-2","status":"publish","type":"product","link":"https:\/\/kobra.si\/en\/spletna-trgovina-kobra\/dodatna-baterija-za-ecoflow-delta-2\/","title":{"rendered":"Dodatna baterija za EcoFlow DELTA 2"},"content":{"rendered":"<h3 style=\"text-align: center\">Dodatna baterija za napajalno postajo EcoFlow DELTA 2<\/h3>\n<p>Z dodatno baterijo bo va\u0161a napajalna postaja EcoFlow DELTA 2 dosegla skupno zmogljivost 2048 Wh. Izdelek omogo\u010da polnjenje prek solarnih panelov, priklju\u010dka za izmeni\u010dni tok ali inteligentnega generatorja EcoFlow. Ponuja tudi predal za shranjevanje, v katerega lahko namestite drugo dodatno opremo. Stavite na zanesljivost, ki jo boste uporabljali za svoje udobje!<\/p>\n<p><img fetchpriority=\"high\" decoding=\"async\" src=\"https:\/\/b2b.innpro.pl\/data\/include\/cms\/12EcoFlow\/Delta-2-Extra-Battery\/1.jpg\" border=\"0\" alt=\"\" width=\"1100\" height=\"700\" title=\"\"><\/p>\n<\/p>\n<h3>Specifikacije: Vgrajen akumulator z elektri\u010dno energijo, ki ga lahko uporabljate kot elektri\u010dno napajanje:<\/h3>\n<\/p>\n<div class=\"table-wrapper\">\n<table>\n<tbody>\n<tr>\n<th>Proizvajalec:<\/th>\n<td>EcoFlow<\/td>\n<\/tr>\n<tr>\n<th>Model<\/th>\n<td>Baterija DELTA 2<\/td>\n<\/tr>\n<tr>\n<th>Capacity<\/th>\n<td>1024 Wh<\/td>\n<\/tr>\n<tr>\n<th>Namen<\/th>\n<td>Napajalna postaja EcoFlow DELTA 2<\/td>\n<\/tr>\n<\/tbody>\n<\/table>\n<\/p>\n<\/div>\n<p><!--\n.table-wrapper{width:100%;overflow-x:auto}.table-wrapper&gt;-->table{border-spacing:0}.table-wrapper&gt;table&gt;tbody&gt;tr&gt;td,.table-wrapper&gt;table&gt;tbody&gt;tr&gt;th{padding:10px 35px;text-align:left}.table-wrapper&gt;table&gt;tbody&gt;tr&gt;th{vertical-align:top}.table-wrapper&gt;table&gt;tbody&gt;tr:nth-child(even){background-color:#f7f7f7}<br \/>\n&#8211;&gt;<\/p>","protected":false},"excerpt":{"rendered":"<p>Na zalogi pri zunanjem dobavitelju. Rok dobave 3-7 delovnih dni.<\/p>","protected":false},"featured_media":32047,"template":"","meta":{"_monsterinsights_skip_tracking":false,"_monsterinsights_sitenote_active":false,"_monsterinsights_sitenote_note":"","_monsterinsights_sitenote_category":0},"product_brand":[],"product_cat":[101,296,255],"product_tag":[],"class_list":{"0":"post-32057","1":"product","2":"type-product","3":"status-publish","4":"has-post-thumbnail","6":"product_cat-pametni-dom","7":"product_cat-solarna-tehnika","8":"product_cat-vsi","10":"first","11":"instock","12":"taxable","13":"shipping-taxable","14":"purchasable","15":"product-type-simple"},"jetpack_sharing_enabled":true,"_links":{"self":[{"href":"https:\/\/kobra.si\/en\/wp-json\/wp\/v2\/product\/32057","targetHints":{"allow":["GET"]}}],"collection":[{"href":"https:\/\/kobra.si\/en\/wp-json\/wp\/v2\/product"}],"about":[{"href":"https:\/\/kobra.si\/en\/wp-json\/wp\/v2\/types\/product"}],"version-history":[{"count":1,"href":"https:\/\/kobra.si\/en\/wp-json\/wp\/v2\/product\/32057\/revisions"}],"predecessor-version":[{"id":33835,"href":"https:\/\/kobra.si\/en\/wp-json\/wp\/v2\/product\/32057\/revisions\/33835"}],"wp:featuredmedia":[{"embeddable":true,"href":"https:\/\/kobra.si\/en\/wp-json\/wp\/v2\/media\/32047"}],"wp:attachment":[{"href":"https:\/\/kobra.si\/en\/wp-json\/wp\/v2\/media?parent=32057"}],"wp:term":[{"taxonomy":"product_brand","embeddable":true,"href":"https:\/\/kobra.si\/en\/wp-json\/wp\/v2\/product_brand?post=32057"},{"taxonomy":"product_cat","embeddable":true,"href":"https:\/\/kobra.si\/en\/wp-json\/wp\/v2\/product_cat?post=32057"},{"taxonomy":"product_tag","embeddable":true,"href":"https:\/\/kobra.si\/en\/wp-json\/wp\/v2\/product_tag?post=32057"}],"curies":[{"name":"wp","href":"https:\/\/api.w.org\/{rel}","templated":true}]}}