{"id":32037,"date":"2025-07-31T10:37:38","date_gmt":"2025-07-31T08:37:38","guid":{"rendered":"https:\/\/kobra.si\/spletna-trgovina-kobra\/pritrdilni-trak-za-baterijo-ecoflow-power-kits-5kwh\/"},"modified":"2026-01-30T21:03:33","modified_gmt":"2026-01-30T20:03:33","slug":"pritrdilni-trak-za-baterijo-ecoflow-power-kits-5kwh","status":"publish","type":"product","link":"https:\/\/kobra.si\/en\/spletna-trgovina-kobra\/pritrdilni-trak-za-baterijo-ecoflow-power-kits-5kwh\/","title":{"rendered":"Pritrdilni trak za baterijo EcoFlow Power Kits 5kWh"},"content":{"rendered":"<h3 style=\"text-align: center\">Monta\u017eni trak za baterijo LFP Ecoflow 5 kWh<\/h3>\n<p>Posebna monta\u017ena konstrukcija za akumulatorsko baterijo LFP EcoFlow 5kWh. Omogo\u010da namestitev enote na steno in povezavo ve\u010d delov izdelka v eno kompaktno enoto. Komplet vklju\u010duje okvir, monta\u017ene trakove in stenske nosilce. Stavite na funkcionalnost in ustvarite svoj sanjski energetski sistem.<\/p>\n<p><img fetchpriority=\"high\" decoding=\"async\" src=\"https:\/\/b2b.innpro.pl\/data\/include\/cms\/12EcoFlow\/Konstrukcja-montazowa-do-baterii-Ecoflow-5kWh\/4.jpg\" border=\"0\" alt=\"\" width=\"1100\" height=\"700\" title=\"\"><\/p>\n<\/p>\n<h3>Komplet vklju\u010duje:<\/h3>\n<ul>\n<li>Monta\u017eni okvir<\/li>\n<li>Pritrdilni trakovi<\/li>\n<li>stenske nosilce<\/li>\n<\/ul>\n<h3>Specifikacija: Sklop za monta\u017eo in monta\u017eo:<\/h3>\n<\/p>\n<div class=\"table-wrapper\">\n<table>\n<tbody>\n<tr>\n<th>Proizvajalec<\/th>\n<td>EcoFlow<\/td>\n<\/tr>\n<tr>\n<th>Model<\/th>\n<td>Komplet za pritrditev baterije LFP<\/td>\n<\/tr>\n<tr>\n<th>Namen<\/th>\n<td>Baterija EcoFlow 5KWh LFP<\/td>\n<\/tr>\n<\/tbody>\n<\/table>\n<\/p>\n<\/div>\n<p><!--\n.table-wrapper{width:100%;overflow-x:auto}.table-wrapper&gt;-->table{border-spacing:0}.table-wrapper&gt;table&gt;tbody&gt;tr&gt;td,.table-wrapper&gt;table&gt;tbody&gt;tr&gt;th{padding:10px 35px;text-align:left}.table-wrapper&gt;table&gt;tbody&gt;tr&gt;th{vertical-align:top}.table-wrapper&gt;table&gt;tbody&gt;tr:nth-child(even){background-color:#f7f7f7}<br \/>\n&#8211;&gt;<\/p>","protected":false},"excerpt":{"rendered":"<p>Na zalogi pri zunanjem dobavitelju. Rok dobave 3-7 delovnih dni.<\/p>","protected":false},"featured_media":32033,"template":"","meta":{"_monsterinsights_skip_tracking":false,"_monsterinsights_sitenote_active":false,"_monsterinsights_sitenote_note":"","_monsterinsights_sitenote_category":0},"product_brand":[],"product_cat":[101,296,255],"product_tag":[],"class_list":{"0":"post-32037","1":"product","2":"type-product","3":"status-publish","4":"has-post-thumbnail","6":"product_cat-pametni-dom","7":"product_cat-solarna-tehnika","8":"product_cat-vsi","10":"first","11":"outofstock","12":"taxable","13":"shipping-taxable","14":"purchasable","15":"product-type-simple"},"jetpack_sharing_enabled":true,"_links":{"self":[{"href":"https:\/\/kobra.si\/en\/wp-json\/wp\/v2\/product\/32037","targetHints":{"allow":["GET"]}}],"collection":[{"href":"https:\/\/kobra.si\/en\/wp-json\/wp\/v2\/product"}],"about":[{"href":"https:\/\/kobra.si\/en\/wp-json\/wp\/v2\/types\/product"}],"version-history":[{"count":1,"href":"https:\/\/kobra.si\/en\/wp-json\/wp\/v2\/product\/32037\/revisions"}],"predecessor-version":[{"id":33837,"href":"https:\/\/kobra.si\/en\/wp-json\/wp\/v2\/product\/32037\/revisions\/33837"}],"wp:featuredmedia":[{"embeddable":true,"href":"https:\/\/kobra.si\/en\/wp-json\/wp\/v2\/media\/32033"}],"wp:attachment":[{"href":"https:\/\/kobra.si\/en\/wp-json\/wp\/v2\/media?parent=32037"}],"wp:term":[{"taxonomy":"product_brand","embeddable":true,"href":"https:\/\/kobra.si\/en\/wp-json\/wp\/v2\/product_brand?post=32037"},{"taxonomy":"product_cat","embeddable":true,"href":"https:\/\/kobra.si\/en\/wp-json\/wp\/v2\/product_cat?post=32037"},{"taxonomy":"product_tag","embeddable":true,"href":"https:\/\/kobra.si\/en\/wp-json\/wp\/v2\/product_tag?post=32037"}],"curies":[{"name":"wp","href":"https:\/\/api.w.org\/{rel}","templated":true}]}}