{"id":32027,"date":"2025-07-31T10:36:47","date_gmt":"2025-07-31T08:36:47","guid":{"rendered":"https:\/\/kobra.si\/spletna-trgovina-kobra\/namestitvene-noge-ecoflow-rigid-solar-panel\/"},"modified":"2026-04-23T21:03:26","modified_gmt":"2026-04-23T19:03:26","slug":"namestitvene-noge-ecoflow-rigid-solar-panel","status":"publish","type":"product","link":"https:\/\/kobra.si\/en\/spletna-trgovina-kobra\/namestitvene-noge-ecoflow-rigid-solar-panel\/","title":{"rendered":"Namestitvene noge Ecoflow Rigid Solar Panel"},"content":{"rendered":"<h3 style=\"text-align: center\">Monta\u017ene noge za plo\u0161\u010do Ecoflow<\/h3>\n<p>Monta\u017ene nogice so namenjene panelom EcoFlow 100 W in <span>EcoFlow 400 W<\/span>. Na\u0161li boste tudi dodatke, s katerimi lahko izdelek enostavno namestite na \u017eeleno mesto. U\u017eivajte v okolju prijazni son\u010dni energiji s panelom EcoFlow.<\/p>\n<p><img fetchpriority=\"high\" decoding=\"async\" src=\"https:\/\/b2b.innpro.pl\/data\/include\/cms\/12EcoFlow\/Nozki-montazowe-do-Panelu-Ecoflow\/8.jpg\" border=\"0\" alt=\"\" width=\"1100\" height=\"700\" title=\"\"><\/p>\n<\/p>\n<h3>Vklju\u010deno<\/h3>\n<ul>\n<li>Nosilec Z x4<\/li>\n<li>Podloga M6 x4<\/li>\n<li>Deljena podlo\u017eka M6 x4<\/li>\n<li>\u0160estkotna prirobni\u010dna matica M6 x4<\/li>\n<li>Vijak M6-16 s \u0161estilom x4<\/li>\n<li>plo\u0161\u010data podlo\u017eka M6 x4<\/li>\n<li>#11 Samorezni vijak in plasti\u010dni zaporni obro\u010d x8<\/li>\n<\/ul>\n<h3>Specifikacija:<\/h3>\n<div class=\"table-wrapper\">\n<table>\n<tbody>\n<tr>\n<th>Proizvajalec:<\/th>\n<td>EcoFlow<\/td>\n<\/tr>\n<tr>\n<th>Ime<\/th>\n<td>Monta\u017ene noge za plo\u0161\u010do Ecoflow<\/td>\n<\/tr>\n<tr>\n<th>Primerne za<\/th>\n<td>\n<p>Ecoflow 100 W panel (toga konstrukcija)<\/p>\n<p><span>plo\u0161\u010do Ecoflow 400 W (toga konstrukcija)<\/span><\/p>\n<\/td>\n<\/tr>\n<\/tbody>\n<\/table>\n<\/div>\n<p><!--\n.table-wrapper{width:100%;overflow-x:auto}.table-wrapper&gt;-->table{border-spacing:0}.table-wrapper&gt;table&gt;tbody&gt;tr&gt;td,.table-wrapper&gt;table&gt;tbody&gt;tr&gt;th{padding:10px 35px;text-align:left}.table-wrapper&gt;table&gt;tbody&gt;tr&gt;th{vertical-align:top}.table-wrapper&gt;table&gt;tbody&gt;tr:nth-child(even){background-color:#f7f7f7}<br \/>\n&#8211;&gt;<\/p>","protected":false},"excerpt":{"rendered":"<p>Na zalogi pri zunanjem dobavitelju. Rok dobave 3-7 delovnih dni.<\/p>","protected":false},"featured_media":32021,"template":"","meta":{"_monsterinsights_skip_tracking":false,"_monsterinsights_sitenote_active":false,"_monsterinsights_sitenote_note":"","_monsterinsights_sitenote_category":0},"product_brand":[],"product_cat":[101,296,255],"product_tag":[],"class_list":{"0":"post-32027","1":"product","2":"type-product","3":"status-publish","4":"has-post-thumbnail","6":"product_cat-pametni-dom","7":"product_cat-solarna-tehnika","8":"product_cat-vsi","10":"first","11":"instock","12":"taxable","13":"shipping-taxable","14":"purchasable","15":"product-type-simple"},"jetpack_sharing_enabled":true,"_links":{"self":[{"href":"https:\/\/kobra.si\/en\/wp-json\/wp\/v2\/product\/32027","targetHints":{"allow":["GET"]}}],"collection":[{"href":"https:\/\/kobra.si\/en\/wp-json\/wp\/v2\/product"}],"about":[{"href":"https:\/\/kobra.si\/en\/wp-json\/wp\/v2\/types\/product"}],"version-history":[{"count":1,"href":"https:\/\/kobra.si\/en\/wp-json\/wp\/v2\/product\/32027\/revisions"}],"predecessor-version":[{"id":33839,"href":"https:\/\/kobra.si\/en\/wp-json\/wp\/v2\/product\/32027\/revisions\/33839"}],"wp:featuredmedia":[{"embeddable":true,"href":"https:\/\/kobra.si\/en\/wp-json\/wp\/v2\/media\/32021"}],"wp:attachment":[{"href":"https:\/\/kobra.si\/en\/wp-json\/wp\/v2\/media?parent=32027"}],"wp:term":[{"taxonomy":"product_brand","embeddable":true,"href":"https:\/\/kobra.si\/en\/wp-json\/wp\/v2\/product_brand?post=32027"},{"taxonomy":"product_cat","embeddable":true,"href":"https:\/\/kobra.si\/en\/wp-json\/wp\/v2\/product_cat?post=32027"},{"taxonomy":"product_tag","embeddable":true,"href":"https:\/\/kobra.si\/en\/wp-json\/wp\/v2\/product_tag?post=32027"}],"curies":[{"name":"wp","href":"https:\/\/api.w.org\/{rel}","templated":true}]}}