{"id":32020,"date":"2025-07-31T10:36:33","date_gmt":"2025-07-31T08:36:33","guid":{"rendered":"https:\/\/kobra.si\/spletna-trgovina-kobra\/komplet-fotonapetostnih-panelov-2x-ecoflow-100w-toga-struktura\/"},"modified":"2026-04-21T21:02:52","modified_gmt":"2026-04-21T19:02:52","slug":"komplet-fotonapetostnih-panelov-2x-ecoflow-100w-toga-struktura","status":"publish","type":"product","link":"https:\/\/kobra.si\/en\/spletna-trgovina-kobra\/komplet-fotonapetostnih-panelov-2x-ecoflow-100w-toga-struktura\/","title":{"rendered":"Komplet fotonapetostnih panelov 2x EcoFlow 100W (toga struktura)"},"content":{"rendered":"<h3 style=\"text-align: center\">Paket 2x EcoFlow 100W fotonapetostna plo\u0161\u010da<\/h3>\n<p>Pridobite dostop do brezpla\u010dne in ekolo\u0161ke elektri\u010dne energije. Fotonapetostne panele EcoFlow odlikuje robustna, na razli\u010dne vremenske razmere odporna konstrukcija. Uporaba sodobnih tehnologij vpliva na u\u010dinkovitost izdelka, kabel MC4 pa je odgovoren za hitro in priro\u010dno namestitev.<\/p>\n<p><img fetchpriority=\"high\" decoding=\"async\" src=\"https:\/\/b2b.innpro.pl\/data\/include\/cms\/12EcoFlow\/Pakiet-2x-Panel-fotowoltaiczny-EcoFlow-100W-sztywna-konstrukcja\/2.jpg\" border=\"0\" alt=\"\" width=\"1100\" height=\"700\" title=\"\"><\/p>\n<\/p>\n<h3 style=\"text-align: center\">U\u010dinkovitost in vzdr\u017eljivost<\/h3>\n<p>Za izdelek je zna\u010dilna solidna izdelava, zato je odporen na po\u0161kodbe in vam bo dolgo slu\u017eil. Plo\u0161\u010de so obdelane s prozorno stekleno prevleko, okvir pa je izdelan iz aluminija, odpornega proti koroziji. Poleg tega so monokristalne celice odgovorne za u\u010dinkovitost pretvorbe do 23 %.<\/p>\n<p><img decoding=\"async\" src=\"https:\/\/b2b.innpro.pl\/data\/include\/cms\/12EcoFlow\/Pakiet-2x-Panel-fotowoltaiczny-EcoFlow-100W-sztywna-konstrukcja\/7.jpg\" border=\"0\" alt=\"\" width=\"1100\" height=\"700\" title=\"\"><\/p>\n<\/p>\n<h3 style=\"text-align: center\">Quick and easy installation<\/h3>\n<p>Namestitev fotonapetostnih panelov EcoFlow vam ne bo povzro\u010dala te\u017eav. Zahvaljujo\u010d predhodno izvrtanim luknjam jih lahko preprosto namestite na tla ali na streho. Poleg tega vam bo pri namestitvi pomagal 1 m dolg kabel MC4, ki je priklju\u010den na vsako plo\u0161\u010do.<\/p>\n<p><img decoding=\"async\" src=\"https:\/\/b2b.innpro.pl\/data\/include\/cms\/12EcoFlow\/Pakiet-2x-Panel-fotowoltaiczny-EcoFlow-100W-sztywna-konstrukcja\/9.jpg\" border=\"0\" alt=\"\" width=\"1100\" height=\"700\" title=\"\"><\/p>\n<\/p>\n<h3>Specifikacije: Vgrajen je vgrajen panel z dvema paneloma, ki ga je mogo\u010de namestiti na panel:<\/h3>\n<div class=\"table-wrapper\">\n<table>\n<tbody>\n<tr>\n<th>Blagovna znamka:<\/th>\n<td>EcoFlow<\/td>\n<\/tr>\n<tr>\n<th>Ime<\/th>\n<td>EcoFlow 100W fotovoltai\u010dni panel (toga struktura)<\/td>\n<\/tr>\n<tr>\n<th>Nazivna mo\u010d<\/th>\n<td>100W<\/td>\n<\/tr>\n<tr>\n<th>Napetost odprtega tokokroga<\/th>\n<td>20.3V<\/td>\n<\/tr>\n<tr>\n<th>Tok kratkega stika<\/th>\n<td>6.3A<\/td>\n<\/tr>\n<tr>\n<th>Najve\u010dja delovna napetost<\/th>\n<td>17.1V<\/td>\n<\/tr>\n<tr>\n<th>Najve\u010dji obratovalni tok<\/th>\n<td>5.9A<\/td>\n<\/tr>\n<tr>\n<th>Najve\u010dja sistemska napetost<\/th>\n<td>600V DC (UL)<\/td>\n<\/tr>\n<tr>\n<th>Najve\u010dji tok varovalke<\/th>\n<td>15A<\/td>\n<\/tr>\n<tr>\n<th>Priklju\u010dek<\/th>\n<td>MC4<\/td>\n<\/tr>\n<tr>\n<th>U\u010dinkovitost pretvorbe<\/th>\n<td>23%<\/td>\n<\/tr>\n<tr>\n<th>Dimenzije<\/th>\n<td>98&#215;58,6x3cm<\/td>\n<\/tr>\n<tr>\n<th>Weight<\/th>\n<td>Pribli\u017eno 6,2 kg<\/td>\n<\/tr>\n<tr>\n<th>\u0160tevilo kosov v kompletu<\/th>\n<td>2<\/td>\n<\/tr>\n<\/tbody>\n<\/table>\n<\/div>\n<p><!--\n.table-wrapper{width:100%;overflow-x:auto}.table-wrapper&gt;-->table{border-spacing:0}.table-wrapper&gt;table&gt;tbody&gt;tr&gt;td,.table-wrapper&gt;table&gt;tbody&gt;tr&gt;th{padding:10px 35px;text-align:left}.table-wrapper&gt;table&gt;tbody&gt;tr&gt;th{vertical-align:top}.table-wrapper&gt;table&gt;tbody&gt;tr:nth-child(even){background-color:#f7f7f7}<br \/>\n&#8211;&gt;<\/p>","protected":false},"excerpt":{"rendered":"<p>Na zalogi pri zunanjem dobavitelju. Rok dobave 3-7 delovnih dni.<\/p>","protected":false},"featured_media":32017,"template":"","meta":{"_monsterinsights_skip_tracking":false,"_monsterinsights_sitenote_active":false,"_monsterinsights_sitenote_note":"","_monsterinsights_sitenote_category":0},"product_brand":[],"product_cat":[101,296,255],"product_tag":[],"class_list":{"0":"post-32020","1":"product","2":"type-product","3":"status-publish","4":"has-post-thumbnail","6":"product_cat-pametni-dom","7":"product_cat-solarna-tehnika","8":"product_cat-vsi","10":"first","11":"instock","12":"taxable","13":"shipping-taxable","14":"purchasable","15":"product-type-simple"},"jetpack_sharing_enabled":true,"_links":{"self":[{"href":"https:\/\/kobra.si\/en\/wp-json\/wp\/v2\/product\/32020","targetHints":{"allow":["GET"]}}],"collection":[{"href":"https:\/\/kobra.si\/en\/wp-json\/wp\/v2\/product"}],"about":[{"href":"https:\/\/kobra.si\/en\/wp-json\/wp\/v2\/types\/product"}],"version-history":[{"count":1,"href":"https:\/\/kobra.si\/en\/wp-json\/wp\/v2\/product\/32020\/revisions"}],"predecessor-version":[{"id":33840,"href":"https:\/\/kobra.si\/en\/wp-json\/wp\/v2\/product\/32020\/revisions\/33840"}],"wp:featuredmedia":[{"embeddable":true,"href":"https:\/\/kobra.si\/en\/wp-json\/wp\/v2\/media\/32017"}],"wp:attachment":[{"href":"https:\/\/kobra.si\/en\/wp-json\/wp\/v2\/media?parent=32020"}],"wp:term":[{"taxonomy":"product_brand","embeddable":true,"href":"https:\/\/kobra.si\/en\/wp-json\/wp\/v2\/product_brand?post=32020"},{"taxonomy":"product_cat","embeddable":true,"href":"https:\/\/kobra.si\/en\/wp-json\/wp\/v2\/product_cat?post=32020"},{"taxonomy":"product_tag","embeddable":true,"href":"https:\/\/kobra.si\/en\/wp-json\/wp\/v2\/product_tag?post=32020"}],"curies":[{"name":"wp","href":"https:\/\/api.w.org\/{rel}","templated":true}]}}