{"id":32016,"date":"2025-07-31T10:36:19","date_gmt":"2025-07-31T08:36:19","guid":{"rendered":"https:\/\/kobra.si\/spletna-trgovina-kobra\/fotovoltaicni-panel-ecoflow-100w\/"},"modified":"2026-04-23T21:03:19","modified_gmt":"2026-04-23T19:03:19","slug":"fotovoltaicni-panel-ecoflow-100w","status":"publish","type":"product","link":"https:\/\/kobra.si\/en\/spletna-trgovina-kobra\/fotovoltaicni-panel-ecoflow-100w\/","title":{"rendered":"Fotovoltai\u010dni panel EcoFlow 100W"},"content":{"rendered":"<h3 style=\"text-align: center\">100W fotovoltai\u010dni panel EcoFlow (prilagodljiv)<\/h3>\n<p>Opremite se s 100W fotonapetostno plo\u0161\u010do EcoFlow in ustvarite optimalen sistem napajanja v svojem avtodomu. Panel odlikujeta majhna te\u017ea in enostavna namestitev. Zaradi prilagodljive oblike jo lahko enostavno namestite na ukrivljene povr\u0161ine, zaradi vodoodpornosti IP68 in uporabe robustnih materialov pa izdelek pre\u017eivi vse pogoje.<\/p>\n<p><img fetchpriority=\"high\" decoding=\"async\" src=\"https:\/\/b2b.innpro.pl\/data\/include\/cms\/12EcoFlow\/Panel-fotowoltaiczny-EcoFlow-100W\/2.jpg\" border=\"0\" alt=\"\" width=\"1100\" height=\"700\" title=\"\"><\/p>\n<\/p>\n<h3 style=\"text-align: center\">U\u010dinkovito delovanje<\/h3>\n<p>Fotovoltai\u010dni panel EcoFlow uporablja monokristalne celice najvi\u0161je kakovosti, njegova u\u010dinkovitost pretvorbe pa dosega 23 %, kar zagotavlja visoko u\u010dinkovitost na son\u010den dan. Tako boste lahko z brezpla\u010dno, \u0161iroko dostopno in okolju prijazno son\u010dno energijo napajali svojo osnovno opremo ne glede na to, kje se nahajate.<\/p>\n<p><img decoding=\"async\" src=\"https:\/\/b2b.innpro.pl\/data\/include\/cms\/12EcoFlow\/Panel-fotowoltaiczny-EcoFlow-100W\/9.jpg\" border=\"0\" alt=\"\" width=\"1100\" height=\"700\" title=\"\"><\/p>\n<\/p>\n<h3 style=\"text-align: center\">Lahka in prenosna<\/h3>\n<p>Izdelek tehta le 2,3 kilograma, zato ga ni te\u017eko preva\u017eati in med namestitvijo. Odli\u010den bo na primer na avtodomu, saj ga zaradi prilagodljive oblike zlahka namestite na zaobljeno povr\u0161ino. Dodatna prednost je univerzalni priklju\u010dek MC4, ki zagotavlja \u0161iroko zdru\u017eljivost.<\/p>\n<p><img decoding=\"async\" src=\"https:\/\/b2b.innpro.pl\/data\/include\/cms\/12EcoFlow\/Panel-fotowoltaiczny-EcoFlow-100W\/8.jpg\" border=\"0\" alt=\"\" width=\"1100\" height=\"700\" title=\"\"><\/p>\n<\/p>\n<h3>Specifikacije: Vgrajen je vgrajen priklju\u010dek MC4, ki je primeren za uporabo v prostorih podjetja:<\/h3>\n<div class=\"table-wrapper\">\n<table>\n<tbody>\n<tr>\n<th>Proizvajalec:<\/th>\n<td>EcoFlow<\/td>\n<\/tr>\n<tr>\n<th>Ime<\/th>\n<td>EcoFlow 100W fotovoltai\u010dni panel (prilagodljiv)<\/td>\n<\/tr>\n<tr>\n<th>Nazivna mo\u010d<\/th>\n<td>100W<\/td>\n<\/tr>\n<tr>\n<th>Napetost odprtega tokokroga<\/th>\n<td>20.3V<\/td>\n<\/tr>\n<tr>\n<th>Tok kratkega stika<\/th>\n<td>6.3A<\/td>\n<\/tr>\n<tr>\n<th>Najve\u010dja delovna napetost<\/th>\n<td>17.1V<\/td>\n<\/tr>\n<tr>\n<th>Najve\u010dji obratovalni tok<\/th>\n<td>5.9A<\/td>\n<\/tr>\n<tr>\n<th>Najve\u010dja sistemska napetost<\/th>\n<td>600V DC (UL)<\/td>\n<\/tr>\n<tr>\n<th>Najve\u010dji tok varovalke<\/th>\n<td>15A<\/td>\n<\/tr>\n<tr>\n<th>Priklju\u010dek<\/th>\n<td>MC4<\/td>\n<\/tr>\n<tr>\n<th><span>U\u010dinkovitost pretvorbe<\/span><\/th>\n<td>23%<\/td>\n<\/tr>\n<tr>\n<th>Dimenzije<\/th>\n<td>1055x612x25 mm<\/td>\n<\/tr>\n<tr>\n<th>Weight<\/th>\n<td>Pribli\u017eno 2,3 kg<\/td>\n<\/tr>\n<\/tbody>\n<\/table>\n<\/div>\n<p><!--\n.table-wrapper{width:100%;overflow-x:auto}.table-wrapper&gt;-->table{border-spacing:0}.table-wrapper&gt;table&gt;tbody&gt;tr&gt;td,.table-wrapper&gt;table&gt;tbody&gt;tr&gt;th{padding:10px 35px;text-align:left}.table-wrapper&gt;table&gt;tbody&gt;tr&gt;th{vertical-align:top}.table-wrapper&gt;table&gt;tbody&gt;tr:nth-child(even){background-color:#f7f7f7}<br \/>\n&#8211;&gt;<\/p>","protected":false},"excerpt":{"rendered":"<p>Na zalogi pri zunanjem dobavitelju. Rok dobave 3-7 delovnih dni.<\/p>","protected":false},"featured_media":32013,"template":"","meta":{"_monsterinsights_skip_tracking":false,"_monsterinsights_sitenote_active":false,"_monsterinsights_sitenote_note":"","_monsterinsights_sitenote_category":0},"product_brand":[],"product_cat":[101,296,255],"product_tag":[],"class_list":{"0":"post-32016","1":"product","2":"type-product","3":"status-publish","4":"has-post-thumbnail","6":"product_cat-pametni-dom","7":"product_cat-solarna-tehnika","8":"product_cat-vsi","10":"first","11":"instock","12":"taxable","13":"shipping-taxable","14":"purchasable","15":"product-type-simple"},"jetpack_sharing_enabled":true,"_links":{"self":[{"href":"https:\/\/kobra.si\/en\/wp-json\/wp\/v2\/product\/32016","targetHints":{"allow":["GET"]}}],"collection":[{"href":"https:\/\/kobra.si\/en\/wp-json\/wp\/v2\/product"}],"about":[{"href":"https:\/\/kobra.si\/en\/wp-json\/wp\/v2\/types\/product"}],"version-history":[{"count":1,"href":"https:\/\/kobra.si\/en\/wp-json\/wp\/v2\/product\/32016\/revisions"}],"predecessor-version":[{"id":33841,"href":"https:\/\/kobra.si\/en\/wp-json\/wp\/v2\/product\/32016\/revisions\/33841"}],"wp:featuredmedia":[{"embeddable":true,"href":"https:\/\/kobra.si\/en\/wp-json\/wp\/v2\/media\/32013"}],"wp:attachment":[{"href":"https:\/\/kobra.si\/en\/wp-json\/wp\/v2\/media?parent=32016"}],"wp:term":[{"taxonomy":"product_brand","embeddable":true,"href":"https:\/\/kobra.si\/en\/wp-json\/wp\/v2\/product_brand?post=32016"},{"taxonomy":"product_cat","embeddable":true,"href":"https:\/\/kobra.si\/en\/wp-json\/wp\/v2\/product_cat?post=32016"},{"taxonomy":"product_tag","embeddable":true,"href":"https:\/\/kobra.si\/en\/wp-json\/wp\/v2\/product_tag?post=32016"}],"curies":[{"name":"wp","href":"https:\/\/api.w.org\/{rel}","templated":true}]}}