{"id":32012,"date":"2025-07-31T10:35:59","date_gmt":"2025-07-31T08:35:59","guid":{"rendered":"https:\/\/kobra.si\/spletna-trgovina-kobra\/fotovoltaicni-panel-ecoflow-220w\/"},"modified":"2025-12-02T10:28:54","modified_gmt":"2025-12-02T09:28:54","slug":"fotovoltaicni-panel-ecoflow-220w","status":"publish","type":"product","link":"https:\/\/kobra.si\/en\/spletna-trgovina-kobra\/fotovoltaicni-panel-ecoflow-220w\/","title":{"rendered":"Fotovoltai\u010dni panel EcoFlow 220W"},"content":{"rendered":"<h3 style=\"text-align: center\">220W fotovoltai\u010dni panel EcoFlow za elektrarno<\/h3>\n<p>U\u017eivajte v okolju prijazni in prosto dostopni son\u010dni energiji, kjer koli ste. Dvostranski fotonapetostni paneli EcoFlow imajo do 220 W na sprednji strani in 155 W na zadnji strani. Na njih je \u017ee priklju\u010den kabel MC4 (1 m). Z zlo\u017eljivo zasnovo in prilo\u017eeno torbico za prena\u0161anje so izjemno priro\u010dni za prena\u0161anje. Odlikujeta jih tudi izjemna vzdr\u017eljivost in vodoodpornost IP68.<\/p>\n<p><img fetchpriority=\"high\" decoding=\"async\" src=\"https:\/\/b2b.innpro.pl\/data\/include\/cms\/12EcoFlow\/Panel-fotowoltaiczny-220W\/3.jpg\" border=\"0\" alt=\"\" width=\"1100\" height=\"700\" title=\"\"><\/p>\n<\/p>\n<h3 style=\"text-align: center\">Dva v enem<\/h3>\n<p>Pridobite \u0161e ve\u010d energije iz sonca. Bifacialni fotonapetostni paneli EcoFlow absorbirajo svetlobo z obeh strani in ne le z ene. Tako lahko pridobite do 25 % ve\u010d son\u010dne energije in \u0161e hitreje napolnite svojo elektrarno. Preizkusite lahko tudi posebno zrcalno povr\u0161ino, s katero lahko pridobite do 80 % ve\u010d energije. Z EcoFlow vam ne bo zmanjkalo energije!<\/p>\n<p><img decoding=\"async\" src=\"https:\/\/b2b.innpro.pl\/data\/include\/cms\/12EcoFlow\/Panel-fotowoltaiczny-220W\/6.jpg\" border=\"0\" alt=\"\" width=\"1100\" height=\"700\" title=\"\"><\/p>\n<\/p>\n<h3 style=\"text-align: center\">Vodoodporen in vzdr\u017eljiv<\/h3>\n<p>Za izdelavo plo\u0161\u010de je uporabljeno visokokakovostno kaljeno steklo. Zaradi tega je petkrat bolj trpe\u017ena kot drugi tovrstni izdelki. Ne prestra\u0161ijo ga niti temperature do pribli\u017eno 150 \u00b0C! Panel EcoFlow je odporen tudi na vodo in prah po standardu IP68. Zato jo lahko brez skrbi uporabljate v skoraj vseh pogojih. De\u017e, prah in viharni veter zanjo niso gro\u017enja.<\/p>\n<p><img decoding=\"async\" src=\"https:\/\/b2b.innpro.pl\/data\/include\/cms\/12EcoFlow\/Panel-fotowoltaiczny-220W\/2.jpg\" border=\"0\" alt=\"\" width=\"1100\" height=\"700\" title=\"\"><\/p>\n<\/p>\n<h3 style=\"text-align: center\">Enostaven transport<\/h3>\n<p>Prenosni solarni panel EcoFlow vas lahko spremlja skoraj povsod. Je pribli\u017eno 10 % manj\u0161i od podobnih izdelkov in ima zlo\u017eljivo obliko. Prilo\u017eena mu je tudi posebna torba, ki ne olaj\u0161a le njegovega prevoza, temve\u010d slu\u017ei tudi kot stojalo. Ko ste na cilju, panel preprosto razgrnite in ga postavite pod optimalnim kotom. S panelom EcoFlow lahko preprosto napajate svoje naprave, ne glede na to, kje se nahajate!<\/p>\n<p><img loading=\"lazy\" decoding=\"async\" src=\"https:\/\/b2b.innpro.pl\/data\/include\/cms\/12EcoFlow\/Panel-fotowoltaiczny-220W\/1.jpg\" border=\"0\" alt=\"\" width=\"1100\" height=\"700\" title=\"\"><\/p>\n<\/p>\n<h3>V \u0161katli<\/h3>\n<ul>\n<li>Dvodelni son\u010dni panel z izhodnim krmilnikom MC4<\/li>\n<li>Za\u0161\u010ditno ohi\u0161je (s stojalom)<\/li>\n<li>Kljuka za pripenjanje x4<\/li>\n<li>Kabel za solarno polnjenje<\/li>\n<li>Uporabni\u0161ki priro\u010dnik<\/li>\n<\/ul>\n<h3> <\/h3>\n<h3>Specifications<\/h3>\n<\/p>\n<div class=\"table-wrapper\">\n<table>\n<tbody>\n<tr>\n<th>Blagovna znamka<\/th>\n<td>EcoFlow<\/td>\n<\/tr>\n<tr>\n<th>Ime<\/th>\n<td>220W dvocevna son\u010dna plo\u0161\u010da<\/td>\n<\/tr>\n<tr>\n<th>Nazivna mo\u010d<\/th>\n<td>220 W spredaj \/ 155 W zadaj<\/td>\n<\/tr>\n<tr>\n<th>Vrsta celic<\/th>\n<td>Monokristalni silicij<\/td>\n<\/tr>\n<tr>\n<th>U\u010dinkovitost<\/th>\n<td>22-23%<\/td>\n<\/tr>\n<tr>\n<th>Dimenzije<\/th>\n<td>82x183x2,5 cm<\/td>\n<\/tr>\n<tr>\n<th>Priklju\u010dek<\/th>\n<td>MC4<\/td>\n<\/tr>\n<tr>\n<th>Napetost odprtega tokokroga<\/th>\n<td>21,8 V (Vmp 18,4 V)<\/td>\n<\/tr>\n<tr>\n<th>Tok kratkega stika<\/th>\n<td>13 A (Imp 12,0 A) spredaj \/ 8,8 A (Imp 8,4 A) zadaj<\/td>\n<\/tr>\n<\/tbody>\n<\/table>\n<\/p>\n<\/div>\n<p><!--\n.table-wrapper{width:100%;overflow-x:auto}.table-wrapper&gt;-->table{border-spacing:0}.table-wrapper&gt;table&gt;tbody&gt;tr&gt;td,.table-wrapper&gt;table&gt;tbody&gt;tr&gt;th{padding:10px 35px;text-align:left}.table-wrapper&gt;table&gt;tbody&gt;tr&gt;th{vertical-align:top}.table-wrapper&gt;table&gt;tbody&gt;tr:nth-child(even){background-color:#f7f7f7}<br \/>\n&#8211;&gt;<\/p>","protected":false},"excerpt":{"rendered":"<p>Na zalogi pri zunanjem dobavitelju. Rok dobave 3-7 delovnih dni.<\/p>","protected":false},"featured_media":32008,"template":"","meta":{"_monsterinsights_skip_tracking":false,"_monsterinsights_sitenote_active":false,"_monsterinsights_sitenote_note":"","_monsterinsights_sitenote_category":0},"product_brand":[],"product_cat":[101,296,255],"product_tag":[],"class_list":{"0":"post-32012","1":"product","2":"type-product","3":"status-publish","4":"has-post-thumbnail","6":"product_cat-pametni-dom","7":"product_cat-solarna-tehnika","8":"product_cat-vsi","10":"first","11":"outofstock","12":"taxable","13":"shipping-taxable","14":"purchasable","15":"product-type-simple"},"jetpack_sharing_enabled":true,"_links":{"self":[{"href":"https:\/\/kobra.si\/en\/wp-json\/wp\/v2\/product\/32012","targetHints":{"allow":["GET"]}}],"collection":[{"href":"https:\/\/kobra.si\/en\/wp-json\/wp\/v2\/product"}],"about":[{"href":"https:\/\/kobra.si\/en\/wp-json\/wp\/v2\/types\/product"}],"version-history":[{"count":1,"href":"https:\/\/kobra.si\/en\/wp-json\/wp\/v2\/product\/32012\/revisions"}],"predecessor-version":[{"id":33842,"href":"https:\/\/kobra.si\/en\/wp-json\/wp\/v2\/product\/32012\/revisions\/33842"}],"wp:featuredmedia":[{"embeddable":true,"href":"https:\/\/kobra.si\/en\/wp-json\/wp\/v2\/media\/32008"}],"wp:attachment":[{"href":"https:\/\/kobra.si\/en\/wp-json\/wp\/v2\/media?parent=32012"}],"wp:term":[{"taxonomy":"product_brand","embeddable":true,"href":"https:\/\/kobra.si\/en\/wp-json\/wp\/v2\/product_brand?post=32012"},{"taxonomy":"product_cat","embeddable":true,"href":"https:\/\/kobra.si\/en\/wp-json\/wp\/v2\/product_cat?post=32012"},{"taxonomy":"product_tag","embeddable":true,"href":"https:\/\/kobra.si\/en\/wp-json\/wp\/v2\/product_tag?post=32012"}],"curies":[{"name":"wp","href":"https:\/\/api.w.org\/{rel}","templated":true}]}}