{"id":32007,"date":"2025-07-31T10:35:47","date_gmt":"2025-07-31T08:35:47","guid":{"rendered":"https:\/\/kobra.si\/spletna-trgovina-kobra\/fotovoltaicni-panel-ecoflow-400w\/"},"modified":"2025-12-02T10:28:54","modified_gmt":"2025-12-02T09:28:54","slug":"fotovoltaicni-panel-ecoflow-400w","status":"publish","type":"product","link":"https:\/\/kobra.si\/en\/spletna-trgovina-kobra\/fotovoltaicni-panel-ecoflow-400w\/","title":{"rendered":"Fotovoltai\u010dni panel EcoFlow 400W"},"content":{"rendered":"<h3 style=\"text-align: center\">EcoFlow 400W fotovoltai\u010dni panel za elektrarno<\/h3>\n<p>U\u017eivajte v dostopu do elektri\u010dne energije, kjerkoli ste. Fotonapetostni panel EcoFlow ima 400 W mo\u010di in zlo\u017eljivo, prenosno obliko. Z njo lahko preprosto napolnite svojo elektrarno. Komplet vklju\u010duje prenosno torbo, ki se lahko uporablja tudi kot stojalo, in <span>kabel MC4 &#8211; XC60 (2,5 m).<\/span> Izdelek je trden in vzdr\u017eljiv, odlikujeta pa ga tudi \u0161iroka zdru\u017eljivost in energijska u\u010dinkovitost 22,4 %.<\/p>\n<p><img fetchpriority=\"high\" decoding=\"async\" src=\"https:\/\/b2b.innpro.pl\/data\/include\/cms\/12EcoFlow\/solar-panel-400W\/8.jpg\" border=\"0\" alt=\"\" width=\"1100\" height=\"700\" title=\"\"><\/p>\n<\/p>\n<h3 style=\"text-align: center\">Lahek in prenosen<\/h3>\n<p>Z izhodno mo\u010djo kar 400 W je izdelek eden najmo\u010dnej\u0161ih tovrstnih solarnih panelov, ki so na voljo na trgu. S te\u017eo le 12,5 kg in zlo\u017eljivo zasnovo vas lahko spremlja skoraj povsod &#8211; tudi na potovanjih. Vzemite ga s seboj na naslednje potovanje s po\u010ditni\u0161kim vozilom ali \u0161otorsko kampiranje in brez te\u017eav napolnite svojo elektrarno EcoFlow! Panel ima tudi poseben naramni trak za la\u017eje prena\u0161anje.<\/p>\n<p><img decoding=\"async\" src=\"https:\/\/b2b.innpro.pl\/data\/include\/cms\/12EcoFlow\/solar-panel-400W\/7.jpg\" border=\"0\" alt=\"\" width=\"1100\" height=\"700\" title=\"\"><\/p>\n<\/p>\n<h3 style=\"text-align: center\">Torba in stojalo v enem<\/h3>\n<p>Komplet vklju\u010duje posebno torbo, ki omogo\u010da udobno in varno prena\u0161anje panela. Po zlo\u017eitvi izdelek ne zavzame preve\u010d prostora. Poleg tega lahko torbo uporabljate tudi kot stojalo. Enostavno jo lahko nastavite pod kotom 40-90\u00b0. Nastavite njen polo\u017eaj tako, da bo panel absorbiral \u010dim ve\u010d son\u010dne svetlobe, in dobili boste zanesljiv vir energije za svoje naprave!<\/p>\n<p><img decoding=\"async\" src=\"https:\/\/b2b.innpro.pl\/data\/include\/cms\/12EcoFlow\/solar-panel-400W\/1.jpg\" border=\"0\" alt=\"\" width=\"1100\" height=\"700\" title=\"\"><\/p>\n<\/p>\n<h3 style=\"text-align: center\">Brez strahu tudi v najzahtevnej\u0161ih razmerah<\/h3>\n<p>Son\u010dna plo\u0161\u010da je izdelana iz upogljivega materiala EVA in trdnih steklenih vlaken. Zaradi tega optimalno zdru\u017euje pro\u017enost in trdnost. Poleg tega je vsaka celica prekrita s posebno plastjo EFTE, ki jo \u0161\u010diti pred prahom, vodo in umazanijo. Plo\u0161\u010do odlikuje tudi vodoodpornost IP67. Zato jo lahko uporabljate ne glede na vremenske razmere.<\/p>\n<p><img loading=\"lazy\" decoding=\"async\" src=\"https:\/\/b2b.innpro.pl\/data\/include\/cms\/12EcoFlow\/solar-panel-400W\/4.jpg\" border=\"0\" alt=\"\" width=\"1100\" height=\"700\" title=\"\"><\/p>\n<\/p>\n<h3 style=\"text-align: center\">Inteligentne re\u0161itve<\/h3>\n<p>Energetska u\u010dinkovitost panela dosega 22,4 %. Zdru\u017eite ga lahko tudi s prenosnim generatorjem EcoFlow in tako pridobite optimalno koli\u010dino energije \u010dez dan. Povezana naprava bo svojo u\u010dinkovitost prilagodila glede na trenutne razmere s pomo\u010djo naprednega algoritma MPPT (Maximum Power Point Tracking). Tako vam bo zagotovila zanesljiv in stalen vir energije, ki si ga \u017eelite!<\/p>\n<p><img loading=\"lazy\" decoding=\"async\" src=\"https:\/\/b2b.innpro.pl\/data\/include\/cms\/12EcoFlow\/solar-panel-400W\/6.jpg\" border=\"0\" alt=\"\" width=\"1100\" height=\"700\" title=\"\"><\/p>\n<\/p>\n<h3 style=\"text-align: center\">\u0160iroka zdru\u017eljivost<\/h3>\n<p>Panel je opremljen s pogosto uporabljenim priklju\u010dkom MC4, ki omogo\u010da priklju\u010ditev na \u0161tevilne razli\u010dne naprave. Izdelek je zdru\u017eljiv z vsemi elektri\u010dnimi postajami serije DELTA EcoFlow. Uporabite ga lahko tudi za polnjenje generatorjev drugih proizvajalcev. Ne glede na to, kak\u0161no opremo uporabljate &#8211; s sistemom EcoFlow vam nikoli ne bo zmanjkalo energije!<\/p>\n<p><img loading=\"lazy\" decoding=\"async\" src=\"https:\/\/b2b.innpro.pl\/data\/include\/cms\/12EcoFlow\/solar-panel-400W\/5.jpg\" border=\"0\" alt=\"\" width=\"1100\" height=\"700\" title=\"\"><\/p>\n<\/p>\n<h3>V \u0161katli<\/h3>\n<ul>\n<li>400W son\u010dni panel EcoFlow<\/li>\n<li>Za\u0161\u010ditno ohi\u0161je in stojalo<\/li>\n<li><span>MC4 &#8211; XC60 &#8211; 2,5 m<\/span><\/li>\n<li>Uporabni\u0161ki priro\u010dnik<\/li>\n<\/ul>\n<h3>Specifications<\/h3>\n<\/p>\n<div class=\"table-wrapper\">\n<table>\n<tbody>\n<tr>\n<th>Blagovna znamka<\/th>\n<td>EcoFlow<\/td>\n<\/tr>\n<tr>\n<th>Ime<\/th>\n<td>400W son\u010dna plo\u0161\u010da<\/td>\n<\/tr>\n<tr>\n<th>Nazivna mo\u010d<\/th>\n<td>400W (\u00b110W)<\/td>\n<\/tr>\n<tr>\n<th>Napetost odprtega tokokroga<\/th>\n<td>48 V (Vmp 41 V)<\/td>\n<\/tr>\n<tr>\n<th>Tok kratkega stika<\/th>\n<td>11A (Imp 9,8A)<\/td>\n<\/tr>\n<tr>\n<th>U\u010dinkovitost<\/th>\n<td>22,4%<\/td>\n<\/tr>\n<tr>\n<th>Vrsta celice<\/th>\n<td>Monokristalni silicij<\/td>\n<\/tr>\n<tr>\n<th>Vrsta priklju\u010dka<\/th>\n<td>MC4<\/td>\n<\/tr>\n<tr>\n<th>Te\u017ea plo\u0161\u010de<\/th>\n<td>12,5 kg<\/td>\n<\/tr>\n<tr>\n<th>Dimenzije v razgrnjenem stanju<\/th>\n<td>105,8&#215;236,5&#215;2,4 cm<\/td>\n<\/tr>\n<tr>\n<th>Zlo\u017eene dimenzije<\/th>\n<td>105,8x62x2,4 cm<\/td>\n<\/tr>\n<tr>\n<th>Vodoodporen<\/th>\n<td>IP67<\/td>\n<\/tr>\n<\/tbody>\n<\/table>\n<\/p>\n<\/div>\n<p><!--\n.table-wrapper{width:100%;overflow-x:auto}.table-wrapper&gt;-->table{border-spacing:0}.table-wrapper&gt;table&gt;tbody&gt;tr&gt;td,.table-wrapper&gt;table&gt;tbody&gt;tr&gt;th{padding:10px 35px;text-align:left}.table-wrapper&gt;table&gt;tbody&gt;tr&gt;th{vertical-align:top}.table-wrapper&gt;table&gt;tbody&gt;tr:nth-child(even){background-color:#f7f7f7}<br \/>\n&#8211;&gt;<\/p>","protected":false},"excerpt":{"rendered":"<p>Na zalogi pri zunanjem dobavitelju. Rok dobave 3-7 delovnih dni.<\/p>","protected":false},"featured_media":31998,"template":"","meta":{"_monsterinsights_skip_tracking":false,"_monsterinsights_sitenote_active":false,"_monsterinsights_sitenote_note":"","_monsterinsights_sitenote_category":0},"product_brand":[],"product_cat":[101,296,255],"product_tag":[],"class_list":{"0":"post-32007","1":"product","2":"type-product","3":"status-publish","4":"has-post-thumbnail","6":"product_cat-pametni-dom","7":"product_cat-solarna-tehnika","8":"product_cat-vsi","10":"first","11":"outofstock","12":"taxable","13":"shipping-taxable","14":"purchasable","15":"product-type-simple"},"jetpack_sharing_enabled":true,"_links":{"self":[{"href":"https:\/\/kobra.si\/en\/wp-json\/wp\/v2\/product\/32007","targetHints":{"allow":["GET"]}}],"collection":[{"href":"https:\/\/kobra.si\/en\/wp-json\/wp\/v2\/product"}],"about":[{"href":"https:\/\/kobra.si\/en\/wp-json\/wp\/v2\/types\/product"}],"version-history":[{"count":1,"href":"https:\/\/kobra.si\/en\/wp-json\/wp\/v2\/product\/32007\/revisions"}],"predecessor-version":[{"id":33843,"href":"https:\/\/kobra.si\/en\/wp-json\/wp\/v2\/product\/32007\/revisions\/33843"}],"wp:featuredmedia":[{"embeddable":true,"href":"https:\/\/kobra.si\/en\/wp-json\/wp\/v2\/media\/31998"}],"wp:attachment":[{"href":"https:\/\/kobra.si\/en\/wp-json\/wp\/v2\/media?parent=32007"}],"wp:term":[{"taxonomy":"product_brand","embeddable":true,"href":"https:\/\/kobra.si\/en\/wp-json\/wp\/v2\/product_brand?post=32007"},{"taxonomy":"product_cat","embeddable":true,"href":"https:\/\/kobra.si\/en\/wp-json\/wp\/v2\/product_cat?post=32007"},{"taxonomy":"product_tag","embeddable":true,"href":"https:\/\/kobra.si\/en\/wp-json\/wp\/v2\/product_tag?post=32007"}],"curies":[{"name":"wp","href":"https:\/\/api.w.org\/{rel}","templated":true}]}}