{"id":31997,"date":"2025-07-31T10:35:37","date_gmt":"2025-07-31T08:35:37","guid":{"rendered":"https:\/\/kobra.si\/spletna-trgovina-kobra\/dodatna-baterija-za-ecoflow-delta-pro\/"},"modified":"2025-12-04T21:07:38","modified_gmt":"2025-12-04T20:07:38","slug":"dodatna-baterija-za-ecoflow-delta-pro","status":"publish","type":"product","link":"https:\/\/kobra.si\/en\/spletna-trgovina-kobra\/dodatna-baterija-za-ecoflow-delta-pro\/","title":{"rendered":"Dodatna baterija za EcoFlow DELTA Pro"},"content":{"rendered":"<h3 style=\"text-align: center\">EcoFlow DELTA Pro Smart Dodatna baterija<\/h3>\n<p>Izkoristite celoten potencial svoje prenosne elektrarne. S to baterijo lahko podvojite ali potrojite zmogljivost svoje DELTA Pro na 7,2 kWh ali 10,8 kWh. Na zaslonu LCD so na voljo klju\u010dne informacije o delovanju. Poleg tega lahko z aplikacijo EcoFlow spremljate svojo napravo DELTA Pro od koder koli. Poleg tega ve\u010d mo\u017enosti polnjenja pove\u010duje svobodo pri uporabi.<\/p>\n<h3 style=\"text-align: center\"><img fetchpriority=\"high\" decoding=\"async\" src=\"\/data\/include\/cms\/ECOFLOW\/Delta-PRO\/24.jpg\" border=\"0\" width=\"1100\" height=\"700\" title=\"\"><\/h3>\n<\/p>\n<h3 style=\"text-align: center\">Bodite pripravljeni na nujne primere<\/h3>\n<p>Izrednih razmer obi\u010dajno ni mogo\u010de predvideti. Vendar vam bo baterija za DELTA Pro omogo\u010dila, da boste nanje pripravljeni. Naprava EcoFlow je \u0161e posebej uporabna med dalj\u0161imi izpadi elektri\u010dne energije. Tako vam ni treba prekiniti dela ali se odpovedati \u010dasu, ki ga pre\u017eivite z dru\u017eino.<\/p>\n<p><img decoding=\"async\" src=\"https:\/\/b2b.innpro.pl\/data\/include\/cms\/ECOFLOW\/Delta-PRO\/10.jpg\" border=\"0\" alt=\"\" width=\"1100\" height=\"700\" title=\"\"><\/p>\n<h3 style=\"text-align: center\"> <\/h3>\n<h3 style=\"text-align: center\">LCD-ZASLON<\/h3>\n<p>Baterija je opremljena z LCD-zaslonom, ki vam bo zagotovil najpomembnej\u0161e informacije o delovanju naprave. Z njegovo pomo\u010djo boste izvedeli za preostali \u010das delovanja ali polnjenja ali trenutno raven napolnjenosti baterije. Poleg tega lahko za \u0161e bolj priro\u010dno delovanje preverite raven napolnjenosti baterije prek aplikacije EcoFlow.<\/p>\n<p><img decoding=\"async\" src=\"https:\/\/b2b.innpro.pl\/data\/include\/cms\/ECOFLOW\/Delta-PRO\/2.jpg\" border=\"0\" alt=\"\" width=\"1100\" height=\"700\" title=\"\"><\/p>\n<h3 style=\"text-align: center\"> <\/h3>\n<h3 style=\"text-align: center\">Priro\u010dno polnjenje<\/h3>\n<p>Polnjenje baterije je enostavno. Samo priklju\u010dite jo na napajalno postajo DELTA Pro. Napajanje naprav lahko obnovite z uporabo vti\u010dnice za izmeni\u010dni tok, avtomobilskega polnilnika, solarnih panelov (niso vklju\u010deni), pametnega generatorja EcoFlow ali na polnilni postaji za elektri\u010dna vozila. Poleg tega bo kmalu mogo\u010de tudi polnjenje z vetrno energijo.<\/p>\n<p><img loading=\"lazy\" decoding=\"async\" src=\"https:\/\/b2b.innpro.pl\/data\/include\/cms\/ECOFLOW\/Delta-PRO\/16.jpg\" border=\"0\" alt=\"\" width=\"1100\" height=\"700\" title=\"\"><\/p>\n<h3 style=\"text-align: center\"> <\/h3>\n<h3 style=\"text-align: center\">Ve\u010d mo\u017enosti<\/h3>\n<p>\u010ce druge mo\u017enosti polnjenja preprosto niso na voljo, lahko uporabite pametni generator EcoFlow, ki je na voljo za lo\u010den nakup. Z mo\u010djo 1800 W enosmernega toka lahko v trenutku napolnite napravo DELTA Pro ali baterijo. Generator preprosto priklju\u010dite na izbrano napravo. Opomba: za polnjenje baterije in napajalne postaje DELTA Pro ni treba, da sta povezani skupaj.<\/p>\n<p><img loading=\"lazy\" decoding=\"async\" src=\"https:\/\/b2b.innpro.pl\/data\/include\/cms\/ECOFLOW\/Delta-PRO\/9.jpg\" border=\"0\" alt=\"\" width=\"1100\" height=\"700\" title=\"\"><\/p>\n<\/p>\n<h3>Vklju\u010deno<\/h3>\n<ul>\n<li>baterija za napravo DELTA Pro<\/li>\n<li>polnilni kabel<\/li>\n<li>pokrov za x2 ro\u010dajev<\/li>\n<li>uporabni\u0161ki priro\u010dnik<\/li>\n<\/ul>\n<h3>Specifications<\/h3>\n<\/p>\n<div class=\"table-wrapper\">\n<table>\n<tbody>\n<tr>\n<th>Blagovna znamka<\/th>\n<td>EcoFlow<\/td>\n<\/tr>\n<tr>\n<th>Ime<\/th>\n<td>EcoFlow DELTA Pro Smart Extra baterija<\/td>\n<\/tr>\n<tr>\n<th>Color<\/th>\n<td>\u010drna<\/td>\n<\/tr>\n<tr>\n<th>Material<\/th>\n<td>aluminijeva zlitina, plastika<\/td>\n<\/tr>\n<tr>\n<th>Capacity<\/th>\n<td>3600 Wh (48V, 75Ah)<\/td>\n<\/tr>\n<tr>\n<th>Working temperature<\/th>\n<td>\n<p>nalaganja: 0 &#8211; 45\u00baC<\/p>\n<p>praznjenje: &#8211; 20\u00baC <span> &#8211; 60\u00baC <\/span><\/p>\n<\/td>\n<\/tr>\n<tr>\n<th>\u017divljenjski cikel baterije<\/th>\n<td>6 500 ciklov do 50 % zmogljivosti, 3 500 ciklov do 80 % zmogljivosti<\/td>\n<\/tr>\n<tr>\n<th>Dimenzije<\/th>\n<td>63,5 x 28,5 x 41,6 cm<\/td>\n<\/tr>\n<tr>\n<th>Weight<\/th>\n<td>39 kg<\/td>\n<\/tr>\n<tr>\n<th>Certifikati<\/th>\n<td>UL, CE, FCC, RoHS, Telec<\/td>\n<\/tr>\n<\/tbody>\n<\/table>\n<\/div>\n<p><!--\n.table-wrapper{width:100%;overflow-x:auto}.table-wrapper&gt;-->table{border-spacing:0}.table-wrapper&gt;table&gt;tbody&gt;tr&gt;td,.table-wrapper&gt;table&gt;tbody&gt;tr&gt;th{padding:10px 35px;text-align:left}.table-wrapper&gt;table&gt;tbody&gt;tr&gt;th{vertical-align:top}.table-wrapper&gt;table&gt;tbody&gt;tr:nth-child(even){background-color:#f7f7f7}<br \/>\n&#8211;&gt;<\/p>","protected":false},"excerpt":{"rendered":"<p>Na zalogi pri zunanjem dobavitelju. Rok dobave 3-7 delovnih dni.<\/p>","protected":false},"featured_media":31985,"template":"","meta":{"_monsterinsights_skip_tracking":false,"_monsterinsights_sitenote_active":false,"_monsterinsights_sitenote_note":"","_monsterinsights_sitenote_category":0},"product_brand":[],"product_cat":[101,296,255],"product_tag":[],"class_list":{"0":"post-31997","1":"product","2":"type-product","3":"status-publish","4":"has-post-thumbnail","6":"product_cat-pametni-dom","7":"product_cat-solarna-tehnika","8":"product_cat-vsi","10":"first","11":"outofstock","12":"taxable","13":"shipping-taxable","14":"purchasable","15":"product-type-simple"},"jetpack_sharing_enabled":true,"_links":{"self":[{"href":"https:\/\/kobra.si\/en\/wp-json\/wp\/v2\/product\/31997","targetHints":{"allow":["GET"]}}],"collection":[{"href":"https:\/\/kobra.si\/en\/wp-json\/wp\/v2\/product"}],"about":[{"href":"https:\/\/kobra.si\/en\/wp-json\/wp\/v2\/types\/product"}],"version-history":[{"count":1,"href":"https:\/\/kobra.si\/en\/wp-json\/wp\/v2\/product\/31997\/revisions"}],"predecessor-version":[{"id":33844,"href":"https:\/\/kobra.si\/en\/wp-json\/wp\/v2\/product\/31997\/revisions\/33844"}],"wp:featuredmedia":[{"embeddable":true,"href":"https:\/\/kobra.si\/en\/wp-json\/wp\/v2\/media\/31985"}],"wp:attachment":[{"href":"https:\/\/kobra.si\/en\/wp-json\/wp\/v2\/media?parent=31997"}],"wp:term":[{"taxonomy":"product_brand","embeddable":true,"href":"https:\/\/kobra.si\/en\/wp-json\/wp\/v2\/product_brand?post=31997"},{"taxonomy":"product_cat","embeddable":true,"href":"https:\/\/kobra.si\/en\/wp-json\/wp\/v2\/product_cat?post=31997"},{"taxonomy":"product_tag","embeddable":true,"href":"https:\/\/kobra.si\/en\/wp-json\/wp\/v2\/product_tag?post=31997"}],"curies":[{"name":"wp","href":"https:\/\/api.w.org\/{rel}","templated":true}]}}