{"id":31979,"date":"2025-07-31T10:34:11","date_gmt":"2025-07-31T08:34:11","guid":{"rendered":"https:\/\/kobra.si\/spletna-trgovina-kobra\/prenosna-elektricna-postaja-ecoflow-delta-pro\/"},"modified":"2026-01-02T21:04:07","modified_gmt":"2026-01-02T20:04:07","slug":"prenosna-elektricna-postaja-ecoflow-delta-pro","status":"publish","type":"product","link":"https:\/\/kobra.si\/en\/spletna-trgovina-kobra\/prenosna-elektricna-postaja-ecoflow-delta-pro\/","title":{"rendered":"Prenosna elektri\u010dna postaja EcoFlow DELTA Pro"},"content":{"rendered":"<div class=\"table-wrapper\">\n<h3 style=\"text-align: center\">Prenosna napajalna postaja EcoFlow DELTA Pro &#8211; zmogljiv in vsestranski center za polnjenje<\/h3>\n<p style=\"text-align: justify\">Predstavljamo prvo prenosno doma\u010do baterijo na svetu z raz\u0161irljivim ekosistemom za ustvarjanje doma\u010dega elektri\u010dnega centra, pametno upravljanje energije, ni\u017eanje ra\u010dunov za energijo in \u0161e ve\u010d. 3600Wh EcoFlow DELTA Pro je naslednji korak v tehnologiji prenosne napajalne postaje, ki zagotavlja varnost in energetsko neodvisnost, kamor koli greste.<\/p>\n<p style=\"text-align: justify\"><img fetchpriority=\"high\" decoding=\"async\" src=\"https:\/\/b2b.innpro.pl\/data\/include\/cms\/ECOFLOW\/Delta-PRO\/7.jpg?v=1638540118010\" border=\"0\" alt=\"\" width=\"1100\" height=\"700\" title=\"\"><\/p>\n<p style=\"text-align: justify\">\n<h3 style=\"text-align: center\">Energija za vsako situacijo<\/h3>\n<p style=\"text-align: justify\">Od izpadov elektri\u010dne energije do ekstremnih izpadov, ki trajajo ve\u010d dni, DELTA Pro zagotavlja 3600Wh zmogljivosti, ki jo je mogo\u010de raz\u0161iriti do 25 kWh &#8211; preprosto priklju\u010dite dodatne naprave EcoFlow, na primer ve\u010d postaj. Tako boste pripravljeni na vse razmere. To je najvi\u0161ji standard v panogi.<\/p>\n<p style=\"text-align: justify\"><img decoding=\"async\" src=\"https:\/\/b2b.innpro.pl\/data\/include\/cms\/ECOFLOW\/Delta-PRO\/18.jpg?v=1638540118010\" border=\"0\" alt=\"\" width=\"1100\" height=\"700\" title=\"\"><\/p>\n<p style=\"text-align: justify\">\n<h3 style=\"text-align: center\">Priklju\u010dite skoraj vse elektri\u010dne naprave<\/h3>\n<p style=\"text-align: justify\">Posamezna enota DELTA Pro ima izhodno mo\u010d 3600 W AC, ki jo lahko s tehnologijo X-Boost pove\u010date na 4500 W. Napolnite 99,99 % naprav, ki potrebujejo veliko elektri\u010dne energije, doma, na prostem ali pri delu. Dve enoti DELTA Pro lahko celo zdru\u017eite in tako dose\u017eete izhodno mo\u010d 7200 W.<\/p>\n<p style=\"text-align: justify\"><img decoding=\"async\" src=\"https:\/\/b2b.innpro.pl\/data\/include\/cms\/ECOFLOW\/Delta-PRO\/6.jpg?v=1638540118010\" border=\"0\" width=\"1100\" height=\"700\" title=\"\"><\/p>\n<p style=\"text-align: justify\">\n<h3 style=\"text-align: center\">Najhitreje polnjena prenosna napajalna postaja na svetu<\/h3>\n<p style=\"text-align: justify\">Tehnologija ve\u010dkratnega polnjenja zagotavlja rekordno hitrost pri 6500 W. Za doseganje 6500 W lahko izbirate med ve\u010d razpolo\u017eljivimi na\u010dini polnjenja.<\/p>\n<p style=\"text-align: justify\"><img loading=\"lazy\" decoding=\"async\" src=\"https:\/\/b2b.innpro.pl\/data\/include\/cms\/ECOFLOW\/Delta-PRO\/16.jpg?v=1638540118010\" border=\"0\" alt=\"\" width=\"1100\" height=\"700\" title=\"\"><\/p>\n<p style=\"text-align: justify\">\n<h3 style=\"text-align: center\">Popolno polnjenje v 1,9 ure<\/h3>\n<p style=\"text-align: justify\">Tehnologija polnjenja X-Stream podjetja EcoFlow ni le hitra, temve\u010d tudi varna. Sistem za upravljanje baterije zagotavlja varnost in dolgo \u017eivljenjsko dobo celic, popolno polnjenje naprave DELTA Pro iz standardne elektri\u010dne vti\u010dnice pa traja pribli\u017eno 1,9 ure.<\/p>\n<p style=\"text-align: justify\"><img loading=\"lazy\" decoding=\"async\" src=\"https:\/\/b2b.innpro.pl\/data\/include\/cms\/ECOFLOW\/Delta-PRO\/19.jpg?v=1638540118010\" border=\"0\" alt=\"\" width=\"1100\" height=\"700\" title=\"\"><\/p>\n<p style=\"text-align: justify\">\n<h3 style=\"text-align: center\">Polnjenje prakti\u010dno kjerkoli<\/h3>\n<p style=\"text-align: justify\">Prvi\u010d v zgodovini lahko polnite na postaji za elektri\u010dna vozila kjer koli na svetu. Ta edinstvena metoda polnjenja vam omogo\u010da hitro polnjenje do 3000 W v trenutku.<\/p>\n<p style=\"text-align: justify\"><img loading=\"lazy\" decoding=\"async\" src=\"https:\/\/b2b.innpro.pl\/data\/include\/cms\/ECOFLOW\/Delta-PRO\/1.jpg?v=1638540118010\" border=\"0\" width=\"1100\" height=\"700\" title=\"\"><\/p>\n<p style=\"text-align: justify\">\n<h3 style=\"text-align: center\">Bodite zeleni s 1600W solarnim polnjenjem<\/h3>\n<p style=\"text-align: justify\">Komplet solarnih izdelkov EcoFlow zagotavlja stro\u0161kovno u\u010dinkovit vir obnovljive energije, ki vam zagotavlja napajanje. S son\u010dno energijo lahko napravo DELTA Pro napolnite \u017ee v 2,8-5,6 urah. Naprava DELTA Pro ima \u0161irok razpon napetosti od 11 do 150 V, zato je zdru\u017eljiva z ve\u010dino solarnih panelov drugih proizvajalcev s priklju\u010dki MC4. Ko vreme postane nepredvidljivo, se inteligentni sistem MPPT (Maximum Power Point Tracking) samodejno prilagodi in pove\u010da proizvodnjo son\u010dne energije ob vsakem \u010dasu dneva.<\/p>\n<p style=\"text-align: justify\"><img loading=\"lazy\" decoding=\"async\" src=\"https:\/\/b2b.innpro.pl\/data\/include\/cms\/ECOFLOW\/Delta-PRO\/20.jpg?v=1638540118010\" border=\"0\" alt=\"\" width=\"1100\" height=\"700\" title=\"\"><\/p>\n<p style=\"text-align: justify\">\n<h3 style=\"text-align: center\">Energija v sili s pametnim generatorjem EcoFlow<\/h3>\n<p style=\"text-align: justify\">Pametni generator EcoFlow se odli\u010dno vklju\u010di v ekosistem DELTA Pro. Samodejno se za\u017eene, ko je napolnjenost naprave DELTA Pro nizka, polni napravo DELTA Pro in samostojno zaklju\u010di delovanje motorja, ko naprava DELTA Pro dose\u017ee polno napolnjenost. V primerjavi s tradicionalnimi re\u0161itvami pametni generator EcoFlow zagotavlja manj\u0161e izgube energije, hitrej\u0161e polnjenje in ve\u010djo u\u010dinkovitost.<\/p>\n<p style=\"text-align: justify\"><img loading=\"lazy\" decoding=\"async\" src=\"https:\/\/b2b.innpro.pl\/data\/include\/cms\/ECOFLOW\/Delta-PRO\/21.jpg?v=1638540118010\" border=\"0\" alt=\"\" width=\"1100\" height=\"700\" title=\"\"><\/p>\n<p style=\"text-align: justify\">\n<h3 style=\"text-align: center\">Baterija, ki bo zagotavljala zmogljivost ve\u010d let<\/h3>\n<p style=\"text-align: justify\">Naprava DELTA Pro ima popolnoma novo baterijo LFP z \u017eivljenjsko dobo 6500 ciklov, kar pomeni, da lahko napravo DELTA Pro uporabljate ve\u010d let, preden naprava dose\u017ee 50 % svoje prvotne zmogljivosti. Sistem za upravljanje baterije EcoFlow omogo\u010da analizo in prilagajanje napetosti, toka in temperature v realnem \u010dasu. Zaradi tega edinstvenega za\u0161\u010ditnega mehanizma je baterija DELTA Pro izjemno varna in u\u010dinkovita baterija za doma\u010do uporabo.<\/p>\n<p style=\"text-align: justify\"><img loading=\"lazy\" decoding=\"async\" src=\"https:\/\/b2b.innpro.pl\/data\/include\/cms\/ECOFLOW\/Delta-PRO\/15.jpg?v=1638540118010\" border=\"0\" alt=\"\" width=\"1100\" height=\"700\" title=\"\"><\/p>\n<p style=\"text-align: justify\">\n<h3 style=\"text-align: center\">Nadzor in spremljanje na ve\u010d na\u010dinov<\/h3>\n<p style=\"text-align: justify\">Baterijo DELTA Pro upravljajte s samo enoto, daljinskim upravljalnikom ali pa z aplikacijo EcoFlow odklepajte \u0161tevilne mo\u017enosti prilagajanja. Z aplikacijo lahko dostopate do nastavitev napajanja, kot so stopnje polnjenja in praznjenja, hitrosti polnjenja z izmeni\u010dnim tokom, pametni nadzor generatorja in \u0161e ve\u010d.<\/p>\n<p style=\"text-align: justify\"><img loading=\"lazy\" decoding=\"async\" src=\"https:\/\/b2b.innpro.pl\/data\/include\/cms\/ECOFLOW\/Delta-PRO\/2.jpg?v=1638540118010\" border=\"0\" alt=\"\" width=\"1100\" height=\"700\" title=\"\"><\/p>\n<p style=\"text-align: justify\">\n<h3 style=\"text-align: center\">Prvi ekosistem prenosnih doma\u010dih elektrarn na svetu<\/h3>\n<p style=\"text-align: justify\">Ekosistem DELTA Pro zagotavlja napajanje med izpadi, celodnevno prilagajanje napajanja, raz\u0161iritev z dodatnimi elektri\u010dnimi postajami in ni\u017eje ra\u010dune za energijo. Kako dose\u010di vse to? Z izbiro dodatnih baterij, pametnih generatorjev, solarnih sledilnih naprav, vetrnih turbin, panelov za pametne domove in \u0161e ve\u010d. Ekosistem DELTA Pro lahko prilagodite svojim potrebam, od rezervnega napajanja do zni\u017eanja ra\u010duna za elektriko, vse to z okolju prijaznimi alternativami.<\/p>\n<p style=\"text-align: justify\"><img loading=\"lazy\" decoding=\"async\" src=\"https:\/\/b2b.innpro.pl\/data\/include\/cms\/ECOFLOW\/Delta-PRO\/8.jpg?v=1638540118010\" border=\"0\" alt=\"\" width=\"1100\" height=\"700\" title=\"\"><\/p>\n<p style=\"text-align: justify\">\n<h3 style=\"text-align: center\">Predstavitev plo\u0161\u010de za pametni dom &#8211; pametna nadzorna plo\u0161\u010da EcoFlow<\/h3>\n<p style=\"text-align: justify\">Nova pametna doma\u010da plo\u0161\u010da EcoFlow je srce ekosistema DELTA Pro za oskrbo z elektri\u010dno energijo za dom. Zdru\u017euje do dve enoti DELTA Pro z 10 hi\u0161nimi tokokrogi. Vsako elektrarno DELTA Pro je mogo\u010de kombinirati z dodatnimi baterijami, son\u010dnimi kolektorji ali pametnimi generatorji in tako zagotoviti neprekinjeno napajanje med izpadi elektri\u010dne energije, pametno upravljanje energije za kriti\u010dne obremenitve in ni\u017eje ra\u010dune za energijo.<\/p>\n<p style=\"text-align: justify\"><img loading=\"lazy\" decoding=\"async\" src=\"https:\/\/b2b.innpro.pl\/data\/include\/cms\/ECOFLOW\/Delta-PRO\/14.jpg?v=1638540118010\" border=\"0\" alt=\"\" width=\"1100\" height=\"700\" title=\"\"><\/p>\n<p style=\"text-align: justify\">\n<h3 style=\"text-align: center\">Neprekinjeno napajanje doma v nujnih primerih<\/h3>\n<p style=\"text-align: justify\">S hitrim preklopnim \u010dasom 20 ms lahko DELTA Pro in pametna doma\u010da plo\u0161\u010da zagotovita napajanje med izpadom elektri\u010dne energije. Aplikacija EcoFlow vas ves \u010das obve\u0161\u010da in vam omogo\u010da, da izberete in spremenite prednostne naloge naprav.<\/p>\n<p style=\"text-align: justify\"><img loading=\"lazy\" decoding=\"async\" src=\"https:\/\/b2b.innpro.pl\/data\/include\/cms\/ECOFLOW\/Delta-PRO\/5.jpg?v=1638540118010\" border=\"0\" alt=\"\" width=\"1100\" height=\"700\" title=\"\"><\/p>\n<p style=\"text-align: justify\">\n<h3 style=\"text-align: center\">Neodvisnost in udobje na potovanjih z avtodomom<\/h3>\n<p style=\"text-align: justify\">Z napajalno postajo DELTA Pro se lahko odpravite na izlet, kamor koli \u017eelite. Naprava je opremljena s kolesi in raztegljivim ro\u010dajem, podobnim kov\u010dku, kar olaj\u0161a prevoz. \u010ce pa i\u0161\u010dete celovito re\u0161itev za napajanje na potovanjih s kampiranjem in pustolov\u0161\u010dinah na prostem, je naprava DELTA Pro opremljena z elektri\u010dno vti\u010dnico, ima poseben 30A Andersonov priklju\u010dek in se lahko napaja tako iz omre\u017eja kot iz solarnih panelov.<\/p>\n<p style=\"text-align: justify\"><img loading=\"lazy\" decoding=\"async\" src=\"https:\/\/b2b.innpro.pl\/data\/include\/cms\/ECOFLOW\/Delta-PRO\/11.jpg?v=1638540118010\" border=\"0\" alt=\"\" width=\"1100\" height=\"700\" title=\"\"><\/p>\n<p style=\"text-align: justify\">\n<h3 style=\"text-align: center\">Pogonsko gorivo za va\u0161e podjetje, kjerkoli ga potrebujete<\/h3>\n<p style=\"text-align: justify\">Naprava DELTA Pro ne zagotavlja le zasilnega napajanja doma, temve\u010d tudi varen vir energije za vse vrste podjetij. Ne glede na to, ali delate doma ali v parku, od doma\u010dih do profesionalnih projektov, vam lahko DELTA Pro pomaga opraviti vsako delo.<\/p>\n<h3 style=\"text-align: justify\"><img loading=\"lazy\" decoding=\"async\" src=\"https:\/\/b2b.innpro.pl\/data\/include\/cms\/ECOFLOW\/Delta-PRO\/4.jpg?v=1638540118010\" border=\"0\" alt=\"\" width=\"1100\" height=\"700\" title=\"\"><\/h3>\n<\/p>\n<h3>V \u0161katli<\/h3>\n<ul>\n<li>DELTA Pro<\/li>\n<li>Adapter za pametni generator<\/li>\n<li>Kabel za polnjenje z izmeni\u010dnim tokom<\/li>\n<li>Avtomobilski polnilni kabel<\/li>\n<li>Kabel od DC5521 do DC5525<\/li>\n<li>Pokrov ro\u010daja<\/li>\n<li>Uporabni\u0161ki priro\u010dnik<\/li>\n<\/ul>\n<h3>Specifikacija<\/h3>\n<\/p>\n<table>\n<tbody>\n<tr>\n<th>Blagovna znamka<\/th>\n<td>EcoFlow<\/td>\n<\/tr>\n<tr>\n<th>Model<\/th>\n<td>DELTA Pro<\/td>\n<\/tr>\n<tr>\n<th>Color<\/th>\n<td>\u010crna<\/td>\n<\/tr>\n<tr>\n<th>Material<\/th>\n<td>Aluminijasta zlitina + plastika<\/td>\n<\/tr>\n<tr>\n<th>Capacity<\/th>\n<td>3.600 Wh<\/td>\n<\/tr>\n<tr>\n<th>Izhod za izmeni\u010dni tok (x4)<\/th>\n<td>3.600 W skupaj (7.200 W v primeru preboja)<\/td>\n<\/tr>\n<tr>\n<th>Najve\u010dja mo\u010d naprave, ki jo podpira X-Boost<\/th>\n<td>4500W<\/td>\n<\/tr>\n<tr>\n<th>Izhod USB-A (x2)<\/th>\n<td>5 V, 2,4 A, najve\u010d 12 W<\/td>\n<\/tr>\n<tr>\n<th>Vrata za hitro polnjenje USB-A (x2)<\/th>\n<td>5 V, 2,4 A \/ 9 V, 2 A \/ 12 V, 1,5 A, najve\u010d 18 W<\/td>\n<\/tr>\n<tr>\n<th>Izhod USB-C (x2)<\/th>\n<td>5 \/ 9 \/ 12 \/ 15 \/ 20 V, 5 A, najve\u010d 100 W.<\/td>\n<\/tr>\n<tr>\n<th>Avtomobilski izhod za napajanje<\/th>\n<td>12,6 V, 10 A, najve\u010d 126 W.<\/td>\n<\/tr>\n<tr>\n<th>DC5521 (x2)<\/th>\n<td>12,6 V, 3A<\/td>\n<\/tr>\n<tr>\n<th>Andersonova vrata<\/th>\n<td>12,6 V, 30 A<\/td>\n<\/tr>\n<tr>\n<th>Vhod za polnjenje z izmeni\u010dnim tokom<\/th>\n<td>230 V &#8211; 12,5 A, 2900 W<\/td>\n<\/tr>\n<tr>\n<th>Vhod za son\u010dno polnjenje<\/th>\n<td>Najve\u010d 1600 W, 11-150 Vdc, 15 A<\/td>\n<\/tr>\n<tr>\n<th>Polnjenje v avtomobilu<\/th>\n<td>Podpira baterije 12\/24V, privzeto 8A<\/td>\n<\/tr>\n<tr>\n<th>Baterija<\/th>\n<td>LFP<\/td>\n<\/tr>\n<tr>\n<th>\u017divljenjski cikel<\/th>\n<td>3500 ciklov do 80 % + zmogljivosti<\/td>\n<\/tr>\n<tr>\n<th>Rok trajanja<\/th>\n<td>Pribli\u017eno 1 leto<\/td>\n<\/tr>\n<tr>\n<th>Povezljivost<\/th>\n<td>Wi-Fi, Bluetooth, \u017ei\u010dna povezava<\/td>\n<\/tr>\n<tr>\n<th>Dimenzije<\/th>\n<td>63,5 \u00d7 28,5 \u00d7 41,6 cm<\/td>\n<\/tr>\n<tr>\n<th>Weight<\/th>\n<td>45 kg<\/td>\n<\/tr>\n<\/tbody>\n<\/table>\n<\/p>\n<\/div>\n<p><!--\n.table-wrapper{width:100%;overflow-x:auto}.table-wrapper&gt;-->table{border-spacing:0}.table-wrapper&gt;table&gt;tbody&gt;tr&gt;td,.table-wrapper&gt;table&gt;tbody&gt;tr&gt;th{padding:10px 35px;text-align:left}.table-wrapper&gt;table&gt;tbody&gt;tr&gt;th{vertical-align:top}.table-wrapper&gt;table&gt;tbody&gt;tr:nth-child(even){background-color:#f7f7f7}<br \/>\n&#8211;&gt;<\/p>","protected":false},"excerpt":{"rendered":"<p>Na zalogi pri zunanjem dobavitelju. Rok dobave 3-7 delovnih dni.<\/p>","protected":false},"featured_media":31971,"template":"","meta":{"_monsterinsights_skip_tracking":false,"_monsterinsights_sitenote_active":false,"_monsterinsights_sitenote_note":"","_monsterinsights_sitenote_category":0},"product_brand":[],"product_cat":[101,296,255],"product_tag":[],"class_list":{"0":"post-31979","1":"product","2":"type-product","3":"status-publish","4":"has-post-thumbnail","6":"product_cat-pametni-dom","7":"product_cat-solarna-tehnika","8":"product_cat-vsi","10":"first","11":"outofstock","12":"taxable","13":"shipping-taxable","14":"purchasable","15":"product-type-simple"},"jetpack_sharing_enabled":true,"_links":{"self":[{"href":"https:\/\/kobra.si\/en\/wp-json\/wp\/v2\/product\/31979","targetHints":{"allow":["GET"]}}],"collection":[{"href":"https:\/\/kobra.si\/en\/wp-json\/wp\/v2\/product"}],"about":[{"href":"https:\/\/kobra.si\/en\/wp-json\/wp\/v2\/types\/product"}],"version-history":[{"count":1,"href":"https:\/\/kobra.si\/en\/wp-json\/wp\/v2\/product\/31979\/revisions"}],"predecessor-version":[{"id":33846,"href":"https:\/\/kobra.si\/en\/wp-json\/wp\/v2\/product\/31979\/revisions\/33846"}],"wp:featuredmedia":[{"embeddable":true,"href":"https:\/\/kobra.si\/en\/wp-json\/wp\/v2\/media\/31971"}],"wp:attachment":[{"href":"https:\/\/kobra.si\/en\/wp-json\/wp\/v2\/media?parent=31979"}],"wp:term":[{"taxonomy":"product_brand","embeddable":true,"href":"https:\/\/kobra.si\/en\/wp-json\/wp\/v2\/product_brand?post=31979"},{"taxonomy":"product_cat","embeddable":true,"href":"https:\/\/kobra.si\/en\/wp-json\/wp\/v2\/product_cat?post=31979"},{"taxonomy":"product_tag","embeddable":true,"href":"https:\/\/kobra.si\/en\/wp-json\/wp\/v2\/product_tag?post=31979"}],"curies":[{"name":"wp","href":"https:\/\/api.w.org\/{rel}","templated":true}]}}