{"id":31970,"date":"2025-07-31T10:33:19","date_gmt":"2025-07-31T08:33:19","guid":{"rendered":"https:\/\/kobra.si\/spletna-trgovina-kobra\/fotovoltaicni-panel-ecoflow-160w\/"},"modified":"2025-12-02T10:28:54","modified_gmt":"2025-12-02T09:28:54","slug":"fotovoltaicni-panel-ecoflow-160w","status":"publish","type":"product","link":"https:\/\/kobra.si\/en\/spletna-trgovina-kobra\/fotovoltaicni-panel-ecoflow-160w\/","title":{"rendered":"Fotovoltai\u010dni panel EcoFlow 160W"},"content":{"rendered":"<h3>EcoFlow 160W fotovoltai\u010dna plo\u0161\u010da<\/h3>\n<p>Imejte dostop do elektrike, kjerkoli ste. Solarni panel EcoFlow 160W je prenosen, zlo\u017eljiv in pametno zasnovan ter vam omogo\u010da brezpla\u010dno in enostavno pridobivanje energije na pla\u017ei, vrtu, v kampu ali sredi &#8220;ni\u010desar&#8221;.<\/p>\n<p><img decoding=\"async\" src=\"https:\/\/b2b.innpro.pl\/data\/include\/cms\/12EcoFlow\/Panel-Solarny-160w\/9.jpg\" alt=\"12EcoFlow\/Panel-Solarny-160w\/9\" title=\"\"><\/p>\n<h3>Prenosen in zlo\u017eljiv<\/h3>\n<p>Solarna plo\u0161\u010da EcoFlow 160 W je prenosna in zlo\u017eljiva, zato je idealna za kampiranje, pohodni\u0161tvo in pustolov\u0161\u010dine na prostem. Solarni panel je majhnih dimenzij, zato ga lahko enostavno zlo\u017eite za prevoz in razgrnete kjer koli.<\/p>\n<p><img decoding=\"async\" src=\"https:\/\/b2b.innpro.pl\/data\/include\/cms\/12EcoFlow\/Panel-Solarny-160w\/1.jpg\" alt=\"12EcoFlow\/Panel-Solarny-160w\/1\" title=\"\"><\/p>\n<h3>Napredne son\u010dne celice<\/h3>\n<p>32 vrhunskih monokristalnih silicijevih celic zagotavlja visok 22-odstotni izkoristek pretvorbe, kar zagotavlja u\u010dinkovito oskrbo z elektri\u010dno energijo pri dnevni svetlobi. Skupna najve\u010dja vhodna mo\u010d solarnega panela je odvisna od vremenskih razmer. Za najbolj\u0161o u\u010dinkovitost ga uporabljajte pri polni son\u010dni svetlobi.<\/p>\n<p><img decoding=\"async\" src=\"https:\/\/b2b.innpro.pl\/data\/include\/cms\/12EcoFlow\/Panel-Solarny-160w\/11.jpg\" alt=\"12EcoFlow\/Panel-Solarny-160w\/11\" title=\"\"><\/p>\n<h3>Pametno napajanje s son\u010dno energijo<\/h3>\n<p>Solarni panel EcoFlow 160 W lahko pove\u017eete z napajalno postajo EcoFlow in tako uporabite napreden regulator polnjenja MPPT, ki v realnem \u010dasu zaznava elektri\u010dno napetost. To zagotavlja najbolj\u0161o zmogljivost son\u010dne energije tudi v spremenljivih razmerah.<\/p>\n<p><img decoding=\"async\" src=\"https:\/\/b2b.innpro.pl\/data\/include\/cms\/12EcoFlow\/Panel-Solarny-160w\/10.jpg\" alt=\"12EcoFlow\/Panel-Solarny-160w\/10\" title=\"\"><\/p>\n<h3>Nastavljiv podstavek<\/h3>\n<p>Nastavljivo podno\u017eje omogo\u010da postavitev solarnega panela v katero koli smer in orientacijo. To zagotavlja, da lahko ve\u010d panelov pove\u017eete v vrsto, ne da bi se prekrivali in onemogo\u010dali dostop do son\u010dnih \u017earkov za u\u010dinkovitej\u0161e zbiranje energije.<\/p>\n<p><img decoding=\"async\" src=\"https:\/\/b2b.innpro.pl\/data\/include\/cms\/12EcoFlow\/Panel-Solarny-160w\/3.jpg\" alt=\"12EcoFlow\/Panel-Solarny-160w\/3\" title=\"\"><\/p>\n<h3>Zdru\u017eljiva zasnova<\/h3>\n<p>Kabel MC4 (1 m), vgrajen v panel, je zdru\u017eljiv z drugimi izdelki na trgu in omogo\u010da povezavo ve\u010d 160W solarnih panelov EcoFlow z energetsko postajo EcoFlow DELTA za u\u010dinkovitej\u0161e pridobivanje energije iz son\u010dnih \u017earkov.<\/p>\n<p><img decoding=\"async\" src=\"https:\/\/b2b.innpro.pl\/data\/include\/cms\/12EcoFlow\/Panel-Solarny-160w\/7.jpg\" alt=\"12EcoFlow\/Panel-Solarny-160w\/7\" title=\"\"><\/p>\n<h3>Trajnost, odpornost na prah in vodo<\/h3>\n<p>Ne glede na to, ali kampirate, hodite v gore ali se odpravljate na izlet, bo son\u010dni panel EcoFlow 160W zagotovil energijo, ki jo potrebujete. Z oceno odpornosti na prah in vodo IP67 je na\u0161 solarni panel zasnovan za uporabo na prostem. Ima tudi 0,2-milimetrsko plast ETFE, ki \u0161\u010diti povr\u0161ino pred ultravijoli\u010dnim sevanjem in podalj\u0161uje njeno \u017eivljenjsko dobo.<\/p>\n<p><img decoding=\"async\" src=\"https:\/\/b2b.innpro.pl\/data\/include\/cms\/12EcoFlow\/Panel-Solarny-160w\/6.jpg\" alt=\"12EcoFlow\/Panel-Solarny-160w\/6\" title=\"\"><\/p>\n<h3>Vklju\u010deno<\/h3>\n<ul>\n<li>fotonapetostna plo\u0161\u010da<\/li>\n<li>kabel MC4 &#8211; XC60 (2,5 m)<\/li>\n<\/ul>\n<div class=\"table-wrapper\">\n<table>\n<tbody>\n<tr>\n<th>Proizvajalec <\/th>\n<td>EcoFlow<\/td>\n<\/tr>\n<tr>\n<th>Model <\/th>\n<td>1ECO1000-04<\/td>\n<\/tr>\n<tr>\n<th>Dimenzije v razgrnjenem stanju <\/th>\n<td>26,8*61,8*1,0 in (68*157*2,4 cm)<\/td>\n<\/tr>\n<tr>\n<th>Dimenzije v zlo\u017eenem stanju <\/th>\n<td>26,8*16,5*1,0 in (68*42*2,4 cm)<\/td>\n<\/tr>\n<tr>\n<th>Weight <\/th>\n<td>15,4 funtov (7,0 kg) Son\u010dni panel 11 funtov (5,0 kg)<\/td>\n<\/tr>\n<tr>\n<th>Garancija <\/th>\n<td>12 mesecev<\/td>\n<\/tr>\n<tr>\n<th>Nazivna mo\u010d <\/th>\n<td>160 W (+\/-5 W)*.<\/td>\n<\/tr>\n<tr>\n<th>U\u010dinkovitost <\/th>\n<td>21%-22%<\/td>\n<\/tr>\n<tr>\n<th>Vrsta priklju\u010dka <\/th>\n<td>MC4<\/td>\n<\/tr>\n<tr>\n<th>Napetost odprtega tokokroga <\/th>\n<td>21,4 V (Vmp 18,2 V)<\/td>\n<\/tr>\n<tr>\n<th>Tok kratkega stika <\/th>\n<td>9,6A (Imp 8,8A)<\/td>\n<\/tr>\n<tr>\n<th>Vrsta celice <\/th>\n<td>Monokristalni silicij<\/td>\n<\/tr>\n<tr>\n<th>Temperatura delovanja in shranjevanja <\/th>\n<td>-4\u00b0 F do 185\u00b0 F (-20\u00b0 C do 85\u00b0 C)<\/td>\n<\/tr>\n<\/tbody>\n<\/table>\n<\/div>","protected":false},"excerpt":{"rendered":"<p>Na zalogi pri zunanjem dobavitelju. Rok dobave 3-7 delovnih dni.<\/p>","protected":false},"featured_media":31968,"template":"","meta":{"_monsterinsights_skip_tracking":false,"_monsterinsights_sitenote_active":false,"_monsterinsights_sitenote_note":"","_monsterinsights_sitenote_category":0},"product_brand":[],"product_cat":[101,296,255],"product_tag":[],"class_list":{"0":"post-31970","1":"product","2":"type-product","3":"status-publish","4":"has-post-thumbnail","6":"product_cat-pametni-dom","7":"product_cat-solarna-tehnika","8":"product_cat-vsi","10":"first","11":"outofstock","12":"taxable","13":"shipping-taxable","14":"purchasable","15":"product-type-simple"},"jetpack_sharing_enabled":true,"_links":{"self":[{"href":"https:\/\/kobra.si\/en\/wp-json\/wp\/v2\/product\/31970","targetHints":{"allow":["GET"]}}],"collection":[{"href":"https:\/\/kobra.si\/en\/wp-json\/wp\/v2\/product"}],"about":[{"href":"https:\/\/kobra.si\/en\/wp-json\/wp\/v2\/types\/product"}],"version-history":[{"count":1,"href":"https:\/\/kobra.si\/en\/wp-json\/wp\/v2\/product\/31970\/revisions"}],"predecessor-version":[{"id":33847,"href":"https:\/\/kobra.si\/en\/wp-json\/wp\/v2\/product\/31970\/revisions\/33847"}],"wp:featuredmedia":[{"embeddable":true,"href":"https:\/\/kobra.si\/en\/wp-json\/wp\/v2\/media\/31968"}],"wp:attachment":[{"href":"https:\/\/kobra.si\/en\/wp-json\/wp\/v2\/media?parent=31970"}],"wp:term":[{"taxonomy":"product_brand","embeddable":true,"href":"https:\/\/kobra.si\/en\/wp-json\/wp\/v2\/product_brand?post=31970"},{"taxonomy":"product_cat","embeddable":true,"href":"https:\/\/kobra.si\/en\/wp-json\/wp\/v2\/product_cat?post=31970"},{"taxonomy":"product_tag","embeddable":true,"href":"https:\/\/kobra.si\/en\/wp-json\/wp\/v2\/product_tag?post=31970"}],"curies":[{"name":"wp","href":"https:\/\/api.w.org\/{rel}","templated":true}]}}