{"id":31958,"date":"2025-07-31T10:32:41","date_gmt":"2025-07-31T08:32:41","guid":{"rendered":"https:\/\/kobra.si\/spletna-trgovina-kobra\/ecoflow-solar-podaljsevalni-kabel-3-m\/"},"modified":"2026-04-20T21:04:12","modified_gmt":"2026-04-20T19:04:12","slug":"ecoflow-solar-podaljsevalni-kabel-3-m","status":"publish","type":"product","link":"https:\/\/kobra.si\/en\/spletna-trgovina-kobra\/ecoflow-solar-podaljsevalni-kabel-3-m\/","title":{"rendered":"EcoFlow Solar Podalj\u0161evalni kabel 3 m"},"content":{"rendered":"<h3>Podalj\u0161evalni kabel EcoFlow za fotonapetostne plo\u0161\u010de MC4 3m<\/h3>\n<p>S podalj\u0161evalnim kablom MC4 lahko svoje fotonapetostne panele \u0161e udobneje pove\u017eete z izbrano napravo. Odlikuje ga dol\u017eina kar 3 m, zato pridobite ve\u010djo prilagodljivost &#8211; zdaj lahko svoje panele preprosto postavite tako, da bodo kar najbolje izpostavljeni soncu. Pridobite \u0161e ve\u010d zelene son\u010dne energije in prihranite pri ra\u010dunih za elektriko!<\/p>\n<p><img decoding=\"async\" src=\"https:\/\/b2b.innpro.pl\/data\/include\/cms\/12EcoFlow\/Extension-cable-EcoFlow-for-photovoltaic-MC4-panels-3m\/1.jpg\" border=\"0\" alt=\"12EcoFlow\/Extension-cable-EcoFlow-for-photovoltaic-MC4-panels-3m\/1\" title=\"\"><\/p>\n<div class=\"table-wrapper\">\n<table>\n<tbody>\n<tr>\n<th>Blagovna znamka<\/th>\n<td>EcoFlow<\/td>\n<\/tr>\n<tr>\n<th>Ime<\/th>\n<td>EcoFlow podalj\u0161ek za fotovoltai\u010dne plo\u0161\u010de MC4<\/td>\n<\/tr>\n<tr>\n<th>Dol\u017eina<\/th>\n<td>3 m<\/td>\n<\/tr>\n<\/tbody>\n<\/table>\n<\/div>","protected":false},"excerpt":{"rendered":"<p>Na zalogi pri zunanjem dobavitelju. Rok dobave 3-7 delovnih dni.<\/p>","protected":false},"featured_media":31956,"template":"","meta":{"_monsterinsights_skip_tracking":false,"_monsterinsights_sitenote_active":false,"_monsterinsights_sitenote_note":"","_monsterinsights_sitenote_category":0},"product_brand":[],"product_cat":[101,296,255],"product_tag":[],"class_list":{"0":"post-31958","1":"product","2":"type-product","3":"status-publish","4":"has-post-thumbnail","6":"product_cat-pametni-dom","7":"product_cat-solarna-tehnika","8":"product_cat-vsi","10":"first","11":"instock","12":"taxable","13":"shipping-taxable","14":"purchasable","15":"product-type-simple"},"jetpack_sharing_enabled":true,"_links":{"self":[{"href":"https:\/\/kobra.si\/en\/wp-json\/wp\/v2\/product\/31958","targetHints":{"allow":["GET"]}}],"collection":[{"href":"https:\/\/kobra.si\/en\/wp-json\/wp\/v2\/product"}],"about":[{"href":"https:\/\/kobra.si\/en\/wp-json\/wp\/v2\/types\/product"}],"version-history":[{"count":1,"href":"https:\/\/kobra.si\/en\/wp-json\/wp\/v2\/product\/31958\/revisions"}],"predecessor-version":[{"id":33849,"href":"https:\/\/kobra.si\/en\/wp-json\/wp\/v2\/product\/31958\/revisions\/33849"}],"wp:featuredmedia":[{"embeddable":true,"href":"https:\/\/kobra.si\/en\/wp-json\/wp\/v2\/media\/31956"}],"wp:attachment":[{"href":"https:\/\/kobra.si\/en\/wp-json\/wp\/v2\/media?parent=31958"}],"wp:term":[{"taxonomy":"product_brand","embeddable":true,"href":"https:\/\/kobra.si\/en\/wp-json\/wp\/v2\/product_brand?post=31958"},{"taxonomy":"product_cat","embeddable":true,"href":"https:\/\/kobra.si\/en\/wp-json\/wp\/v2\/product_cat?post=31958"},{"taxonomy":"product_tag","embeddable":true,"href":"https:\/\/kobra.si\/en\/wp-json\/wp\/v2\/product_tag?post=31958"}],"curies":[{"name":"wp","href":"https:\/\/api.w.org\/{rel}","templated":true}]}}