{"id":31955,"date":"2025-07-31T10:32:28","date_gmt":"2025-07-31T08:32:28","guid":{"rendered":"https:\/\/kobra.si\/spletna-trgovina-kobra\/prijemalke-ecoflow-za-solarni-panel-8-kosov-prozorne\/"},"modified":"2026-04-10T21:02:24","modified_gmt":"2026-04-10T19:02:24","slug":"prijemalke-ecoflow-za-solarni-panel-8-kosov-prozorne","status":"publish","type":"product","link":"https:\/\/kobra.si\/en\/spletna-trgovina-kobra\/prijemalke-ecoflow-za-solarni-panel-8-kosov-prozorne\/","title":{"rendered":"Prijemalke EcoFlow za solarni panel 8 kosov (prozorne)"},"content":{"rendered":"<h3>EcoFlow priseski za solarne plo\u0161\u010de 8 kosov (prozorni)<\/h3>\n<p>Se odpravljate na potovanje z avtodomom? Priseski EcoFlow so pripomo\u010dek, s katerim lahko solarne plo\u0161\u010de preprosto pritrdite na steklene povr\u0161ine, kot sta streha ali avtomobilsko okno. Tako boste lahko uporabljali son\u010dno energijo, kjer koli boste. Zdaj ste lahko neodvisni &#8211; napajanje naprav brez omre\u017eja je mogo\u010de! Poskrbite za okolje in var\u010dujte z energijo z EcoFlow!<\/p>\n<p><img decoding=\"async\" src=\"https:\/\/b2b.innpro.pl\/data\/include\/cms\/12EcoFlow\/Przyssawki-1200x700\/3x1200.pg.jpg\" alt=\"12EcoFlow\/Przyssawki-1200x700\/3x1200.pg\" title=\"\"><\/p>","protected":false},"excerpt":{"rendered":"<p>Na zalogi pri zunanjem dobavitelju. Rok dobave 3-7 delovnih dni.<\/p>","protected":false},"featured_media":31945,"template":"","meta":{"_monsterinsights_skip_tracking":false,"_monsterinsights_sitenote_active":false,"_monsterinsights_sitenote_note":"","_monsterinsights_sitenote_category":0},"product_brand":[],"product_cat":[101,296,255],"product_tag":[],"class_list":{"0":"post-31955","1":"product","2":"type-product","3":"status-publish","4":"has-post-thumbnail","6":"product_cat-pametni-dom","7":"product_cat-solarna-tehnika","8":"product_cat-vsi","10":"first","11":"instock","12":"taxable","13":"shipping-taxable","14":"purchasable","15":"product-type-simple"},"jetpack_sharing_enabled":true,"_links":{"self":[{"href":"https:\/\/kobra.si\/en\/wp-json\/wp\/v2\/product\/31955","targetHints":{"allow":["GET"]}}],"collection":[{"href":"https:\/\/kobra.si\/en\/wp-json\/wp\/v2\/product"}],"about":[{"href":"https:\/\/kobra.si\/en\/wp-json\/wp\/v2\/types\/product"}],"version-history":[{"count":1,"href":"https:\/\/kobra.si\/en\/wp-json\/wp\/v2\/product\/31955\/revisions"}],"predecessor-version":[{"id":33850,"href":"https:\/\/kobra.si\/en\/wp-json\/wp\/v2\/product\/31955\/revisions\/33850"}],"wp:featuredmedia":[{"embeddable":true,"href":"https:\/\/kobra.si\/en\/wp-json\/wp\/v2\/media\/31945"}],"wp:attachment":[{"href":"https:\/\/kobra.si\/en\/wp-json\/wp\/v2\/media?parent=31955"}],"wp:term":[{"taxonomy":"product_brand","embeddable":true,"href":"https:\/\/kobra.si\/en\/wp-json\/wp\/v2\/product_brand?post=31955"},{"taxonomy":"product_cat","embeddable":true,"href":"https:\/\/kobra.si\/en\/wp-json\/wp\/v2\/product_cat?post=31955"},{"taxonomy":"product_tag","embeddable":true,"href":"https:\/\/kobra.si\/en\/wp-json\/wp\/v2\/product_tag?post=31955"}],"curies":[{"name":"wp","href":"https:\/\/api.w.org\/{rel}","templated":true}]}}