{"id":31922,"date":"2025-07-31T10:18:44","date_gmt":"2025-07-31T08:18:44","guid":{"rendered":"https:\/\/kobra.si\/spletna-trgovina-kobra\/prenosni-hladilnik-ecoflow-glacier-classic-35l\/"},"modified":"2026-04-16T21:02:29","modified_gmt":"2026-04-16T19:02:29","slug":"prenosni-hladilnik-ecoflow-glacier-classic-35l","status":"publish","type":"product","link":"https:\/\/kobra.si\/en\/spletna-trgovina-kobra\/prenosni-hladilnik-ecoflow-glacier-classic-35l\/","title":{"rendered":"Prenosni hladilnik EcoFlow Glacier Classic 35l"},"content":{"rendered":"<h3>Prenosni hladilnik EcoFlow Glacier Classic 35l<\/h3>\n<p>Prenosni hladilnik EcoFlow GLACIER Classic je idealen za kampiranje, avtodome, \u0161otorske izlete, spontane \u017eare in celo nakupovanje na vro\u010d dan. Zaradi svoje kompaktne zasnove ga boste zlahka spravili na primer v prtlja\u017enik, njegova 35-litrska prostornina pa zadostuje za shranjevanje do 58 plo\u010devink pija\u010de. Naprava omogo\u010da tudi izbiro med na\u010dinoma hlajenja in zamrzovanja &#8211; tako bo zagotovila sve\u017eino izdelkov, kot so jogurt, zelenjava, sadje ali meso. Poleg tega lahko hladilnik napajate na ve\u010d na\u010dinov &#8211; med drugim iz vti\u010dnice, v avtomobilu ali z uporabo dodatne baterije (naprodaj lo\u010deno).<\/p>\n<p>\n<img decoding=\"async\" alt=\"\" border=\"0\" src=\"https:\/\/assets.innpro.pl\/16057\/20244\/8.jpg\" title=\"\">\n<\/p>\n<h3>Hladi ali zamrzuje &#8211; izbira je va\u0161a<\/h3>\n<p>35-litrski hladilnik ponuja eno obmo\u010dje, ki lahko deluje v na\u010dinu hlajenja ali zamrzovanja. To pomeni, da ga lahko preprosto prilagodite svojim potrebam in v njem varno shranite meso, pija\u010do ali celo sladoled. Natan\u010dni senzorji stabilno vzdr\u017eujejo pravo temperaturo z natan\u010dnostjo \u00b11 \u00b0C, zato hrana, ki je shranjena v njem, ostane sve\u017ea dlje \u010dasa.<\/p>\n<p>\n<img decoding=\"async\" alt=\"\" border=\"0\" src=\"https:\/\/assets.innpro.pl\/16057\/20244\/11.jpg\" title=\"\">\n<\/p>\n<h3>Ravno prav\u0161nje za vsako potovanje<\/h3>\n<p>Model GLACIER Classic 35 l je bil zasnovan z mislijo na popotnike in druge. Njegova kompaktna oblika (70,6 x 40 x 40,5 cm) vam omogo\u010da, da prihranite prostor v prtlja\u017eniku ali avtodomu, hkrati pa vanj \u0161e vedno spravite vse, kar potrebujete &#8211; od pija\u010de do prigrizkov in drugih \u017eivil, kot sta sir ali jogurt. Hladilnik je pribli\u017eno 40 % manj\u0161i od standardnih enot s podobno zmogljivostjo, kljub temu pa vanj zlahka spravite kar 58 plo\u010devink pija\u010de s prostornino 330 ml.<\/p>\n<p>\n<img decoding=\"async\" alt=\"\" border=\"0\" src=\"https:\/\/assets.innpro.pl\/16057\/20244\/1.jpg\" title=\"\">\n<\/p>\n<h3>Izkazal se bo v \u0161tevilnih aplikacijah<\/h3>\n<p>Hladilnik GLACIER Classic se bo izkazal povsod, kjer sta pomembna zanesljivost in priro\u010dnost. Uspe\u0161no ga boste uporabljali med kampiranjem, potovanji z avtodomom, dru\u017einskimi po\u010ditnicami ali dolgimi vo\u017enjami z avtomobilom, pa tudi na vrti\u010dku ali \u017earu. Lahko ga vzamete tudi na nakupovanje v vro\u010dem dnevu in poskrbite, da bodo sladoled, zelenjava ali zamrznjena hrana varno prispeli domov. Zaradi svoje kompaktne zasnove se naprava prilega ve\u010dini prtlja\u017enikov.<\/p>\n<p>\n<img decoding=\"async\" alt=\"\" border=\"0\" src=\"https:\/\/assets.innpro.pl\/16057\/20244\/5.jpg\" title=\"\">\n<\/p>\n<h3>Ve\u010d mo\u017enosti napajanja<\/h3>\n<p>Z ve\u010d razpolo\u017eljivimi mo\u017enostmi napajanja bo hladilnik GLACIER Classic deloval v skoraj vseh pogojih. Preprosto ga lahko priklju\u010dite v vti\u010dnico za izmeni\u010dni tok, avtomobilski polnilnik ali alternator va\u0161ega vozila (izdelek je zdru\u017eljiv s polnilnikom za alternator EcoFlow 500 W in 800 W). Naprava deluje tudi s fotonapetostnimi paneli (11-30 V, manj kot 110 W) &#8211; vendar morate v tem primeru uporabiti dodatno baterijo (prodaja se posebej). Na voljo imate tudi vhod USB-C, ki vam omogo\u010da ne le napajanje hladilnika, temve\u010d tudi polnjenje izbranih naprav, kot sta na primer pametni telefon ali prenosni ra\u010dunalnik.<\/p>\n<p>\n<img decoding=\"async\" alt=\"\" border=\"0\" src=\"https:\/\/assets.innpro.pl\/16057\/20244\/7.jpg\" title=\"\">\n<\/p>\n<h3>Brez\u017ei\u010dno delovanje z dodatno baterijo<\/h3>\n<p>Akumulatorska baterija, ki je na voljo v lo\u010deni prodaji, omogo\u010da brez\u017ei\u010dno delovanje hladilnika. Z zmogljivostjo 298 Wh lahko napravo napaja do 43 ur! Tak\u0161na re\u0161itev bo odli\u010dna v primeru izpada elektri\u010dne energije ali med potovanji v kraje, kjer je dostop do standardnih virov energije ote\u017een.<\/p>\n<p>\n<img decoding=\"async\" alt=\"\" border=\"0\" src=\"https:\/\/assets.innpro.pl\/16057\/20244\/2.jpg\" title=\"\">\n<\/p>\n<h3>Odli\u010dna izolacija, impresivna zmogljivost<\/h3>\n<p>Pozabite na taljenje ledu in poplavljene pakete. Zaradi 53-milimetrskega sloja izolacijske pene in tesnega tesnjenja GLACIER Classic stabilno ohranja pravo temperaturo. Poleg tega u\u010dinkovit kompresor zagotavlja nizko porabo energije in omogo\u010da, da hladilnik dolgo \u010dasa u\u010dinkovito deluje.<\/p>\n<p>\n<img decoding=\"async\" alt=\"\" border=\"0\" src=\"https:\/\/assets.innpro.pl\/16057\/20244\/9.jpg\" title=\"\">\n<\/p>\n<h3>Ve\u010d mo\u017enosti z aplikacijo EcoFlow<\/h3>\n<p>Z aplikacijo EcoFlow lahko udobno nadzirate temperaturo, spremljate stanje baterije, preverjate podatke zadnjih 7 dni in uporabljate razpolo\u017eljive na\u010dine. Na\u010din Max zagotavlja hlajenje z najve\u010djo u\u010dinkovitostjo &#8211; dobro se bo obnesel za sladoled ali zamrznjeno meso. Na\u010din Eco pa zmanj\u0161a porabo energije, zato bo odli\u010den za dalj\u0161a potovanja. Aplikacija vam bo po\u0161iljala tudi obvestila o morebitnih neobi\u010dajnih temperaturnih nihanjih.<\/p>\n<p>\n<img decoding=\"async\" alt=\"\" border=\"0\" src=\"https:\/\/assets.innpro.pl\/16057\/20244\/3.jpg\" title=\"\">\n<\/p>\n<h3>Priro\u010dna prenosljivost<\/h3>\n<p>Na obeh straneh hladilnika \u0161irine 26,7 cm so skriti ro\u010daji, ki omogo\u010dajo, da ga udobno in varno prena\u0161ata dve osebi &#8211; tudi ko je notranjost napolnjena s hrano in pija\u010do. Vzdr\u017eijo obremenitev do 100 kg, zato vam ni treba skrbeti, da bi jih po\u0161kodovali.<\/p>\n<p>\n<img decoding=\"async\" alt=\"\" border=\"0\" src=\"https:\/\/assets.innpro.pl\/16057\/20244\/4.jpg\" title=\"\">\n<\/p>\n<h3>Dodatna oprema za vsako pustolov\u0161\u010dino<\/h3>\n<p>Lo\u010deno je na voljo tudi dodatna oprema, ki pove\u010da funkcionalnost hladilnika med odpravami. Snemljiva deska omogo\u010da priro\u010dno shranjevanje orodja, za\u010dimb ali priro\u010dnih drobnarij, zlo\u017eljiva mizica pa bo na primer uspe\u0161no slu\u017eila kot deska za rezanje. Prakti\u010dna torbica pa vam bo omogo\u010dila, da organizirate jedilni pribor in druge manj\u0161e predmete. To je odli\u010dna mo\u017enost za vse, ki \u017eelijo imeti pri roki vse, kar potrebujejo na terenu!<\/p>\n<p>\n<img decoding=\"async\" alt=\"\" border=\"0\" src=\"https:\/\/assets.innpro.pl\/16057\/20244\/10.jpg\" title=\"\">\n<\/p>\n<h3>Vklju\u010deno<\/h3>\n<ul class=\"list-disc pl-5\">\n<li>Prenosni hladilnik EcoFlow GLACIER 35 l<\/li>\n<li>Napajalnik za izmeni\u010dni tok<\/li>\n<li>Ko\u0161ara<\/li>\n<li>Kabel z avtomobilskim polnilnikom<\/li>\n<li>Vodnik za hiter zagon, varnostna navodila in garancijski list<\/li>\n<\/ul>\n<div class=\"table-wrapper\">\n<h3>General<\/h3>\n<table>\n<tbody>\n<tr>\n<th>Proizvajalec<\/th>\n<td>EcoFlow<\/td>\n<\/tr>\n<tr>\n<th>Ime<\/th>\n<td>GLACIER Classic 35L<\/td>\n<\/tr>\n<tr>\n<th>Model<\/th>\n<td>EFGLACIER35L-EU-NBOX<\/td>\n<\/tr>\n<tr>\n<th>Zunanje mere<\/th>\n<td>70,6 \u00d7 40 \u00d7 40,5 cm<\/td>\n<\/tr>\n<tr>\n<th>Notranje mere<\/th>\n<td>48,7 \u00d7 28,4 \u00d7 29,85 cm<\/td>\n<\/tr>\n<tr>\n<th>Weight<\/th>\n<td>19,6 kg<\/td>\n<\/tr>\n<tr>\n<th>Uporabna zmogljivost<\/th>\n<td>35 L<\/td>\n<\/tr>\n<tr>\n<th>Hladilno obmo\u010dje<\/th>\n<td>Eno, izbirno hlajenje\/zamrzovanje<\/td>\n<\/tr>\n<\/tbody>\n<\/table>\n<h3>Power supply<\/h3>\n<table>\n<tbody>\n<tr>\n<th>Napajanje z izmeni\u010dnim tokom<\/th>\n<td>Napajalnik za izmeni\u010dni tok: Najve\u010d 95 W, 14,5 V, 100-240 V, 50\/60 Hz<\/td>\n<\/tr>\n<tr>\n<th>Napajanje z enosmernim tokom (son\u010dno polnjenje)<\/th>\n<td>11-30 V, 8 A \/ 110 W max.<\/td>\n<\/tr>\n<tr>\n<th>Napajanje z enosmernim tokom (avtomobilska vti\u010dnica)<\/th>\n<td>12 V\/24 V, 8 A \/ najve\u010d 100 W<\/td>\n<\/tr>\n<\/tbody>\n<\/table>\n<h3>Delovna zmogljivost<\/h3>\n<table>\n<tbody>\n<tr>\n<th>\u010cas delovanja baterije (naprodaj lo\u010deno)<\/th>\n<td>Pribli\u017eno 43 ur (pri temperaturi okolja 25 \u00b0C, v na\u010dinu Eco)<\/td>\n<\/tr>\n<tr>\n<th>Nazivna mo\u010d<\/th>\n<td>55 W<\/td>\n<\/tr>\n<tr>\n<th>Raven hrupa<\/th>\n<td>&lt; 38,5 dB<\/td>\n<\/tr>\n<tr>\n<th>Za\u0161\u010ditni razred<\/th>\n<td>IPX4<\/td>\n<\/tr>\n<tr>\n<th>Temperaturno obmo\u010dje hlajenja<\/th>\n<td>Od -20 \u00b0C do 20 \u00b0C<\/td>\n<\/tr>\n<tr>\n<th>Obratovalno temperaturno obmo\u010dje okolice<\/th>\n<td>Od -10\u00b0C do 50\u00b0C<\/td>\n<\/tr>\n<tr>\n<th>Temperaturno obmo\u010dje shranjevanja<\/th>\n<td>Od -20\u00b0C do 60\u00b0C<\/td>\n<\/tr>\n<tr>\n<th>Temperaturna natan\u010dnost<\/th>\n<td>Eco na\u010din: \u00b12-3 \u00b0C; Max na\u010din: \u00b11 \u00b0C;<\/td>\n<\/tr>\n<tr>\n<th>Poraba energije &#8211; hlajenje (4\u00b0C)<\/th>\n<td>165 Wh \/ 24 h; 0,57 Ah\/h;<\/td>\n<\/tr>\n<tr>\n<th>Poraba energije &#8211; zamrzovanje (-18 \u00b0C)<\/th>\n<td>520 Wh \/ 24 h; 1,8 Ah\/h; (pri temperaturi okolja 25 \u00b0C, v na\u010dinu Eco)<\/td>\n<\/tr>\n<tr>\n<th>Razred energetske u\u010dinkovitosti<\/th>\n<td>Doma\u010da raven: 1; Evropa: Evropa: 1. razred: B<\/td>\n<\/tr>\n<\/tbody>\n<\/table>\n<h3>Drugo<\/h3>\n<table>\n<tbody>\n<tr>\n<th>Aplikacija<\/th>\n<td>EcoFlow<\/td>\n<\/tr>\n<tr>\n<th>Hladilno sredstvo<\/th>\n<td>R600a<\/td>\n<\/tr>\n<\/tbody>\n<\/table>\n<\/div>","protected":false},"excerpt":{"rendered":"<p>Na zalogi pri zunanjem dobavitelju. Rok dobave 3-7 delovnih dni.<\/p>","protected":false},"featured_media":31906,"template":"","meta":{"_monsterinsights_skip_tracking":false,"_monsterinsights_sitenote_active":false,"_monsterinsights_sitenote_note":"","_monsterinsights_sitenote_category":0},"product_brand":[],"product_cat":[175,255],"product_tag":[],"class_list":{"0":"post-31922","1":"product","2":"type-product","3":"status-publish","4":"has-post-thumbnail","6":"product_cat-kamping-oprema","7":"product_cat-vsi","9":"first","10":"instock","11":"taxable","12":"shipping-taxable","13":"purchasable","14":"product-type-simple"},"jetpack_sharing_enabled":true,"_links":{"self":[{"href":"https:\/\/kobra.si\/en\/wp-json\/wp\/v2\/product\/31922","targetHints":{"allow":["GET"]}}],"collection":[{"href":"https:\/\/kobra.si\/en\/wp-json\/wp\/v2\/product"}],"about":[{"href":"https:\/\/kobra.si\/en\/wp-json\/wp\/v2\/types\/product"}],"version-history":[{"count":1,"href":"https:\/\/kobra.si\/en\/wp-json\/wp\/v2\/product\/31922\/revisions"}],"predecessor-version":[{"id":33854,"href":"https:\/\/kobra.si\/en\/wp-json\/wp\/v2\/product\/31922\/revisions\/33854"}],"wp:featuredmedia":[{"embeddable":true,"href":"https:\/\/kobra.si\/en\/wp-json\/wp\/v2\/media\/31906"}],"wp:attachment":[{"href":"https:\/\/kobra.si\/en\/wp-json\/wp\/v2\/media?parent=31922"}],"wp:term":[{"taxonomy":"product_brand","embeddable":true,"href":"https:\/\/kobra.si\/en\/wp-json\/wp\/v2\/product_brand?post=31922"},{"taxonomy":"product_cat","embeddable":true,"href":"https:\/\/kobra.si\/en\/wp-json\/wp\/v2\/product_cat?post=31922"},{"taxonomy":"product_tag","embeddable":true,"href":"https:\/\/kobra.si\/en\/wp-json\/wp\/v2\/product_tag?post=31922"}],"curies":[{"name":"wp","href":"https:\/\/api.w.org\/{rel}","templated":true}]}}