{"id":31905,"date":"2025-07-31T10:18:04","date_gmt":"2025-07-31T08:18:04","guid":{"rendered":"https:\/\/kobra.si\/spletna-trgovina-kobra\/ecoflow-rapid-magnetna-powerbank-5000-mah-crna\/"},"modified":"2026-04-01T21:03:49","modified_gmt":"2026-04-01T19:03:49","slug":"ecoflow-rapid-magnetna-powerbank-5000-mah-crna","status":"publish","type":"product","link":"https:\/\/kobra.si\/en\/spletna-trgovina-kobra\/ecoflow-rapid-magnetna-powerbank-5000-mah-crna\/","title":{"rendered":"EcoFlow RAPID magnetna powerbank, 5000 mAh, (\u010drna)."},"content":{"rendered":"<h3>EcoFlow RAPID magnetna powerbank, 5000 mAh (\u010drna).<\/h3>\n<p>Magnetni powerbank EcoFlow RAPID ima zmogljivost 5000 mAh. Z njeno pomo\u010djo boste svojo opremo napolnili tako \u017ei\u010dno (30 W) kot brez\u017ei\u010dno (15 W). Na voljo vam bosta vrata USB-C in integriran kabel USB-C. Naprava podpira priljubljene protokole polnjenja, kot so PD, QC in PPS, kar vam omogo\u010da hitro in varno obnavljanje energije.<\/p>\n<p>\n<img decoding=\"async\" border=\"0\" src=\"https:\/\/assets.innpro.pl\/11059\/13037\/4.jpg\" title=\"\">\n<\/p>\n<h3>Hitro \u017ei\u010dno polnjenje<\/h3>\n<p>Naprava EcoFlow RAPID ima vrata USB-C in vgrajen kabel USB-C, ki omogo\u010data 30W hitro \u017ei\u010dno polnjenje. \u010cas polnjenja je impresivno kratek &#8211; 12 minut je dovolj, da raven baterije dose\u017ee 30 %, 29 minut zagotavlja 70 %, polno polnjenje pa traja le 55 minut. Podpora za protokole polnjenja, kot so PD, QC, PPS, FCP, SCP in UFCS, zagotavlja odli\u010dno zdru\u017eljivost z razli\u010dnimi napravami.<\/p>\n<p>\n<img decoding=\"async\" border=\"0\" src=\"https:\/\/assets.innpro.pl\/11059\/13037\/7.jpg\" title=\"\">\n<\/p>\n<h3>Brez\u017ei\u010dno udobje<\/h3>\n<p>Na voljo je tudi mo\u017enost brez\u017ei\u010dnega polnjenja z mo\u010djo 15 W. EcoFlow RAPID powerbank podpira tehnologijo Qi1.0 (5 W) in novej\u0161o razli\u010dico Qi2.0 (15 W), ki je primerna za modele iPhone od serije 13 naprej. Tako je polnjenje naprav Apple \u0161e u\u010dinkovitej\u0161e &#8211; v samo 44 minutah stopnja napolnjenosti telefona iPhone 15 dose\u017ee 50 %.<\/p>\n<p>\n<img decoding=\"async\" border=\"0\" src=\"https:\/\/assets.innpro.pl\/11059\/13037\/2.jpg\" title=\"\">\n<\/p>\n<h3>Vedno pri roki<\/h3>\n<p>Dimenzije powerbanke EcoFlow RAPID so 108 x 70 x 13,9 mm, tehta pa manj kot 165 g. Zato jo lahko priro\u010dno pospravite v torbo ali \u017eep, brez skrbi zaradi dodatne te\u017ee. Zmogljivost 5 000 mAh zagotavlja zanesljivo podporo tudi na potovanjih.<\/p>\n<p>\n<img decoding=\"async\" border=\"0\" src=\"https:\/\/assets.innpro.pl\/11059\/13037\/5.jpg\" title=\"\">\n<\/p>\n<div class=\"table-wrapper\">\n<h3><\/h3>\n<table>\n<tbody>\n<tr>\n<th>Proizvajalec<\/th>\n<td>EcoFlow<\/td>\n<\/tr>\n<tr>\n<th>Model<\/th>\n<td>RAPID<\/td>\n<\/tr>\n<tr>\n<th>Color<\/th>\n<td>\u010drna<\/td>\n<\/tr>\n<tr>\n<th>Vrsta baterije<\/th>\n<td>litij-kobalt<\/td>\n<\/tr>\n<tr>\n<th>Kapaciteta baterije<\/th>\n<td>5000 mAh<\/td>\n<\/tr>\n<tr>\n<th>Priklju\u010dki<\/th>\n<td>C1: vgrajen kabel USB-C (vhod\/izhod) \/ C2: Vrata USB-C (vhod\/izhod).<\/td>\n<\/tr>\n<tr>\n<th>Vhodna mo\u010d za \u017ei\u010dno polnjenje<\/th>\n<td>30W<\/td>\n<\/tr>\n<tr>\n<th>\u010cas polnjenja<\/th>\n<td>12 min &#8211; 30 % \/ 29 min &#8211; 70 % \/ 55 min &#8211; 100 %<\/td>\n<\/tr>\n<tr>\n<th>Izhodna mo\u010d \u017ei\u010dnega polnjenja<\/th>\n<td>30W<\/td>\n<\/tr>\n<tr>\n<th>Podprti protokoli za \u017ei\u010dno polnjenje<\/th>\n<td>PD, QC, PPS, FCP, SCP, UFCS<\/td>\n<\/tr>\n<tr>\n<th>Izhodna mo\u010d brez\u017ei\u010dnega polnjenja<\/th>\n<td>15W<\/td>\n<\/tr>\n<tr>\n<th>Podprti protokoli za brez\u017ei\u010dno polnjenje<\/th>\n<td>Qi1.0 (5 W, Android) \/ Qi2.0 (15 W, iPhone 13 in ve\u010d)<\/td>\n<\/tr>\n<tr>\n<th>\u010cas brez\u017ei\u010dnega polnjenja<\/th>\n<td>44 min za polnjenje telefona iPhone 15 do 50 %<\/td>\n<\/tr>\n<tr>\n<th>EMC<\/th>\n<td>Razred B<\/td>\n<\/tr>\n<tr>\n<th>Dimenzije<\/th>\n<td>108 x 70 x 13,9 mm<\/td>\n<\/tr>\n<tr>\n<th>Weight<\/th>\n<td>165 g<\/td>\n<\/tr>\n<\/tbody>\n<\/table>\n<\/div>","protected":false},"excerpt":{"rendered":"<p>Na zalogi pri zunanjem dobavitelju. Rok dobave 3-7 delovnih dni.<\/p>","protected":false},"featured_media":31901,"template":"","meta":{"_monsterinsights_skip_tracking":false,"_monsterinsights_sitenote_active":false,"_monsterinsights_sitenote_note":"","_monsterinsights_sitenote_category":0},"product_brand":[],"product_cat":[61,100,255],"product_tag":[],"class_list":{"0":"post-31905","1":"product","2":"type-product","3":"status-publish","4":"has-post-thumbnail","6":"product_cat-dodatki","7":"product_cat-power-bank","8":"product_cat-vsi","10":"first","11":"instock","12":"taxable","13":"shipping-taxable","14":"purchasable","15":"product-type-simple"},"jetpack_sharing_enabled":true,"_links":{"self":[{"href":"https:\/\/kobra.si\/en\/wp-json\/wp\/v2\/product\/31905","targetHints":{"allow":["GET"]}}],"collection":[{"href":"https:\/\/kobra.si\/en\/wp-json\/wp\/v2\/product"}],"about":[{"href":"https:\/\/kobra.si\/en\/wp-json\/wp\/v2\/types\/product"}],"version-history":[{"count":1,"href":"https:\/\/kobra.si\/en\/wp-json\/wp\/v2\/product\/31905\/revisions"}],"predecessor-version":[{"id":33855,"href":"https:\/\/kobra.si\/en\/wp-json\/wp\/v2\/product\/31905\/revisions\/33855"}],"wp:featuredmedia":[{"embeddable":true,"href":"https:\/\/kobra.si\/en\/wp-json\/wp\/v2\/media\/31901"}],"wp:attachment":[{"href":"https:\/\/kobra.si\/en\/wp-json\/wp\/v2\/media?parent=31905"}],"wp:term":[{"taxonomy":"product_brand","embeddable":true,"href":"https:\/\/kobra.si\/en\/wp-json\/wp\/v2\/product_brand?post=31905"},{"taxonomy":"product_cat","embeddable":true,"href":"https:\/\/kobra.si\/en\/wp-json\/wp\/v2\/product_cat?post=31905"},{"taxonomy":"product_tag","embeddable":true,"href":"https:\/\/kobra.si\/en\/wp-json\/wp\/v2\/product_tag?post=31905"}],"curies":[{"name":"wp","href":"https:\/\/api.w.org\/{rel}","templated":true}]}}