{"id":31897,"date":"2025-07-31T10:17:27","date_gmt":"2025-07-31T08:17:27","guid":{"rendered":"https:\/\/kobra.si\/spletna-trgovina-kobra\/fotovoltaicni-panel-ecoflow-110w\/"},"modified":"2026-03-17T14:28:16","modified_gmt":"2026-03-17T13:28:16","slug":"fotovoltaicni-panel-ecoflow-110w","status":"publish","type":"product","link":"https:\/\/kobra.si\/en\/spletna-trgovina-kobra\/fotovoltaicni-panel-ecoflow-110w\/","title":{"rendered":"Fotovoltai\u010dni panel EcoFlow 110W"},"content":{"rendered":"<h3>Fotovoltai\u010dni paneli EcoFlow 110W<\/h3>\n<p>Zagotovite si energetsko neodvisnost z mobilnimi fotovoltai\u010dnimi paneli EcoFlow. Zdru\u017eljivi so z elektrarnami serij Delta in River ter predstavljajo popoln dodatek k njihovi vsestranski uporabi. Ustvarjajte \u010disto, obnovljivo energijo brez dodatnih stro\u0161kov. Majhni po velikosti, a z visoko u\u010dinkovitostjo, bodo paneli dobro delovali v vseh terenskih razmerah, pa tudi na doma\u010dem vrtu.<\/p>\n<p><img decoding=\"async\" src=\"https:\/\/b2b.innpro.pl\/data\/include\/cms\/12EcoFlow\/Panel-fotowoltaiczny-110W\/14.jpg\" border=\"0\" alt=\"12EcoFlow\/Panel-fotowoltaiczny-110W\/14 \" title=\"\"><\/p>\n<h3>Kompleksna struktura za \u0161e ve\u010djo u\u010dinkovitost<\/h3>\n<p>Ve\u010dplastna struktura panelov EcoFlow zagotavlja u\u010dinkovito delovanje in varnost. Zgornji sloj je odporen na vodo in prah. Je 92-odstotno prozorna, kar omogo\u010da u\u010dinkovitej\u0161e zbiranje son\u010dne energije. Prozorna plast iz materiala EVA omogo\u010da pro\u017enost panelov in izbolj\u0161uje splo\u0161no varnost uporabe. Monokristalna struktura panelov zagotavlja u\u010dinkovitost 19-20 %. Oja\u010dana steklena vlakna in kon\u010dni vodoodporni premaz zagotavljata dodatno za\u0161\u010dito pred po\u0161kodbami in vlago.<\/p>\n<p><img decoding=\"async\" src=\"https:\/\/b2b.innpro.pl\/data\/include\/cms\/12EcoFlow\/Panel-fotowoltaiczny-110W\/6.jpg\" border=\"0\" alt=\"12EcoFlow\/Panel-fotowoltaiczny-110W\/6\" title=\"\"><\/p>\n<h3>Tehnologija v slu\u017ebi u\u010dinkovitosti<\/h3>\n<p>Za pove\u010danje zmogljivosti panelov je bila prilagojena nova tehnologija delitve fotonapetostnih celic, tako da pri enaki velikosti proizvedejo do 20 % ve\u010d energije. Postajo EcoFlow lahko hkrati uporabljate kot vir energije in jo polnite s paneli, ki bodo nenehno zagotavljali novo energijo.<\/p>\n<p><img decoding=\"async\" src=\"https:\/\/b2b.innpro.pl\/data\/include\/cms\/12EcoFlow\/Panel-fotowoltaiczny-110W\/1.jpg\" border=\"0\" alt=\"12EcoFlow\/Panel-fotowoltaiczny-110W\/1\" title=\"\"><\/p>\n<h3>Pridobite \u0161e ve\u010d energije<\/h3>\n<p>Zdru\u017eite panele za hitrej\u0161e in u\u010dinkovitej\u0161e polnjenje postaj EcoFlow. Panelom je prilo\u017een 1 m dolg kabel MC4, tako da jih lahko pove\u017eete zaporedno. Za hitrej\u0161e polnjenje mobilne postaje Delta 1300 zadostujejo trije 110W paneli. Za polnjenje postaje River 370 zadostujeta dva.<\/p>\n<p><img decoding=\"async\" src=\"https:\/\/b2b.innpro.pl\/data\/include\/cms\/12EcoFlow\/Panel-fotowoltaiczny-110W\/4.jpg\" border=\"0\" alt=\"12EcoFlow\/Panel-fotowoltaiczny-110W\/4\" title=\"\"><\/p>\n<h3>Priro\u010dnost pri prevozu in uporabi<\/h3>\n<p>Panele boste varno preva\u017eali v namenskih torbah, ki lahko slu\u017eijo tudi kot zlo\u017eljivo stojalo. Panele lahko preprosto nastavite od 0\u00b0 do 180\u00b0, odvisno od tega, kako jih \u017eelite postaviti glede na sonce.<\/p>\n<p><img decoding=\"async\" src=\"https:\/\/b2b.innpro.pl\/data\/include\/cms\/12EcoFlow\/Panel-fotowoltaiczny-110W\/11.jpg\" border=\"0\" alt=\"12EcoFlow\/Panel-fotowoltaiczny-110W\/11\" title=\"\"><\/p>\n<h3>Premi\u0161ljeno udobje<\/h3>\n<p>Z 2,5-metrskim kablom MC4-XT60 lahko panele postavite na polno son\u010dno svetlobo, mobilno elektrarno pa po \u017eelji. S pomo\u010djo priseskov lahko panele namestite na gladke povr\u0161ine, kot so okna ali streha avtomobila.<\/p>\n<p><img decoding=\"async\" src=\"https:\/\/b2b.innpro.pl\/data\/include\/cms\/12EcoFlow\/Panel-fotowoltaiczny-110W\/13.jpg\" border=\"0\" alt=\"12EcoFlow\/Panel-fotowoltaiczny-110W\/18\" title=\"\"><\/p>\n<h3>Vklju\u010deno<\/h3>\n<ul>\n<li>fotonapetostni panel<\/li>\n<li>kabel MC4 &#8211; XC60 (2,5 m)<\/li>\n<\/ul>\n<div class=\"table-wrapper\">\n<table>\n<tbody>\n<tr>\n<th>Proizvajalec:<\/th>\n<td>EcoFlow<\/td>\n<\/tr>\n<tr>\n<th>Model<\/th>\n<td>1ECO1000-02<\/td>\n<\/tr>\n<tr>\n<th>Weight<\/th>\n<td>4 kg<\/td>\n<\/tr>\n<tr>\n<th>Dimenzije<\/th>\n<td>Razlo\u017eeno: 158 x 51,4 x 2,0 cm, zlo\u017eene: 158 x 51,4 x 2,0 cm: 59 x 51,4 x 2,0 cm<\/td>\n<\/tr>\n<tr>\n<th>Power supply<\/th>\n<td>110 W (+\/- 5 W)<\/td>\n<\/tr>\n<tr>\n<th>Napetost v prostem teku<\/th>\n<td>21,7 V (Vmp 18,5 V)<\/td>\n<\/tr>\n<tr>\n<th>Tok kratkega stika<\/th>\n<td>6,3 A (Imp 6,0 A)<\/td>\n<\/tr>\n<tr>\n<th>U\u010dinkovitost<\/th>\n<td>20-21%<\/td>\n<\/tr>\n<tr>\n<th>Celice<\/th>\n<td>Monokristalne<\/td>\n<\/tr>\n<tr>\n<th>Izhodi<\/th>\n<td>MC4 na vrata USB-C: max. 24 V, do max. 6 A, MC4 na vrata XT60: max. 80 V, do max. 10 A<\/td>\n<\/tr>\n<tr>\n<th>Medsebojna povezljivost<\/th>\n<td>Da, za Delta 1300 do tri plo\u0161\u010de, za River 370 do dve plo\u0161\u010di<\/td>\n<\/tr>\n<\/tbody>\n<\/table>\n<\/div>","protected":false},"excerpt":{"rendered":"<p>Na zalogi pri zunanjem dobavitelju. Rok dobave 3-7 delovnih dni.<\/p>","protected":false},"featured_media":31925,"template":"","meta":{"_monsterinsights_skip_tracking":false,"_monsterinsights_sitenote_active":false,"_monsterinsights_sitenote_note":"","_monsterinsights_sitenote_category":0},"product_brand":[],"product_cat":[101,296,255],"product_tag":[],"class_list":{"0":"post-31897","1":"product","2":"type-product","3":"status-publish","4":"has-post-thumbnail","6":"product_cat-pametni-dom","7":"product_cat-solarna-tehnika","8":"product_cat-vsi","10":"first","11":"outofstock","12":"taxable","13":"shipping-taxable","14":"purchasable","15":"product-type-simple"},"jetpack_sharing_enabled":true,"_links":{"self":[{"href":"https:\/\/kobra.si\/en\/wp-json\/wp\/v2\/product\/31897","targetHints":{"allow":["GET"]}}],"collection":[{"href":"https:\/\/kobra.si\/en\/wp-json\/wp\/v2\/product"}],"about":[{"href":"https:\/\/kobra.si\/en\/wp-json\/wp\/v2\/types\/product"}],"version-history":[{"count":1,"href":"https:\/\/kobra.si\/en\/wp-json\/wp\/v2\/product\/31897\/revisions"}],"predecessor-version":[{"id":31926,"href":"https:\/\/kobra.si\/en\/wp-json\/wp\/v2\/product\/31897\/revisions\/31926"}],"wp:featuredmedia":[{"embeddable":true,"href":"https:\/\/kobra.si\/en\/wp-json\/wp\/v2\/media\/31925"}],"wp:attachment":[{"href":"https:\/\/kobra.si\/en\/wp-json\/wp\/v2\/media?parent=31897"}],"wp:term":[{"taxonomy":"product_brand","embeddable":true,"href":"https:\/\/kobra.si\/en\/wp-json\/wp\/v2\/product_brand?post=31897"},{"taxonomy":"product_cat","embeddable":true,"href":"https:\/\/kobra.si\/en\/wp-json\/wp\/v2\/product_cat?post=31897"},{"taxonomy":"product_tag","embeddable":true,"href":"https:\/\/kobra.si\/en\/wp-json\/wp\/v2\/product_tag?post=31897"}],"curies":[{"name":"wp","href":"https:\/\/api.w.org\/{rel}","templated":true}]}}