{"id":31872,"date":"2025-07-23T14:58:43","date_gmt":"2025-07-23T12:58:43","guid":{"rendered":"https:\/\/kobra.si\/spletna-trgovina-kobra\/torras-guardian-magnetic-series-etui-za-telefon-samsung-s25-prozorno\/"},"modified":"2026-04-24T21:00:39","modified_gmt":"2026-04-24T19:00:39","slug":"torras-guardian-magnetic-series-etui-za-telefon-samsung-s25-prozorno","status":"publish","type":"product","link":"https:\/\/kobra.si\/en\/spletna-trgovina-kobra\/torras-guardian-magnetic-series-etui-za-telefon-samsung-s25-prozorno\/","title":{"rendered":"Torras Guardian Magnetic Series etui za telefon Samsung S25 (prozorno)"},"content":{"rendered":"<h3>Torras Guardian Magnetic Series ohi\u0161je za telefon Samsung S25 (prozorno)<\/h3>\n<p>Torras Guardian-Mag etui zagotavlja \u0161iroko zdru\u017eljivost z magnetno dodatno opremo in zagotavlja varnost telefona v vseh pogojih. Uporablja tudi vrhunske magnete, ki omogo\u010dajo hitro brez\u017ei\u010dno polnjenje.<\/p>\n<p>\n<img decoding=\"async\" alt=\"\" border=\"0\" src=\"https:\/\/assets.innpro.pl\/12580\/15075\/1.jpg\" title=\"\">\n<\/p>\n<h3>Zanesljiva za\u0161\u010dita<\/h3>\n<p>Trojni sistem zra\u010dnih blazin zagotavlja za\u0161\u010dito pred padci in udarci. Okrepljeni robovi in vogali pa u\u010dinkovito absorbirajo udarce in tako zmanj\u0161ujejo tveganje po\u0161kodb. Z za\u0161\u010dito po voja\u0161kih standardih vam ni treba skrbeti za varnost pametnega telefona.<\/p>\n<p>\n<img decoding=\"async\" alt=\"\" border=\"0\" src=\"https:\/\/assets.innpro.pl\/12580\/15075\/2.jpg\" title=\"\">\n<\/p>\n<h3>Robustni magneti<\/h3>\n<p>Vgrajeni magneti omogo\u010dajo stabilno pritrditev na avtomobilske nosilce, denarnice ali stojala MagSafe, kar pove\u010duje udobje pri vsakodnevni uporabi telefona &#8211; tako na poti kot doma.<\/p>\n<p>\n<img decoding=\"async\" alt=\"\" border=\"0\" src=\"https:\/\/assets.innpro.pl\/12580\/15075\/3.jpg\" title=\"\">\n<\/p>\n<h3>Prefinjena zasnova<\/h3>\n<p>Minimalisti\u010dna in elegantna zasnova etuija se popolnoma zlije s pametnim telefonom in poudari njegove vizualne lastnosti. Natan\u010dni izrezi za gumbe omogo\u010dajo nemoteno upravljanje naprave. Kot lahko vidite &#8211; poskrbljeno je bilo za vsako podrobnost!<\/p>\n<p>\n<img decoding=\"async\" alt=\"\" border=\"0\" src=\"https:\/\/assets.innpro.pl\/12580\/15075\/4.jpg\" title=\"\">\n<\/p>\n<div class=\"table-wrapper\">\n<h3><\/h3>\n<table>\n<tbody>\n<tr>\n<th>Proizvajalec<\/th>\n<td>Torras<\/td>\n<\/tr>\n<tr>\n<th>Model<\/th>\n<td>Guardian-Mag<\/td>\n<\/tr>\n<tr>\n<th>Zdru\u017eljivost<\/th>\n<td>Samsung S25<\/td>\n<\/tr>\n<tr>\n<th>Color<\/th>\n<td>Prozorna<\/td>\n<\/tr>\n<\/tbody>\n<\/table>\n<\/div>","protected":false},"excerpt":{"rendered":"<p>Torras Guardian Magnetic Series ohi\u0161je za telefon Samsung S25 (prozorno) Torras Guardian-Mag etui zagotavlja \u0161iroko zdru\u017eljivost z magnetno dodatno opremo in zagotavlja varnost telefona v vseh pogojih. Uporablja tudi vrhunske magnete, ki omogo\u010dajo hitro brez\u017ei\u010dno polnjenje. Zanesljiva za\u0161\u010dita Trojni sistem zra\u010dnih blazin zagotavlja za\u0161\u010dito pred padci in udarci. Okrepljeni robovi in vogali pa u\u010dinkovito absorbirajo [&hellip;]<\/p>\n","protected":false},"featured_media":31871,"template":"","meta":{"_monsterinsights_skip_tracking":false,"_monsterinsights_sitenote_active":false,"_monsterinsights_sitenote_note":"","_monsterinsights_sitenote_category":0},"product_brand":[],"product_cat":[61,95,255],"product_tag":[],"class_list":{"0":"post-31872","1":"product","2":"type-product","3":"status-publish","4":"has-post-thumbnail","6":"product_cat-dodatki","7":"product_cat-ovitki","8":"product_cat-vsi","10":"first","11":"instock","12":"taxable","13":"shipping-taxable","14":"purchasable","15":"product-type-simple"},"jetpack_sharing_enabled":true,"_links":{"self":[{"href":"https:\/\/kobra.si\/en\/wp-json\/wp\/v2\/product\/31872","targetHints":{"allow":["GET"]}}],"collection":[{"href":"https:\/\/kobra.si\/en\/wp-json\/wp\/v2\/product"}],"about":[{"href":"https:\/\/kobra.si\/en\/wp-json\/wp\/v2\/types\/product"}],"version-history":[{"count":1,"href":"https:\/\/kobra.si\/en\/wp-json\/wp\/v2\/product\/31872\/revisions"}],"predecessor-version":[{"id":33856,"href":"https:\/\/kobra.si\/en\/wp-json\/wp\/v2\/product\/31872\/revisions\/33856"}],"wp:featuredmedia":[{"embeddable":true,"href":"https:\/\/kobra.si\/en\/wp-json\/wp\/v2\/media\/31871"}],"wp:attachment":[{"href":"https:\/\/kobra.si\/en\/wp-json\/wp\/v2\/media?parent=31872"}],"wp:term":[{"taxonomy":"product_brand","embeddable":true,"href":"https:\/\/kobra.si\/en\/wp-json\/wp\/v2\/product_brand?post=31872"},{"taxonomy":"product_cat","embeddable":true,"href":"https:\/\/kobra.si\/en\/wp-json\/wp\/v2\/product_cat?post=31872"},{"taxonomy":"product_tag","embeddable":true,"href":"https:\/\/kobra.si\/en\/wp-json\/wp\/v2\/product_tag?post=31872"}],"curies":[{"name":"wp","href":"https:\/\/api.w.org\/{rel}","templated":true}]}}