{"id":31517,"date":"2025-07-16T13:43:38","date_gmt":"2025-07-16T11:43:38","guid":{"rendered":"https:\/\/kobra.si\/spletna-trgovina-kobra\/magnetna-denarnica-esr-s-stojalom-ogljikova-vlakna\/"},"modified":"2026-01-06T13:17:35","modified_gmt":"2026-01-06T12:17:35","slug":"magnetna-denarnica-esr-s-stojalom-ogljikova-vlakna","status":"publish","type":"product","link":"https:\/\/kobra.si\/en\/spletna-trgovina-kobra\/magnetna-denarnica-esr-s-stojalom-ogljikova-vlakna\/","title":{"rendered":"Magnetna denarnica ESR s stojalom (ogljikova vlakna)"},"content":{"rendered":"<h3>Magnetna denarnica ESR s stojalom (ogljikova vlakna)<\/h3>\n<p>Magnetna denarnica ESR je vsestranski pripomo\u010dek, ki zdru\u017euje robustno konstrukcijo, funkcionalnost in elegantno obliko. Z magnetno vle\u010dno silo 3 000 gf se varno prilepi na telefon in zagotavlja stabilnost tudi med intenzivnim gibanjem. Vgrajeno nastavljivo stojalo s kotom od 15\u00b0 do 175\u00b0 omogo\u010da udobno pregledovanje vsebin, opravljanje video klicev in gledanje filmov brez potrebe po dodatni opremi.<\/p>\n<p>\n<img decoding=\"async\" border=\"0\" src=\"https:\/\/assets.innpro.pl\/12017\/14248\/1.jpg\" title=\"\">\n<\/p>\n<h3>Vse kartice pri roki<\/h3>\n<p>Prostorna notranjost denarnice omogo\u010da shranjevanje kar 5 kartic, ki so zaradi skrbno premi\u0161ljene zasnove enostavno dostopne. Dodatna plast \u0161\u010diti pla\u010dilne in magnetne kartice pred razmagnetenjem in nepoobla\u0161\u010denim dostopom, kar zagotavlja popolno varnost podatkov. Poleg tega vam ergonomski ro\u010daj z zanko za prste omogo\u010da udobno dr\u017eanje telefona in odpravlja tveganje, da bi napravo med vsakodnevno uporabo nenamerno spustili.<\/p>\n<p>\n<img decoding=\"async\" border=\"0\" src=\"https:\/\/assets.innpro.pl\/12017\/14248\/4.jpg\" title=\"\">\n<\/p>\n<h3>Razko\u0161na zasnova<\/h3>\n<p>Zaradi elegantne zasnove iz veganskega usnja je denarnica ESR videti sodobna in elegantna, hkrati pa ohranja tanek profil. Idealna je za tiste, ki cenijo kombinacijo funkcionalnosti in estetike. S to denarnico boste imeli vse svoje najnujnej\u0161e stvari vedno pri roki, va\u0161 telefon pa bo dobil dodatno plast udobja in za\u0161\u010dite.<\/p>\n<p>\n<img decoding=\"async\" border=\"0\" src=\"https:\/\/assets.innpro.pl\/12017\/14248\/7.jpg\" title=\"\">\n<\/p>\n<div class=\"table-wrapper\">\n<h3><\/h3>\n<table>\n<tbody>\n<tr>\n<th>Proizvajalec:<\/th>\n<td>ESR<\/td>\n<\/tr>\n<tr>\n<th>Koda proizvajalca<\/th>\n<td>2K6160302<\/td>\n<\/tr>\n<tr>\n<th>Color<\/th>\n<td>\u010crna\/karbonska vlakna<\/td>\n<\/tr>\n<\/tbody>\n<\/table>\n<\/div>","protected":false},"excerpt":{"rendered":"<p>Na zalogi pri zunanjem dobavitelju. Rok dobave 3-7 delovnih dni.<\/p>","protected":false},"featured_media":31513,"template":"","meta":{"_monsterinsights_skip_tracking":false,"_monsterinsights_sitenote_active":false,"_monsterinsights_sitenote_note":"","_monsterinsights_sitenote_category":0},"product_brand":[],"product_cat":[61,95,255],"product_tag":[],"class_list":{"0":"post-31517","1":"product","2":"type-product","3":"status-publish","4":"has-post-thumbnail","6":"product_cat-dodatki","7":"product_cat-ovitki","8":"product_cat-vsi","10":"first","11":"instock","12":"taxable","13":"shipping-taxable","14":"purchasable","15":"product-type-simple"},"jetpack_sharing_enabled":true,"_links":{"self":[{"href":"https:\/\/kobra.si\/en\/wp-json\/wp\/v2\/product\/31517","targetHints":{"allow":["GET"]}}],"collection":[{"href":"https:\/\/kobra.si\/en\/wp-json\/wp\/v2\/product"}],"about":[{"href":"https:\/\/kobra.si\/en\/wp-json\/wp\/v2\/types\/product"}],"version-history":[{"count":1,"href":"https:\/\/kobra.si\/en\/wp-json\/wp\/v2\/product\/31517\/revisions"}],"predecessor-version":[{"id":33861,"href":"https:\/\/kobra.si\/en\/wp-json\/wp\/v2\/product\/31517\/revisions\/33861"}],"wp:featuredmedia":[{"embeddable":true,"href":"https:\/\/kobra.si\/en\/wp-json\/wp\/v2\/media\/31513"}],"wp:attachment":[{"href":"https:\/\/kobra.si\/en\/wp-json\/wp\/v2\/media?parent=31517"}],"wp:term":[{"taxonomy":"product_brand","embeddable":true,"href":"https:\/\/kobra.si\/en\/wp-json\/wp\/v2\/product_brand?post=31517"},{"taxonomy":"product_cat","embeddable":true,"href":"https:\/\/kobra.si\/en\/wp-json\/wp\/v2\/product_cat?post=31517"},{"taxonomy":"product_tag","embeddable":true,"href":"https:\/\/kobra.si\/en\/wp-json\/wp\/v2\/product_tag?post=31517"}],"curies":[{"name":"wp","href":"https:\/\/api.w.org\/{rel}","templated":true}]}}