{"id":31499,"date":"2025-07-16T13:42:58","date_gmt":"2025-07-16T11:42:58","guid":{"rendered":"https:\/\/kobra.si\/spletna-trgovina-kobra\/magnetna-denarnica-halo-lock-esr-rjava\/"},"modified":"2026-01-06T13:19:00","modified_gmt":"2026-01-06T12:19:00","slug":"magnetna-denarnica-halo-lock-esr-rjava","status":"publish","type":"product","link":"https:\/\/kobra.si\/en\/spletna-trgovina-kobra\/magnetna-denarnica-halo-lock-esr-rjava\/","title":{"rendered":"Magnetna denarnica Halo Lock ESR (rjava)"},"content":{"rendered":"<h3>Magnetna denarnica Halo Lock ESR (rjava)<\/h3>\n<p>Magnetna denarnica HaloLock ESR je eleganten pripomo\u010dek, ki ne zagotavlja le priro\u010dnega shranjevanja kartic, temve\u010d tudi varno pritrditev zaradi svoje magnetne zasnove. Je ve\u010d kot 2,5-krat mo\u010dnej\u0161a od standardne denarnice MagSafe, kar pomeni, da se lahko zanesete na stabilno pritrditev na iPhone tudi med dinami\u010dnim gibanjem. Ne glede na to, ali se sprehajate ali vodite razgiban \u017eivljenjski slog, bo HaloLock poskrbel, da bodo va\u0161e kartice vedno dosegljive in varno pritrjene.<\/p>\n<p>\n<img decoding=\"async\" border=\"0\" src=\"https:\/\/assets.innpro.pl\/10694\/12609\/4.jpg\" title=\"\">\n<\/p>\n<h3>Prakti\u010dna zasnova in eleganten videz<\/h3>\n<p>Denarnica ESR HaloLock je izdelana iz visokokakovostnega veganskega usnja, ki ni le elegantnega videza, temve\u010d je tudi okolju prijazno. Vanjo boste spravili od ene do treh kartic, ki jih lahko zaradi prakti\u010dne odprtine na dnu enostavno odstranite. Na hrbtni strani denarnice boste na\u0161li posebno zanko za prste, ki izbolj\u0161a oprijem in omogo\u010da udobnej\u0161o uporabo. Poleg tega denarnica deluje kot stojalo, kar vam omogo\u010da udobno gledanje videoposnetkov ali opravljanje videoklicev, ne da bi vam bilo treba dr\u017eati telefon.<\/p>\n<p>\n<img decoding=\"async\" border=\"0\" src=\"https:\/\/assets.innpro.pl\/10694\/12609\/6.jpg\" title=\"\">\n<\/p>\n<h3>Varno shranjevanje magnetnih kartic<\/h3>\n<p>Posebna notranja obdelava denarnice \u0161\u010diti trakove magnetnih kartic pred po\u0161kodbami, kar zagotavlja dalj\u0161o \u017eivljenjsko dobo shranjenih dokumentov. Denarnica je zdru\u017eljiva s telefoni iPhone, ki podpirajo tehnologijo MagSafe (serija 12 in novej\u0161e), uradnimi ohi\u0161ji MagSafe in ohi\u0161ji HaloLock ter je vsestranska re\u0161itev, ki se prilagodi va\u0161emu slogu in potrebam.<\/p>\n<p>\n<img decoding=\"async\" border=\"0\" src=\"https:\/\/assets.innpro.pl\/10694\/12609\/3.jpg\" title=\"\">\n<\/p>\n<div class=\"table-wrapper\">\n<h3><\/h3>\n<table>\n<tbody>\n<tr>\n<th>Proizvajalec<\/th>\n<td>ESR<\/td>\n<\/tr>\n<tr>\n<th>Koda proizvajalca<\/th>\n<td>2K6120202<\/td>\n<\/tr>\n<tr>\n<th>Color<\/th>\n<td>rjava<\/td>\n<\/tr>\n<tr>\n<th>Zdru\u017eljivost<\/th>\n<td>iPhone 12 in novej\u0161i, ohi\u0161je MagSafe, ohi\u0161je HaloLock ESR, univerzalni obro\u010d HaloLock ESR<\/td>\n<\/tr>\n<\/tbody>\n<\/table>\n<\/div>","protected":false},"excerpt":{"rendered":"<p>Na zalogi pri zunanjem dobavitelju. Rok dobave 3-7 delovnih dni.<\/p>","protected":false},"featured_media":31497,"template":"","meta":{"_monsterinsights_skip_tracking":false,"_monsterinsights_sitenote_active":false,"_monsterinsights_sitenote_note":"","_monsterinsights_sitenote_category":0},"product_brand":[],"product_cat":[61,95,255],"product_tag":[],"class_list":{"0":"post-31499","1":"product","2":"type-product","3":"status-publish","4":"has-post-thumbnail","6":"product_cat-dodatki","7":"product_cat-ovitki","8":"product_cat-vsi","10":"first","11":"instock","12":"taxable","13":"shipping-taxable","14":"purchasable","15":"product-type-simple"},"jetpack_sharing_enabled":true,"_links":{"self":[{"href":"https:\/\/kobra.si\/en\/wp-json\/wp\/v2\/product\/31499","targetHints":{"allow":["GET"]}}],"collection":[{"href":"https:\/\/kobra.si\/en\/wp-json\/wp\/v2\/product"}],"about":[{"href":"https:\/\/kobra.si\/en\/wp-json\/wp\/v2\/types\/product"}],"version-history":[{"count":1,"href":"https:\/\/kobra.si\/en\/wp-json\/wp\/v2\/product\/31499\/revisions"}],"predecessor-version":[{"id":33865,"href":"https:\/\/kobra.si\/en\/wp-json\/wp\/v2\/product\/31499\/revisions\/33865"}],"wp:featuredmedia":[{"embeddable":true,"href":"https:\/\/kobra.si\/en\/wp-json\/wp\/v2\/media\/31497"}],"wp:attachment":[{"href":"https:\/\/kobra.si\/en\/wp-json\/wp\/v2\/media?parent=31499"}],"wp:term":[{"taxonomy":"product_brand","embeddable":true,"href":"https:\/\/kobra.si\/en\/wp-json\/wp\/v2\/product_brand?post=31499"},{"taxonomy":"product_cat","embeddable":true,"href":"https:\/\/kobra.si\/en\/wp-json\/wp\/v2\/product_cat?post=31499"},{"taxonomy":"product_tag","embeddable":true,"href":"https:\/\/kobra.si\/en\/wp-json\/wp\/v2\/product_tag?post=31499"}],"curies":[{"name":"wp","href":"https:\/\/api.w.org\/{rel}","templated":true}]}}