{"id":31440,"date":"2025-07-11T14:28:34","date_gmt":"2025-07-11T12:28:34","guid":{"rendered":"https:\/\/kobra.si\/spletna-trgovina-kobra\/besenov-stenski-polnilec-za-elektricne-avtomobile-lx30-22kw-app\/"},"modified":"2026-03-17T14:28:12","modified_gmt":"2026-03-17T13:28:12","slug":"besenov-stenski-polnilec-za-elektricne-avtomobile-lx30-22kw-app","status":"publish","type":"product","link":"https:\/\/kobra.si\/en\/spletna-trgovina-kobra\/besenov-stenski-polnilec-za-elektricne-avtomobile-lx30-22kw-app\/","title":{"rendered":"Besenov stenski polnilec za elektri\u010dne avtomobile LX30 22kW APP"},"content":{"rendered":"<h3>Besen LX30 22kW stenska polnilnica za elektri\u010dne avtomobile APP<\/h3>\n<p>Besen LX30 je najsodobnej\u0161i stenski polnilnik za elektri\u010dne avtomobile, ki ponuja najve\u010djo polnilno mo\u010d 22 kW za trifazno polnjenje in 7 kW za enofazno polnjenje. S podporo za trifazni napajalni sistem 230 V\/400 V in najve\u010djim tokom 32 A lahko uporabniki bistveno skraj\u0161ajo \u010das, potreben za polnjenje baterije. Ta re\u0161itev je idealna za lastnike elektri\u010dnih vozil in podjetja, ki \u017eelijo optimizirati proces polnjenja svojega voznega parka.<\/p>\n<p>\n<img decoding=\"async\" alt=\"\" border=\"0\" src=\"https:\/\/assets.innpro.pl\/13559\/16666\/2.jpg\" title=\"\">\n<\/p>\n<h3>Robustna zasnova in odpornost na zunanje pogoje<\/h3>\n<p>Ohi\u0161je naprave je izdelano iz visokokakovostne plastike PC+ABS z oznako IP66 in IK10, kar zagotavlja visoko odpornost na mehanske po\u0161kodbe in vremenske razmere. Zaradi kompaktnih mer 264,5 \u00d7 235,8 \u00d7 124 mm lahko napravo Besen LX30 namestite tako v gara\u017ei kot na prostem. Enota tehta 5,5 kg, kar zagotavlja stabilnost in vzdr\u017eljivost tudi v zahtevnih okoljih uporabe.<\/p>\n<p>\n<img decoding=\"async\" alt=\"\" border=\"0\" src=\"https:\/\/assets.innpro.pl\/13559\/16666\/3.jpg\" title=\"\">\n<\/p>\n<h3>Pametno upravljanje polnjenja prek mobilne aplikacije<\/h3>\n<p>Polnilnik Besen LX30 deluje z namensko aplikacijo EVSEMaster APP, ki uporabnikom omogo\u010da popoln nadzor nad postopkom polnjenja. Aplikacija uporabnikom omogo\u010da nastavitev urnika polnjenja, spremljanje porabe energije in pregled stanja naprave v realnem \u010dasu. Mo\u017enost daljinskega upravljanja pomeni, da lahko uporabniki optimizirajo \u010das polnjenja in stro\u0161ke ter jih prilagodijo glede na energetske tarife in lastne potrebe.<\/p>\n<p>\n<img decoding=\"async\" alt=\"\" border=\"0\" src=\"https:\/\/assets.innpro.pl\/13559\/16666\/6.jpg\" title=\"\">\n<\/p>\n<h3>Napredne varnostne funkcije za popolno varnost<\/h3>\n<p>Naprava Besen LX30 je opremljena s \u0161tevilnimi varnostnimi funkcijami, ki zagotavljajo varno delovanje. Za\u0161\u010dita pred pregrevanjem, preobremenitvijo in nihanjem napetosti \u0161\u010diti tako vozilo kot elektri\u010dni sistem. Zaradi trifaznega pet\u017ei\u010dnega sistema (L1, L2, L3, N, PE) polnilnik zagotavlja stabilno in u\u010dinkovito napajanje.<\/p>\n<p>\n<img decoding=\"async\" alt=\"\" border=\"0\" src=\"https:\/\/assets.innpro.pl\/13559\/16666\/1.jpg\" title=\"\">\n<\/p>\n<h3>Udobje in vsestranska uporaba<\/h3>\n<p>Z uporabo standardnega priklju\u010dka za polnjenje je polnilnica Besen LX30 zdru\u017eljiva s \u0161tevilnimi elektri\u010dnimi vozili na trgu. Zaradi mo\u017enosti nastavitve parametrov polnjenja in intuitivnega upravljanja je idealna tako za zasebne uporabnike kot tudi za podjetja in javne prostore. K za\u017eeleni vsestranskosti pa pripomore tudi mo\u017enost namestitve kjer koli \u017eelite v samo 8 minutah.<\/p>\n<p>\n<img decoding=\"async\" alt=\"\" border=\"0\" src=\"https:\/\/assets.innpro.pl\/13559\/16666\/4.jpg\" title=\"\">\n<\/p>\n<h3>Idealna nalo\u017eba v elektromobilnost<\/h3>\n<p>Besen LX30 je sodoben, pameten in u\u010dinkovit stenski polnilnik, ki izpolnjuje zahteve sodobnih uporabnikov elektri\u010dnih vozil. Zaradi robustne zasnove, visoke polnilne mo\u010di in integracije z mobilno aplikacijo naprava zagotavlja udobno in varno polnjenje v vseh pogojih. Je odli\u010dna izbira za tiste, ki i\u0161\u010dejo zanesljivo in visokotehnolo\u0161ko re\u0161itev za polnjenje elektri\u010dnih avtomobilov.<\/p>\n<p>\n<img decoding=\"async\" alt=\"\" border=\"0\" src=\"https:\/\/assets.innpro.pl\/13559\/16666\/5.jpg\" title=\"\">\n<\/p>\n<div class=\"table-wrapper\">\n<h3><\/h3>\n<table>\n<tbody>\n<tr>\n<th>Proizvajalec<\/th>\n<td>Besen<\/td>\n<\/tr>\n<tr>\n<th>Model<\/th>\n<td>LX30-22kW-APP<\/td>\n<\/tr>\n<tr>\n<th>Material ohi\u0161ja<\/th>\n<td>PC + ABC, plasti\u010dno ohi\u0161je<\/td>\n<\/tr>\n<tr>\n<th>Na\u010din usmerjanja<\/th>\n<td>Spodnja vhodna linija, spodnja izhodna linija<\/td>\n<\/tr>\n<tr>\n<th>Vmesnik za polnjenje<\/th>\n<td>Priklju\u010dek za polnjenje<\/td>\n<\/tr>\n<tr>\n<th>Dimenzije naprave<\/th>\n<td>264,5*235,8*124 mm<\/td>\n<\/tr>\n<tr>\n<th>Weight<\/th>\n<td>5,5 kg<\/td>\n<\/tr>\n<tr>\n<th>Vhodna napetost<\/th>\n<td>230V\/400V AC Trifazni pet\u017ei\u010dni sistem (faza L1, faza L2, faza L3, nevtralna, PE)<\/td>\n<\/tr>\n<tr>\n<th>Vhodni tok<\/th>\n<td>32A MAX<\/td>\n<\/tr>\n<tr>\n<th>Vhodna frekvenca<\/th>\n<td>50 Hz\/60 Hz<\/td>\n<\/tr>\n<\/tbody>\n<\/table>\n<\/div>","protected":false},"excerpt":{"rendered":"<p>Na zalogi pri zunanjem dobavitelju. Rok dobave 3-7 delovnih dni.<\/p>","protected":false},"featured_media":31434,"template":"","meta":{"_monsterinsights_skip_tracking":false,"_monsterinsights_sitenote_active":false,"_monsterinsights_sitenote_note":"","_monsterinsights_sitenote_category":0},"product_brand":[],"product_cat":[101,278,255],"product_tag":[],"class_list":{"0":"post-31440","1":"product","2":"type-product","3":"status-publish","4":"has-post-thumbnail","6":"product_cat-pametni-dom","7":"product_cat-polnilnice-za-elektricna-vozila","8":"product_cat-vsi","10":"first","11":"outofstock","12":"taxable","13":"shipping-taxable","14":"purchasable","15":"product-type-simple"},"jetpack_sharing_enabled":true,"_links":{"self":[{"href":"https:\/\/kobra.si\/en\/wp-json\/wp\/v2\/product\/31440","targetHints":{"allow":["GET"]}}],"collection":[{"href":"https:\/\/kobra.si\/en\/wp-json\/wp\/v2\/product"}],"about":[{"href":"https:\/\/kobra.si\/en\/wp-json\/wp\/v2\/types\/product"}],"version-history":[{"count":2,"href":"https:\/\/kobra.si\/en\/wp-json\/wp\/v2\/product\/31440\/revisions"}],"predecessor-version":[{"id":31587,"href":"https:\/\/kobra.si\/en\/wp-json\/wp\/v2\/product\/31440\/revisions\/31587"}],"wp:featuredmedia":[{"embeddable":true,"href":"https:\/\/kobra.si\/en\/wp-json\/wp\/v2\/media\/31434"}],"wp:attachment":[{"href":"https:\/\/kobra.si\/en\/wp-json\/wp\/v2\/media?parent=31440"}],"wp:term":[{"taxonomy":"product_brand","embeddable":true,"href":"https:\/\/kobra.si\/en\/wp-json\/wp\/v2\/product_brand?post=31440"},{"taxonomy":"product_cat","embeddable":true,"href":"https:\/\/kobra.si\/en\/wp-json\/wp\/v2\/product_cat?post=31440"},{"taxonomy":"product_tag","embeddable":true,"href":"https:\/\/kobra.si\/en\/wp-json\/wp\/v2\/product_tag?post=31440"}],"curies":[{"name":"wp","href":"https:\/\/api.w.org\/{rel}","templated":true}]}}