{"id":30925,"date":"2025-07-09T17:50:40","date_gmt":"2025-07-09T15:50:40","guid":{"rendered":"https:\/\/kobra.si\/spletna-trgovina-kobra\/hladilna-glava-za-obrazni-valjcek-geske\/"},"modified":"2026-04-13T21:04:10","modified_gmt":"2026-04-13T19:04:10","slug":"hladilna-glava-za-obrazni-valjcek-geske","status":"publish","type":"product","link":"https:\/\/kobra.si\/en\/spletna-trgovina-kobra\/hladilna-glava-za-obrazni-valjcek-geske\/","title":{"rendered":"Hladilna glava za obrazni valj\u010dek Geske"},"content":{"rendered":"<h3>Hladilna konica za obrazni valj\u010dek Geske.<\/h3>\n<p>Nadomestna konica, zasnovana za obrazne valj\u010dke Geske. Poskrbite za ko\u017eo obraza z rednimi hladilnimi tretmaji za zdrav, mladosten videz in ohranite sijo\u010do polt dlje \u010dasa! <\/p>\n<p><img decoding=\"async\" src=\"https:\/\/b2b.innpro.pl\/data\/include\/cms\/Geske\/GK000050TP01\/1.jpg\" alt=\"Geske\/GK000050TP01\/1\" title=\"\"><\/p>\n<div class=\"table-wrapper\">\n<table>\n<tbody>\n<tr>\n<th>Proizvajalec.<\/th>\n<td>Geske<\/td>\n<\/tr>\n<tr>\n<th>Model<\/th>\n<td>GK000050TP01<\/td>\n<\/tr>\n<tr>\n<th>Namen<\/th>\n<td>Geskejev \u010delni valj\u010dek<\/td>\n<\/tr>\n<\/tbody>\n<\/table>\n<\/div>","protected":false},"excerpt":{"rendered":"<p>Na zalogi pri zunanjem dobavitelju. Rok dobave 3-7 delovnih dni.<\/p>","protected":false},"featured_media":30922,"template":"","meta":{"_monsterinsights_skip_tracking":false,"_monsterinsights_sitenote_active":false,"_monsterinsights_sitenote_note":"","_monsterinsights_sitenote_category":0},"product_brand":[],"product_cat":[267,255,264],"product_tag":[],"class_list":{"0":"post-30925","1":"product","2":"type-product","3":"status-publish","4":"has-post-thumbnail","6":"product_cat-nega-obraza","7":"product_cat-vsi","8":"product_cat-zdravlje-in-lepota","10":"first","11":"instock","12":"taxable","13":"shipping-taxable","14":"purchasable","15":"product-type-simple"},"jetpack_sharing_enabled":true,"_links":{"self":[{"href":"https:\/\/kobra.si\/en\/wp-json\/wp\/v2\/product\/30925","targetHints":{"allow":["GET"]}}],"collection":[{"href":"https:\/\/kobra.si\/en\/wp-json\/wp\/v2\/product"}],"about":[{"href":"https:\/\/kobra.si\/en\/wp-json\/wp\/v2\/types\/product"}],"version-history":[{"count":1,"href":"https:\/\/kobra.si\/en\/wp-json\/wp\/v2\/product\/30925\/revisions"}],"predecessor-version":[{"id":31732,"href":"https:\/\/kobra.si\/en\/wp-json\/wp\/v2\/product\/30925\/revisions\/31732"}],"wp:featuredmedia":[{"embeddable":true,"href":"https:\/\/kobra.si\/en\/wp-json\/wp\/v2\/media\/30922"}],"wp:attachment":[{"href":"https:\/\/kobra.si\/en\/wp-json\/wp\/v2\/media?parent=30925"}],"wp:term":[{"taxonomy":"product_brand","embeddable":true,"href":"https:\/\/kobra.si\/en\/wp-json\/wp\/v2\/product_brand?post=30925"},{"taxonomy":"product_cat","embeddable":true,"href":"https:\/\/kobra.si\/en\/wp-json\/wp\/v2\/product_cat?post=30925"},{"taxonomy":"product_tag","embeddable":true,"href":"https:\/\/kobra.si\/en\/wp-json\/wp\/v2\/product_tag?post=30925"}],"curies":[{"name":"wp","href":"https:\/\/api.w.org\/{rel}","templated":true}]}}