{"id":30896,"date":"2025-07-09T17:48:37","date_gmt":"2025-07-09T15:48:37","guid":{"rendered":"https:\/\/kobra.si\/spletna-trgovina-kobra\/valjcek-za-obraz-in-telo-head-geske-roza\/"},"modified":"2026-04-21T21:02:36","modified_gmt":"2026-04-21T19:02:36","slug":"valjcek-za-obraz-in-telo-head-geske-roza","status":"publish","type":"product","link":"https:\/\/kobra.si\/en\/spletna-trgovina-kobra\/valjcek-za-obraz-in-telo-head-geske-roza\/","title":{"rendered":"Valj\u010dek za obraz in telo Head Geske (roza)"},"content":{"rendered":"<h3>Nasvet za valj\u010dek za obraz in telo Geske (roza).<\/h3>\n<p>Konica je zasnovana za Geskejev valj\u010dek za obraz in telo 9v1. Glava iz ro\u017enatega kremena izbolj\u0161uje mikrocirkulacijo, zmanj\u0161uje temne kolobarje in zabuhlost ter obnavlja enakomeren ten ko\u017ee.<\/p>\n<p><img decoding=\"async\" src=\"https:\/\/b2b.innpro.pl\/data\/include\/cms\/Geske\/GK000047PK01-Pink\/1.jpg\" alt=\"Geske\/GK000047PK01-Pink\/1\" title=\"\"><\/p>\n<div class=\"table-wrapper\">\n<table>\n<tbody>\n<tr>\n<th>Proizvajalec.<\/th>\n<td>Geske<\/td>\n<\/tr>\n<tr>\n<th>Model<\/th>\n<td>GK000047PK01<\/td>\n<\/tr>\n<tr>\n<th>Color <\/th>\n<td>Roza<\/td>\n<\/tr>\n<\/tbody>\n<\/table>\n<\/div>","protected":false},"excerpt":{"rendered":"<p>Na zalogi pri zunanjem dobavitelju. Rok dobave 3-7 delovnih dni.<\/p>","protected":false},"featured_media":30894,"template":"","meta":{"_monsterinsights_skip_tracking":false,"_monsterinsights_sitenote_active":false,"_monsterinsights_sitenote_note":"","_monsterinsights_sitenote_category":0},"product_brand":[],"product_cat":[267,255,264],"product_tag":[],"class_list":{"0":"post-30896","1":"product","2":"type-product","3":"status-publish","4":"has-post-thumbnail","6":"product_cat-nega-obraza","7":"product_cat-vsi","8":"product_cat-zdravlje-in-lepota","10":"first","11":"instock","12":"taxable","13":"shipping-taxable","14":"purchasable","15":"product-type-simple"},"jetpack_sharing_enabled":true,"_links":{"self":[{"href":"https:\/\/kobra.si\/en\/wp-json\/wp\/v2\/product\/30896","targetHints":{"allow":["GET"]}}],"collection":[{"href":"https:\/\/kobra.si\/en\/wp-json\/wp\/v2\/product"}],"about":[{"href":"https:\/\/kobra.si\/en\/wp-json\/wp\/v2\/types\/product"}],"version-history":[{"count":1,"href":"https:\/\/kobra.si\/en\/wp-json\/wp\/v2\/product\/30896\/revisions"}],"predecessor-version":[{"id":31639,"href":"https:\/\/kobra.si\/en\/wp-json\/wp\/v2\/product\/30896\/revisions\/31639"}],"wp:featuredmedia":[{"embeddable":true,"href":"https:\/\/kobra.si\/en\/wp-json\/wp\/v2\/media\/30894"}],"wp:attachment":[{"href":"https:\/\/kobra.si\/en\/wp-json\/wp\/v2\/media?parent=30896"}],"wp:term":[{"taxonomy":"product_brand","embeddable":true,"href":"https:\/\/kobra.si\/en\/wp-json\/wp\/v2\/product_brand?post=30896"},{"taxonomy":"product_cat","embeddable":true,"href":"https:\/\/kobra.si\/en\/wp-json\/wp\/v2\/product_cat?post=30896"},{"taxonomy":"product_tag","embeddable":true,"href":"https:\/\/kobra.si\/en\/wp-json\/wp\/v2\/product_tag?post=30896"}],"curies":[{"name":"wp","href":"https:\/\/api.w.org\/{rel}","templated":true}]}}