{"id":30744,"date":"2025-07-09T17:42:43","date_gmt":"2025-07-09T15:42:43","guid":{"rendered":"https:\/\/kobra.si\/spletna-trgovina-kobra\/objem-za-ustnice-in-ojacevalec-ustnic-geske-z-app-starlight\/"},"modified":"2026-04-20T21:03:55","modified_gmt":"2026-04-20T19:03:55","slug":"objem-za-ustnice-in-ojacevalec-ustnic-geske-z-app-starlight","status":"publish","type":"product","link":"https:\/\/kobra.si\/en\/spletna-trgovina-kobra\/objem-za-ustnice-in-ojacevalec-ustnic-geske-z-app-starlight\/","title":{"rendered":"Objem za ustnice in oja\u010devalec ustnic Geske z APP (starlight)"},"content":{"rendered":"<h3>Wolumizer in oja\u010devalec ustnic 4 v 1 Geske z aplikacijo (starlight).<\/h3>\n<p>Vidno pove\u010danje ustnic brez dragih posegov? Z Geskejem je to mogo\u010de! Volumizer in izbolj\u0161evalec ustnic 4 v 1 je edinstven izdelek, s katerim bodo va\u0161e ustnice dobile polno, okroglo obliko, njihova naravna barva pa bo pridobila na intenzivnosti. Z namensko aplikacijo GESKE German Beauty Tech lahko dose\u017eete rezultate, o katerih ste sanjali &#8211; s pomo\u010djo umetne inteligence in tehnologije SmartAppGuided lahko ustvarite personalizirane negovalne tretmaje za izbolj\u0161anje videza ko\u017ee okoli ustnic, ki odstranijo drobne gubice, jo tonizirajo in ji dodajo mladosten sijaj. U\u010dinkovitost je potrdila tudi revija ELLE! <\/p>\n<p><img decoding=\"async\" src=\"https:\/\/b2b.innpro.pl\/data\/include\/cms\/Geske\/GK000054SL01-Starlight\/2.jpg\" alt=\"Geske\/GK000054SL01-Starlight\/2\" title=\"\"><\/p>\n<h3>Va\u0161 vodnik za nego<\/h3>\n<p>Zdaj lahko zavestno skrbite za svoje ustnice in ko\u017eo okoli njih z namensko aplikacijo GESKE German Beauty Tech. Preprosto poskenirajte svoj obraz in prejmite prilagojena priporo\u010dila za nego, prilagojena va\u0161im potrebam. V aplikaciji lahko dolo\u010dite cilje in urnike nege ko\u017ee za doseganje najbolj\u0161ih rezultatov. Na voljo vam je na tiso\u010de videoposnetkov usposabljanja, ki jih vodijo strokovnjaki, s katerimi lahko izkoristite vse mo\u017enosti voluminatorja.<\/p>\n<p><img decoding=\"async\" src=\"https:\/\/b2b.innpro.pl\/data\/include\/cms\/Geske\/GK000054SL01-Starlight\/1.jpg\" alt=\"Geske\/GK000054SL01-Starlight\/1\" title=\"\"><\/p>\n<h3>Polne ustnice v nekaj sekundah<\/h3>\n<p>Na polnila lahko pozabite! Zdaj lahko u\u010dinek polnih, so\u010dnih ustnic dose\u017eete dobesedno v nekaj trenutkih! Seansa za pove\u010danje volumna ustnic, ki je na voljo v aplikaciji, bo poskrbela za mehke ustnice in jim dodala globino barve. Tehnologija Ultra-Volume, ki uporablja vakuum, poskrbi, da so va\u0161e ustnice napolnjene dlje \u010dasa. Z rednimi tretmaji boste dosegli vidno in dolgotrajno izbolj\u0161anje volumna in barve ustnic. Najbolj\u0161e rezultate boste dosegli s serumom (na voljo za lo\u010den nakup).<\/p>\n<p><img decoding=\"async\" src=\"https:\/\/b2b.innpro.pl\/data\/include\/cms\/Geske\/GK000054SL01-Starlight\/7.jpg\" alt=\"Geske\/GK000054SL01-Starlight\/7\" title=\"\"><\/p>\n<div class=\"table-wrapper\">\n<table>\n<tbody>\n<tr>\n<th>Proizvajalec: Slika 1: U\u010dinkovita uporaba ustnic za ustnice.<\/th>\n<td>Geske<\/td>\n<\/tr>\n<tr>\n<th>Koda proizvajalca<\/th>\n<td>GK000054SL01<\/td>\n<\/tr>\n<tr>\n<th>Color<\/th>\n<td>Starlight<\/td>\n<\/tr>\n<tr>\n<th>Material<\/th>\n<td>Silikon<\/td>\n<\/tr>\n<\/tbody>\n<\/table>\n<\/div>","protected":false},"excerpt":{"rendered":"<p>Na zalogi pri zunanjem dobavitelju. Rok dobave 3-7 delovnih dni.<\/p>","protected":false},"featured_media":30739,"template":"","meta":{"_monsterinsights_skip_tracking":false,"_monsterinsights_sitenote_active":false,"_monsterinsights_sitenote_note":"","_monsterinsights_sitenote_category":0},"product_brand":[],"product_cat":[267,255,264],"product_tag":[],"class_list":{"0":"post-30744","1":"product","2":"type-product","3":"status-publish","4":"has-post-thumbnail","6":"product_cat-nega-obraza","7":"product_cat-vsi","8":"product_cat-zdravlje-in-lepota","10":"first","11":"instock","12":"taxable","13":"shipping-taxable","14":"purchasable","15":"product-type-simple"},"jetpack_sharing_enabled":true,"_links":{"self":[{"href":"https:\/\/kobra.si\/en\/wp-json\/wp\/v2\/product\/30744","targetHints":{"allow":["GET"]}}],"collection":[{"href":"https:\/\/kobra.si\/en\/wp-json\/wp\/v2\/product"}],"about":[{"href":"https:\/\/kobra.si\/en\/wp-json\/wp\/v2\/types\/product"}],"version-history":[{"count":1,"href":"https:\/\/kobra.si\/en\/wp-json\/wp\/v2\/product\/30744\/revisions"}],"predecessor-version":[{"id":31806,"href":"https:\/\/kobra.si\/en\/wp-json\/wp\/v2\/product\/30744\/revisions\/31806"}],"wp:featuredmedia":[{"embeddable":true,"href":"https:\/\/kobra.si\/en\/wp-json\/wp\/v2\/media\/30739"}],"wp:attachment":[{"href":"https:\/\/kobra.si\/en\/wp-json\/wp\/v2\/media?parent=30744"}],"wp:term":[{"taxonomy":"product_brand","embeddable":true,"href":"https:\/\/kobra.si\/en\/wp-json\/wp\/v2\/product_brand?post=30744"},{"taxonomy":"product_cat","embeddable":true,"href":"https:\/\/kobra.si\/en\/wp-json\/wp\/v2\/product_cat?post=30744"},{"taxonomy":"product_tag","embeddable":true,"href":"https:\/\/kobra.si\/en\/wp-json\/wp\/v2\/product_tag?post=30744"}],"curies":[{"name":"wp","href":"https:\/\/api.w.org\/{rel}","templated":true}]}}