{"id":30738,"date":"2025-07-09T17:42:11","date_gmt":"2025-07-09T15:42:11","guid":{"rendered":"https:\/\/kobra.si\/spletna-trgovina-kobra\/ciljno-sredstvo-za-povecanje-volumna-ustnic-geske-z-app-starlight\/"},"modified":"2026-04-13T21:03:49","modified_gmt":"2026-04-13T19:03:49","slug":"ciljno-sredstvo-za-povecanje-volumna-ustnic-geske-z-app-starlight","status":"publish","type":"product","link":"https:\/\/kobra.si\/en\/spletna-trgovina-kobra\/ciljno-sredstvo-za-povecanje-volumna-ustnic-geske-z-app-starlight\/","title":{"rendered":"Pove\u010devalec in oja\u010devalec ustnic, VODEN S PAMETNO APLIKACIJO (starlight)"},"content":{"rendered":"<h3>Ciljno sredstvo za pove\u010danje volumna ustnic Geske z APP (starlight)<\/h3>\n<p>Sanjate o lepih in polnih ustnicah? Objemni in to\u010dkovni oja\u010devalec ustnic 4 v 1 Geske vam bo pomagal uresni\u010diti te sanje! Z njegovo pomo\u010djo lahko preprosto izbolj\u0161ate obliko in volumen ustnic, pove\u010date intenzivnost njihove naravne barve in poskrbite za stanje ko\u017ee okoli njih. Na voljo je tudi posebna aplikacija, ki ponuja prilagojene na\u010drte nege in \u0161tevilna video navodila. Ko izberete Geske, stavite na preverjene re\u0161itve &#8211; blagovna znamka je bila nagrajena kot lepotna inovacija \u0161t. 1 revije Elle.<\/p>\n<p><img fetchpriority=\"high\" decoding=\"async\" src=\"https:\/\/b2b.innpro.pl\/data\/include\/cms\/Geske\/GK000055SL01-Starlight\/1.jpg\" border=\"0\" alt=\"Geske\/GK000055GY01-Gray\/1\" width=\"1000\" height=\"637\" title=\"\"><\/p>\n<h3>Polne, oblikovane ustnice<\/h3>\n<p>Navadna polnila za ustnice so stvar preteklosti. Geske Volumizer uporablja lokalni vakuum, ki zagotavlja hitre in trajne rezultate. Izdelek je zasnovan tako, da je mogo\u010de obdelati le eno ustnico ali obe hkrati &#8211; tako da ga lahko uporabite to\u010dno tako, kot potrebujete. Uporabljene re\u0161itve vam bodo omogo\u010dile, da v kratkem \u010dasu pove\u010date volumen ustnic, izbolj\u0161ate njihovo obliko in naravno poudarite njihovo barvo.<\/p>\n<p><img decoding=\"async\" src=\"https:\/\/b2b.innpro.pl\/data\/include\/cms\/Geske\/GK000055SL01-Starlight\/2.jpg\" border=\"0\" alt=\"Geske\/GK000055GY01-Gray\/2\" width=\"1000\" height=\"637\" title=\"\"><\/p>\n<h3>Tehnologija v slu\u017ebi lepote<\/h3>\n<p>Zaradi \u010desa je naprava za pove\u010danje volumna Geske tako u\u010dinkovita? Izdelek uporablja ve\u010d re\u0161itev, ki vam bodo omogo\u010dile hitro doseganje \u017eelenega u\u010dinka. Ciljno takoj\u0161nje pove\u010danje obsega ustnic pove\u010da izbrane predele ustnic, medtem ko je Ultra-Volume odgovoren za ustvarjanje lokalnega podtlaka, ki jih vidno pomladi in u\u010dvrsti. Poglobitev in pove\u010danje intenzivnosti barve ustnic omogo\u010da izdelek Natural Lip Color Revitalizing.<\/p>\n<p><img decoding=\"async\" src=\"https:\/\/b2b.innpro.pl\/data\/include\/cms\/Geske\/GK000055SL01-Starlight\/5.jpg\" border=\"0\" alt=\"Geske\/GK000055GY01-Gray\/4\" width=\"1000\" height=\"637\" title=\"\"><\/p>\n<h3>Lepa ko\u017ea okoli ustnic<\/h3>\n<p>Z napravo Geske Volumizer boste lahko poskrbeli tudi za stanje ko\u017ee okoli ustnic. Z njegovo pomo\u010djo ji boste zagotovili fantasti\u010den sijaj in teksturo ter odpravili drobne gubice. Naprava zagotavlja tudi odli\u010den u\u010dinek tonizacije. Osupnite s sijo\u010do poltjo in u\u017eivajte v dolgotrajnih rezultatih! Z aparatom Geske se boste doma po\u010dutili kot v lepotnem salonu.<\/p>\n<p><img loading=\"lazy\" decoding=\"async\" src=\"https:\/\/b2b.innpro.pl\/data\/include\/cms\/Geske\/GK000055SL01-Starlight\/4.jpg\" border=\"0\" alt=\"Geske\/GK000055GY01-Gray\/6\" width=\"1000\" height=\"637\" title=\"\"><\/p>\n<h3>Preverite, kaj aplikacija ponuja<\/h3>\n<p>Dvignite nego ko\u017ee na novo raven. Samo namestite namensko aplikacijo GESKE German Beauty Tech, ki uporablja napredno tehnologijo umetne inteligence. Z njo lahko s pametnim telefonom skenirate svojo ko\u017eo &#8211; nato bo poseben algoritem zaznal njeno vrsto in stanje, analiziral njene potrebe in ugotovil morebitne te\u017eave. Na podlagi tega bo izdelan prilagojen na\u010drt nege. Z upo\u0161tevanjem vseh priporo\u010dil boste opazno izbolj\u0161ali videz in stanje svoje polti! Postavite si lahko tudi cilje in si ogledate videoposnetke, ki so jih posneli strokovnjaki &#8211; nasveti v njih vam bodo pomagali dose\u010di \u0161e bolj\u0161e rezultate. Aplikacija vam bo priporo\u010dila tudi druge Geskejeve izdelke, ki vam bodo koristili pri negi ko\u017ee &#8211; na\u0161li boste podrobne opise njihovega delovanja in uporabe.<\/p>\n<p><img loading=\"lazy\" decoding=\"async\" src=\"https:\/\/b2b.innpro.pl\/data\/include\/cms\/Geske\/GK000055SL01-Starlight\/3.jpg\" border=\"0\" alt=\"Geske\/GK000055GY01-Gray\/3\" width=\"1000\" height=\"637\" title=\"\"><\/p>\n<h3>Ustvarjeno za va\u0161e udobje<\/h3>\n<p>Doma organizirajte svoj spa salon. Geske Volumizer je zelo preprost in priro\u010den za uporabo &#8211; prepri\u010dajte se, da u\u010dinkovita nega ko\u017ee sploh ni nujno zahtevna. Izdelek je izdelan iz visokokakovostnega silikona, zato je prijazen do ko\u017ee in je ne dra\u017ei. Odlikuje ga tudi popolna vodoodpornost, zato ga lahko brez te\u017eav uporabljate v kopalnici.<\/p>\n<p><img loading=\"lazy\" decoding=\"async\" src=\"https:\/\/b2b.innpro.pl\/data\/include\/cms\/Geske\/GK000055SL01-Starlight\/9.jpg\" border=\"0\" alt=\"Geske\/GK000055GY01-Gray\/7\" width=\"1000\" height=\"638\" title=\"\"><\/p>\n<div class=\"table-wrapper\">\n<table>\n<tbody>\n<tr>\n<th>Blagovna znamka<\/th>\n<td>Geske<\/td>\n<\/tr>\n<tr>\n<th>Ime<\/th>\n<td>Sredstvo za pove\u010danje obsega ustnic | 4 v 1<\/td>\n<\/tr>\n<tr>\n<th>Model<\/th>\n<td>GK000055SL01<\/td>\n<\/tr>\n<tr>\n<th>Color<\/th>\n<td>Starlight<\/td>\n<\/tr>\n<tr>\n<th>Material<\/th>\n<td>Silikon<\/td>\n<\/tr>\n<\/tbody>\n<\/table>\n<\/div>","protected":false},"excerpt":{"rendered":"<p>Na zalogi pri zunanjem dobavitelju. Rok dobave 3-7 delovnih dni.<\/p>","protected":false},"featured_media":31406,"template":"","meta":{"_monsterinsights_skip_tracking":false,"_monsterinsights_sitenote_active":false,"_monsterinsights_sitenote_note":"","_monsterinsights_sitenote_category":0},"product_brand":[],"product_cat":[267,255,264],"product_tag":[],"class_list":{"0":"post-30738","1":"product","2":"type-product","3":"status-publish","4":"has-post-thumbnail","6":"product_cat-nega-obraza","7":"product_cat-vsi","8":"product_cat-zdravlje-in-lepota","10":"first","11":"instock","12":"taxable","13":"shipping-taxable","14":"purchasable","15":"product-type-simple"},"jetpack_sharing_enabled":true,"_links":{"self":[{"href":"https:\/\/kobra.si\/en\/wp-json\/wp\/v2\/product\/30738","targetHints":{"allow":["GET"]}}],"collection":[{"href":"https:\/\/kobra.si\/en\/wp-json\/wp\/v2\/product"}],"about":[{"href":"https:\/\/kobra.si\/en\/wp-json\/wp\/v2\/types\/product"}],"version-history":[{"count":2,"href":"https:\/\/kobra.si\/en\/wp-json\/wp\/v2\/product\/30738\/revisions"}],"predecessor-version":[{"id":31691,"href":"https:\/\/kobra.si\/en\/wp-json\/wp\/v2\/product\/30738\/revisions\/31691"}],"wp:featuredmedia":[{"embeddable":true,"href":"https:\/\/kobra.si\/en\/wp-json\/wp\/v2\/media\/31406"}],"wp:attachment":[{"href":"https:\/\/kobra.si\/en\/wp-json\/wp\/v2\/media?parent=30738"}],"wp:term":[{"taxonomy":"product_brand","embeddable":true,"href":"https:\/\/kobra.si\/en\/wp-json\/wp\/v2\/product_brand?post=30738"},{"taxonomy":"product_cat","embeddable":true,"href":"https:\/\/kobra.si\/en\/wp-json\/wp\/v2\/product_cat?post=30738"},{"taxonomy":"product_tag","embeddable":true,"href":"https:\/\/kobra.si\/en\/wp-json\/wp\/v2\/product_tag?post=30738"}],"curies":[{"name":"wp","href":"https:\/\/api.w.org\/{rel}","templated":true}]}}