{"id":30179,"date":"2025-06-27T18:20:05","date_gmt":"2025-06-27T16:20:05","guid":{"rendered":"https:\/\/kobra.si\/spletna-trgovina-kobra\/euhomy-aparat-za-izdelavo-ledenih-kock-im06d\/"},"modified":"2026-02-23T21:03:09","modified_gmt":"2026-02-23T20:03:09","slug":"euhomy-aparat-za-izdelavo-ledenih-kock-im06d","status":"publish","type":"product","link":"https:\/\/kobra.si\/en\/spletna-trgovina-kobra\/euhomy-aparat-za-izdelavo-ledenih-kock-im06d\/","title":{"rendered":"Euhomy aparat za izdelavo ledenih kock IM06D"},"content":{"rendered":"<h3>Euhomy IM06D aparat za izdelavo ledenih kock<\/h3>\n<p>Euhomy IM06D je kompakten aparat za izdelavo ledenih kock, ki proizvaja led v samo 6 minutah &#8211; brez namestitve in brez priklju\u010dka za vodo. Naprava proizvaja zna\u010dilne kocke, ki se po\u010dasi topijo in se ne zlepijo. Idealna bo poleti, med dru\u017eabnimi sre\u010danji, kampiranjem ali v kuhinji.<\/p>\n<p>\n<img decoding=\"async\" alt=\"\" border=\"0\" src=\"https:\/\/assets.innpro.pl\/16877\/22006\/1.jpg\" title=\"\">\n<\/p>\n<h3>Hitra proizvodnja ledu<\/h3>\n<p>Naprava proizvede 9 kock v enem ciklu, ki traja le 6 minut. To vam omogo\u010da hitro dopolnitev zaloge ledu, kadar koli ga potrebujete. Najve\u010dja zmogljivost je 11,5 kg ledu na dan, kar je dovolj za dru\u017eabna sre\u010danja ali poletna potovanja. Kocke imajo zaobljeno obliko z votlim sredi\u0161\u010dem, zato se ne zlepijo skupaj in se po\u010dasneje topijo. Idealne so za pija\u010de,, ledene sladice ali hlajenje steklenic v vedrih. V nujnih primerih jih lahko uporabite tudi kot ovoj.<\/p>\n<p>\n<img decoding=\"async\" alt=\"\" border=\"0\" src=\"https:\/\/assets.innpro.pl\/16877\/22006\/9.jpg\" title=\"\">\n<\/p>\n<h3>Prostoren rezervoar<\/h3>\n<p>Rezervoar za vodo ima prostornino 1,2 litra &#8211; dovolj, da vam ga ne bo treba vsaki\u010d znova polniti. Ko se napolni, naprava samodejno preneha delovati. V odstranljivo ko\u0161aro za led lahko shranite od 65 do 85 gotovih kock.<\/p>\n<p>\n<img decoding=\"async\" alt=\"\" border=\"0\" src=\"https:\/\/assets.innpro.pl\/16877\/22006\/6.jpg\" title=\"\">\n<\/p>\n<h3>Popolna mobilnost<\/h3>\n<p>Izdelovalnik ledenih kock Euhomy IM06D ne potrebuje stalne povezave z vodo ali kakr\u0161ne koli namestitve. Vse, kar morate storiti, je, da nalijete vodo in pritisnete gumb. Zaradi kompaktnih dimenzij (podobnih velikosti lista A4) in prakti\u010dnega ro\u010daja je napravo enostavno prena\u0161ati, kamor koli jo potrebujete.<\/p>\n<p>\n<img decoding=\"async\" alt=\"\" border=\"0\" src=\"https:\/\/assets.innpro.pl\/16877\/22006\/10 \u2014 kopia.jpg\" title=\"\">\n<\/p>\n<h3>Funkcija samodejnega \u010di\u0161\u010denja<\/h3>\n<p>Naprava je opremljena s samodejnim na\u010dinom \u010di\u0161\u010denja &#8211; samo dr\u017eite gumb za vklop\/izklop 5 sekund. Celoten postopek traja pribli\u017eno 30 minut, vodo pa lahko spustite skozi vgrajeni odtok. Redno \u010di\u0161\u010denje zagotavlja bolj\u0161o kakovost ledu in dalj\u0161o \u017eivljenjsko dobo opreme.<\/p>\n<p>\n<img decoding=\"async\" alt=\"\" border=\"0\" src=\"https:\/\/assets.innpro.pl\/16877\/22006\/5.jpg\" title=\"\">\n<\/p>\n<h3>Enostavno in intuitivno upravljanje<\/h3>\n<p>Na nadzorni plo\u0161\u010di so enostavno berljive kontrolne lu\u010dke, ki ka\u017eejo, kdaj ni vode in kdaj je ko\u0161ara polna. Vklop in izklop je mogo\u010d z enim samim gumbom.<\/p>\n<p>\n<img decoding=\"async\" alt=\"\" border=\"0\" src=\"https:\/\/assets.innpro.pl\/16877\/22006\/11.jpg\" title=\"\">\n<\/p>\n<h3>Vklju\u010deno:<\/h3>\n<ul class=\"list-disc pl-5\">\n<li>Nastavek za izdelavo ledenih kock<\/li>\n<li>Odstranljiva ko\u0161ara za led<\/li>\n<li>zajemalka za led<\/li>\n<li>Navodila za uporabo<\/li>\n<\/ul>\n<div class=\"table-wrapper\">\n<h3><\/h3>\n<table>\n<tbody>\n<tr>\n<th>Proizvajalec<\/th>\n<td>Euhomy<\/td>\n<\/tr>\n<tr>\n<th>Model<\/th>\n<td>DE-IM06D-02-AZ-HM<\/td>\n<\/tr>\n<tr>\n<th>Vrsta za\u0161\u010dite<\/th>\n<td>I<\/td>\n<\/tr>\n<tr>\n<th>Power supply<\/th>\n<td>220-240 V \/ 50 Hz<\/td>\n<\/tr>\n<tr>\n<th>Podnebni tip<\/th>\n<td>SN \/ N \/ ST \/ T<\/td>\n<\/tr>\n<tr>\n<th>Poraba toka (proizvodnja ledu)<\/th>\n<td>0,8 A<\/td>\n<\/tr>\n<tr>\n<th>Poraba toka (praznjenje ledu)<\/th>\n<td>1,0 A<\/td>\n<\/tr>\n<tr>\n<th>Hladilno sredstvo<\/th>\n<td>R600a \/ 15 g<\/td>\n<\/tr>\n<tr>\n<th>Izolacijska pena<\/th>\n<td>C5H10<\/td>\n<\/tr>\n<tr>\n<th>Dimenzije<\/th>\n<td>222 \u00d7 254 \u00d7 290 mm<\/td>\n<\/tr>\n<tr>\n<th>Material ohi\u0161ja<\/th>\n<td>Nerjave\u010de jeklo<\/td>\n<\/tr>\n<\/tbody>\n<\/table>\n<\/div>","protected":false},"excerpt":{"rendered":"<p>Na zalogi pri zunanjem dobavitelju. Rok dobave 3-7 delovnih dni.<\/p>","protected":false},"featured_media":30178,"template":"","meta":{"_monsterinsights_skip_tracking":false,"_monsterinsights_sitenote_active":false,"_monsterinsights_sitenote_note":"","_monsterinsights_sitenote_category":0},"product_brand":[],"product_cat":[175,255],"product_tag":[],"class_list":{"0":"post-30179","1":"product","2":"type-product","3":"status-publish","4":"has-post-thumbnail","6":"product_cat-kamping-oprema","7":"product_cat-vsi","9":"first","10":"outofstock","11":"taxable","12":"shipping-taxable","13":"purchasable","14":"product-type-simple"},"jetpack_sharing_enabled":true,"_links":{"self":[{"href":"https:\/\/kobra.si\/en\/wp-json\/wp\/v2\/product\/30179","targetHints":{"allow":["GET"]}}],"collection":[{"href":"https:\/\/kobra.si\/en\/wp-json\/wp\/v2\/product"}],"about":[{"href":"https:\/\/kobra.si\/en\/wp-json\/wp\/v2\/types\/product"}],"version-history":[{"count":1,"href":"https:\/\/kobra.si\/en\/wp-json\/wp\/v2\/product\/30179\/revisions"}],"predecessor-version":[{"id":31605,"href":"https:\/\/kobra.si\/en\/wp-json\/wp\/v2\/product\/30179\/revisions\/31605"}],"wp:featuredmedia":[{"embeddable":true,"href":"https:\/\/kobra.si\/en\/wp-json\/wp\/v2\/media\/30178"}],"wp:attachment":[{"href":"https:\/\/kobra.si\/en\/wp-json\/wp\/v2\/media?parent=30179"}],"wp:term":[{"taxonomy":"product_brand","embeddable":true,"href":"https:\/\/kobra.si\/en\/wp-json\/wp\/v2\/product_brand?post=30179"},{"taxonomy":"product_cat","embeddable":true,"href":"https:\/\/kobra.si\/en\/wp-json\/wp\/v2\/product_cat?post=30179"},{"taxonomy":"product_tag","embeddable":true,"href":"https:\/\/kobra.si\/en\/wp-json\/wp\/v2\/product_tag?post=30179"}],"curies":[{"name":"wp","href":"https:\/\/api.w.org\/{rel}","templated":true}]}}