{"id":30098,"date":"2025-06-27T17:10:58","date_gmt":"2025-06-27T15:10:58","guid":{"rendered":"https:\/\/kobra.si\/spletna-trgovina-kobra\/petlibro-granary-wifi-dozirnik-za-hrano-5l-bela\/"},"modified":"2026-04-27T21:05:23","modified_gmt":"2026-04-27T19:05:23","slug":"petlibro-granary-wifi-dozirnik-za-hrano-5l-bela","status":"publish","type":"product","link":"https:\/\/kobra.si\/en\/spletna-trgovina-kobra\/petlibro-granary-wifi-dozirnik-za-hrano-5l-bela\/","title":{"rendered":"Petlibro Granary WiFi dozirnik za hrano 5L (bela)"},"content":{"rendered":"<h3>Petlibro Granary WiFi dozirnik za hrano, 5L (bela)<\/h3>\n<p>Petlibro Granary je pametni dozirnik hrane s prostornino 5 l, ki vam omogo\u010da, da svojega ljubljen\u010dka hranite na daljavo prek aplikacije &#8211; ne glede na to, kje ste. Omogo\u010da natan\u010dno na\u010drtovanje obrokov, nastavitev prilagojenega glasovnega sporo\u010dila in ogled dnevnikov hranjenja. S svojim sistemom \u0161tirikratnega zapiranja zagotavlja sve\u017eino hrane, napredna zasnova pa prepre\u010duje, da bi se zataknil. Dozator deluje tudi med izpadom elektri\u010dne energije (z baterijami), odstranljiva jeklena posoda in sestavni deli brez BPA pa zagotavljajo varnost in enostavno \u010di\u0161\u010denje. To je priro\u010dna, zanesljiva in higieni\u010dna re\u0161itev za vsakega lastnika \u0161tirino\u017enega psa.<\/p>\n<p>\n<img decoding=\"async\" alt=\"\" border=\"0\" src=\"https:\/\/assets.innpro.pl\/16813\/21889\/9.jpg\" title=\"\">\n<\/p>\n<h3>Pametno hranjenje vedno pri roki<\/h3>\n<p>Petlibro Granary bo revolucionarno spremenil na\u010din, kako skrbite za prehrano va\u0161ega hi\u0161nega ljubljen\u010dka. S podporo Wi-Fi (2,4 GHz in 5 GHz) in namensko aplikacijo lahko na\u010drtujete porcije, prilagajate urnike in servirate pribolj\u0161ke na daljavo &#8211; kjer koli ste. Ne glede na to, ali ste v slu\u017ebi ali odsotni, potrebujete le nekaj klikov, da zagotovite, da va\u0161 hi\u0161ni ljubljen\u010dek pravo\u010dasno dobi obrok. Njegova impresivna prostornina 5 l zagotavlja, da ima va\u0161 hi\u0161ni ljubljen\u010dek vedno pravo koli\u010dino hrane, in \u010de zaloge zmanjka, ne skrbite &#8211; aplikacija vas bo o vsem obvestila!<\/p>\n<p>\n<img decoding=\"async\" alt=\"\" border=\"0\" src=\"https:\/\/assets.innpro.pl\/16813\/21889\/1.jpg\" title=\"\">\n<\/p>\n<h3>Nova raven nadzora in udobja<\/h3>\n<p>V aplikaciji lahko z enim samim dotikom vklopite in izklopite urnik hranjenja ter nastavite prilagojeno glasovno sporo\u010dilo, ki se bo predvajalo ob vsakem obroku, tako da bo va\u0161 hi\u0161ni ljubljen\u010dek \u010dutil va\u0161o prisotnost tudi v \u010dasu va\u0161e odsotnosti. Poleg tega aplikacija shrani do 70 zadnjih dnevnikov hranjenja, tudi brez povezave, funkcije obve\u0161\u010danja pa vas bodo obvestile, \u010de je hrane premalo, \u010de je baterija prazna ali \u010de je hranilnik morda blokiran.<\/p>\n<p>\n<img decoding=\"async\" alt=\"\" border=\"0\" src=\"https:\/\/assets.innpro.pl\/16813\/21889\/8.jpg\" title=\"\">\n<\/p>\n<h3>Varnost in sve\u017eina na prvem mestu<\/h3>\n<p>\u0160tirikratni sistem tesnjenja (silikonski obro\u010d, vrtljiv pokrov, posebna vre\u010dka za vpijanje vlage in za\u0161\u010diten izhod) \u0161\u010diti hrano pred zrakom in vlago. Tako je vsak obrok enako sve\u017e kot prvi. Nedrse\u010de nogice stabilizirajo napravo, najlonsko pleten kabel pa prepre\u010duje prekuhavanje. Z napravo Petlibro Granary bo va\u0161 hi\u0161ni ljubljen\u010dek dele\u017een najve\u010djega udobja in za\u0161\u010dite.<\/p>\n<p>\n<img decoding=\"async\" alt=\"\" border=\"0\" src=\"https:\/\/assets.innpro.pl\/16813\/21889\/5.jpg\" title=\"\">\n<\/p>\n<h3>Nemoteno hranjenje in zanesljivost<\/h3>\n<p>Inovativna zasnova s 45-stopinjskim kotom, \u0161irokim odpiranjem in posebnim algoritmom proti zatikanju prepre\u010duje te\u017eave pri hranjenju. Dozirnik lahko uporablja suhe pelete s premerom od 2 do 15 mm. V primeru izpada elektri\u010dne energije dozirnik \u0161e vedno deluje &#8211; samo napolnite ga z baterijami (na voljo zunaj kompleta), da zagotovite neprekinjeno hranjenje.<\/p>\n<p>\n<img decoding=\"async\" alt=\"\" border=\"0\" src=\"https:\/\/assets.innpro.pl\/16813\/21889\/4.jpg\" title=\"\">\n<\/p>\n<h3>Enostavno \u010di\u0161\u010denje in higienski materiali<\/h3>\n<p>Odstranljiva posoda iz nerjavnega jekla 304 prepre\u010duje nabiranje ma\u0161\u010dob in aken na bradi. Vsi deli, ki pridejo v stik s hrano, ne vsebujejo BPA, zato je naprava popolnoma varna za zdravje va\u0161ega hi\u0161nega ljubljen\u010dka. Zaradi odstranljive zasnove je \u010di\u0161\u010denje enostavno, vgrajeni infrarde\u010di senzor pa \u0161\u010diti pred prekomernim polnjenjem.<\/p>\n<p>\n<img decoding=\"async\" alt=\"\" border=\"0\" src=\"https:\/\/assets.innpro.pl\/16813\/21889\/3.jpg\" title=\"\">\n<\/p>\n<h3>Vklju\u010deno<\/h3>\n<ul class=\"list-disc pl-5\">\n<li>razpr\u0161ilnik za hrano<\/li>\n<li>jeklena posoda<\/li>\n<li>podloga za posodo<\/li>\n<li>adapter<\/li>\n<li>napajalni kabel<\/li>\n<li>vre\u010dko z izsu\u0161evalnim sredstvom<\/li>\n<li>instructions manual<\/li>\n<\/ul>\n<div class=\"table-wrapper\">\n<h3><\/h3>\n<table>\n<tbody>\n<tr>\n<th>Proizvajalec<\/th>\n<td>Petlibro<\/td>\n<\/tr>\n<tr>\n<th>Model<\/th>\n<td>PL-AF103-34W<\/td>\n<\/tr>\n<tr>\n<th>Capacity<\/th>\n<td>5L<\/td>\n<\/tr>\n<tr>\n<th>Vhod<\/th>\n<td>AC 100-240V 50\/60Hz<\/td>\n<\/tr>\n<tr>\n<th>Vrsta baterije<\/th>\n<td>Tri baterije tipa D (niso vklju\u010dene)<\/td>\n<\/tr>\n<tr>\n<th>Working temperature<\/th>\n<td>0\u00b0C-40\u00b0C<\/td>\n<\/tr>\n<tr>\n<th>Weight<\/th>\n<td>1,66 kg<\/td>\n<\/tr>\n<tr>\n<th>Dimenzije<\/th>\n<td>340 \u00d7 190 \u00d7 190 mm<\/td>\n<\/tr>\n<tr>\n<th>Namenska uporaba<\/th>\n<td>Da<\/td>\n<\/tr>\n<tr>\n<th>Power supply<\/th>\n<td>Prek USB, z baterijskim napajanjem<\/td>\n<\/tr>\n<tr>\n<th>Material konstrukcije<\/th>\n<td>Nerjave\u010de jeklo 304 (skodelice), materiali brez BPA (dozirnik)<\/td>\n<\/tr>\n<tr>\n<th>Senzorji<\/th>\n<td>Senzor IRA<\/td>\n<\/tr>\n<tr>\n<th>Priporo\u010dena velikost dovajanja<\/th>\n<td>2-15 mm<\/td>\n<\/tr>\n<tr>\n<th>Priporo\u010dena vrsta podajanja<\/th>\n<td>Suho<\/td>\n<\/tr>\n<tr>\n<th>Na\u010din komunikacije<\/th>\n<td>WiFi 2,4 GHz\/5GHz<\/td>\n<\/tr>\n<tr>\n<th>Color<\/th>\n<td>White<\/td>\n<\/tr>\n<\/tbody>\n<\/table>\n<\/div>","protected":false},"excerpt":{"rendered":"<p>Na zalogi pri zunanjem dobavitelju. Rok dobave 3-7 delovnih dni.<\/p>","protected":false},"featured_media":30095,"template":"","meta":{"_monsterinsights_skip_tracking":false,"_monsterinsights_sitenote_active":false,"_monsterinsights_sitenote_note":"","_monsterinsights_sitenote_category":0},"product_brand":[],"product_cat":[166,255],"product_tag":[],"class_list":{"0":"post-30098","1":"product","2":"type-product","3":"status-publish","4":"has-post-thumbnail","6":"product_cat-hisni-ljubljencki","7":"product_cat-vsi","9":"first","10":"instock","11":"taxable","12":"shipping-taxable","13":"purchasable","14":"product-type-simple"},"jetpack_sharing_enabled":true,"_links":{"self":[{"href":"https:\/\/kobra.si\/en\/wp-json\/wp\/v2\/product\/30098","targetHints":{"allow":["GET"]}}],"collection":[{"href":"https:\/\/kobra.si\/en\/wp-json\/wp\/v2\/product"}],"about":[{"href":"https:\/\/kobra.si\/en\/wp-json\/wp\/v2\/types\/product"}],"version-history":[{"count":1,"href":"https:\/\/kobra.si\/en\/wp-json\/wp\/v2\/product\/30098\/revisions"}],"predecessor-version":[{"id":31784,"href":"https:\/\/kobra.si\/en\/wp-json\/wp\/v2\/product\/30098\/revisions\/31784"}],"wp:featuredmedia":[{"embeddable":true,"href":"https:\/\/kobra.si\/en\/wp-json\/wp\/v2\/media\/30095"}],"wp:attachment":[{"href":"https:\/\/kobra.si\/en\/wp-json\/wp\/v2\/media?parent=30098"}],"wp:term":[{"taxonomy":"product_brand","embeddable":true,"href":"https:\/\/kobra.si\/en\/wp-json\/wp\/v2\/product_brand?post=30098"},{"taxonomy":"product_cat","embeddable":true,"href":"https:\/\/kobra.si\/en\/wp-json\/wp\/v2\/product_cat?post=30098"},{"taxonomy":"product_tag","embeddable":true,"href":"https:\/\/kobra.si\/en\/wp-json\/wp\/v2\/product_tag?post=30098"}],"curies":[{"name":"wp","href":"https:\/\/api.w.org\/{rel}","templated":true}]}}