{"id":30089,"date":"2025-06-27T16:55:43","date_gmt":"2025-06-27T14:55:43","guid":{"rendered":"https:\/\/kobra.si\/spletna-trgovina-kobra\/wybot-c2-pro-vision-brezzicni-robot-za-ciscenje-bazenov\/"},"modified":"2026-04-10T21:02:07","modified_gmt":"2026-04-10T19:02:07","slug":"wybot-c2-pro-vision-brezzicni-robot-za-ciscenje-bazenov","status":"publish","type":"product","link":"https:\/\/kobra.si\/en\/spletna-trgovina-kobra\/wybot-c2-pro-vision-brezzicni-robot-za-ciscenje-bazenov\/","title":{"rendered":"Wybot C2 Pro Vision brez\u017ei\u010dni robot za \u010di\u0161\u010denje bazenov"},"content":{"rendered":"<h3>Wybot C2 Pro Vision brez\u017ei\u010dni robot za \u010di\u0161\u010denje bazenov<\/h3>\n<p>Wybot C2 Pro Vision je brez\u017ei\u010dni robot, zasnovan za temeljito in priro\u010dno \u010di\u0161\u010denje bazenov. Zaradi zmogljivega trojnega motorja in intuitivnega upravljanja se lahko u\u010dinkovito loti umazanije tako na dnu kot na stenah bazena. Dobro bo deloval v bazenih do 180 m\u00b2 in globine do 3 m, saj zagotavlja temeljito \u010di\u0161\u010denje brez ro\u010dnega drgnjenja.<\/p>\n<p>\n<img decoding=\"async\" alt=\"\" border=\"0\" src=\"https:\/\/assets.innpro.pl\/15847\/19949\/3.jpg\" title=\"\">\n<\/p>\n<h3>Razli\u010dni na\u010dini &#8211; \u010di\u0161\u010denje po va\u0161ih potrebah<\/h3>\n<p>Robot ponuja ve\u010d na\u010dinov \u010di\u0161\u010denja, ki jih lahko aktivirate neposredno na napravi ali z mobilno aplikacijo. Med<a href=\"http:\/\/m.in\">drugim<\/a> lahko izbirate med eko, na\u010dini \u010di\u0161\u010denja tal, sten ali celotnega bazena ter na\u010dinom vision, ki se osredoto\u010da na \u010di\u0161\u010denje dna. Ta prilagodljivost omogo\u010da, da robot deluje to\u010dno tam, kjer je najbolj potreben.<\/p>\n<p>\n<img decoding=\"async\" alt=\"\" border=\"0\" src=\"https:\/\/assets.innpro.pl\/15847\/19949\/4.jpg\" title=\"\">\n<\/p>\n<h3>Zmogljivost in tehnologija, ki pomenita razliko<\/h3>\n<p>Z zmogljivostjo do 11,5 m\u00b3\/h in mo\u010djo 65 W robot Wybot C2 Pro Vision hitro in u\u010dinkovito odstranjuje umazanijo. Opremljen je s standardno 180 \u03bcm ko\u0161aro in 50 \u03bcm filtrom HEPA za lovljenje umazanije. Trojni motor zagotavlja stabilno gibanje pri hitrosti 10 m\/min, vgrajeni ultrazvo\u010dni senzorji in kamera pa pomagajo pri orientaciji pod vodo.<\/p>\n<p>\n<img decoding=\"async\" alt=\"\" border=\"0\" src=\"https:\/\/assets.innpro.pl\/15847\/19949\/1.jpg\" title=\"\">\n<\/p>\n<h3>Priro\u010dna uporaba in varna zasnova<\/h3>\n<p>Z mobilno aplikacijo lahko robota vnaprej na\u010drtujete tako, da nastavite \u010dasovnik na enega od \u0161tirih razpolo\u017eljivih na\u010dinov. Poleg tega vas indikator ravni napolnjenosti baterije obvesti, kdaj je treba obnoviti njegovo energijo &#8211; po pribli\u017eno 3 urah bo pripravljen za nadaljevanje dela.<\/p>\n<p>\n<img decoding=\"async\" alt=\"\" border=\"0\" src=\"https:\/\/assets.innpro.pl\/15847\/19949\/2.jpg\" title=\"\">\n<\/p>\n<h3>Prilo\u017een<\/h3>\n<ul class=\"list-disc pl-5\">\n<li>robot<\/li>\n<li>charger<\/li>\n<li>plavajo\u010di deli<\/li>\n<li>kavelj za izvlek<\/li>\n<li>priro\u010dnik z navodili<\/li>\n<li>skraj\u0161ana navodila za uporabo<\/li>\n<\/ul>\n<div class=\"table-wrapper\">\n<h3><\/h3>\n<table>\n<tbody>\n<tr>\n<th>Proizvajalec<\/th>\n<td>Wybot<\/td>\n<\/tr>\n<tr>\n<th>Model<\/th>\n<td>C2 Pro Vision<\/td>\n<\/tr>\n<tr>\n<th>Napetost<\/th>\n<td>21.6 V<\/td>\n<\/tr>\n<tr>\n<th>Dimenzije bazena<\/th>\n<td>max. 180 m\u00b2<\/td>\n<\/tr>\n<tr>\n<th>Na\u010dini \u010di\u0161\u010denja<\/th>\n<td>tla, stene, popolno \u010di\u0161\u010denje bazena, najprej stene, nato tla, eko, vizija (samo tla)<\/td>\n<\/tr>\n<tr>\n<th>\u010cas delovanja<\/th>\n<td>max. 3 h (na\u010din eko)<\/td>\n<\/tr>\n<tr>\n<th>Delovanje<\/th>\n<td>11,5 m\u00b3\/h<\/td>\n<\/tr>\n<tr>\n<th>Zmogljivost baterije<\/th>\n<td>4600 mAh \/ 99,36 Wh<\/td>\n<\/tr>\n<tr>\n<th>Power supply<\/th>\n<td>65 W<\/td>\n<\/tr>\n<tr>\n<th>\u010cas polnjenja<\/th>\n<td>3 h<\/td>\n<\/tr>\n<tr>\n<th>Najve\u010dja globina bazena<\/th>\n<td>3 m<\/td>\n<\/tr>\n<tr>\n<th>Odpornost na vodo<\/th>\n<td>IPX8<\/td>\n<\/tr>\n<tr>\n<th>Weight<\/th>\n<td>11 kg<\/td>\n<\/tr>\n<tr>\n<th>Filter<\/th>\n<td>Obi\u010dajna filtrirna ko\u0161ara 180 \u03bcm + HEPA (50 \u03bcm)<\/td>\n<\/tr>\n<\/tbody>\n<\/table>\n<\/div>","protected":false},"excerpt":{"rendered":"<p>Na zalogi pri zunanjem dobavitelju. Rok dobave 3-7 delovnih dni.<\/p>","protected":false},"featured_media":30082,"template":"","meta":{"_monsterinsights_skip_tracking":false,"_monsterinsights_sitenote_active":false,"_monsterinsights_sitenote_note":"","_monsterinsights_sitenote_category":0},"product_brand":[],"product_cat":[285,290,101,255],"product_tag":[],"class_list":{"0":"post-30089","1":"product","2":"type-product","3":"status-publish","4":"has-post-thumbnail","6":"product_cat-ciscenje-pametni-dom","7":"product_cat-ciscenje-bazena","8":"product_cat-pametni-dom","9":"product_cat-vsi","11":"first","12":"outofstock","13":"taxable","14":"shipping-taxable","15":"purchasable","16":"product-type-simple"},"jetpack_sharing_enabled":true,"_links":{"self":[{"href":"https:\/\/kobra.si\/en\/wp-json\/wp\/v2\/product\/30089","targetHints":{"allow":["GET"]}}],"collection":[{"href":"https:\/\/kobra.si\/en\/wp-json\/wp\/v2\/product"}],"about":[{"href":"https:\/\/kobra.si\/en\/wp-json\/wp\/v2\/types\/product"}],"version-history":[{"count":1,"href":"https:\/\/kobra.si\/en\/wp-json\/wp\/v2\/product\/30089\/revisions"}],"predecessor-version":[{"id":31651,"href":"https:\/\/kobra.si\/en\/wp-json\/wp\/v2\/product\/30089\/revisions\/31651"}],"wp:featuredmedia":[{"embeddable":true,"href":"https:\/\/kobra.si\/en\/wp-json\/wp\/v2\/media\/30082"}],"wp:attachment":[{"href":"https:\/\/kobra.si\/en\/wp-json\/wp\/v2\/media?parent=30089"}],"wp:term":[{"taxonomy":"product_brand","embeddable":true,"href":"https:\/\/kobra.si\/en\/wp-json\/wp\/v2\/product_brand?post=30089"},{"taxonomy":"product_cat","embeddable":true,"href":"https:\/\/kobra.si\/en\/wp-json\/wp\/v2\/product_cat?post=30089"},{"taxonomy":"product_tag","embeddable":true,"href":"https:\/\/kobra.si\/en\/wp-json\/wp\/v2\/product_tag?post=30089"}],"curies":[{"name":"wp","href":"https:\/\/api.w.org\/{rel}","templated":true}]}}