{"id":30041,"date":"2025-06-26T21:01:10","date_gmt":"2025-06-26T19:01:10","guid":{"rendered":"https:\/\/kobra.si\/spletna-trgovina-kobra\/kjk-jnv30-infrardeci-daljnogled-za-nocno-opazovanje\/"},"modified":"2025-12-13T13:14:15","modified_gmt":"2025-12-13T12:14:15","slug":"kjk-jnv30-infrardeci-daljnogled-za-nocno-opazovanje","status":"publish","type":"product","link":"https:\/\/kobra.si\/en\/spletna-trgovina-kobra\/kjk-jnv30-infrardeci-daljnogled-za-nocno-opazovanje\/","title":{"rendered":"KJK JNV30 infrarde\u010di daljnogled za no\u010dno opazovanje"},"content":{"rendered":"<h3>KJK JNV30 infrarde\u010di daljnogled za no\u010dno opazovanje<\/h3>\n<p>Infrarde\u010di daljnogled KJK JNV30 je napredna naprava, zasnovana za spremljanje v popolni temi, ki ponuja izjemno kakovost slike in videoposnetka do 1920&#215;1080 HD. Ta daljnogled je opremljen z velikim 3-pal\u010dnim zaslonom LCD in inovativno infrarde\u010do tehnologijo ter je idealen za opazovanje divjih \u017eivali, spremljanje kmetij, lov, ribolov ter za varnostne in nadzorne namene. Z 32 GB pomnilnika za shranjevanje fotografij in videoposnetkov lahko svoja do\u017eivetja preprosto delite s prijatelji in dru\u017eino.<\/p>\n<p>\n<img decoding=\"async\" border=\"0\" src=\"https:\/\/assets.innpro.pl\/9184\/10722\/2.jpg\" title=\"\">\n<\/p>\n<h3>Neprekosljiv vid v temi<\/h3>\n<p>Daljnogled KJK JNV30 ponuja izjemen no\u010dni vid zaradi senzorja Ultra HD CMOS in napredne infrarde\u010de tehnologije. Naprava lahko snema teko\u010de videoposnetke v lo\u010dljivosti do 1920&#215;1080 HD in zajema slike do 20 megapikslov, tako pri dnevni svetlobi kot pri \u0161ibki svetlobi in v popolni temi. Zato je idealna izbira za ljubitelje narave, ki \u017eelijo ujeti vsako podrobnost svojih no\u010dnih pustolov\u0161\u010din.<\/p>\n<p>\n<img decoding=\"async\" border=\"0\" src=\"https:\/\/assets.innpro.pl\/9184\/10722\/4.jpg\" title=\"\">\n<\/p>\n<h3>Velik 3-pal\u010dni zaslon<\/h3>\n<p>V daljnogled KJK JNV30 je vgrajen 3-pal\u010dni zaslon LCD, ki zagotavlja jasno in stabilno sliko ter vam omogo\u010da popolno uokvirjanje vsakega posnetka. Zaradi novega slikovnega senzorja daljnogled ponuja naj\u0161ir\u0161e in najbolj oddaljeno vidno polje, kar jih je bilo doslej dose\u017eenih pri opremi KJK. Funkcije, kot sta 5-kratna digitalna pove\u010dava in tehnologija Anti-Shake, vam omogo\u010dajo, da vsak trenutek zajamete z izjemnimi podrobnostmi in ostrino brez primere.<\/p>\n<p>\n<img decoding=\"async\" border=\"0\" src=\"https:\/\/assets.innpro.pl\/9184\/10722\/1.jpg\" title=\"\">\n<\/p>\n<h3>Diskretnost in udobje<\/h3>\n<p>Daljnogledi KJK JNV30 so zasnovani z mislijo na diskretnost in udobje uporabnika. Najsodobnej\u0161i okular s polnim krogom zmanj\u0161uje uhajanje svetlobe, 15 stopenj prilagoditve svetlosti zaslona pa omogo\u010da, da se oko hitro prilagodi temi, ne da bi izdalo uporabnikovo prisotnost. Zaradi tega je daljnogled idealno orodje za prikrito opazovanje na terenu.<\/p>\n<p>\n<img decoding=\"async\" border=\"0\" src=\"https:\/\/assets.innpro.pl\/9184\/10722\/5.jpg\" title=\"\">\n<\/p>\n<h3>Popolno darilo za ljubitelje narave<\/h3>\n<p>Infrarde\u010di daljnogled KJK JNV30 je popolno darilo za vse ljubitelje narave in pustolov\u0161\u010din na prostem. Z enoletno garancijo in 24-urno podporo strankam so uporabniki lahko prepri\u010dani, da bodo po potrebi dele\u017eni popolne podpore. Prilo\u017eeno je vse, kar potrebujete za za\u010detek pustolov\u0161\u010dine &#8211; daljnogled, trak za vrat, torbica za prena\u0161anje, pomnilni\u0161ka kartica 32 GB, kabel USB, krpa za \u010di\u0161\u010denje in navodila za uporabo.<\/p>\n<p>\n<img decoding=\"async\" border=\"0\" src=\"https:\/\/assets.innpro.pl\/9184\/10722\/6.jpg\" title=\"\">\n<\/p>\n<h3>Vklju\u010deno<\/h3>\n<ul class=\"list-disc pl-5\">\n<li>1 x daljnogled za no\u010dno gledanje<\/li>\n<li>1 x trak za vrat<\/li>\n<li>1 x torbica za prena\u0161anje<\/li>\n<li>1 x kartica TF 32 GB<\/li>\n<li>1 x kabel USB<\/li>\n<li>1 x krpica za \u010di\u0161\u010denje<\/li>\n<li>1 x uporabni\u0161ki priro\u010dnik<\/li>\n<\/ul>\n<div class=\"table-wrapper\">\n<h3><\/h3>\n<table>\n<tbody>\n<tr>\n<th>Ime in priimek:<\/th>\n<td>No\u010dni infrarde\u010di daljnogled KJK JNV30<\/td>\n<\/tr>\n<tr>\n<th>Proizvajalec: JJVK JNKV, proizvajalec: JJVK JNKV, proizvajalec: JJVK JNKV:<\/th>\n<td>KJK<\/td>\n<\/tr>\n<tr>\n<th>Model:<\/th>\n<td>JNV30<\/td>\n<\/tr>\n<tr>\n<th>Kakovost:<\/th>\n<td>1920&#215;1080 HD, 1280&#215;720 HD, 720&#215;480, 640&#215;480<\/td>\n<\/tr>\n<tr>\n<th>Zaslon:<\/th>\n<td>3&#8243; LCD<\/td>\n<\/tr>\n<tr>\n<th>Pomnilnik:<\/th>\n<td>SPREMENLJIVKA: 32 GB<\/td>\n<\/tr>\n<tr>\n<th>Lo\u010dljivost: 32 GB, 32 GB, 32 GB, 32 GB, 32 GB, 32 GB, 32 GB, 32 GB, 32 GB:<\/th>\n<td>20MP, 16MP, 12MP, 8MP, 5MP, 3MP, 2MP, 1MP<\/td>\n<\/tr>\n<tr>\n<th>Pove\u010dava: 1:<\/th>\n<td>5x<\/td>\n<\/tr>\n<\/tbody>\n<\/table>\n<\/div>","protected":false},"excerpt":{"rendered":"<p>Na zalogi pri zunanjem dobavitelju. Rok dobave 3-7 delovnih dni.<\/p>","protected":false},"featured_media":30034,"template":"","meta":{"_monsterinsights_skip_tracking":false,"_monsterinsights_sitenote_active":false,"_monsterinsights_sitenote_note":"","_monsterinsights_sitenote_category":0},"product_brand":[],"product_cat":[188,56,255],"product_tag":[],"class_list":{"0":"post-30041","1":"product","2":"type-product","3":"status-publish","4":"has-post-thumbnail","6":"product_cat-lovske-kamere","7":"product_cat-nadzorne-kamere","8":"product_cat-vsi","10":"first","11":"instock","12":"taxable","13":"shipping-taxable","14":"purchasable","15":"product-type-simple"},"jetpack_sharing_enabled":true,"_links":{"self":[{"href":"https:\/\/kobra.si\/en\/wp-json\/wp\/v2\/product\/30041","targetHints":{"allow":["GET"]}}],"collection":[{"href":"https:\/\/kobra.si\/en\/wp-json\/wp\/v2\/product"}],"about":[{"href":"https:\/\/kobra.si\/en\/wp-json\/wp\/v2\/types\/product"}],"version-history":[{"count":2,"href":"https:\/\/kobra.si\/en\/wp-json\/wp\/v2\/product\/30041\/revisions"}],"predecessor-version":[{"id":31739,"href":"https:\/\/kobra.si\/en\/wp-json\/wp\/v2\/product\/30041\/revisions\/31739"}],"wp:featuredmedia":[{"embeddable":true,"href":"https:\/\/kobra.si\/en\/wp-json\/wp\/v2\/media\/30034"}],"wp:attachment":[{"href":"https:\/\/kobra.si\/en\/wp-json\/wp\/v2\/media?parent=30041"}],"wp:term":[{"taxonomy":"product_brand","embeddable":true,"href":"https:\/\/kobra.si\/en\/wp-json\/wp\/v2\/product_brand?post=30041"},{"taxonomy":"product_cat","embeddable":true,"href":"https:\/\/kobra.si\/en\/wp-json\/wp\/v2\/product_cat?post=30041"},{"taxonomy":"product_tag","embeddable":true,"href":"https:\/\/kobra.si\/en\/wp-json\/wp\/v2\/product_tag?post=30041"}],"curies":[{"name":"wp","href":"https:\/\/api.w.org\/{rel}","templated":true}]}}