{"id":29879,"date":"2025-06-12T17:55:48","date_gmt":"2025-06-12T15:55:48","guid":{"rendered":"https:\/\/kobra.si\/spletna-trgovina-kobra\/urevo-spacewalk-e4w-elektricna-tekalna-steza-crna\/"},"modified":"2026-04-21T21:01:46","modified_gmt":"2026-04-21T19:01:46","slug":"urevo-spacewalk-e4w-elektricna-tekalna-steza-crna","status":"publish","type":"product","link":"https:\/\/kobra.si\/en\/spletna-trgovina-kobra\/urevo-spacewalk-e4w-elektricna-tekalna-steza-crna\/","title":{"rendered":"UREVO Spacewalk E4W elektri\u010dna tekalna steza (\u010drna)"},"content":{"rendered":"<h3>UREVO Spacewalk E4W elektri\u010dna tekalna steza (\u010drna).<\/h3>\n<p>UREVO SpaceWalk E4W je sodobna tekalna steza s podlogo za hojo, ki odli\u010dno zdru\u017euje eleganco in prakti\u010dnost. Zaradi lesene obdelave in minimalisti\u010dnega sloga se harmoni\u010dno prilega vsaki notranjosti, tako doma kot v pisarni. S svojo kompaktno zasnovo in tihim delovanjem je idealna za ljudi, ki \u017eelijo biti aktivni \u010dez dan, ne da bi pri tem \u017ertvovali udobje svojega prostora.<\/p>\n<p>\n<img decoding=\"async\" alt=\"\" border=\"0\" src=\"https:\/\/assets.innpro.pl\/13300\/16358\/7.jpg\" title=\"\">\n<\/p>\n<h3>Elegantna in prostorsko var\u010dna zasnova<\/h3>\n<p>Ena najve\u010djih prednosti naprave SpaceWalk E4W je njena izjemno tanka zasnova &#8211; debela je le 12 cm. Zaradi mo\u017enosti shranjevanja pod posteljo, kav\u010dem ali v omari ne zavzema dragocenega prostora, njegova lahka zasnova pa omogo\u010da enostaven transport. Tako ga lahko udobno premikate med prostori in prilagajate svojim potrebam.<\/p>\n<p>\n<img decoding=\"async\" alt=\"\" border=\"0\" src=\"https:\/\/assets.innpro.pl\/13300\/16358\/5.jpg\" title=\"\">\n<\/p>\n<h3>U\u010dinkovitost in nemoteno delovanje motorja<\/h3>\n<p>Tekalna steza je opremljena s sodobnim motorjem z mo\u010djo 0,75 KM, ki ustvari 3 800 vrtljajev na minuto. Zagotavlja gladko uravnavanje hitrosti v obmo\u010dju do 6 km\/h, kar vam omogo\u010da prilagajanje vadbe &#8211; od umirjene hoje do bolj dinami\u010dne hoje. Poleg tega raven hrupa ne presega 45 dB, kar pomeni, da ga lahko uporabljate tudi v ve\u010dernih urah brez skrbi, da bi motili \u010dlane gospodinjstva.<\/p>\n<p>\n<img decoding=\"async\" alt=\"\" border=\"0\" src=\"https:\/\/assets.innpro.pl\/13300\/16358\/8.jpg\" title=\"\">\n<\/p>\n<h3>Pametno upravljanje vadbe<\/h3>\n<p>Z aplikacijo UREVO SmartCoach lahko uporabniki v celoti nadzorujejo svojo vadbo. Aplikacija omogo\u010da spremljanje klju\u010dnih parametrov, kot so hitrost, razdalja, \u010das vadbe, \u0161tevilo korakov in porabljene kalorije. Intuitivni vmesnik uporabnikom omogo\u010da tudi uporabo na\u010drtov vadbe in spremljanje napredka, kar motivira redno dejavnost.<\/p>\n<p>\n<img decoding=\"async\" alt=\"\" border=\"0\" src=\"https:\/\/assets.innpro.pl\/13300\/16358\/4.jpg\" title=\"\">\n<\/p>\n<h3>Napreden sistem bla\u017eenja<\/h3>\n<p>UREVO SpaceWalk E4W je zasnovan z mislijo na udobje in varnost uporabnikov. Tekalna steza ima petplastni teka\u0161ki trak velikosti 380 \u00d7 1020 mm, ki u\u010dinkovito zmanj\u0161uje udarce in obremenitev sklepov. Poleg tega uporaba blazinastih blazin z medeno teksturo zagotavlja bolj\u0161o stabilnost in vzmetenje koraka, kar \u0161\u010diti kolena in pove\u010duje udobje med dolgotrajno uporabo.<\/p>\n<p>\n<img decoding=\"async\" alt=\"\" border=\"0\" src=\"https:\/\/assets.innpro.pl\/13300\/16358\/1.jpg\" title=\"\">\n<\/p>\n<h3>Visoka vzdr\u017eljivost in robustna zasnova<\/h3>\n<p>Kljub svoji tanki zasnovi lahko naprava SpaceWalk E4W vzdr\u017ei obremenitev do 120 kg. Zaradi trdnega okvirja in visokokakovostnih materialov je tekalna steza trpe\u017ena in odporna proti te\u017eki uporabi, zato je odli\u010dna izbira tako za uporabo doma kot v pisarni.<\/p>\n<p>\n<img decoding=\"async\" alt=\"\" border=\"0\" src=\"https:\/\/assets.innpro.pl\/13300\/16358\/3.jpg\" title=\"\">\n<\/p>\n<h3>Intuitivna nadzorna plo\u0161\u010da<\/h3>\n<p>Zahvaljujo\u010d vgrajeni plo\u0161\u010di LED lahko uporabniki preprosto spremljajo vadbo in prilagodijo nastavitve svojim \u017eeljam. Zaradi preprostega upravljanja je tekalna steza primerna tako za za\u010detnike kot za naprednej\u0161e uporabnike.<\/p>\n<p>\n<img decoding=\"async\" alt=\"\" border=\"0\" src=\"https:\/\/assets.innpro.pl\/13300\/16358\/2.jpg\" title=\"\">\n<\/p>\n<h3>Idealna izbira za aktivne<\/h3>\n<p>UREVO SpaceWalk E4W je namenjen vsem, ki \u017eelijo zdru\u017eiti vsakodnevno aktivnost z udobjem in eleganco. S svojo kompaktno velikostjo, tihim delovanjem in pametnimi funkcijami se bo dobro obnesla v vsaki notranjosti in vam omogo\u010dila redne sprehode, ne da bi zapustili dom. Idealen je za ljudi, ki \u017eelijo poskrbeti za svoje zdravje in telesno pripravljenost, \u010deprav imajo omejen prostor.<\/p>\n<p>\n<img decoding=\"async\" alt=\"\" border=\"0\" src=\"https:\/\/assets.innpro.pl\/13300\/16358\/6.jpg\" title=\"\">\n<\/p>\n<h3>Vklju\u010deno<\/h3>\n<ul class=\"list-disc pl-5\">\n<li>Elektri\u010dna tekalna steza UREVO<\/li>\n<li>napajalni kabel<\/li>\n<li>mazalno olje<\/li>\n<li>Orodje za monta\u017eo<\/li>\n<li>Daljinski upravljalnik<\/li>\n<li>Uporabni\u0161ki priro\u010dnik<\/li>\n<\/ul>\n<div class=\"table-wrapper\">\n<h3><\/h3>\n<table>\n<tbody>\n<tr>\n<th>Proizvajalec<\/th>\n<td>UREVO<\/td>\n<\/tr>\n<tr>\n<th>Model<\/th>\n<td>URTM026-E4W<\/td>\n<\/tr>\n<tr>\n<th>Dimenzije izdelka<\/th>\n<td>120 x 48 x 12,5 cm<\/td>\n<\/tr>\n<tr>\n<th>Povr\u0161ina za hojo<\/th>\n<td>380 x 1020 mm<\/td>\n<\/tr>\n<tr>\n<th>Bruto te\u017ea<\/th>\n<td>21,6 KG<\/td>\n<\/tr>\n<tr>\n<th>Neto te\u017ea<\/th>\n<td>18,5 KG<\/td>\n<\/tr>\n<tr>\n<th>Najve\u010dja mo\u010d<\/th>\n<td>2,5 KM<\/td>\n<\/tr>\n<tr>\n<th>Najmanj\u0161a hitrost<\/th>\n<td>1 km\/h<\/td>\n<\/tr>\n<tr>\n<th>Najve\u010dja hitrost<\/th>\n<td>6 km\/h<\/td>\n<\/tr>\n<tr>\n<th>Nazivna napetost<\/th>\n<td>220V &#8211; 240V ~<\/td>\n<\/tr>\n<tr>\n<th>Najve\u010dja obremenitev<\/th>\n<td>120 KG<\/td>\n<\/tr>\n<tr>\n<th>Nazivna mo\u010d<\/th>\n<td>550W<\/td>\n<\/tr>\n<tr>\n<th>Motor<\/th>\n<td>0,75 KM, 3.800 vrt\/min<\/td>\n<\/tr>\n<tr>\n<th>Najve\u010dja debelina<\/th>\n<td>12 cm<\/td>\n<\/tr>\n<tr>\n<th>Uporaba<\/th>\n<td>Aplikacija UREVO SmartCoach<\/td>\n<\/tr>\n<\/tbody>\n<\/table>\n<\/div>","protected":false},"excerpt":{"rendered":"<p>Na zalogi pri zunanjem dobavitelju. Rok dobave 3-7 delovnih dni.<\/p>","protected":false},"featured_media":29931,"template":"","meta":{"_monsterinsights_skip_tracking":false,"_monsterinsights_sitenote_active":false,"_monsterinsights_sitenote_note":"","_monsterinsights_sitenote_category":0},"product_brand":[],"product_cat":[280,253,255],"product_tag":[],"class_list":{"0":"post-29879","1":"product","2":"type-product","3":"status-publish","4":"has-post-thumbnail","6":"product_cat-fitnes-naprave","7":"product_cat-sport","8":"product_cat-vsi","10":"first","11":"instock","12":"taxable","13":"shipping-taxable","14":"purchasable","15":"product-type-simple"},"jetpack_sharing_enabled":true,"_links":{"self":[{"href":"https:\/\/kobra.si\/en\/wp-json\/wp\/v2\/product\/29879","targetHints":{"allow":["GET"]}}],"collection":[{"href":"https:\/\/kobra.si\/en\/wp-json\/wp\/v2\/product"}],"about":[{"href":"https:\/\/kobra.si\/en\/wp-json\/wp\/v2\/types\/product"}],"version-history":[{"count":2,"href":"https:\/\/kobra.si\/en\/wp-json\/wp\/v2\/product\/29879\/revisions"}],"predecessor-version":[{"id":31636,"href":"https:\/\/kobra.si\/en\/wp-json\/wp\/v2\/product\/29879\/revisions\/31636"}],"wp:featuredmedia":[{"embeddable":true,"href":"https:\/\/kobra.si\/en\/wp-json\/wp\/v2\/media\/29931"}],"wp:attachment":[{"href":"https:\/\/kobra.si\/en\/wp-json\/wp\/v2\/media?parent=29879"}],"wp:term":[{"taxonomy":"product_brand","embeddable":true,"href":"https:\/\/kobra.si\/en\/wp-json\/wp\/v2\/product_brand?post=29879"},{"taxonomy":"product_cat","embeddable":true,"href":"https:\/\/kobra.si\/en\/wp-json\/wp\/v2\/product_cat?post=29879"},{"taxonomy":"product_tag","embeddable":true,"href":"https:\/\/kobra.si\/en\/wp-json\/wp\/v2\/product_tag?post=29879"}],"curies":[{"name":"wp","href":"https:\/\/api.w.org\/{rel}","templated":true}]}}