{"id":29874,"date":"2025-06-12T17:55:39","date_gmt":"2025-06-12T15:55:39","guid":{"rendered":"https:\/\/kobra.si\/spletna-trgovina-kobra\/urevo-spacewalk-lite-elektricna-tekalna-steza-crna\/"},"modified":"2026-04-21T21:00:43","modified_gmt":"2026-04-21T19:00:43","slug":"urevo-spacewalk-lite-elektricna-tekalna-steza-crna","status":"publish","type":"product","link":"https:\/\/kobra.si\/en\/spletna-trgovina-kobra\/urevo-spacewalk-lite-elektricna-tekalna-steza-crna\/","title":{"rendered":"UREVO Spacewalk Lite elektri\u010dna tekalna steza (\u010drna)"},"content":{"rendered":"<h3>UREVO Spacewalk Lite elektri\u010dna tekalna steza (\u010drna).<\/h3>\n<p>Elektri\u010dna tekalna steza UREVO Spacewalk Lite je odli\u010dna izbira za ljudi, ki \u017eelijo doma skrbeti za svojo telesno pripravljenost, ne da bi preve\u010d obremenjevali sklepe. Z osmimi silikonskimi amortizerji in dvema mehkima blazinama lahko u\u017eivate v vadbi brez skrbi zaradi bole\u010din v sklepih. Petplastni teka\u0161ki trak z nedrse\u010do povr\u0161ino zagotavlja najve\u010djo varnost in udobje, zato je ta teka\u0161ka steza idealna izbira za vse, ki \u017eelijo trenirati brez nevarnosti po\u0161kodb, zdru\u017eljivost z ekosistemom Xiaomi pa odpira \u0161e ve\u010d mo\u017enosti.<\/p>\n<p>\n<img decoding=\"async\" border=\"0\" src=\"https:\/\/assets.innpro.pl\/11581\/13713\/13.jpg\" title=\"\">\n<\/p>\n<h3>Kompaktna in enostavna za shranjevanje<\/h3>\n<p>UREVO Spacewalk Lite je zasnovana za uporabnike, ki ne \u017eelijo, da bi fitnes oprema doma zavzemala preve\u010d prostora. Ko je teka\u0161ka steza zlo\u017eena, je visoka le 12,4 centimetra, kar omogo\u010da enostavno shranjevanje tudi v majhnih prostorih. Zahvaljujo\u010d transportnim kolesom je premikanje izjemno enostavno, zaradi kompaktnih dimenzij (126,5 x 53 cm) pa je tekalno stezo enostavno upravljati in shranjevati.<\/p>\n<p>\n<img decoding=\"async\" border=\"0\" src=\"https:\/\/assets.innpro.pl\/11581\/13713\/2.jpg\" title=\"\">\n<\/p>\n<h3>Zmogljiv in tih motor<\/h3>\n<p>Motor z mo\u010djo 2,25 konjske mo\u010di zagotavlja \u0161irok razpon hitrosti od 1 do 6 km\/h, zato lahko hitrost prilagodite svojim potrebam, naj gre za ne\u017een sprehod ali intenzivnej\u0161i tek. Zaradi najve\u010dje obremenitve 120 kg in nizke ravni hrupa bo va\u0161a vadba varna in udobna tudi v majhnih stanovanjih.<\/p>\n<p>\n<img decoding=\"async\" border=\"0\" src=\"https:\/\/assets.innpro.pl\/11581\/13713\/1.jpg\" title=\"\">\n<\/p>\n<h3>Ve\u010dja teka\u0161ka povr\u0161ina in popoln nadzor vadbe<\/h3>\n<p>Teka\u0161ka povr\u0161ina velikosti 102,4 x 40 cm je za 15 % \u0161ir\u0161a kot pri drugih teka\u0161kih stezah, kar pomeni udobnej\u0161o uporabo. Ve\u010dfunkcijski zaslon LED omogo\u010da spremljanje klju\u010dnih parametrov vadbe, kot so hitrost, \u010das, razdalja, porabljene kalorije in koraki, kar vam omogo\u010da popoln nadzor nad rezultati.<\/p>\n<p>\n<img decoding=\"async\" border=\"0\" src=\"https:\/\/assets.innpro.pl\/11581\/13713\/12.jpg\" title=\"\">\n<\/p>\n<h3>Zasnovan tako, da vam olaj\u0161a vadbo<\/h3>\n<p>Tekalna steza UREVO Spacewalk Lite ima petplastni teka\u0161ki trak, ki zdru\u017euje odpornost proti obrabi, zmanj\u0161anje hrupa in napredno bla\u017eenje, da bo vsaka vadba prijetna. Dodatki, kot sta prostor za shranjevanje daljinskega upravljalnika in mo\u017enost uti\u0161anja zvoka, samo potrjujejo, da je teka\u0161ka steza UREVO zasnovana za popolno udobje uporabnika. S to edinstveno tekalno stezo spremenite svoj doma\u010di prostor v obmo\u010dje zdravja in dejavnosti.<\/p>\n<p>\n<img decoding=\"async\" border=\"0\" src=\"https:\/\/assets.innpro.pl\/11581\/13713\/4.jpg\" title=\"\">\n<\/p>\n<h3>Vklju\u010deno<\/h3>\n<ul class=\"list-disc pl-5\">\n<li>tekalna steza<\/li>\n<li>daljinski upravljalnik<\/li>\n<li>napajalni kabel<\/li>\n<li>baterija CR2025 lozenge<\/li>\n<li>\u0161esterokotno orodje<\/li>\n<li>motorno olje 2x<\/li>\n<li>instructions manual<\/li>\n<\/ul>\n<div class=\"table-wrapper\">\n<h3><\/h3>\n<table>\n<tbody>\n<tr>\n<th>Proizvajalec<\/th>\n<td>UREVO<\/td>\n<\/tr>\n<tr>\n<th>Model<\/th>\n<td>Spacewalk Lite<\/td>\n<\/tr>\n<tr>\n<th>Color<\/th>\n<td>\u010drna<\/td>\n<\/tr>\n<tr>\n<th>Nastavljiv kot<\/th>\n<td>Da<\/td>\n<\/tr>\n<tr>\n<th>Mo\u010d motorja<\/th>\n<td>2,25 KM<\/td>\n<\/tr>\n<tr>\n<th>Hitrost<\/th>\n<td>1-6 km\/h<\/td>\n<\/tr>\n<tr>\n<th>Najve\u010dja zmogljivost dvigovanja<\/th>\n<td>120 kg<\/td>\n<\/tr>\n<tr>\n<th>Dimenzije vozne povr\u0161ine<\/th>\n<td>102,4 x 40 cm<\/td>\n<\/tr>\n<tr>\n<th>Dimenzije tekalne povr\u0161ine<\/th>\n<td>126,5 x 53 cm<\/td>\n<\/tr>\n<tr>\n<th>Vi\u0161ina tekalne steze po zlo\u017eitvi<\/th>\n<td>12,4 cm<\/td>\n<\/tr>\n<tr>\n<th>Zaslon<\/th>\n<td>LED<\/td>\n<\/tr>\n<tr>\n<th>Zdru\u017eljivost<\/th>\n<td>Ekosistem Xiaomi<\/td>\n<\/tr>\n<tr>\n<th>Namenska aplikacija<\/th>\n<td>Aplikacija UREVO<\/td>\n<\/tr>\n<tr>\n<th>Daljinski upravljalnik<\/th>\n<td>Da<\/td>\n<\/tr>\n<\/tbody>\n<\/table>\n<\/div>","protected":false},"excerpt":{"rendered":"<p>Na zalogi pri zunanjem dobavitelju. Rok dobave 3-7 delovnih dni.<\/p>","protected":false},"featured_media":29915,"template":"","meta":{"_monsterinsights_skip_tracking":false,"_monsterinsights_sitenote_active":false,"_monsterinsights_sitenote_note":"","_monsterinsights_sitenote_category":0},"product_brand":[],"product_cat":[280,253,255],"product_tag":[],"class_list":{"0":"post-29874","1":"product","2":"type-product","3":"status-publish","4":"has-post-thumbnail","6":"product_cat-fitnes-naprave","7":"product_cat-sport","8":"product_cat-vsi","10":"first","11":"instock","12":"taxable","13":"shipping-taxable","14":"purchasable","15":"product-type-simple"},"jetpack_sharing_enabled":true,"_links":{"self":[{"href":"https:\/\/kobra.si\/en\/wp-json\/wp\/v2\/product\/29874","targetHints":{"allow":["GET"]}}],"collection":[{"href":"https:\/\/kobra.si\/en\/wp-json\/wp\/v2\/product"}],"about":[{"href":"https:\/\/kobra.si\/en\/wp-json\/wp\/v2\/types\/product"}],"version-history":[{"count":2,"href":"https:\/\/kobra.si\/en\/wp-json\/wp\/v2\/product\/29874\/revisions"}],"predecessor-version":[{"id":31637,"href":"https:\/\/kobra.si\/en\/wp-json\/wp\/v2\/product\/29874\/revisions\/31637"}],"wp:featuredmedia":[{"embeddable":true,"href":"https:\/\/kobra.si\/en\/wp-json\/wp\/v2\/media\/29915"}],"wp:attachment":[{"href":"https:\/\/kobra.si\/en\/wp-json\/wp\/v2\/media?parent=29874"}],"wp:term":[{"taxonomy":"product_brand","embeddable":true,"href":"https:\/\/kobra.si\/en\/wp-json\/wp\/v2\/product_brand?post=29874"},{"taxonomy":"product_cat","embeddable":true,"href":"https:\/\/kobra.si\/en\/wp-json\/wp\/v2\/product_cat?post=29874"},{"taxonomy":"product_tag","embeddable":true,"href":"https:\/\/kobra.si\/en\/wp-json\/wp\/v2\/product_tag?post=29874"}],"curies":[{"name":"wp","href":"https:\/\/api.w.org\/{rel}","templated":true}]}}