{"id":29860,"date":"2025-06-12T17:55:19","date_gmt":"2025-06-12T15:55:19","guid":{"rendered":"https:\/\/kobra.si\/spletna-trgovina-kobra\/urevo-spacewalk-e3s-elektricna-tekalna-steza-crna\/"},"modified":"2026-04-21T21:00:40","modified_gmt":"2026-04-21T19:00:40","slug":"urevo-spacewalk-e3s-elektricna-tekalna-steza-crna","status":"publish","type":"product","link":"https:\/\/kobra.si\/en\/spletna-trgovina-kobra\/urevo-spacewalk-e3s-elektricna-tekalna-steza-crna\/","title":{"rendered":"UREVO Spacewalk E3S elektri\u010dna tekalna steza (\u010drna)"},"content":{"rendered":"<h3>UREVO Spacewalk E3S elektri\u010dna tekalna steza (\u010drna)<\/h3>\n<p>UREVO Spacewalk E3S je elektri\u010dna tekalna steza, ki zdru\u017euje vrhunsko tehnologijo in funkcionalnost ter vam omogo\u010da vrhunsko teka\u0161ko izku\u0161njo v udobju va\u0161ega doma. Njene napredne funkcije, kot sta hitra nastavitev naklona in povezljivost z aplikacijami, poskrbijo, da va\u0161a vadba ne bo le u\u010dinkovita, temve\u010d tudi prijetna. Odkrijte zmogljivosti te kompaktne tekalne steze, ki se odli\u010dno prilega tudi majhnim prostorom.<\/p>\n<p>\n<img decoding=\"async\" border=\"0\" src=\"https:\/\/assets.innpro.pl\/11576\/13707\/2.jpg\" title=\"\">\n<\/p>\n<h3>Nastavitev naklona v samo 2 sekundah<\/h3>\n<p>UREVO Spacewalk E3S vam omogo\u010da enostavno nastavitev naklona v samo 2 sekundah. Samo z roko ali nogo hitro spremenite naklon tekalne steze za intenzivnej\u0161o vadbo in hitrej\u0161e kurjenje kalorij. Svoj tek spremenite v pravi izziv &#8211; v eni vadbi lahko pokurite do 325 kalorij!<\/p>\n<p>\n<img decoding=\"async\" border=\"0\" src=\"https:\/\/assets.innpro.pl\/11576\/13707\/8.jpg\" title=\"\">\n<\/p>\n<h3>Tih, zmogljiv motor in udobje pri teku<\/h3>\n<p>Teka\u0161ka steza je opremljena z zmogljivim, a tihim motorjem z mo\u010djo 2,25 KM, ki zagotavlja nemoten in udoben tek ne glede na va\u0161o te\u017eo. Dosegite svojo najbolj\u0161o formo, ne da bi pri tem motili \u010dlane gospodinjstva &#8211; motor ni le zmogljiv, temve\u010d tudi zelo tih, zato lahko vadite kadar koli v dnevu.<\/p>\n<p>\n<img decoding=\"async\" border=\"0\" src=\"https:\/\/assets.innpro.pl\/11576\/13707\/1.jpg\" title=\"\">\n<\/p>\n<h3>8 silikonskih bla\u017eilnikov udarcev za udobje in za\u0161\u010dito<\/h3>\n<p>Skrb za va\u0161e sklepe je klju\u010dnega pomena za varno vadbo. UREVO Spacewalk E3S ima 8 silikonskih amortizerjev, ki med tekom znatno zmanj\u0161ajo obremenitev sklepov ter zagotavljajo nemoteno gibanje in udobje. Idealen je za vse, ki skrbijo za zdravje in udobje pri teku.<\/p>\n<p>\n<img decoding=\"async\" border=\"0\" src=\"https:\/\/assets.innpro.pl\/11576\/13707\/3.jpg\" title=\"\">\n<\/p>\n<h3>Povezljivost Bluetooth in zmogljive funkcije aplikacije<\/h3>\n<p>Zahvaljujo\u010d vgrajeni funkciji Bluetooth lahko teka\u0161ko stezo pove\u017eete z aplikacijami, kot sta UREVO in Kinomap. Pridobite podrobne podatke o vadbi &#8211; \u010das, porabljene kalorije, razdaljo &#8211; in u\u017eivajte v brezpla\u010dnih na\u010drtih vadbe. Integracija z ekosistemom Xiaomi vam omogo\u010da \u0161e ve\u010d na\u010dinov za spremljanje napredka in prilagajanje vadbe.<\/p>\n<p>\n<img decoding=\"async\" border=\"0\" src=\"https:\/\/assets.innpro.pl\/11576\/13707\/4.jpg\" title=\"\">\n<\/p>\n<h3>Kompaktnost in priro\u010dno shranjevanje<\/h3>\n<p>UREVO Spacewalk E3S ni le funkcionalen, temve\u010d tudi kompakten. Enostavno jo je prena\u0161ati in shranjevati, zato bo odli\u010dno delovala tudi v manj\u0161ih stanovanjih. Zaradi vgrajenega prostora za shranjevanje daljinskega upravljalnika in mo\u017enosti preprostega zlaganja je ta tekalna steza priro\u010dna v vseh vidikih uporabe.<\/p>\n<p>\n<img decoding=\"async\" border=\"0\" src=\"https:\/\/assets.innpro.pl\/11576\/13707\/5.jpg\" title=\"\">\n<\/p>\n<h3>Vklju\u010deno<\/h3>\n<ul class=\"list-disc pl-5\">\n<li>tekalna steza<\/li>\n<li>daljinski upravljalnik<\/li>\n<li>napajalni kabel<\/li>\n<li>2x motorno olje<\/li>\n<li>\u0161estilo\u017eno orodje<\/li>\n<li>instructions manual<\/li>\n<\/ul>\n<div class=\"table-wrapper\">\n<h3><\/h3>\n<table>\n<tbody>\n<tr>\n<th>Proizvajalec<\/th>\n<td>UREVO<\/td>\n<\/tr>\n<tr>\n<th>Model<\/th>\n<td>Spacewalk E3S<\/td>\n<\/tr>\n<tr>\n<th>Color<\/th>\n<td>\u010drna<\/td>\n<\/tr>\n<tr>\n<th>Nastavljiv kot<\/th>\n<td>Da<\/td>\n<\/tr>\n<tr>\n<th>Mo\u010d motorja<\/th>\n<td>2,25 KM<\/td>\n<\/tr>\n<tr>\n<th>Zdru\u017eljivost<\/th>\n<td>Ekosistem Xiaomi<\/td>\n<\/tr>\n<tr>\n<th>Namenska aplikacija<\/th>\n<td>Aplikacija UREVO<\/td>\n<\/tr>\n<tr>\n<th>Daljinski upravljalnik<\/th>\n<td>Da<\/td>\n<\/tr>\n<tr>\n<th>Povezljivost Bluetooth<\/th>\n<td>Da<\/td>\n<\/tr>\n<\/tbody>\n<\/table>\n<\/div>","protected":false},"excerpt":{"rendered":"<p>Na zalogi pri zunanjem dobavitelju. Rok dobave 3-7 delovnih dni.<\/p>","protected":false},"featured_media":29901,"template":"","meta":{"_monsterinsights_skip_tracking":false,"_monsterinsights_sitenote_active":false,"_monsterinsights_sitenote_note":"","_monsterinsights_sitenote_category":0},"product_brand":[],"product_cat":[280,253,255],"product_tag":[],"class_list":{"0":"post-29860","1":"product","2":"type-product","3":"status-publish","4":"has-post-thumbnail","6":"product_cat-fitnes-naprave","7":"product_cat-sport","8":"product_cat-vsi","10":"first","11":"instock","12":"taxable","13":"shipping-taxable","14":"purchasable","15":"product-type-simple"},"jetpack_sharing_enabled":true,"_links":{"self":[{"href":"https:\/\/kobra.si\/en\/wp-json\/wp\/v2\/product\/29860","targetHints":{"allow":["GET"]}}],"collection":[{"href":"https:\/\/kobra.si\/en\/wp-json\/wp\/v2\/product"}],"about":[{"href":"https:\/\/kobra.si\/en\/wp-json\/wp\/v2\/types\/product"}],"version-history":[{"count":2,"href":"https:\/\/kobra.si\/en\/wp-json\/wp\/v2\/product\/29860\/revisions"}],"predecessor-version":[{"id":31634,"href":"https:\/\/kobra.si\/en\/wp-json\/wp\/v2\/product\/29860\/revisions\/31634"}],"wp:featuredmedia":[{"embeddable":true,"href":"https:\/\/kobra.si\/en\/wp-json\/wp\/v2\/media\/29901"}],"wp:attachment":[{"href":"https:\/\/kobra.si\/en\/wp-json\/wp\/v2\/media?parent=29860"}],"wp:term":[{"taxonomy":"product_brand","embeddable":true,"href":"https:\/\/kobra.si\/en\/wp-json\/wp\/v2\/product_brand?post=29860"},{"taxonomy":"product_cat","embeddable":true,"href":"https:\/\/kobra.si\/en\/wp-json\/wp\/v2\/product_cat?post=29860"},{"taxonomy":"product_tag","embeddable":true,"href":"https:\/\/kobra.si\/en\/wp-json\/wp\/v2\/product_tag?post=29860"}],"curies":[{"name":"wp","href":"https:\/\/api.w.org\/{rel}","templated":true}]}}